{"id":54597,"date":"2021-09-14T09:51:16","date_gmt":"2021-09-14T07:51:16","guid":{"rendered":"https:\/\/staging.ampcometal.com\/products\/%product_category%\/bronze-detain\/"},"modified":"2024-04-05T10:42:40","modified_gmt":"2024-04-05T08:42:40","slug":"bronze-detain","status":"publish","type":"product","link":"https:\/\/staging.ampcometal.com\/fr\/produits\/alliages-standards\/bronze-detain\/","title":{"rendered":"Bronze d&rsquo;\u00e9tain"},"content":{"rendered":"<ul>\n<li><strong>Propri\u00e9t\u00e9s m\u00e9caniques exceptionnelles : <\/strong>Nos bronzes \u00e0 l&rsquo;\u00e9tain pr\u00e9sentent d&rsquo;excellentes propri\u00e9t\u00e9s m\u00e9caniques, notamment une grande solidit\u00e9, une r\u00e9sistance \u00e0 l&rsquo;usure et une grande t\u00e9nacit\u00e9.<\/li>\n<li data-gc-list-depth=\"1\" data-gc-list-style=\"bullet\"><strong>R\u00e9sistance \u00e0 la corrosion :<\/strong> Cet alliage r\u00e9siste parfaitement \u00e0 la corrosion, ce qui le rend adapt\u00e9 aux environnements <a href=\"https:\/\/staging.ampcometal.com\/industries\/marine\/\">marins<\/a> et industriels.<\/li>\n<li data-gc-list-depth=\"1\" data-gc-list-style=\"bullet\"><strong>Applications polyvalentes : <\/strong>Il est tr\u00e8s polyvalent et trouve des applications dans un large \u00e9ventail d&rsquo;industries, notamment l&rsquo;<a href=\"https:\/\/staging.ampcometal.com\/industries\/aerospace\/\">a\u00e9rospatiale<\/a>, la d\u00e9fense et les machines industrielles.<\/li>\n<li data-gc-list-depth=\"1\" data-gc-list-style=\"bullet\"><strong>Compositions personnalis\u00e9es : <\/strong>Il offre la flexibilit\u00e9 de compositions chimiques personnalis\u00e9es, permettant des solutions sur mesure pour r\u00e9pondre aux exigences d&rsquo;applications sp\u00e9cifiques.<\/li>\n<\/ul>\n<h5>Propri\u00e9t\u00e9s et sp\u00e9cifications<\/h5>\n<p>Nos alliages de bronze \u00e0 l&rsquo;\u00e9tain sont connus pour leurs propri\u00e9t\u00e9s et sp\u00e9cifications exceptionnelles. Ces alliages sont appr\u00e9ci\u00e9s pour leur r\u00e9sistance \u00e9lev\u00e9e, leurs performances \u00e0 faible vitesse et leur durabilit\u00e9, ce qui les rend id\u00e9aux pour une large gamme d&rsquo;applications. Avec une composition comprenant du cuivre et de l&rsquo;\u00e9tain, ils pr\u00e9sentent une r\u00e9sistance impressionnante \u00e0 la corrosion, ce qui les rend adapt\u00e9s aux environnements <a href=\"https:\/\/staging.ampcometal.com\/industries\/marine\/\">marins<\/a> et industriels. Leur polyvalence s&rsquo;\u00e9tend \u00e0 des applications telles que les engrenages, les bagues, les roulements, les roues de pompe, les segments de piston et les raccords de vapeur. Des formulations personnalis\u00e9es sont \u00e9galement disponibles sur demande, offrant des solutions sur mesure pour r\u00e9pondre aux besoins sp\u00e9cifiques de diverses industries.<\/p>\n<ul>\n<li>Disponible dans des tailles sp\u00e9ciales comme les formes U-\/L-\/T-.<\/li>\n<li>Rectangles \u00e0 partir de 8 mm d\u2019\u00e9paisseur.<\/li>\n<li>Barres rondes de 20 mm \u00e0 212 mm de diam\u00e8tre.<\/li>\n<li>Tubes avec \u00e9paisseur de paroi min. de 8mm jusqu\u2019\u00e0 OD 100mm.<\/li>\n<\/ul>\n<p>Les alliages comprennent :<\/p>\n<ul>\n<li style=\"list-style-type: none;\">\n<ul>\n<li>CuSn8<\/li>\n<li>CuSn9<\/li>\n<li>CuSn10<\/li>\n<li>CuSn12<\/li>\n<li>CuSn11Pb2<\/li>\n<li>CuSn12Ni2<\/li>\n<li>CuSn7Zn2Pb3<\/li>\n<\/ul>\n<\/li>\n<\/ul>\n<p>Des compositions chimiques sp\u00e9cifiques ou personnalis\u00e9es sont disponibles sur demande.<\/p>\n<p>Les alliages de bronze \u00e0 l&rsquo;\u00e9tain AMPCO\u00ae sont des produits de qualit\u00e9 sup\u00e9rieure qui peuvent offrir des performances pour des applications exigeantes.<\/p>\n<h5>Applications du bronze \u00e0 l&rsquo;\u00e9tain<\/h5>\n<p>Notre bronze \u00e0 l&rsquo;\u00e9tain est un alliage polyvalent dot\u00e9 de propri\u00e9t\u00e9s m\u00e9caniques et d&rsquo;une <a href=\"https:\/\/staging.ampcometal.com\/applications\/corrosion-resistance\/\">r\u00e9sistance \u00e0 la corrosion<\/a> remarquables, qui r\u00e9pond \u00e0 un large \u00e9ventail d&rsquo;applications dans de nombreuses industries. Cet alliage \u00e0 haute r\u00e9sistance est appr\u00e9ci\u00e9 pour son aptitude \u00e0 supporter des charges \u00e9lev\u00e9es et des vitesses faibles, ce qui en fait un choix id\u00e9al pour des applications telles que la fabrication d&rsquo;engrenages, de bagues, de roulements et d&rsquo;h\u00e9lices de pompes. Outre ses capacit\u00e9s m\u00e9caniques, il est utilis\u00e9 dans des composants critiques tels que les segments de piston, les raccords de vapeur et les corps de vanne, o\u00f9 la durabilit\u00e9 et la fiabilit\u00e9 sont primordiales. Son adaptabilit\u00e9 s&rsquo;\u00e9tend au secteur \u00e9lectrique, avec des applications dans les connecteurs, les relais et les ressorts de conducteurs. Avec des compositions personnalis\u00e9es disponibles, les alliages AMPCO\u00ae Tin Bronze r\u00e9pondent \u00e0 une large gamme de besoins sp\u00e9cifiques, ce qui en fait le premier choix dans une vari\u00e9t\u00e9 d&rsquo;environnements industriels.<\/p>\n","protected":false},"featured_media":0,"template":"product-standard-alloy.php","meta":{"_et_pb_use_builder":"","_et_pb_old_content":"","_et_gb_content_width":"","inline_featured_image":false,"_links_to":"","_links_to_target":""},"product_category":[496],"product_type":[],"product_shape":[],"class_list":["post-54597","product","type-product","status-publish","hentry","product_category-alliages-standards"],"acf":[],"aioseo_notices":[],"_links":{"self":[{"href":"https:\/\/staging.ampcometal.com\/fr\/wp-json\/wp\/v2\/product\/54597","targetHints":{"allow":["GET"]}}],"collection":[{"href":"https:\/\/staging.ampcometal.com\/fr\/wp-json\/wp\/v2\/product"}],"about":[{"href":"https:\/\/staging.ampcometal.com\/fr\/wp-json\/wp\/v2\/types\/product"}],"wp:attachment":[{"href":"https:\/\/staging.ampcometal.com\/fr\/wp-json\/wp\/v2\/media?parent=54597"}],"wp:term":[{"taxonomy":"product_category","embeddable":true,"href":"https:\/\/staging.ampcometal.com\/fr\/wp-json\/wp\/v2\/product_category?post=54597"},{"taxonomy":"product_type","embeddable":true,"href":"https:\/\/staging.ampcometal.com\/fr\/wp-json\/wp\/v2\/product_type?post=54597"},{"taxonomy":"product_shape","embeddable":true,"href":"https:\/\/staging.ampcometal.com\/fr\/wp-json\/wp\/v2\/product_shape?post=54597"}],"curies":[{"name":"wp","href":"https:\/\/api.w.org\/{rel}","templated":true}]}}