{"id":54564,"date":"2021-09-14T09:51:13","date_gmt":"2021-09-14T07:51:13","guid":{"rendered":"https:\/\/staging.ampcometal.com\/products\/%product_category%\/ampco-18-2\/"},"modified":"2024-10-01T13:01:22","modified_gmt":"2024-10-01T11:01:22","slug":"ampco-18","status":"publish","type":"product","link":"https:\/\/staging.ampcometal.com\/fr\/produits\/ampco-cupro-aluminium\/ampco-18\/","title":{"rendered":"AMPCO\u00ae 18"},"content":{"rendered":"<ul>\n<li data-gc-list-depth=\"1\" data-gc-list-style=\"bullet\"><strong>Durabilit\u00e9 exceptionnelle :<\/strong> Offre une r\u00e9sistance sup\u00e9rieure \u00e0 l&rsquo;usure et \u00e0 la fatigue pour des performances durables dans les applications exigeantes.<\/li>\n<li data-gc-list-depth=\"1\" data-gc-list-style=\"bullet\"><strong>Alliage \u00e0 haute r\u00e9sistance :<\/strong> Cet alliage de bronze offre une r\u00e9sistance et une duret\u00e9 impressionnantes, ce qui en fait un excellent choix pour les composants critiques.<\/li>\n<li data-gc-list-depth=\"1\" data-gc-list-style=\"bullet\"><strong>Applications polyvalentes :<\/strong> Convient \u00e0 une large gamme d&rsquo;applications, y compris les bagues, les roulements, les engrenages, les si\u00e8ges de soupape et les composants industriels et marins.<\/li>\n<li data-gc-list-depth=\"1\" data-gc-list-style=\"bullet\"><strong>Pr\u00e9cis et fiable :<\/strong> Avec une structure de grain compacte, un bon \u00e9tat de surface et le respect des tol\u00e9rances commerciales, AMPCO\u00ae 18 est connu pour sa pr\u00e9cision et sa fiabilit\u00e9.<\/li>\n<\/ul>\n<h5>Propri\u00e9t\u00e9s et sp\u00e9cifications<\/h5>\n<p><\/br> AMPCO\u00ae 18 est un alliage de bronze de haute performance connu pour ses propri\u00e9t\u00e9s et sp\u00e9cifications exceptionnelles. Cet alliage pr\u00e9sente une structure granulaire compacte et d&rsquo;excellentes propri\u00e9t\u00e9s physiques gr\u00e2ce \u00e0 une r\u00e9partition minutieuse des phases et \u00e0 un travail \u00e0 chaud au cours du processus d&rsquo;extrusion. Il offre une grande solidit\u00e9, une grande duret\u00e9 et une grande r\u00e9sistance \u00e0 l&rsquo;usure et \u00e0 la fatigue, ce qui en fait un choix id\u00e9al pour les applications exigeantes. Avec une bonne finition de surface qui r\u00e9pond aux tol\u00e9rances commerciales, AMPCO\u00ae 18 est particuli\u00e8rement adapt\u00e9 aux applications de production en volume. Sa polyvalence et sa fiabilit\u00e9 en font un choix de premier ordre pour les industries qui exigent pr\u00e9cision, durabilit\u00e9 et performances exceptionnelles pour les composants tels que les bagues, les roulements, les engrenages, les si\u00e8ges de soupape, etc. <\/p>\n<h5>Applications<\/h5>\n<p><\/br> L&rsquo;AMPCO\u00ae 18 trouve des applications polyvalentes dans un grand nombre d&rsquo;industries. Cet alliage de bronze \u00e0 haute r\u00e9sistance excelle dans les applications n\u00e9cessitant une durabilit\u00e9 et une r\u00e9sistance \u00e0 l&rsquo;usure exceptionnelles. Il est couramment utilis\u00e9 dans les composants critiques tels que les bagues, les roulements, les engrenages et les si\u00e8ges de soupape, o\u00f9 la pr\u00e9cision et la durabilit\u00e9 sont primordiales. En plus de ces applications m\u00e9caniques, il est id\u00e9al pour les tuyaux, les tubes, les joints et les diverses pi\u00e8ces utilis\u00e9es dans les industries de transformation, la marine et les industries connexes. Ses propri\u00e9t\u00e9s et performances sup\u00e9rieures en font le premier choix pour les applications o\u00f9 la fiabilit\u00e9 et la robustesse sont requises, ce qui contribue \u00e0 prolonger la dur\u00e9e de vie des composants et \u00e0 r\u00e9duire les besoins de maintenance.<\/p>\n","protected":false},"featured_media":66724,"template":"","meta":{"_et_pb_use_builder":"","_et_pb_old_content":"","_et_gb_content_width":"","inline_featured_image":false,"_links_to":"","_links_to_target":""},"product_category":[474],"product_type":[501,553,616,506,530,604],"product_shape":[642,621,647,631,637,652],"class_list":["post-54564","product","type-product","status-publish","has-post-thumbnail","hentry","product_category-ampco-cupro-aluminium"],"acf":[],"aioseo_notices":[],"_links":{"self":[{"href":"https:\/\/staging.ampcometal.com\/fr\/wp-json\/wp\/v2\/product\/54564","targetHints":{"allow":["GET"]}}],"collection":[{"href":"https:\/\/staging.ampcometal.com\/fr\/wp-json\/wp\/v2\/product"}],"about":[{"href":"https:\/\/staging.ampcometal.com\/fr\/wp-json\/wp\/v2\/types\/product"}],"wp:featuredmedia":[{"embeddable":true,"href":"https:\/\/staging.ampcometal.com\/fr\/wp-json\/wp\/v2\/media\/66724"}],"wp:attachment":[{"href":"https:\/\/staging.ampcometal.com\/fr\/wp-json\/wp\/v2\/media?parent=54564"}],"wp:term":[{"taxonomy":"product_category","embeddable":true,"href":"https:\/\/staging.ampcometal.com\/fr\/wp-json\/wp\/v2\/product_category?post=54564"},{"taxonomy":"product_type","embeddable":true,"href":"https:\/\/staging.ampcometal.com\/fr\/wp-json\/wp\/v2\/product_type?post=54564"},{"taxonomy":"product_shape","embeddable":true,"href":"https:\/\/staging.ampcometal.com\/fr\/wp-json\/wp\/v2\/product_shape?post=54564"}],"curies":[{"name":"wp","href":"https:\/\/api.w.org\/{rel}","templated":true}]}}