{"id":54559,"date":"2021-09-14T09:51:12","date_gmt":"2021-09-14T07:51:12","guid":{"rendered":"https:\/\/staging.ampcometal.com\/products\/%product_category%\/ampcoloy-91-2\/"},"modified":"2024-03-27T11:51:49","modified_gmt":"2024-03-27T09:51:49","slug":"ampcoloy-91","status":"publish","type":"product","link":"https:\/\/staging.ampcometal.com\/fr\/produits\/ampcoloy-alliages-a-haute-teneur-en-cuivre\/ampcoloy-91\/","title":{"rendered":"AMPCOLOY\u00ae 91"},"content":{"rendered":"<ul>\n<li data-gc-list-depth=\"1\" data-gc-list-style=\"bullet\"><strong>R\u00e9sistance exceptionnelle \u00e0 l&rsquo;usure : <\/strong>Cet alliage \u00e0 haute teneur en cuivre pr\u00e9sente une r\u00e9sistance \u00e0 l&rsquo;usure exceptionnelle, garantissant durabilit\u00e9 et fiabilit\u00e9 dans les applications exigeantes o\u00f9 les forces abrasives sont un probl\u00e8me.<\/li>\n<li data-gc-list-depth=\"1\" data-gc-list-style=\"bullet\"><strong>R\u00e9sistance sup\u00e9rieure \u00e0 la corrosion :<\/strong> Gr\u00e2ce \u00e0 sa r\u00e9sistance sup\u00e9rieure \u00e0 la corrosion, il n&rsquo;est pas affect\u00e9 par les environnements difficiles et les substances corrosives, ce qui en fait un choix id\u00e9al pour les conditions difficiles.<\/li>\n<li data-gc-list-depth=\"1\" data-gc-list-style=\"bullet\"><strong>Excellente conductivit\u00e9 thermique : <\/strong>Ses excellentes propri\u00e9t\u00e9s de conductivit\u00e9 thermique permettent un transfert de chaleur efficace, am\u00e9liorant les performances dans les applications qui n\u00e9cessitent un contr\u00f4le pr\u00e9cis de la temp\u00e9rature et un refroidissement rapide.<\/li>\n<li data-gc-list-depth=\"1\" data-gc-list-style=\"bullet\"><strong>R\u00e9sistance m\u00e9canique \u00e9lev\u00e9e :<\/strong> L&rsquo;alliage offre une r\u00e9sistance m\u00e9canique \u00e9lev\u00e9e, assurant l&rsquo;int\u00e9grit\u00e9 structurelle n\u00e9cessaire aux composants critiques et garantissant des performances constantes sous de lourdes charges.<\/li>\n<\/ul>\n<h5><strong>Propri\u00e9t\u00e9s et sp\u00e9cifications<\/strong><\/h5>\n<p><\/br><br \/>\nL&rsquo;AMPCOLOY\u00ae 91 est un alliage \u00e0 haute teneur en cuivre de premi\u00e8re qualit\u00e9, connu pour ses propri\u00e9t\u00e9s exceptionnelles. Con\u00e7u avec une r\u00e9sistance m\u00e9canique l\u00e9g\u00e8rement sup\u00e9rieure \u00e0 celle de ses homologues, il offre une excellente r\u00e9sistance \u00e0 l&rsquo;usure et \u00e0 la corrosion, ce qui en fait le choix id\u00e9al pour les applications critiques. Cet alliage pr\u00e9sente une excellente conductivit\u00e9 thermique, ce qui am\u00e9liore les performances et prolonge la dur\u00e9e de vie des outils jusqu&rsquo;\u00e0 50 %. Sa composition offre une excellente usinabilit\u00e9. Avec l&rsquo;AMPCOLOY\u00ae 91, vous pouvez vous attendre \u00e0 des performances et \u00e0 une durabilit\u00e9 sup\u00e9rieures, ce qui en fait un choix privil\u00e9gi\u00e9 pour les \u00e9lectrodes de soudage par points, le soudage par treillis, les porte-\u00e9lectrodes et diverses applications o\u00f9 une conductivit\u00e9 thermique \u00e9lev\u00e9e est essentielle.<\/p>\n<h5><strong>Applications<\/strong><\/h5>\n<p><\/br><br \/>\nGr\u00e2ce \u00e0 ses propri\u00e9t\u00e9s impressionnantes, l&rsquo;AMPCOLOY\u00ae 91 trouve une large gamme d&rsquo;applications dans diverses industries. Cet alliage de bronze \u00e0 haute performance est le choix pr\u00e9f\u00e9r\u00e9 pour les \u00e9lectrodes de soudage par points, le soudage par treillis, les porte-\u00e9lectrodes et les disques de soudage de joints, en particulier lorsque l&rsquo;on travaille avec de l&rsquo;acier inoxydable, du monel, des alliages de nickel et d&rsquo;autres mat\u00e9riaux difficiles. Sa conductivit\u00e9 thermique exceptionnelle le rend inestimable dans les machines de moulage sous pression de l&rsquo;aluminium o\u00f9 les pointes des plongeurs n\u00e9cessitent un transfert de chaleur efficace. Qu&rsquo;il s&rsquo;agisse d&rsquo;accro\u00eetre la productivit\u00e9 des processus de soudage ou de garantir la pr\u00e9cision du moulage, cet alliage \u00e0 haute teneur en cuivre excelle dans les applications o\u00f9 une conductivit\u00e9 thermique et une durabilit\u00e9 sup\u00e9rieures sont primordiales.<\/p>\n","protected":false},"featured_media":66769,"template":"","meta":{"_et_pb_use_builder":"","_et_pb_old_content":"","_et_gb_content_width":"","inline_featured_image":false,"_links_to":"","_links_to_target":""},"product_category":[479],"product_type":[506,530],"product_shape":[],"class_list":["post-54559","product","type-product","status-publish","has-post-thumbnail","hentry","product_category-ampcoloy-alliages-a-haute-teneur-en-cuivre"],"acf":[],"aioseo_notices":[],"_links":{"self":[{"href":"https:\/\/staging.ampcometal.com\/fr\/wp-json\/wp\/v2\/product\/54559","targetHints":{"allow":["GET"]}}],"collection":[{"href":"https:\/\/staging.ampcometal.com\/fr\/wp-json\/wp\/v2\/product"}],"about":[{"href":"https:\/\/staging.ampcometal.com\/fr\/wp-json\/wp\/v2\/types\/product"}],"wp:featuredmedia":[{"embeddable":true,"href":"https:\/\/staging.ampcometal.com\/fr\/wp-json\/wp\/v2\/media\/66769"}],"wp:attachment":[{"href":"https:\/\/staging.ampcometal.com\/fr\/wp-json\/wp\/v2\/media?parent=54559"}],"wp:term":[{"taxonomy":"product_category","embeddable":true,"href":"https:\/\/staging.ampcometal.com\/fr\/wp-json\/wp\/v2\/product_category?post=54559"},{"taxonomy":"product_type","embeddable":true,"href":"https:\/\/staging.ampcometal.com\/fr\/wp-json\/wp\/v2\/product_type?post=54559"},{"taxonomy":"product_shape","embeddable":true,"href":"https:\/\/staging.ampcometal.com\/fr\/wp-json\/wp\/v2\/product_shape?post=54559"}],"curies":[{"name":"wp","href":"https:\/\/api.w.org\/{rel}","templated":true}]}}