{"id":54534,"date":"2021-09-14T09:51:06","date_gmt":"2021-09-14T07:51:06","guid":{"rendered":"https:\/\/staging.ampcometal.com\/products\/%product_category%\/ampco-18-22-2\/"},"modified":"2024-04-03T15:26:49","modified_gmt":"2024-04-03T13:26:49","slug":"ampco-18-22","status":"publish","type":"product","link":"https:\/\/staging.ampcometal.com\/fr\/produits\/ampco-cupro-aluminium\/ampco-18-22\/","title":{"rendered":"AMPCO\u00ae 18.22"},"content":{"rendered":"<ul>\n<li data-gc-list-depth=\"1\" data-gc-list-style=\"bullet\"><strong>R\u00e9sistance exceptionnelle :<\/strong> Cet alliage de bronze pr\u00e9sente une r\u00e9sistance ultime \u00e9lev\u00e9e, ce qui le rend adapt\u00e9 aux applications industrielles exigeantes.<\/li>\n<li data-gc-list-depth=\"1\" data-gc-list-style=\"bullet\"><strong>Bonne ductilit\u00e9 :<\/strong> Tout en offrant une duret\u00e9 impressionnante, cet alliage de cuivre conserve une bonne ductilit\u00e9, ce qui garantit une grande souplesse d&rsquo;utilisation.<\/li>\n<li data-gc-list-depth=\"1\" data-gc-list-style=\"bullet\"><strong>R\u00e9sistance \u00e0 la corrosion :<\/strong> Il pr\u00e9sente une excellente r\u00e9sistance \u00e0 la corrosion, ce qui accro\u00eet sa long\u00e9vit\u00e9 et sa durabilit\u00e9.<\/li>\n<li data-gc-list-depth=\"1\" data-gc-list-style=\"bullet\"><strong>Applications polyvalentes :<\/strong> Largement utilis\u00e9 dans l&rsquo;industrie a\u00e9rospatiale, l&rsquo;alliage est id\u00e9al pour les bagues, les chemises de roulement, les inserts, les pi\u00e8ces de piston, les \u00e9crous et les glissi\u00e8res, entre autres composants critiques.<\/li>\n<\/ul>\n<h5>Propri\u00e9t\u00e9s et sp\u00e9cifications<\/h5>\n<p><\/br><br \/>\nAMPCO\u00ae 18.22 est un alliage de cuivre remarquable avec des propri\u00e9t\u00e9s et des sp\u00e9cifications exceptionnelles. Cet alliage \u00e0 haute r\u00e9sistance conserve une ductilit\u00e9 exceptionnelle, ce qui le rend bien adapt\u00e9 aux applications a\u00e9rospatiales o\u00f9 la r\u00e9sistance et la flexibilit\u00e9 sont essentielles. Gr\u00e2ce \u00e0 un traitement thermique pr\u00e9cis et \u00e0 un contr\u00f4le de la production, l&rsquo;alliage de bronze pr\u00e9sente une r\u00e9sistance \u00e0 la traction, une limite d&rsquo;\u00e9lasticit\u00e9 et une duret\u00e9 sup\u00e9rieures. Ses propri\u00e9t\u00e9s physiques, notamment sa r\u00e9sistance \u00e0 la corrosion, lui permettent de supporter des impacts et des charges importants. Cet alliage excelle dans des applications telles que les bagues, les chemises de roulement, les inserts, les pi\u00e8ces de piston, les \u00e9crous et les glissi\u00e8res, prouvant ainsi sa fiabilit\u00e9 dans des environnements industriels exigeants.<\/p>\n<h5>Applications<\/h5>\n<p><\/br><br \/>\nL&rsquo;AMPCO\u00ae 18.22 trouve des applications polyvalentes dans une vari\u00e9t\u00e9 d&rsquo;industries, en particulier pour r\u00e9pondre aux exigences rigoureuses de l&rsquo;industrie a\u00e9rospatiale. Cet alliage de cuivre \u00e0 haute r\u00e9sistance est le premier choix pour une vari\u00e9t\u00e9 de composants critiques, y compris les bagues, les chemises de roulement, les inserts, les pi\u00e8ces de piston, les \u00e9crous et les glissi\u00e8res. Ses propri\u00e9t\u00e9s sup\u00e9rieures, telles qu&rsquo;une duret\u00e9 accrue et une excellente ductilit\u00e9, en font un mat\u00e9riau id\u00e9al pour ces applications, garantissant des performances fiables dans les conditions les plus exigeantes. Cet alliage d&rsquo;aluminium et de bronze est r\u00e9put\u00e9 pour sa capacit\u00e9 \u00e0 r\u00e9sister \u00e0 des impacts et des charges importants, ce qui en fait un choix inestimable dans les industries o\u00f9 la pr\u00e9cision, la durabilit\u00e9 et la solidit\u00e9 sont primordiales.<\/p>\n","protected":false},"featured_media":66724,"template":"","meta":{"_et_pb_use_builder":"","_et_pb_old_content":"","_et_gb_content_width":"","inline_featured_image":false,"_links_to":"","_links_to_target":""},"product_category":[474],"product_type":[501,616],"product_shape":[],"class_list":["post-54534","product","type-product","status-publish","has-post-thumbnail","hentry","product_category-ampco-cupro-aluminium"],"acf":[],"aioseo_notices":[],"_links":{"self":[{"href":"https:\/\/staging.ampcometal.com\/fr\/wp-json\/wp\/v2\/product\/54534","targetHints":{"allow":["GET"]}}],"collection":[{"href":"https:\/\/staging.ampcometal.com\/fr\/wp-json\/wp\/v2\/product"}],"about":[{"href":"https:\/\/staging.ampcometal.com\/fr\/wp-json\/wp\/v2\/types\/product"}],"wp:featuredmedia":[{"embeddable":true,"href":"https:\/\/staging.ampcometal.com\/fr\/wp-json\/wp\/v2\/media\/66724"}],"wp:attachment":[{"href":"https:\/\/staging.ampcometal.com\/fr\/wp-json\/wp\/v2\/media?parent=54534"}],"wp:term":[{"taxonomy":"product_category","embeddable":true,"href":"https:\/\/staging.ampcometal.com\/fr\/wp-json\/wp\/v2\/product_category?post=54534"},{"taxonomy":"product_type","embeddable":true,"href":"https:\/\/staging.ampcometal.com\/fr\/wp-json\/wp\/v2\/product_type?post=54534"},{"taxonomy":"product_shape","embeddable":true,"href":"https:\/\/staging.ampcometal.com\/fr\/wp-json\/wp\/v2\/product_shape?post=54534"}],"curies":[{"name":"wp","href":"https:\/\/api.w.org\/{rel}","templated":true}]}}