{"id":54524,"date":"2021-09-14T09:51:03","date_gmt":"2021-09-14T07:51:03","guid":{"rendered":"https:\/\/staging.ampcometal.com\/products\/%product_category%\/laiton\/"},"modified":"2024-03-19T12:29:10","modified_gmt":"2024-03-19T10:29:10","slug":"laiton","status":"publish","type":"product","link":"https:\/\/staging.ampcometal.com\/fr\/produits\/alliages-standards\/laiton\/","title":{"rendered":"Laiton"},"content":{"rendered":"<ul>\n<li><strong>Haute r\u00e9sistance : <\/strong>Notre laiton poss\u00e8de d&rsquo;excellentes propri\u00e9t\u00e9s de r\u00e9sistance, ce qui le rend adapt\u00e9 \u00e0 une vari\u00e9t\u00e9 d&rsquo;applications exigeantes.<\/li>\n<li data-gc-list-depth=\"1\" data-gc-list-style=\"bullet\"><strong>R\u00e9sistance \u00e0 la corrosion :<\/strong> L&rsquo;alliage est tr\u00e8s r\u00e9sistant \u00e0 la corrosion, ce qui garantit sa durabilit\u00e9 dans les environnements difficiles.<\/li>\n<li data-gc-list-depth=\"1\" data-gc-list-style=\"bullet\"><strong>R\u00e9sistance \u00e0 la chaleur : <\/strong>Conserve son int\u00e9grit\u00e9 \u00e0 des temp\u00e9ratures \u00e9lev\u00e9es, ce qui le rend id\u00e9al pour les applications impliquant de la chaleur et des frottements.<\/li>\n<li data-gc-list-depth=\"1\" data-gc-list-style=\"bullet\"><strong>Polyvalence : <\/strong>Disponible dans une vari\u00e9t\u00e9 de formes et de tailles, il offre une polyvalence en termes de conception et d&rsquo;utilisation dans de nombreux secteurs et produits.<\/li>\n<\/ul>\n<h5>Propri\u00e9t\u00e9s et sp\u00e9cifications<\/h5>\n<p>L&rsquo;alliage de laiton standard d&rsquo;AMPCO poss\u00e8de des propri\u00e9t\u00e9s exceptionnelles qui en font un choix de premier ordre pour les applications exigeantes. Cet alliage de laiton de premi\u00e8re qualit\u00e9 est disponible en plusieurs qualit\u00e9s, avec des compositions personnalis\u00e9es disponibles sur demande. Il est connu pour sa grande solidit\u00e9, sa <a href=\"https:\/\/staging.ampcometal.com\/applications\/corrosion-resistance\/\">r\u00e9sistance \u00e0 la corrosion<\/a> et sa r\u00e9sistance \u00e0 la chaleur. Cet alliage polyvalent est id\u00e9al pour les applications \u00e0 faible frottement, \u00e0 faible vitesse et \u00e0 haute pression, ce qui en fait le choix id\u00e9al pour les fixations, les bagues, les cames, les pi\u00e8ces de machines, etc.<\/p>\n<ul>\n<li>Disponible dans des tailles sp\u00e9ciales comme les formes U-\/L-\/T-.<\/li>\n<li>Rectangles \u00e0 partir de 8 mm d\u2019\u00e9paisseur.<\/li>\n<li>Barres rondes de 20 mm \u00e0 212 mm de diam\u00e8tre.<\/li>\n<li>Tubes avec \u00e9paisseur de paroi min. de 8mm jusqu\u2019\u00e0 OD 100mm.<\/li>\n<\/ul>\n<p>Les alliages comprennent :<\/p>\n<ul>\n<li>CuZn25Al5Mn4Fe3<\/li>\n<li>CuZn35Mn2Al1Fe1<\/li>\n<li>CuZn35Mn2Al1Fe1<\/li>\n<li>CuZn37Al1<\/li>\n<li>CuZn19Al6<\/li>\n<li>CuZn23Al4<\/li>\n<\/ul>\n<p>Des compositions chimiques sp\u00e9cifiques ou personnalis\u00e9es sont disponibles sur demande.<\/p>\n<h5>Applications<\/h5>\n<p>L&rsquo;alliage de laiton standard d&rsquo;AMPCO trouve ses applications polyvalentes dans un grand nombre d&rsquo;industries. Les propri\u00e9t\u00e9s remarquables de cet alliage de laiton de premi\u00e8re qualit\u00e9, notamment sa grande solidit\u00e9, sa r\u00e9sistance \u00e0 la corrosion et sa r\u00e9sistance \u00e0 la chaleur, le rendent indispensable. Il est largement utilis\u00e9 dans des applications allant des fixations, \u00e9crous et bagues aux cames, cadres, engrenages \u00e0 vis sans fin, pi\u00e8ces de machines, crochets, matrices, arbres et tiges de vannes. Sa fiabilit\u00e9 et sa durabilit\u00e9 en font le premier choix pour les industries telles que l&rsquo;automobile, la construction, les connecteurs \u00e9lectriques, la plomberie et l&rsquo;a\u00e9rospatiale. Qu&rsquo;il s&rsquo;agisse de fournir des solutions \u00e0 faible frottement ou d&rsquo;assurer la long\u00e9vit\u00e9 dans des environnements \u00e0 haute pression, l&rsquo;alliage de laiton standard d&rsquo;AMPCO est un mat\u00e9riau de confiance dans une grande vari\u00e9t\u00e9 d&rsquo;applications.<\/p>\n","protected":false},"featured_media":0,"template":"product-standard-alloy.php","meta":{"_et_pb_use_builder":"","_et_pb_old_content":"","_et_gb_content_width":"","inline_featured_image":false,"_links_to":"","_links_to_target":""},"product_category":[496],"product_type":[],"product_shape":[],"class_list":["post-54524","product","type-product","status-publish","hentry","product_category-alliages-standards"],"acf":[],"aioseo_notices":[],"_links":{"self":[{"href":"https:\/\/staging.ampcometal.com\/fr\/wp-json\/wp\/v2\/product\/54524","targetHints":{"allow":["GET"]}}],"collection":[{"href":"https:\/\/staging.ampcometal.com\/fr\/wp-json\/wp\/v2\/product"}],"about":[{"href":"https:\/\/staging.ampcometal.com\/fr\/wp-json\/wp\/v2\/types\/product"}],"wp:attachment":[{"href":"https:\/\/staging.ampcometal.com\/fr\/wp-json\/wp\/v2\/media?parent=54524"}],"wp:term":[{"taxonomy":"product_category","embeddable":true,"href":"https:\/\/staging.ampcometal.com\/fr\/wp-json\/wp\/v2\/product_category?post=54524"},{"taxonomy":"product_type","embeddable":true,"href":"https:\/\/staging.ampcometal.com\/fr\/wp-json\/wp\/v2\/product_type?post=54524"},{"taxonomy":"product_shape","embeddable":true,"href":"https:\/\/staging.ampcometal.com\/fr\/wp-json\/wp\/v2\/product_shape?post=54524"}],"curies":[{"name":"wp","href":"https:\/\/api.w.org\/{rel}","templated":true}]}}