{"id":54520,"date":"2021-09-14T09:51:00","date_gmt":"2021-09-14T07:51:00","guid":{"rendered":"https:\/\/staging.ampcometal.com\/products\/%product_category%\/aluminium-bronze-2\/"},"modified":"2024-12-18T15:25:47","modified_gmt":"2024-12-18T13:25:47","slug":"aluminium-bronze","status":"publish","type":"product","link":"https:\/\/staging.ampcometal.com\/fr\/produits\/alliages-standards\/aluminium-bronze\/","title":{"rendered":"Bronze aluminium"},"content":{"rendered":"<p>Notre bronze d&rsquo;aluminium est un alliage polyvalent et performant qui offre une gamme impressionnante de propri\u00e9t\u00e9s et de sp\u00e9cifications. Nos alliages sp\u00e9ciaux combinent une r\u00e9sistance m\u00e9canique, une r\u00e9sistance \u00e0 la corrosion et une ductilit\u00e9 exceptionnelles. Qu&rsquo;il soit utilis\u00e9 dans les machines, les corps de vanne, les moyeux d&rsquo;h\u00e9lice ou les plaques d&rsquo;usure, notre bronze d&rsquo;aluminium est un choix fiable pour les applications exigeantes. Des compositions chimiques personnalis\u00e9es sont \u00e9galement disponibles sur demande, ce qui en fait une solution flexible pour des besoins sur mesure.  <\/p>\n<ul>\n<li data-gc-list-depth=\"1\" data-gc-list-style=\"bullet\"><strong>R\u00e9sistance exceptionnelle \u00e0 la corrosion :<\/strong> le bronze d\u2019aluminium offre <a href=\"https:\/\/staging.ampcometal.com\/applications\/corrosion-resistance\/\">une r\u00e9sistance sup\u00e9rieure \u00e0 r\u00e9sistance<\/a>, ce qui lui permet d\u2019\u00eatre utilis\u00e9 dans une grande vari\u00e9t\u00e9 d\u2019environnements, y compris les applications marines et chimiques.<\/li>\n<li data-gc-list-depth=\"1\" data-gc-list-style=\"bullet\"><strong>R\u00e9sistance m\u00e9canique \u00e9lev\u00e9e :<\/strong> Cet alliage pr\u00e9sente une r\u00e9sistance m\u00e9canique impressionnante, ce qui le rend id\u00e9al pour les applications exigeant durabilit\u00e9 et capacit\u00e9 de charge.<\/li>\n<li data-gc-list-depth=\"1\" data-gc-list-style=\"bullet\"><strong>Excellente ductilit\u00e9 : <\/strong>Il combine r\u00e9sistance et excellente ductilit\u00e9, ce qui lui permet de r\u00e9sister aux contraintes m\u00e9caniques et \u00e0 la d\u00e9formation sans compromettre l&rsquo;int\u00e9grit\u00e9.<\/li>\n<\/ul>\n<p><strong>Polyvalence et personnalisation :<\/strong> Disponible dans une vari\u00e9t\u00e9 d&rsquo;alliages, c&rsquo;est un mat\u00e9riau polyvalent qui peut \u00eatre personnalis\u00e9 pour r\u00e9pondre \u00e0 des exigences sp\u00e9cifiques en mati\u00e8re de performances et d&rsquo;applications.  <\/p>\n<h5>Propri\u00e9t\u00e9s et sp\u00e9cifications<\/h5>\n<p><\/br><\/p>\n<ul>\n<li>Disponible dans des tailles sp\u00e9ciales comme les formes U-\/L-\/T-.<\/li>\n<li>Rectangles \u00e0 partir de 8 mm d\u2019\u00e9paisseur.<\/li>\n<li>Barres rondes de 20 mm \u00e0 212 mm de diam\u00e8tre.<\/li>\n<li>Tubes avec \u00e9paisseur de paroi min. de 8mm jusqu\u2019\u00e0 OD 100mm.<\/li>\n<\/ul>\n<p> Le bronze d\u2019aluminium AMPCO\u00ae est un produit de qualit\u00e9 sup\u00e9rieure qui peut offrir des performances pour des applications exigeantes. Les alliages comprennent :  <\/p>\n<ul>\n<li>CuAl10Fe5Ni5<\/li>\n<li>CuAl10Fe2<\/li>\n<li>CuAl9<\/li>\n<li>CuAl10Ni3Fe2<\/li>\n<li>CuAl11Fe6Ni6<\/li>\n<\/ul>\n<p>  Des compositions chimiques sp\u00e9cifiques ou sur mesure sont disponibles sur demande.  <\/p>\n<h5>Aluminium Bronze Applications<\/h5>\n<p><\/br> Notre bronze d\u2019aluminium trouve un large \u00e9ventail d\u2019applications gr\u00e2ce \u00e0 ses propri\u00e9t\u00e9s impressionnantes. Sa grande r\u00e9sistance m\u00e9canique, sa <a href=\"https:\/\/staging.ampcometal.com\/applications\/corrosion-resistance\/\">r\u00e9sistance \u00e0 la corrosion<\/a> et sa ductilit\u00e9 en font un choix id\u00e9al pour diverses industries. Couramment utilis\u00e9 dans les machines, notre alliage excelle dans des applications telles que les arbres, les corps de vanne, les moyeux d&rsquo;h\u00e9lice, les engrenages \u00e0 vis sans fin et les pales d&rsquo;h\u00e9lice. Sa polyvalence s&rsquo;\u00e9tend aux plaques d&rsquo;usure, o\u00f9 il offre des performances robustes.<\/p>\n","protected":false},"featured_media":0,"template":"product-standard-alloy.php","meta":{"_et_pb_use_builder":"","_et_pb_old_content":"","_et_gb_content_width":"","inline_featured_image":false,"_links_to":"","_links_to_target":""},"product_category":[496],"product_type":[],"product_shape":[],"class_list":["post-54520","product","type-product","status-publish","hentry","product_category-alliages-standards"],"acf":[],"aioseo_notices":[],"_links":{"self":[{"href":"https:\/\/staging.ampcometal.com\/fr\/wp-json\/wp\/v2\/product\/54520","targetHints":{"allow":["GET"]}}],"collection":[{"href":"https:\/\/staging.ampcometal.com\/fr\/wp-json\/wp\/v2\/product"}],"about":[{"href":"https:\/\/staging.ampcometal.com\/fr\/wp-json\/wp\/v2\/types\/product"}],"wp:attachment":[{"href":"https:\/\/staging.ampcometal.com\/fr\/wp-json\/wp\/v2\/media?parent=54520"}],"wp:term":[{"taxonomy":"product_category","embeddable":true,"href":"https:\/\/staging.ampcometal.com\/fr\/wp-json\/wp\/v2\/product_category?post=54520"},{"taxonomy":"product_type","embeddable":true,"href":"https:\/\/staging.ampcometal.com\/fr\/wp-json\/wp\/v2\/product_type?post=54520"},{"taxonomy":"product_shape","embeddable":true,"href":"https:\/\/staging.ampcometal.com\/fr\/wp-json\/wp\/v2\/product_shape?post=54520"}],"curies":[{"name":"wp","href":"https:\/\/api.w.org\/{rel}","templated":true}]}}