{"id":54510,"date":"2021-09-14T09:50:55","date_gmt":"2021-09-14T07:50:55","guid":{"rendered":"https:\/\/staging.ampcometal.com\/products\/%product_category%\/ampco-18-23-2\/"},"modified":"2024-04-03T15:37:16","modified_gmt":"2024-04-03T13:37:16","slug":"ampco-18-23","status":"publish","type":"product","link":"https:\/\/staging.ampcometal.com\/fr\/produits\/ampco-cupro-aluminium\/ampco-18-23\/","title":{"rendered":"AMPCO\u00ae 18.23"},"content":{"rendered":"<ul>\n<li data-gc-list-depth=\"1\" data-gc-list-style=\"bullet\"><strong>Une t\u00e9nacit\u00e9 exceptionnelle :<\/strong> Il pr\u00e9sente une t\u00e9nacit\u00e9 remarquable qui lui permet de r\u00e9sister \u00e0 de lourdes charges et \u00e0 des conditions d&rsquo;impact sans d\u00e9formation.<\/li>\n<li data-gc-list-depth=\"1\" data-gc-list-style=\"bullet\"><strong>Alliage \u00e0 haute r\u00e9sistance :<\/strong> Avec une r\u00e9sistance \u00e0 la traction et une duret\u00e9 sup\u00e9rieures, il excelle dans les applications exigeant r\u00e9sistance et durabilit\u00e9.<\/li>\n<li data-gc-list-depth=\"1\" data-gc-list-style=\"bullet\"><strong>Excellente r\u00e9sistance \u00e0 l&rsquo;usure :<\/strong> Cet alliage de bronze offre une r\u00e9sistance exceptionnelle \u00e0 l&rsquo;usure, ce qui le rend id\u00e9al pour les composants expos\u00e9s au frottement et \u00e0 l&rsquo;abrasion.<\/li>\n<li data-gc-list-depth=\"1\" data-gc-list-style=\"bullet\"><strong>Applications polyvalentes :<\/strong> Il est polyvalent et peut \u00eatre utilis\u00e9 dans une vari\u00e9t\u00e9 d&rsquo;industries, y compris l&rsquo;industrie manufacturi\u00e8re, l&rsquo;a\u00e9rospatiale, la marine et l&rsquo;\u00e9quipement lourd.<\/li>\n<\/ul>\n<h5>Propri\u00e9t\u00e9s et sp\u00e9cifications<\/h5>\n<p><\/br><br \/>\nAMPCO\u00ae 18.23 est un remarquable alliage de bronze \u00e0 haute r\u00e9sistance connu pour ses propri\u00e9t\u00e9s exceptionnelles. Cet alliage trait\u00e9 thermiquement poss\u00e8de des propri\u00e9t\u00e9s impressionnantes, notamment une duret\u00e9 \u00e9lev\u00e9e, une grande r\u00e9sistance \u00e0 la traction et \u00e0 l&rsquo;usure, ce qui le rend id\u00e9al pour les applications industrielles exigeantes. Avec de meilleures propri\u00e9t\u00e9s physiques que des nuances de bronze similaires telles que AMPCO\u00ae 18 et AMPCO\u00ae 18.136, AMPCO\u00ae 18.23 se distingue comme un choix sup\u00e9rieur, offrant une t\u00e9nacit\u00e9 et une r\u00e9sistance \u00e0 la d\u00e9formation in\u00e9gal\u00e9es dans des conditions de charge et d&rsquo;impact \u00e9lev\u00e9es. Sa remarquable limite proportionnelle permet aux concepteurs de tirer pleinement parti de sa r\u00e9sistance, ce qui en fait une excellente solution pour les engrenages \u00e0 vis sans fin \u00e0 usage intensif et d&rsquo;autres applications soumises \u00e0 des contraintes \u00e9lev\u00e9es dans diverses industries.<\/p>\n<h5>Applications<\/h5>\n<p><\/br><br \/>\nAMPCO\u00ae 18.23 est utilis\u00e9 dans une large gamme d&rsquo;industries o\u00f9 une r\u00e9sistance \u00e9lev\u00e9e et des performances exceptionnelles sont essentielles. Ce remarquable alliage de bronze excelle dans les engrenages \u00e0 vis sans fin \u00e0 usage intensif et les applications similaires gr\u00e2ce \u00e0 sa combinaison unique de t\u00e9nacit\u00e9, de r\u00e9sistance \u00e0 l&rsquo;usure et de r\u00e9sistance \u00e0 la d\u00e9formation. Sa fiabilit\u00e9 sous de lourdes charges et dans des environnements exigeants en fait un choix privil\u00e9gi\u00e9 pour les applications dans les secteurs de la fabrication, de l&rsquo;a\u00e9rospatiale, de la marine et de l&rsquo;industrie. Qu&rsquo;il soit utilis\u00e9 dans des roulements, des engrenages ou d&rsquo;autres composants critiques, cet alliage de bronze fournit constamment des r\u00e9sultats sup\u00e9rieurs, ce qui en fait un mat\u00e9riau essentiel pour les ing\u00e9nieurs et les concepteurs qui recherchent le plus haut niveau de performance pour leurs projets.<\/p>\n","protected":false},"featured_media":66733,"template":"","meta":{"_et_pb_use_builder":"","_et_pb_old_content":"","_et_gb_content_width":"","inline_featured_image":false,"_links_to":"","_links_to_target":""},"product_category":[474],"product_type":[501,553,616],"product_shape":[],"class_list":["post-54510","product","type-product","status-publish","has-post-thumbnail","hentry","product_category-ampco-cupro-aluminium"],"acf":[],"aioseo_notices":[],"_links":{"self":[{"href":"https:\/\/staging.ampcometal.com\/fr\/wp-json\/wp\/v2\/product\/54510","targetHints":{"allow":["GET"]}}],"collection":[{"href":"https:\/\/staging.ampcometal.com\/fr\/wp-json\/wp\/v2\/product"}],"about":[{"href":"https:\/\/staging.ampcometal.com\/fr\/wp-json\/wp\/v2\/types\/product"}],"wp:featuredmedia":[{"embeddable":true,"href":"https:\/\/staging.ampcometal.com\/fr\/wp-json\/wp\/v2\/media\/66733"}],"wp:attachment":[{"href":"https:\/\/staging.ampcometal.com\/fr\/wp-json\/wp\/v2\/media?parent=54510"}],"wp:term":[{"taxonomy":"product_category","embeddable":true,"href":"https:\/\/staging.ampcometal.com\/fr\/wp-json\/wp\/v2\/product_category?post=54510"},{"taxonomy":"product_type","embeddable":true,"href":"https:\/\/staging.ampcometal.com\/fr\/wp-json\/wp\/v2\/product_type?post=54510"},{"taxonomy":"product_shape","embeddable":true,"href":"https:\/\/staging.ampcometal.com\/fr\/wp-json\/wp\/v2\/product_shape?post=54510"}],"curies":[{"name":"wp","href":"https:\/\/api.w.org\/{rel}","templated":true}]}}