{"id":54508,"date":"2021-09-14T09:50:53","date_gmt":"2021-09-14T07:50:53","guid":{"rendered":"https:\/\/staging.ampcometal.com\/products\/%product_category%\/cu-w-fritte\/"},"modified":"2024-03-25T17:50:38","modified_gmt":"2024-03-25T15:50:38","slug":"cu-w-fritte","status":"publish","type":"product","link":"https:\/\/staging.ampcometal.com\/fr\/produits\/ampcoloy-alliages-a-haute-teneur-en-cuivre\/cu-w-fritte\/","title":{"rendered":"Cu-W fritt\u00e9"},"content":{"rendered":"<ul>\n<li data-gc-list-depth=\"1\" data-gc-list-style=\"bullet\"><strong>Conductivit\u00e9 \u00e9lectrique \u00e9lev\u00e9e :<\/strong> Le Cu-W fritt\u00e9 offre une excellente conductivit\u00e9 \u00e9lectrique, ce qui le rend id\u00e9al pour les applications o\u00f9 les performances \u00e9lectriques sont critiques.<\/li>\n<li data-gc-list-depth=\"1\" data-gc-list-style=\"bullet\"><strong>R\u00e9sistance aux arcs \u00e9lectriques :<\/strong> Cet alliage \u00e0 haute teneur en cuivre est tr\u00e8s r\u00e9sistant aux dommages caus\u00e9s par les arcs \u00e9lectriques, ce qui le rend adapt\u00e9 aux applications impliquant des arcs \u00e9lectriques, telles que les disjoncteurs et les pointes d&rsquo;arc.<\/li>\n<li data-gc-list-depth=\"1\" data-gc-list-style=\"bullet\"><strong>Durabilit\u00e9 et long\u00e9vit\u00e9 : <\/strong>Connu pour sa durabilit\u00e9 et sa capacit\u00e9 \u00e0 r\u00e9sister \u00e0 des conditions difficiles, il garantit des performances durables.<\/li>\n<li data-gc-list-depth=\"1\" data-gc-list-style=\"bullet\"><strong>Applications polyvalentes :<\/strong> Il est largement utilis\u00e9 comme \u00e9lectrodes de soudage par r\u00e9sistance, \u00e9lectrodes EDM, disjoncteurs et contacts \u00e0 usage intensif.<\/li>\n<\/ul>\n<h5>Propri\u00e9t\u00e9s et sp\u00e9cifications<\/h5>\n<p><\/br><br \/>\nLe Cu-W fritt\u00e9 est un alliage r\u00e9fractaire de haute performance connu pour ses propri\u00e9t\u00e9s exceptionnelles. Cet alliage combine l&rsquo;excellente conductivit\u00e9 \u00e9lectrique et thermique du cuivre avec l&rsquo;impressionnante r\u00e9sistance \u00e0 l&rsquo;arc et les propri\u00e9t\u00e9s de non-soudage du tungst\u00e8ne et du molybd\u00e8ne. Fabriqu\u00e9 \u00e0 l&rsquo;aide de techniques avanc\u00e9es de m\u00e9tallurgie des poudres, il pr\u00e9sente une microstructure uniforme et \u00e0 grain fin qui lui conf\u00e8re des performances et une durabilit\u00e9 exceptionnelles. Sa qualit\u00e9 sup\u00e9rieure lui permet de d\u00e9passer les normes sp\u00e9cifi\u00e9es par la Resistance Welder Manufacturers&rsquo; Association (RWMA), ce qui en fait un choix id\u00e9al pour une large gamme d&rsquo;applications, notamment les \u00e9lectrodes de soudage par r\u00e9sistance, les \u00e9lectrodes EDM, les disjoncteurs, les pointes d&rsquo;arc et les contacts \u00e0 usage intensif. L&rsquo;alliage \u00e0 haute teneur en cuivre excelle dans ces applications exigeantes en raison de sa capacit\u00e9 \u00e0 r\u00e9sister aux effets de l&rsquo;arc \u00e9lectrique et aux courants \u00e9lev\u00e9s, ce qui en fait un mat\u00e9riau fiable et durable.<\/p>\n<h5>Applications<\/h5>\n<p><\/br><br \/>\nLe Cu-W fritt\u00e9 est un alliage r\u00e9fractaire polyvalent et tr\u00e8s performant utilis\u00e9 dans une grande vari\u00e9t\u00e9 d&rsquo;industries. Sa combinaison exceptionnelle de conductivit\u00e9 \u00e9lectrique et de r\u00e9sistance \u00e0 l&rsquo;arc en fait un choix indispensable pour diverses applications. Il est couramment utilis\u00e9 comme \u00e9lectrode de soudage par r\u00e9sistance, o\u00f9 il excelle dans sa capacit\u00e9 \u00e0 supporter un courant \u00e9lev\u00e9 et \u00e0 fournir des performances stables. En outre, l&rsquo;alliage est bien adapt\u00e9 aux \u00e9lectrodes pour l&rsquo;usinage par d\u00e9charge \u00e9lectrique (EDM), aux disjoncteurs, aux pointes d&rsquo;arc et aux contacts \u00e0 usage intensif dans une vari\u00e9t\u00e9 d&rsquo;environnements. Qu&rsquo;il s&rsquo;agisse d&rsquo;assurer des connexions fiables ou de r\u00e9sister aux effets de l&rsquo;arc \u00e9lectrique, le Cu-W fritt\u00e9 donne des r\u00e9sultats constants dans les applications exigeantes, ce qui en fait le mat\u00e9riau de choix pour de nombreuses fonctions critiques.<\/p>\n","protected":false},"featured_media":66769,"template":"","meta":{"_et_pb_use_builder":"","_et_pb_old_content":"","_et_gb_content_width":"","inline_featured_image":false,"_links_to":"","_links_to_target":""},"product_category":[479],"product_type":[],"product_shape":[],"class_list":["post-54508","product","type-product","status-publish","has-post-thumbnail","hentry","product_category-ampcoloy-alliages-a-haute-teneur-en-cuivre"],"acf":[],"aioseo_notices":[],"_links":{"self":[{"href":"https:\/\/staging.ampcometal.com\/fr\/wp-json\/wp\/v2\/product\/54508","targetHints":{"allow":["GET"]}}],"collection":[{"href":"https:\/\/staging.ampcometal.com\/fr\/wp-json\/wp\/v2\/product"}],"about":[{"href":"https:\/\/staging.ampcometal.com\/fr\/wp-json\/wp\/v2\/types\/product"}],"wp:featuredmedia":[{"embeddable":true,"href":"https:\/\/staging.ampcometal.com\/fr\/wp-json\/wp\/v2\/media\/66769"}],"wp:attachment":[{"href":"https:\/\/staging.ampcometal.com\/fr\/wp-json\/wp\/v2\/media?parent=54508"}],"wp:term":[{"taxonomy":"product_category","embeddable":true,"href":"https:\/\/staging.ampcometal.com\/fr\/wp-json\/wp\/v2\/product_category?post=54508"},{"taxonomy":"product_type","embeddable":true,"href":"https:\/\/staging.ampcometal.com\/fr\/wp-json\/wp\/v2\/product_type?post=54508"},{"taxonomy":"product_shape","embeddable":true,"href":"https:\/\/staging.ampcometal.com\/fr\/wp-json\/wp\/v2\/product_shape?post=54508"}],"curies":[{"name":"wp","href":"https:\/\/api.w.org\/{rel}","templated":true}]}}