{"id":54503,"date":"2021-09-14T09:50:51","date_gmt":"2021-09-14T07:50:51","guid":{"rendered":"https:\/\/staging.ampcometal.com\/products\/%product_category%\/ampcoloy-95-2\/"},"modified":"2025-03-13T14:01:55","modified_gmt":"2025-03-13T12:01:55","slug":"ampcoloy-95","status":"publish","type":"product","link":"https:\/\/staging.ampcometal.com\/fr\/produits\/ampcoloy-alliages-a-haute-teneur-en-cuivre\/ampcoloy-95\/","title":{"rendered":"AMPCOLOY\u00ae 95"},"content":{"rendered":"<ul>\n<li data-gc-list-depth=\"1\" data-gc-list-style=\"bullet\"><strong>R\u00e9sistance exceptionnelle \u00e0 l&rsquo;usure : <\/strong>Cet alliage \u00e0 haute teneur en cuivre offre une r\u00e9sistance \u00e0 l&rsquo;usure exceptionnelle, ce qui le rend id\u00e9al pour les applications o\u00f9 la durabilit\u00e9 est essentielle.<\/li>\n<li data-gc-list-depth=\"1\" data-gc-list-style=\"bullet\"><strong>Excellente r\u00e9sistance \u00e0 la corrosion :<\/strong> Il est tr\u00e8s r\u00e9sistant \u00e0 la corrosion, ce qui garantit sa long\u00e9vit\u00e9 m\u00eame dans les environnements difficiles.<\/li>\n<li data-gc-list-depth=\"1\" data-gc-list-style=\"bullet\"><strong>Conductivit\u00e9 thermique sup\u00e9rieure : <\/strong>L&rsquo;alliage pr\u00e9sente une excellente conductivit\u00e9 thermique, ce qui am\u00e9liore les performances dans diverses applications thermiques.<\/li>\n<li data-gc-list-depth=\"1\" data-gc-list-style=\"bullet\"><strong>Propri\u00e9t\u00e9s m\u00e9caniques \u00e9lev\u00e9es :<\/strong> Con\u00e7us avec des propri\u00e9t\u00e9s m\u00e9caniques \u00e9lev\u00e9es pour assurer la r\u00e9sistance et la fiabilit\u00e9 dans les environnements industriels exigeants.<\/li>\n<\/ul>\n<h5>Propri\u00e9t\u00e9s et sp\u00e9cifications<\/h5>\n<p>L&rsquo;AMPCOLOY\u00ae 95, qui partage certaines similitudes avec l&rsquo;AMPCOLOY\u00ae 91, est un alliage remarquable connu pour ses propri\u00e9t\u00e9s et sp\u00e9cifications exceptionnelles. Forg\u00e9 et extrud\u00e9 pour obtenir des propri\u00e9t\u00e9s physiques optimales, cet alliage offre une excellente usinabilit\u00e9 associ\u00e9e \u00e0 une remarquable r\u00e9sistance \u00e0 l&rsquo;usure et \u00e0 la corrosion. Con\u00e7u avec des propri\u00e9t\u00e9s m\u00e9caniques \u00e9lev\u00e9es, cet alliage \u00e0 haute teneur en cuivre excelle dans les applications n\u00e9cessitant une conductivit\u00e9 thermique sup\u00e9rieure, des temps de cycle plus courts et une dur\u00e9e de vie d\u2019outil plus longue, d\u00e9passant souvent les performances du cuivre-titane jusqu\u2019\u00e0 50 %. La combinaison in\u00e9gal\u00e9e de r\u00e9sistance et de t\u00e9nacit\u00e9 de cet alliage en fait un choix de premier ordre pour les \u00e9lectrodes de soudage par points, les porte-\u00e9lectrodes, le soudage par treillis, etc. En outre, les utilisateurs doivent faire preuve de prudence en raison de la teneur en b\u00e9ryllium de 0,5 %, afin de garantir la s\u00e9curit\u00e9 lors de toute op\u00e9ration susceptible de g\u00e9n\u00e9rer des poussi\u00e8res ou des fum\u00e9es.<\/p>\n<h5>Applications<\/h5>\n<p>L&rsquo;AMPCOLOY\u00ae 95 trouve une large gamme d&rsquo;applications gr\u00e2ce \u00e0 ses propri\u00e9t\u00e9s exceptionnelles. Principalement utilis\u00e9 pour les \u00e9lectrodes de soudage par points et les porte-\u00e9lectrodes, il excelle dans les applications de soudage exigeantes. C&rsquo;est \u00e9galement le mat\u00e9riau de choix pour le soudage de treillis, les disques de soudage de joints pour l&rsquo;acier inoxydable, le Monel\u00ae, les alliages de nickel et les matrices de soudage par \u00e9tincelage. Son excellente conductivit\u00e9 thermique le rend inestimable dans les pointes de piston des machines de moulage sous pression de l&rsquo;aluminium. Il joue \u00e9galement un r\u00f4le cl\u00e9 dans le moulage par injection de plastique o\u00f9 une conductivit\u00e9 thermique \u00e9lev\u00e9e est souhait\u00e9e.<\/p>\n","protected":false},"featured_media":66769,"template":"","meta":{"_et_pb_use_builder":"","_et_pb_old_content":"","_et_gb_content_width":"","inline_featured_image":false,"_links_to":"","_links_to_target":""},"product_category":[479],"product_type":[506,530],"product_shape":[647,631,637],"class_list":["post-54503","product","type-product","status-publish","has-post-thumbnail","hentry","product_category-ampcoloy-alliages-a-haute-teneur-en-cuivre"],"acf":[],"aioseo_notices":[],"_links":{"self":[{"href":"https:\/\/staging.ampcometal.com\/fr\/wp-json\/wp\/v2\/product\/54503","targetHints":{"allow":["GET"]}}],"collection":[{"href":"https:\/\/staging.ampcometal.com\/fr\/wp-json\/wp\/v2\/product"}],"about":[{"href":"https:\/\/staging.ampcometal.com\/fr\/wp-json\/wp\/v2\/types\/product"}],"wp:featuredmedia":[{"embeddable":true,"href":"https:\/\/staging.ampcometal.com\/fr\/wp-json\/wp\/v2\/media\/66769"}],"wp:attachment":[{"href":"https:\/\/staging.ampcometal.com\/fr\/wp-json\/wp\/v2\/media?parent=54503"}],"wp:term":[{"taxonomy":"product_category","embeddable":true,"href":"https:\/\/staging.ampcometal.com\/fr\/wp-json\/wp\/v2\/product_category?post=54503"},{"taxonomy":"product_type","embeddable":true,"href":"https:\/\/staging.ampcometal.com\/fr\/wp-json\/wp\/v2\/product_type?post=54503"},{"taxonomy":"product_shape","embeddable":true,"href":"https:\/\/staging.ampcometal.com\/fr\/wp-json\/wp\/v2\/product_shape?post=54503"}],"curies":[{"name":"wp","href":"https:\/\/api.w.org\/{rel}","templated":true}]}}