{"id":54740,"date":"2021-09-14T09:51:55","date_gmt":"2021-09-14T07:51:55","guid":{"rendered":"https:\/\/staging.ampcometal.com\/compagnie\/profil\/"},"modified":"2025-03-21T15:58:53","modified_gmt":"2025-03-21T13:58:53","slug":"profil","status":"publish","type":"page","link":"https:\/\/staging.ampcometal.com\/fr\/entreprise\/profil\/","title":{"rendered":"Profil"},"content":{"rendered":"[et_pb_section fb_built=\u00a0\u00bb1&Prime; specialty=\u00a0\u00bbon\u00a0\u00bb custom_padding_last_edited=\u00a0\u00bbon|desktop\u00a0\u00bb parallax_method_1=\u00a0\u00bboff\u00a0\u00bb parallax_method_2=\u00a0\u00bboff\u00a0\u00bb module_id_1=\u00a0\u00bbproduct-page-sidebar-column\u00a0\u00bb admin_label=\u00a0\u00bbSection\u00a0\u00bb _builder_version=\u00a0\u00bb4.16&Prime; background_color=\u00a0\u00bb#f7f7f7&Prime; custom_padding=\u00a0\u00bb0px||0px|\u00a0\u00bb custom_padding_tablet=\u00a0\u00bb40px|||\u00a0\u00bb custom_padding_phone=\u00a0\u00bb\u00a0\u00bb transparent_background=\u00a0\u00bboff\u00a0\u00bb make_fullwidth=\u00a0\u00bboff\u00a0\u00bb use_custom_width=\u00a0\u00bboff\u00a0\u00bb width_unit=\u00a0\u00bbon\u00a0\u00bb global_colors_info=\u00a0\u00bb{}\u00a0\u00bb][et_pb_column type=\u00a0\u00bb1_3&Prime; _builder_version=\u00a0\u00bb4.16&Prime; custom_padding=\u00a0\u00bb|||\u00a0\u00bb global_colors_info=\u00a0\u00bb{}\u00a0\u00bb custom_padding__hover=\u00a0\u00bb|||\u00a0\u00bb][et_pb_sidebar area=\u00a0\u00bbcompany_sidebar\u00a0\u00bb disabled_on=\u00a0\u00bbon|on|off\u00a0\u00bb admin_label=\u00a0\u00bbSidebar\u00a0\u00bb module_id=\u00a0\u00bbinner-product-sidebar-module\u00a0\u00bb _builder_version=\u00a0\u00bb4.16&Prime; remove_border=\u00a0\u00bboff\u00a0\u00bb global_colors_info=\u00a0\u00bb{}\u00a0\u00bb][\/et_pb_sidebar][\/et_pb_column][et_pb_column type=\u00a0\u00bb2_3&Prime; specialty_columns=\u00a0\u00bb2&Prime; _builder_version=\u00a0\u00bb4.16&Prime; custom_padding=\u00a0\u00bb|||\u00a0\u00bb global_colors_info=\u00a0\u00bb{}\u00a0\u00bb custom_padding__hover=\u00a0\u00bb|||\u00a0\u00bb][et_pb_row_inner custom_padding_last_edited=\u00a0\u00bbon|desktop\u00a0\u00bb admin_label=\u00a0\u00bbRow\u00a0\u00bb _builder_version=\u00a0\u00bb4.16&Prime; custom_margin=\u00a0\u00bb||40px|\u00a0\u00bb custom_margin_tablet=\u00a0\u00bb\u00a0\u00bb custom_margin_phone=\u00a0\u00bb\u00a0\u00bb custom_margin_last_edited=\u00a0\u00bbon|desktop\u00a0\u00bb custom_padding=\u00a0\u00bb40px||40px|\u00a0\u00bb custom_padding_tablet=\u00a0\u00bb\u00a0\u00bb custom_padding_phone=\u00a0\u00bb\u00a0\u00bb custom_css_main_element=\u00a0\u00bbborder-bottom: solid 2px #e8e8e8;\u00a0\u00bb global_colors_info=\u00a0\u00bb{}\u00a0\u00bb][et_pb_column_inner saved_specialty_column_type=\u00a0\u00bb2_3&Prime; _builder_version=\u00a0\u00bb4.16&Prime; custom_padding=\u00a0\u00bb|||\u00a0\u00bb global_colors_info=\u00a0\u00bb{}\u00a0\u00bb custom_padding__hover=\u00a0\u00bb|||\u00a0\u00bb][et_pb_text admin_label=\u00a0\u00bbCORPORATE VISION\u00a0\u00bb _builder_version=\u00a0\u00bb4.17.6&Prime; background_size=\u00a0\u00bbinitial\u00a0\u00bb background_position=\u00a0\u00bbtop_left\u00a0\u00bb background_repeat=\u00a0\u00bbrepeat\u00a0\u00bb use_border_color=\u00a0\u00bboff\u00a0\u00bb border_color=\u00a0\u00bb#ffffff\u00a0\u00bb border_style=\u00a0\u00bbsolid\u00a0\u00bb global_colors_info=\u00a0\u00bb{}\u00a0\u00bb]\n<h2>VISION<\/h2>\n[\/et_pb_text][et_pb_text admin_label=\u00a0\u00bbText\u00a0\u00bb _builder_version=\u00a0\u00bb4.27.4&Prime; background_size=\u00a0\u00bbinitial\u00a0\u00bb background_position=\u00a0\u00bbtop_left\u00a0\u00bb background_repeat=\u00a0\u00bbrepeat\u00a0\u00bb custom_margin=\u00a0\u00bb20px|||\u00a0\u00bb custom_margin_tablet=\u00a0\u00bb\u00a0\u00bb custom_margin_phone=\u00a0\u00bb\u00a0\u00bb custom_margin_last_edited=\u00a0\u00bbon|\u00a0\u00bb hover_enabled=\u00a0\u00bb0&Prime; use_border_color=\u00a0\u00bboff\u00a0\u00bb border_color=\u00a0\u00bb#ffffff\u00a0\u00bb border_style=\u00a0\u00bbsolid\u00a0\u00bb global_colors_info=\u00a0\u00bb{}\u00a0\u00bb sticky_enabled=\u00a0\u00bb0&Prime;]\n<p>Partout o\u00f9 nos clients nous contactent dans le monde, ils le font avec le sourire. Ils nous font confiance pour l&rsquo;entretien de leurs \u00e9quipements de production parce que nous fournissons constamment des solutions pr\u00e9cieuses qui am\u00e9liorent les performances. En tant que partenaire fiable \u00e0 long terme, nous \u00e9tablissons la norme dans l&rsquo;industrie gr\u00e2ce \u00e0 nos services innovants et \u00e0 nos alliages durables.<\/p>\n[\/et_pb_text][\/et_pb_column_inner][\/et_pb_row_inner][et_pb_row_inner custom_padding_last_edited=\u00a0\u00bbon|phone\u00a0\u00bb admin_label=\u00a0\u00bbRow\u00a0\u00bb _builder_version=\u00a0\u00bb4.16&Prime; custom_margin=\u00a0\u00bb||40px|\u00a0\u00bb custom_margin_tablet=\u00a0\u00bb\u00a0\u00bb custom_margin_phone=\u00a0\u00bb\u00a0\u00bb custom_margin_last_edited=\u00a0\u00bbon|desktop\u00a0\u00bb custom_padding=\u00a0\u00bb0px||40px|\u00a0\u00bb custom_padding_tablet=\u00a0\u00bb\u00a0\u00bb custom_padding_phone=\u00a0\u00bb\u00a0\u00bb custom_css_main_element=\u00a0\u00bbborder-bottom: solid 2px #e8e8e8;\u00a0\u00bb global_colors_info=\u00a0\u00bb{}\u00a0\u00bb][et_pb_column_inner saved_specialty_column_type=\u00a0\u00bb2_3&Prime; _builder_version=\u00a0\u00bb4.16&Prime; custom_padding=\u00a0\u00bb|||\u00a0\u00bb global_colors_info=\u00a0\u00bb{}\u00a0\u00bb custom_padding__hover=\u00a0\u00bb|||\u00a0\u00bb][et_pb_text admin_label=\u00a0\u00bbMISSION STATEMENT\u00a0\u00bb _builder_version=\u00a0\u00bb4.17.6&Prime; background_size=\u00a0\u00bbinitial\u00a0\u00bb background_position=\u00a0\u00bbtop_left\u00a0\u00bb background_repeat=\u00a0\u00bbrepeat\u00a0\u00bb use_border_color=\u00a0\u00bboff\u00a0\u00bb border_color=\u00a0\u00bb#ffffff\u00a0\u00bb border_style=\u00a0\u00bbsolid\u00a0\u00bb global_colors_info=\u00a0\u00bb{}\u00a0\u00bb]\n<h2>MISSION<\/h2>\n[\/et_pb_text][et_pb_text admin_label=\u00a0\u00bbText\u00a0\u00bb _builder_version=\u00a0\u00bb4.27.4&Prime; background_size=\u00a0\u00bbinitial\u00a0\u00bb background_position=\u00a0\u00bbtop_left\u00a0\u00bb background_repeat=\u00a0\u00bbrepeat\u00a0\u00bb custom_margin=\u00a0\u00bb20px|||\u00a0\u00bb custom_margin_tablet=\u00a0\u00bb\u00a0\u00bb custom_margin_phone=\u00a0\u00bb\u00a0\u00bb custom_margin_last_edited=\u00a0\u00bbon|\u00a0\u00bb hover_enabled=\u00a0\u00bb0&Prime; use_border_color=\u00a0\u00bboff\u00a0\u00bb border_color=\u00a0\u00bb#ffffff\u00a0\u00bb border_style=\u00a0\u00bbsolid\u00a0\u00bb global_colors_info=\u00a0\u00bb{}\u00a0\u00bb sticky_enabled=\u00a0\u00bb0&Prime;]\n<p>Anim\u00e9s par notre vision, nous avons pour mission de d\u00e9velopper une expertise de premier plan dans les applications de nos clients. Nous visons \u00e0 d\u00e9passer leurs attentes en combinant une expertise approfondie dans nos processus de cr\u00e9ation de valeur avec des solutions novatrices et originales.<\/p>\n<p>Nous sommes fiers de cultiver notre identit\u00e9 unique, de rester fid\u00e8les \u00e0 nos valeurs fondamentales et d&rsquo;encourager une culture de la propri\u00e9t\u00e9. Nous nous attachons \u00e0 responsabiliser nos employ\u00e9s, \u00e0 am\u00e9liorer en permanence leurs comp\u00e9tences et \u00e0 les inciter \u00e0 atteindre l&rsquo;excellence.<\/p>\n[\/et_pb_text][\/et_pb_column_inner][\/et_pb_row_inner][et_pb_row_inner custom_padding_last_edited=\u00a0\u00bbon|desktop\u00a0\u00bb admin_label=\u00a0\u00bbRow\u00a0\u00bb _builder_version=\u00a0\u00bb4.16&Prime; custom_margin=\u00a0\u00bb||40px|\u00a0\u00bb custom_margin_tablet=\u00a0\u00bb\u00a0\u00bb custom_margin_phone=\u00a0\u00bb\u00a0\u00bb custom_margin_last_edited=\u00a0\u00bbon|desktop\u00a0\u00bb custom_padding=\u00a0\u00bb0px||20px|\u00a0\u00bb custom_padding_tablet=\u00a0\u00bb\u00a0\u00bb custom_padding_phone=\u00a0\u00bb\u00a0\u00bb custom_css_main_element=\u00a0\u00bbborder-bottom: solid 2px #e8e8e8;\u00a0\u00bb global_colors_info=\u00a0\u00bb{}\u00a0\u00bb][et_pb_column_inner saved_specialty_column_type=\u00a0\u00bb2_3&Prime; _builder_version=\u00a0\u00bb4.16&Prime; custom_padding=\u00a0\u00bb|||\u00a0\u00bb global_colors_info=\u00a0\u00bb{}\u00a0\u00bb custom_padding__hover=\u00a0\u00bb|||\u00a0\u00bb][et_pb_text admin_label=\u00a0\u00bbVALUES AND GUIDING PRINCIPLES\u00a0\u00bb _builder_version=\u00a0\u00bb4.17.6&Prime; background_size=\u00a0\u00bbinitial\u00a0\u00bb background_position=\u00a0\u00bbtop_left\u00a0\u00bb background_repeat=\u00a0\u00bbrepeat\u00a0\u00bb use_border_color=\u00a0\u00bboff\u00a0\u00bb border_color=\u00a0\u00bb#ffffff\u00a0\u00bb border_style=\u00a0\u00bbsolid\u00a0\u00bb global_colors_info=\u00a0\u00bb{}\u00a0\u00bb]\n<h2>VALEURS<\/h2>\n[\/et_pb_text][et_pb_text admin_label=\u00a0\u00bbText\u00a0\u00bb _builder_version=\u00a0\u00bb4.27.4&Prime; background_size=\u00a0\u00bbinitial\u00a0\u00bb background_position=\u00a0\u00bbtop_left\u00a0\u00bb background_repeat=\u00a0\u00bbrepeat\u00a0\u00bb custom_margin=\u00a0\u00bb20px|||\u00a0\u00bb custom_margin_tablet=\u00a0\u00bb\u00a0\u00bb custom_margin_phone=\u00a0\u00bb\u00a0\u00bb custom_margin_last_edited=\u00a0\u00bbon|\u00a0\u00bb hover_enabled=\u00a0\u00bb0&Prime; use_border_color=\u00a0\u00bboff\u00a0\u00bb border_color=\u00a0\u00bb#ffffff\u00a0\u00bb border_style=\u00a0\u00bbsolid\u00a0\u00bb global_colors_info=\u00a0\u00bb{}\u00a0\u00bb sticky_enabled=\u00a0\u00bb0&Prime;]\n<ol>\n<li><strong>Priorit\u00e9 au client <\/strong>: Nos clients passent toujours en premier ; les besoins externes sont prioritaires par rapport aux priorit\u00e9s internes.<\/li>\n<li><strong>La qualit\u00e9 <\/strong>: L&rsquo;excellence d\u00e9finit notre travail dans tous ses aspects.<\/li>\n<li><strong>L&rsquo;esprit d&rsquo;entreprise<\/strong> : Nous valorisons l&rsquo;initiative et c\u00e9l\u00e9brons l&rsquo;esprit d&rsquo;entreprise.<\/li>\n<li><strong>Responsabilit\u00e9<\/strong> : Nous assumons l&rsquo;enti\u00e8re responsabilit\u00e9 de nos actions et de leurs r\u00e9sultats.<\/li>\n<li><strong>Fiabilit\u00e9 <\/strong>: Nous respectons nos engagements et sommes fiers d&rsquo;\u00eatre des partenaires fiables.<\/li>\n<li><strong>Ouverture et innovation<\/strong> : Nous acceptons le changement et encourageons la cr\u00e9ativit\u00e9 pour favoriser l&rsquo;innovation.<\/li>\n<\/ol>\n[\/et_pb_text][et_pb_image src=\u00a0\u00bbhttps:\/\/staging.ampcometal.com\/wp-content\/uploads\/2021\/08\/main_map.png\u00a0\u00bb title_text=\u00a0\u00bbmain_map\u00a0\u00bb show_bottom_space=\u00a0\u00bboff\u00a0\u00bb align=\u00a0\u00bbcenter\u00a0\u00bb align_tablet=\u00a0\u00bbcenter\u00a0\u00bb align_phone=\u00a0\u00bb\u00a0\u00bb align_last_edited=\u00a0\u00bbon|desktop\u00a0\u00bb admin_label=\u00a0\u00bbImage\u00a0\u00bb _builder_version=\u00a0\u00bb4.27.4&Prime; use_border_color=\u00a0\u00bboff\u00a0\u00bb border_color=\u00a0\u00bb#ffffff\u00a0\u00bb border_style=\u00a0\u00bbsolid\u00a0\u00bb animation=\u00a0\u00bboff\u00a0\u00bb sticky=\u00a0\u00bbon\u00a0\u00bb always_center_on_mobile=\u00a0\u00bbon\u00a0\u00bb global_colors_info=\u00a0\u00bb{}\u00a0\u00bb][\/et_pb_image][\/et_pb_column_inner][\/et_pb_row_inner][et_pb_row_inner custom_padding_last_edited=\u00a0\u00bbon|phone\u00a0\u00bb admin_label=\u00a0\u00bbRow\u00a0\u00bb _builder_version=\u00a0\u00bb4.16&Prime; custom_margin=\u00a0\u00bb||80px|\u00a0\u00bb custom_margin_tablet=\u00a0\u00bb||60px|\u00a0\u00bb custom_margin_phone=\u00a0\u00bb\u00a0\u00bb custom_margin_last_edited=\u00a0\u00bbon|desktop\u00a0\u00bb custom_padding=\u00a0\u00bb0px|||\u00a0\u00bb custom_padding_tablet=\u00a0\u00bb\u00a0\u00bb custom_padding_phone=\u00a0\u00bb\u00a0\u00bb custom_css_main_element=\u00a0\u00bbborder-bottom: solid 2px #e8e8e8;\u00a0\u00bb global_colors_info=\u00a0\u00bb{}\u00a0\u00bb][et_pb_column_inner saved_specialty_column_type=\u00a0\u00bb2_3&Prime; _builder_version=\u00a0\u00bb4.16&Prime; custom_padding=\u00a0\u00bb|||\u00a0\u00bb global_colors_info=\u00a0\u00bb{}\u00a0\u00bb custom_padding__hover=\u00a0\u00bb|||\u00a0\u00bb][et_pb_text admin_label=\u00a0\u00bbVALUES AND GUIDING PRINCIPLES\u00a0\u00bb _builder_version=\u00a0\u00bb4.16&Prime; background_size=\u00a0\u00bbinitial\u00a0\u00bb background_position=\u00a0\u00bbtop_left\u00a0\u00bb background_repeat=\u00a0\u00bbrepeat\u00a0\u00bb use_border_color=\u00a0\u00bboff\u00a0\u00bb border_color=\u00a0\u00bb#ffffff\u00a0\u00bb border_style=\u00a0\u00bbsolid\u00a0\u00bb global_colors_info=\u00a0\u00bb{}\u00a0\u00bb]\n<h2>AMPCO METAL<\/h2>\n[\/et_pb_text][et_pb_text admin_label=\u00a0\u00bbText\u00a0\u00bb _builder_version=\u00a0\u00bb4.17.6&Prime; background_size=\u00a0\u00bbinitial\u00a0\u00bb background_position=\u00a0\u00bbtop_left\u00a0\u00bb background_repeat=\u00a0\u00bbrepeat\u00a0\u00bb custom_margin=\u00a0\u00bb20px||40px|\u00a0\u00bb custom_margin_tablet=\u00a0\u00bb\u00a0\u00bb custom_margin_phone=\u00a0\u00bb\u00a0\u00bb custom_margin_last_edited=\u00a0\u00bbon|desktop\u00a0\u00bb use_border_color=\u00a0\u00bboff\u00a0\u00bb border_color=\u00a0\u00bb#ffffff\u00a0\u00bb border_style=\u00a0\u00bbsolid\u00a0\u00bb global_colors_info=\u00a0\u00bb{}\u00a0\u00bb]Une entreprise engag\u00e9e \u00e0 des produits innovants et au service du client depuis plus de 100 ans.<\/p>\n<p>AMPCO METAL, dont le si\u00e8ge est en Suisse, est un fabricant et distributeur international d\u2019alliages sp\u00e9ciaux de cuivre et des produits d\u2019ing\u00e9nierie.<\/p>\n<p>La soci\u00e9t\u00e9 a \u00e9t\u00e9 fond\u00e9e en 1914 aux \u00c9tats-Unis comme un innovateur dans l\u2019introduction et l\u2019application des alliages de bronze d\u2019aluminium. Elle a \u00e9galement introduit sur le march\u00e9 plusieurs nouvelles techniques m\u00e9tallurgiques et processus qui ont fait d\u2019AMPCO METAL le leader dans bronzes sp\u00e9ciaux et alliages de cuivre.<\/p>\n<p>Au fil des ans, AMPCO METAL a servi des clients dans le monde entier dans de nombreuses applications contre l\u2019usure, la r\u00e9sistance \u00e0 la corrosion ainsi que des propri\u00e9t\u00e9s conductrices \u00e9lev\u00e9es.<\/p>\n<p>Les principales industries concern\u00e9es sont la chimie et le p\u00e9trole, les machines-outils producteurs de m\u00e9taux, le transport et une large gamme de machines industrielles et commerciales.<\/p>\n<p>Pour obtenir des caract\u00e9ristiques uniques et coh\u00e9rentes des alliages, AMPCO METAL utilise des \u00e9quipements les plus avanc\u00e9s de l\u2019industrie, une \u00e9quipe d\u2019ing\u00e9nieurs hautement qualifi\u00e9s et des proc\u00e9d\u00e9s de contr\u00f4le sophistiqu\u00e9s. Cela permet \u00e0 AMPCO METAL d\u2019offrir des r\u00e9sultats coh\u00e9rents. Respectueux de l\u2019environnement, AMPCO METAL utilise une technologie de pointe dans ses usines et centres de services pour maintenir un programme de l\u2019air et de l\u2019eau propre.<\/p>\n<p>AMPCO METAL fabrique une large gamme d\u2019alliages de qualit\u00e9 et les distribue \u00e0 travers son r\u00e9seau mondial de centres de services. Cela permet \u00e0 AMPCO METAL de travailler en \u00e9troite collaboration avec ses clients pour produire des alliages sp\u00e9ciaux avec les propri\u00e9t\u00e9s et les caract\u00e9ristiques dont ils ont besoin.<br \/>\n[\/et_pb_text][\/et_pb_column_inner][\/et_pb_row_inner][\/et_pb_column][\/et_pb_section]\n","protected":false},"excerpt":{"rendered":"<p>VISIONPartout o\u00f9 nos clients nous contactent dans le monde, ils le font avec le sourire. Ils nous font confiance pour l&rsquo;entretien de leurs \u00e9quipements de production parce que nous fournissons constamment des solutions pr\u00e9cieuses qui am\u00e9liorent les performances. En tant que partenaire fiable \u00e0 long terme, nous \u00e9tablissons la norme dans l&rsquo;industrie gr\u00e2ce \u00e0 nos [&hellip;]<\/p>\n","protected":false},"author":1,"featured_media":0,"parent":54635,"menu_order":0,"comment_status":"closed","ping_status":"closed","template":"","meta":{"_et_pb_use_builder":"on","_et_pb_old_content":"","_et_gb_content_width":"","inline_featured_image":false,"footnotes":"","_links_to":"","_links_to_target":""},"class_list":["post-54740","page","type-page","status-publish","hentry"],"acf":[],"aioseo_notices":[],"_links":{"self":[{"href":"https:\/\/staging.ampcometal.com\/fr\/wp-json\/wp\/v2\/pages\/54740","targetHints":{"allow":["GET"]}}],"collection":[{"href":"https:\/\/staging.ampcometal.com\/fr\/wp-json\/wp\/v2\/pages"}],"about":[{"href":"https:\/\/staging.ampcometal.com\/fr\/wp-json\/wp\/v2\/types\/page"}],"author":[{"embeddable":true,"href":"https:\/\/staging.ampcometal.com\/fr\/wp-json\/wp\/v2\/users\/1"}],"replies":[{"embeddable":true,"href":"https:\/\/staging.ampcometal.com\/fr\/wp-json\/wp\/v2\/comments?post=54740"}],"version-history":[{"count":9,"href":"https:\/\/staging.ampcometal.com\/fr\/wp-json\/wp\/v2\/pages\/54740\/revisions"}],"predecessor-version":[{"id":69430,"href":"https:\/\/staging.ampcometal.com\/fr\/wp-json\/wp\/v2\/pages\/54740\/revisions\/69430"}],"up":[{"embeddable":true,"href":"https:\/\/staging.ampcometal.com\/fr\/wp-json\/wp\/v2\/pages\/54635"}],"wp:attachment":[{"href":"https:\/\/staging.ampcometal.com\/fr\/wp-json\/wp\/v2\/media?parent=54740"}],"curies":[{"name":"wp","href":"https:\/\/api.w.org\/{rel}","templated":true}]}}