{"id":54629,"date":"2021-09-14T09:51:25","date_gmt":"2021-09-14T07:51:25","guid":{"rendered":"https:\/\/staging.ampcometal.com\/donnees-techniques\/les-fiches-de-donnees-de-securite\/"},"modified":"2022-02-24T17:33:21","modified_gmt":"2022-02-24T15:33:21","slug":"fiches-technique-de-securite","status":"publish","type":"page","link":"https:\/\/staging.ampcometal.com\/fr\/donnees-techniques\/fiches-technique-de-securite\/","title":{"rendered":"Fiches technique de s\u00e9curit\u00e9"},"content":{"rendered":"[et_pb_section fb_built=\u00a0\u00bb1&Prime; specialty=\u00a0\u00bbon\u00a0\u00bb custom_padding_last_edited=\u00a0\u00bbon|desktop\u00a0\u00bb parallax_method_1=\u00a0\u00bboff\u00a0\u00bb parallax_method_2=\u00a0\u00bboff\u00a0\u00bb module_id_1=\u00a0\u00bbproduct-page-sidebar-column\u00a0\u00bb admin_label=\u00a0\u00bbSection\u00a0\u00bb _builder_version=\u00a0\u00bb3.22&Prime; background_color=\u00a0\u00bb#f7f7f7&Prime; custom_padding=\u00a0\u00bb0px||0px|\u00a0\u00bb custom_padding_tablet=\u00a0\u00bb40px|||\u00a0\u00bb custom_padding_phone=\u00a0\u00bb\u00a0\u00bb transparent_background=\u00a0\u00bboff\u00a0\u00bb make_fullwidth=\u00a0\u00bboff\u00a0\u00bb use_custom_width=\u00a0\u00bboff\u00a0\u00bb width_unit=\u00a0\u00bbon\u00a0\u00bb global_colors_info=\u00a0\u00bb{}\u00a0\u00bb][et_pb_column type=\u00a0\u00bb1_3&Prime; _builder_version=\u00a0\u00bb3.25&Prime; custom_padding=\u00a0\u00bb|||\u00a0\u00bb global_colors_info=\u00a0\u00bb{}\u00a0\u00bb custom_padding__hover=\u00a0\u00bb|||\u00a0\u00bb][et_pb_sidebar area=\u00a0\u00bbtechnical_data_sidebar\u00a0\u00bb disabled_on=\u00a0\u00bbon|on|off\u00a0\u00bb admin_label=\u00a0\u00bbSidebar\u00a0\u00bb module_id=\u00a0\u00bbinner-product-sidebar-module\u00a0\u00bb _builder_version=\u00a0\u00bb4.9.4&Prime; remove_border=\u00a0\u00bboff\u00a0\u00bb global_colors_info=\u00a0\u00bb{}\u00a0\u00bb][\/et_pb_sidebar][\/et_pb_column][et_pb_column type=\u00a0\u00bb2_3&Prime; specialty_columns=\u00a0\u00bb2&Prime; _builder_version=\u00a0\u00bb3.25&Prime; custom_padding=\u00a0\u00bb|||\u00a0\u00bb global_colors_info=\u00a0\u00bb{}\u00a0\u00bb custom_padding__hover=\u00a0\u00bb|||\u00a0\u00bb][et_pb_row_inner custom_padding_last_edited=\u00a0\u00bbon|desktop\u00a0\u00bb admin_label=\u00a0\u00bbRow\u00a0\u00bb _builder_version=\u00a0\u00bb3.25&Prime; custom_padding=\u00a0\u00bb40px||40px|\u00a0\u00bb custom_padding_tablet=\u00a0\u00bb\u00a0\u00bb custom_padding_phone=\u00a0\u00bb\u00a0\u00bb global_colors_info=\u00a0\u00bb{}\u00a0\u00bb][et_pb_column_inner saved_specialty_column_type=\u00a0\u00bb2_3&Prime; _builder_version=\u00a0\u00bb3.25&Prime; custom_padding=\u00a0\u00bb|||\u00a0\u00bb global_colors_info=\u00a0\u00bb{}\u00a0\u00bb custom_padding__hover=\u00a0\u00bb|||\u00a0\u00bb][et_pb_text admin_label=\u00a0\u00bbTitle\u00a0\u00bb _builder_version=\u00a0\u00bb3.27.4&Prime; text_letter_spacing=\u00a0\u00bb0&Prime; text_line_height=\u00a0\u00bb1.7&Prime; header_font_size=\u00a0\u00bb30&Prime; header_letter_spacing=\u00a0\u00bb0&Prime; header_line_height=\u00a0\u00bb1&Prime; background_size=\u00a0\u00bbinitial\u00a0\u00bb background_position=\u00a0\u00bbtop_left\u00a0\u00bb background_repeat=\u00a0\u00bbrepeat\u00a0\u00bb use_border_color=\u00a0\u00bboff\u00a0\u00bb border_color=\u00a0\u00bb#ffffff\u00a0\u00bb border_width=\u00a0\u00bb1&Prime; border_style=\u00a0\u00bbsolid\u00a0\u00bb global_colors_info=\u00a0\u00bb{}\u00a0\u00bb]\n<h2 class=\"entry-title\">FICHES TECHNIQUE DE S\u00c9CURIT\u00c9<\/h2>\n[\/et_pb_text][\/et_pb_column_inner][\/et_pb_row_inner][et_pb_row_inner custom_padding_last_edited=\u00a0\u00bbon|desktop\u00a0\u00bb admin_label=\u00a0\u00bbRow\u00a0\u00bb _builder_version=\u00a0\u00bb3.25&Prime; custom_padding=\u00a0\u00bb0px||0px|\u00a0\u00bb custom_padding_tablet=\u00a0\u00bb\u00a0\u00bb custom_padding_phone=\u00a0\u00bb\u00a0\u00bb global_colors_info=\u00a0\u00bb{}\u00a0\u00bb][et_pb_column_inner saved_specialty_column_type=\u00a0\u00bb2_3&Prime; _builder_version=\u00a0\u00bb3.25&Prime; custom_padding=\u00a0\u00bb|||\u00a0\u00bb global_colors_info=\u00a0\u00bb{}\u00a0\u00bb custom_padding__hover=\u00a0\u00bb|||\u00a0\u00bb][et_pb_text admin_label=\u00a0\u00bbtext\u00a0\u00bb _builder_version=\u00a0\u00bb3.27.4&Prime; text_letter_spacing=\u00a0\u00bb0&Prime; text_line_height=\u00a0\u00bb1.7&Prime; header_font_size=\u00a0\u00bb30&Prime; header_letter_spacing=\u00a0\u00bb0&Prime; header_line_height=\u00a0\u00bb1&Prime; background_size=\u00a0\u00bbinitial\u00a0\u00bb background_position=\u00a0\u00bbtop_left\u00a0\u00bb background_repeat=\u00a0\u00bbrepeat\u00a0\u00bb use_border_color=\u00a0\u00bboff\u00a0\u00bb border_color=\u00a0\u00bb#ffffff\u00a0\u00bb border_width=\u00a0\u00bb1&Prime; border_style=\u00a0\u00bbsolid\u00a0\u00bb global_colors_info=\u00a0\u00bb{}\u00a0\u00bb]AMPCO METAL a pour politique de fabriquer et de distribuer des produits s\u00fbrs et faciles \u00e0 recycler, garantissant \u00e0 la fois la s\u00e9curit\u00e9 sur le lieu de travail et le respect de l\u2019environnement.<br \/>\n[\/et_pb_text][\/et_pb_column_inner][\/et_pb_row_inner][et_pb_row_inner custom_padding_last_edited=\u00a0\u00bbon|phone\u00a0\u00bb admin_label=\u00a0\u00bbRow\u00a0\u00bb _builder_version=\u00a0\u00bb3.25&Prime; custom_margin=\u00a0\u00bb30px||0px|\u00a0\u00bb custom_margin_tablet=\u00a0\u00bb\u00a0\u00bb custom_margin_phone=\u00a0\u00bb\u00a0\u00bb custom_margin_last_edited=\u00a0\u00bbon|phone\u00a0\u00bb custom_padding=\u00a0\u00bb||0px|\u00a0\u00bb custom_padding_tablet=\u00a0\u00bb\u00a0\u00bb custom_padding_phone=\u00a0\u00bb\u00a0\u00bb global_colors_info=\u00a0\u00bb{}\u00a0\u00bb][et_pb_column_inner saved_specialty_column_type=\u00a0\u00bb2_3&Prime; module_id=\u00a0\u00bbapplication-data-sheet-download-row\u00a0\u00bb _builder_version=\u00a0\u00bb3.25&Prime; custom_padding=\u00a0\u00bb|||\u00a0\u00bb global_colors_info=\u00a0\u00bb{}\u00a0\u00bb custom_padding__hover=\u00a0\u00bb|||\u00a0\u00bb][et_pb_image src=\u00a0\u00bbhttps:\/\/staging.ampcometal.com\/wp-content\/uploads\/2017\/04\/safety-data-page-img1.jpg\u00a0\u00bb align_tablet=\u00a0\u00bbcenter\u00a0\u00bb align_phone=\u00a0\u00bb\u00a0\u00bb align_last_edited=\u00a0\u00bbon|desktop\u00a0\u00bb admin_label=\u00a0\u00bbImage\u00a0\u00bb module_class=\u00a0\u00bbapplication-data-sheet-download-item\u00a0\u00bb _builder_version=\u00a0\u00bb3.23&Prime; animation_style=\u00a0\u00bbslide\u00a0\u00bb animation_direction=\u00a0\u00bbleft\u00a0\u00bb animation_duration=\u00a0\u00bb500ms\u00a0\u00bb animation_intensity_slide=\u00a0\u00bb10%\u00a0\u00bb use_border_color=\u00a0\u00bboff\u00a0\u00bb border_color=\u00a0\u00bb#ffffff\u00a0\u00bb border_style=\u00a0\u00bbsolid\u00a0\u00bb animation=\u00a0\u00bbleft\u00a0\u00bb sticky=\u00a0\u00bboff\u00a0\u00bb always_center_on_mobile=\u00a0\u00bbon\u00a0\u00bb global_colors_info=\u00a0\u00bb{}\u00a0\u00bb][\/et_pb_image][et_pb_image src=\u00a0\u00bbhttps:\/\/staging.ampcometal.com\/wp-content\/uploads\/2017\/04\/safety-data-page-img2.jpg\u00a0\u00bb align_tablet=\u00a0\u00bbcenter\u00a0\u00bb align_phone=\u00a0\u00bb\u00a0\u00bb align_last_edited=\u00a0\u00bbon|desktop\u00a0\u00bb admin_label=\u00a0\u00bbImage\u00a0\u00bb module_class=\u00a0\u00bbapplication-data-sheet-download-item\u00a0\u00bb _builder_version=\u00a0\u00bb3.23&Prime; animation_style=\u00a0\u00bbslide\u00a0\u00bb animation_direction=\u00a0\u00bbbottom\u00a0\u00bb animation_duration=\u00a0\u00bb500ms\u00a0\u00bb animation_intensity_slide=\u00a0\u00bb10%\u00a0\u00bb use_border_color=\u00a0\u00bboff\u00a0\u00bb border_color=\u00a0\u00bb#ffffff\u00a0\u00bb border_style=\u00a0\u00bbsolid\u00a0\u00bb animation=\u00a0\u00bbbottom\u00a0\u00bb sticky=\u00a0\u00bboff\u00a0\u00bb always_center_on_mobile=\u00a0\u00bbon\u00a0\u00bb global_colors_info=\u00a0\u00bb{}\u00a0\u00bb][\/et_pb_image][et_pb_image src=\u00a0\u00bbhttps:\/\/staging.ampcometal.com\/wp-content\/uploads\/2017\/04\/safety-data-page-img3.jpg\u00a0\u00bb align_tablet=\u00a0\u00bbcenter\u00a0\u00bb align_phone=\u00a0\u00bb\u00a0\u00bb align_last_edited=\u00a0\u00bbon|desktop\u00a0\u00bb admin_label=\u00a0\u00bbImage\u00a0\u00bb module_class=\u00a0\u00bbapplication-data-sheet-download-item\u00a0\u00bb _builder_version=\u00a0\u00bb3.23&Prime; animation_style=\u00a0\u00bbslide\u00a0\u00bb animation_direction=\u00a0\u00bbright\u00a0\u00bb animation_duration=\u00a0\u00bb500ms\u00a0\u00bb animation_intensity_slide=\u00a0\u00bb10%\u00a0\u00bb use_border_color=\u00a0\u00bboff\u00a0\u00bb border_color=\u00a0\u00bb#ffffff\u00a0\u00bb border_style=\u00a0\u00bbsolid\u00a0\u00bb animation=\u00a0\u00bbright\u00a0\u00bb sticky=\u00a0\u00bboff\u00a0\u00bb always_center_on_mobile=\u00a0\u00bbon\u00a0\u00bb global_colors_info=\u00a0\u00bb{}\u00a0\u00bb][\/et_pb_image][\/et_pb_column_inner][\/et_pb_row_inner][et_pb_row_inner custom_padding_last_edited=\u00a0\u00bbon|desktop\u00a0\u00bb admin_label=\u00a0\u00bbRow\u00a0\u00bb _builder_version=\u00a0\u00bb3.25&Prime; custom_margin_last_edited=\u00a0\u00bboff|phone\u00a0\u00bb custom_padding=\u00a0\u00bb0px|||\u00a0\u00bb custom_padding_tablet=\u00a0\u00bb\u00a0\u00bb custom_padding_phone=\u00a0\u00bb\u00a0\u00bb custom_css_main_element=\u00a0\u00bbborder-bottom: solid 2px #e8e8e8;\u00a0\u00bb global_colors_info=\u00a0\u00bb{}\u00a0\u00bb][et_pb_column_inner saved_specialty_column_type=\u00a0\u00bb2_3&Prime; _builder_version=\u00a0\u00bb3.25&Prime; custom_padding=\u00a0\u00bb|||\u00a0\u00bb global_colors_info=\u00a0\u00bb{}\u00a0\u00bb custom_padding__hover=\u00a0\u00bb|||\u00a0\u00bb][et_pb_text admin_label=\u00a0\u00bbtext\u00a0\u00bb _builder_version=\u00a0\u00bb3.27.4&Prime; text_letter_spacing=\u00a0\u00bb0&Prime; text_line_height=\u00a0\u00bb1.7&Prime; header_font_size=\u00a0\u00bb30&Prime; header_letter_spacing=\u00a0\u00bb0&Prime; header_line_height=\u00a0\u00bb1&Prime; background_size=\u00a0\u00bbinitial\u00a0\u00bb background_position=\u00a0\u00bbtop_left\u00a0\u00bb background_repeat=\u00a0\u00bbrepeat\u00a0\u00bb use_border_color=\u00a0\u00bboff\u00a0\u00bb border_color=\u00a0\u00bb#ffffff\u00a0\u00bb border_width=\u00a0\u00bb1&Prime; border_style=\u00a0\u00bbsolid\u00a0\u00bb global_colors_info=\u00a0\u00bb{}\u00a0\u00bb]\u00c0 l\u2019appui de notre politique de sant\u00e9 et de s\u00e9curit\u00e9, nous avons \u00e9labor\u00e9 des fiches de donn\u00e9es de s\u00e9curit\u00e9 qui fournissent des instructions sp\u00e9cifiques en termes de produits et de mat\u00e9riaux.<br \/>\n[\/et_pb_text][\/et_pb_column_inner][\/et_pb_row_inner][et_pb_row_inner admin_label=\u00a0\u00bbRow\u00a0\u00bb _builder_version=\u00a0\u00bb3.25&Prime; global_colors_info=\u00a0\u00bb{}\u00a0\u00bb][et_pb_column_inner saved_specialty_column_type=\u00a0\u00bb2_3&Prime; _builder_version=\u00a0\u00bb3.25&Prime; custom_padding=\u00a0\u00bb|||\u00a0\u00bb global_colors_info=\u00a0\u00bb{}\u00a0\u00bb custom_padding__hover=\u00a0\u00bb|||\u00a0\u00bb][et_pb_text admin_label=\u00a0\u00bbDocument Downloads\u00a0\u00bb _builder_version=\u00a0\u00bb3.27.4&Prime; text_letter_spacing=\u00a0\u00bb0&Prime; text_line_height=\u00a0\u00bb1.7&Prime; header_font_size=\u00a0\u00bb30&Prime; header_letter_spacing=\u00a0\u00bb0&Prime; header_line_height=\u00a0\u00bb1&Prime; background_size=\u00a0\u00bbinitial\u00a0\u00bb background_position=\u00a0\u00bbtop_left\u00a0\u00bb background_repeat=\u00a0\u00bbrepeat\u00a0\u00bb use_border_color=\u00a0\u00bboff\u00a0\u00bb border_color=\u00a0\u00bb#ffffff\u00a0\u00bb border_width=\u00a0\u00bb1&Prime; border_style=\u00a0\u00bbsolid\u00a0\u00bb global_colors_info=\u00a0\u00bb{}\u00a0\u00bb]\n<h2 class=\"entry-title\">T\u00c9L\u00c9CHARGEMENT DE DOCUMENTS<\/h2>\n[\/et_pb_text][\/et_pb_column_inner][\/et_pb_row_inner][et_pb_row_inner custom_padding_last_edited=\u00a0\u00bbon|phone\u00a0\u00bb admin_label=\u00a0\u00bbRow\u00a0\u00bb _builder_version=\u00a0\u00bb3.25&Prime; custom_margin=\u00a0\u00bb||60px|\u00a0\u00bb custom_margin_tablet=\u00a0\u00bb\u00a0\u00bb custom_margin_phone=\u00a0\u00bb\u00a0\u00bb custom_margin_last_edited=\u00a0\u00bbon|desktop\u00a0\u00bb custom_padding=\u00a0\u00bb||0px|\u00a0\u00bb custom_padding_tablet=\u00a0\u00bb\u00a0\u00bb custom_padding_phone=\u00a0\u00bb\u00a0\u00bb custom_css_main_element=\u00a0\u00bbborder-bottom: solid 2px #e8e8e8;\u00a0\u00bb global_colors_info=\u00a0\u00bb{}\u00a0\u00bb][et_pb_column_inner saved_specialty_column_type=\u00a0\u00bb2_3&Prime; module_id=\u00a0\u00bbapplication-data-sheet-download-row\u00a0\u00bb _builder_version=\u00a0\u00bb3.25&Prime; custom_padding=\u00a0\u00bb|||\u00a0\u00bb global_colors_info=\u00a0\u00bb{}\u00a0\u00bb custom_padding__hover=\u00a0\u00bb|||\u00a0\u00bb][et_pb_code admin_label=\u00a0\u00bbAMPCO\u00ae General MSDS\u00a0\u00bb module_class=\u00a0\u00bbapplication-data-sheet-download-item\u00a0\u00bb _builder_version=\u00a0\u00bb4.14.8&Prime; hover_enabled=\u00a0\u00bb0&Prime; global_colors_info=\u00a0\u00bb{}\u00a0\u00bb sticky_enabled=\u00a0\u00bb0&Prime;]<a href=\"https:\/\/staging.ampcometal.com\/documents\/J79%20191%20Rev%20I%20AMPCO%20SDS%20general%20alloys.pdf\" target=\"_blank\" rel=\"noopener\"><br \/>\n            <!-- [et_pb_line_break_holder] --><\/p>\n<div class=\"pdf-icon-container\">\n              <!-- [et_pb_line_break_holder] --><br \/>\n              <svg xmlns=\"http:\/\/www.w3.org\/2000\/svg\" xmlns:xlink=\"http:\/\/www.w3.org\/1999\/xlink\" version=\"1.1\" class=\"PDFicon\" x=\"0px\" y=\"0px\"> viewBox=\u00a0\u00bb0 0 355.5 521.3&Prime; style=\u00a0\u00bbenable-background:new 0 0 355.5 521.3;\u00a0\u00bb xml:space=\u00a0\u00bbconserver\u00a0\u00bb&gt;<!-- [et_pb_line_break_holder] --><\/p>\n<style type=\"text\/css\"><!-- [et_pb_line_break_holder] --> .pdf-icon-path{fill:#878787;}<!-- [et_pb_line_break_holder] --><\/style>\n<p><!-- [et_pb_line_break_holder] --><path class=\"pdf-icon-path\" d=\"M305.4,357.9c-0.3-2.1-2-4.7-3.8-6.5c-5.1-5-16.5-7.7-33.8-7.9c-13.6,0-27.1,1-40.6,3!-- wpml:html_comment PCEtLSBbZXRfcGJfbGluZV9icmVha19ob2xkZXJdIC0tPg== --> c-6.6-3.8-13.5-8-18.8-13c-14.4-13.5-26.5-32.2-34-52.8c0.5-1.9,0.9-3.6,1.3-5.3c0,0,8.1-46,2,6-61,8c -0.2-1.5-0.5-3-1.1-4.4<!-- [et_pb_line_break_holder] --> l-0,7-1,8c-2,2-5,1-6,6-10,5-13,3-10,2l-4-0,1h-0,1c-7,6,0-13,8,3,9-15,4,9,7c-4,9,18,2,0,2,45,4,9,4 ,80,6l-2,3,5.8<!-- [et_pb_line_break_holder] --> c-6,6,16,1-14,9,32,3-22,2,46,6l-0,9,1,9c-7,7,15-14,6,27,8-21,38,6l-6,5,3,5c-0,5,0,3-11,7,6,2-14,3,7,7<!-- [et_pb_line_break_holder] --> c-22.2,13.3-37,28,3-39,4,40.3c-0,8,3,8-0,2,8,7,3,8,11l6.3,3.1c2.7,1.3,5.6,2.1,8.6,2.1c15.8,0,34.2 -19,7,59,5-63,9<!-- [et_pb_line_break_holder] --> c29,9-9,7,60,6-16,9,91,7-21,8c22,2,12,5,49,6,21,2,66,8,21,2c2,6,0,5,3-0,2,7,9-0,9c3,2-0,8,9,9-2,7,7,8 -5,3<!-- [et_pb_line_break_holder] --> C305.7,371.9,306,3,365,305,4,357.9z M65.2,435.6c2.9-7.9,14.3-23.5,31,2-37.4c1.1-0.9,3.7-3.3,6.1-5.6<!-- [et_pb_line_break_holder] --> C84.8,420,9,72,9,432,1,65,2,435,6z M165.3,205,2c5.1,0,8,12,8,8.2,24.9s-2,6,20,5-6,1,26.7c-2,9-9,3-4,3-23,8-4,3-33,4<!-- [et_pb_line_break_holder] --> C163.1,223.4,162.9,205,2,165.3,205,2z M135.4,369.4c3.6-6.4,7.2-13,11-20.1c7.3-13.6,13.7-27,7,19.3-42,1<!-- [et_pb_line_break_holder] --> c8.1,15,18,9,28,5,31,9,39.6c1.6,1.3,3.2,2.7,5,4C177,355,8,154,9,361,9,135.4,369.4z M296.7,368c-1.6,1-6,1.5- 8.9,1.5<!-- [et_pb_line_break_holder] --> c-9,3,0-20,7-4,2-36.8-11,1c6.2-0,5,11,8-0,7,16,9-0,7c9,3,0,12,0,21,1,2,3S298.3,367,296,7,368z M207.1,9.3<!-- [et_pb_line_break_holder] --> C202,4.2,194.3,0,189,9,0H13.1C5.9,0,0,5.9,0,13.1v495.1c0,7.2,5.9,13,1,13.1,13.1h329.3c7.2,0,13.1-5.9,13.1- 13.1V165.5<!-- [et_pb_line_break_holder] --> c0-4.4-4.2-12.1-9.3-17.2L207.1,9.3z M204.4,51.4c0-7.2,4.2-8.9,9.3-3.8l94.2,94.2c5.1,5.1,3.4,9.3-3.9, 9.3h-86.5<!-- [et_pb_line_break_holder] --> c-7.2,0-13.1-5,9-13.1-13.1L204.4,51,4z M333,485,8c0,7.2-5.9,13.1-13.1,13.1H35.5c-7.2,0-13.1-5,9-13.1-13.1V35. 5<!-- [et_pb_line_break_holder] --> c0-7.2,5.9-13.1,13.1-13.1h133.3c7.2,0,13.1,5.9,13,1,13.1v124.8c0,7.2,5.9,13,1,13,1,13.1h124.8c7.2,0,13.1,5.9 ,13,1,13.1<!-- [et_pb_line_break_holder] --> L333&nbsp;485.8z\u00a0\u00bb&gt;<\/path><!-- [et_pb_line_break_holder] --><\/svg>\n            <\/div>\n<p>            <!-- [et_pb_line_break_holder] --><br \/>\n            <!-- [et_pb_line_break_holder] --><\/p>\n<div class=\"pdf-icon-title\">\n              <pee>J79 191 Rev I AMPCO SDS General<\/pee>\n            <\/div>\n<p>            <!-- [et_pb_line_break_holder] --><br \/>\n          <\/a>[\/et_pb_code][et_pb_code admin_label=\u00a0\u00bbAMPCO\u00ae BeCu Alloys MSDS\u00a0\u00bb module_class=\u00a0\u00bbapplication-data-sheet-download-item\u00a0\u00bb _builder_version=\u00a0\u00bb4.14.8&Prime; hover_enabled=\u00a0\u00bb0&Prime; global_colors_info=\u00a0\u00bb{}\u00a0\u00bb sticky_enabled=\u00a0\u00bb0&Prime;]<a href=\"https:\/\/staging.ampcometal.com\/documents\/J79%20198%20Rev%202%20AMPCO%20SDS%20BeCu%20general%20alloys_Fr.pdf\" target=\"_blank\" rel=\"noopener\"><br \/>\n            <!-- [et_pb_line_break_holder] --><\/p>\n<div class=\"pdf-icon-container\">\n              <!-- [et_pb_line_break_holder] --><br \/>\n              <svg xmlns=\"http:\/\/www.w3.org\/2000\/svg\" xmlns:xlink=\"http:\/\/www.w3.org\/1999\/xlink\" version=\"1.1\" class=\"PDFicon\" x=\"0px\" y=\"0px\"> viewBox=\u00a0\u00bb0 0 355.5 521.3&Prime; style=\u00a0\u00bbenable-background:new 0 0 355.5 521.3;\u00a0\u00bb xml:space=\u00a0\u00bbconserver\u00a0\u00bb&gt;<!-- [et_pb_line_break_holder] --><\/p>\n<style type=\"text\/css\"><!-- [et_pb_line_break_holder] --> .pdf-icon-path{fill:#878787;}<!-- [et_pb_line_break_holder] --><\/style>\n<p><!-- [et_pb_line_break_holder] --><path class=\"pdf-icon-path\" d=\"M305.4,357.9c-0.3-2.1-2-4.7-3.8-6.5c-5.1-5-16.5-7.7-33.8-7.9c-13.6,0-27.1,1-40.6,3!-- wpml:html_comment PCEtLSBbZXRfcGJfbGluZV9icmVha19ob2xkZXJdIC0tPg== --> c-6.6-3.8-13.5-8-18.8-13c-14.4-13.5-26.5-32.2-34-52.8c0.5-1.9,0.9-3.6,1.3-5.3c0,0,8.1-46,2,6-61,8c -0.2-1.5-0.5-3-1.1-4.4<!-- [et_pb_line_break_holder] --> l-0,7-1,8c-2,2-5,1-6,6-10,5-13,3-10,2l-4-0,1h-0,1c-7,6,0-13,8,3,9-15,4,9,7c-4,9,18,2,0,2,45,4,9,4 ,80,6l-2,3,5.8<!-- [et_pb_line_break_holder] --> c-6,6,16,1-14,9,32,3-22,2,46,6l-0,9,1,9c-7,7,15-14,6,27,8-21,38,6l-6,5,3,5c-0,5,0,3-11,7,6,2-14,3,7,7<!-- [et_pb_line_break_holder] --> c-22.2,13.3-37,28,3-39,4,40.3c-0,8,3,8-0,2,8,7,3,8,11l6.3,3.1c2.7,1.3,5.6,2.1,8.6,2.1c15.8,0,34.2 -19,7,59,5-63,9<!-- [et_pb_line_break_holder] --> c29,9-9,7,60,6-16,9,91,7-21,8c22,2,12,5,49,6,21,2,66,8,21,2c2,6,0,5,3-0,2,7,9-0,9c3,2-0,8,9,9-2,7,7,8 -5,3<!-- [et_pb_line_break_holder] --> C305.7,371.9,306,3,365,305,4,357.9z M65.2,435.6c2.9-7.9,14.3-23.5,31,2-37.4c1.1-0.9,3.7-3.3,6.1-5.6<!-- [et_pb_line_break_holder] --> C84.8,420,9,72,9,432,1,65,2,435,6z M165.3,205,2c5.1,0,8,12,8,8.2,24.9s-2,6,20,5-6,1,26.7c-2,9-9,3-4,3-23,8-4,3-33,4<!-- [et_pb_line_break_holder] --> C163.1,223.4,162.9,205,2,165.3,205,2z M135.4,369.4c3.6-6.4,7.2-13,11-20.1c7.3-13.6,13.7-27,7,19.3-42,1<!-- [et_pb_line_break_holder] --> c8.1,15,18,9,28,5,31,9,39.6c1.6,1.3,3.2,2.7,5,4C177,355,8,154,9,361,9,135.4,369.4z M296.7,368c-1.6,1-6,1.5- 8.9,1.5<!-- [et_pb_line_break_holder] --> c-9,3,0-20,7-4,2-36.8-11,1c6.2-0,5,11,8-0,7,16,9-0,7c9,3,0,12,0,21,1,2,3S298.3,367,296,7,368z M207.1,9.3<!-- [et_pb_line_break_holder] --> C202,4.2,194.3,0,189,9,0H13.1C5.9,0,0,5.9,0,13.1v495.1c0,7.2,5.9,13,1,13.1,13.1h329.3c7.2,0,13.1-5.9,13.1- 13.1V165.5<!-- [et_pb_line_break_holder] --> c0-4.4-4.2-12.1-9.3-17.2L207.1,9.3z M204.4,51.4c0-7.2,4.2-8.9,9.3-3.8l94.2,94.2c5.1,5.1,3.4,9.3-3.9, 9.3h-86.5<!-- [et_pb_line_break_holder] --> c-7.2,0-13.1-5,9-13.1-13.1L204.4,51,4z M333,485,8c0,7.2-5.9,13.1-13.1,13.1H35.5c-7.2,0-13.1-5,9-13.1-13.1V35. 5<!-- [et_pb_line_break_holder] --> c0-7.2,5.9-13.1,13.1-13.1h133.3c7.2,0,13.1,5.9,13,1,13.1v124.8c0,7.2,5.9,13,1,13,1,13.1h124.8c7.2,0,13.1,5.9 ,13,1,13.1<!-- [et_pb_line_break_holder] --> L333&nbsp;485.8z\u00a0\u00bb&gt;<\/path><!-- [et_pb_line_break_holder] --><\/svg>\n            <\/div>\n<p>            <!-- [et_pb_line_break_holder] --><br \/>\n            <!-- [et_pb_line_break_holder] --><\/p>\n<div class=\"pdf-icon-title\">\n              <pee>J79 198 Rev 2 AMPCO SDS BeCu General FR<\/pee>\n            <\/div>\n<p>            <!-- [et_pb_line_break_holder] --><br \/>\n          <\/a>[\/et_pb_code][et_pb_code admin_label=\u00a0\u00bbAMPCO\u00ae Welding Rods &#038; Wires\u00a0\u00bb module_class=\u00a0\u00bbapplication-data-sheet-download-item\u00a0\u00bb _builder_version=\u00a0\u00bb4.14.8&Prime; hover_enabled=\u00a0\u00bb0&Prime; global_colors_info=\u00a0\u00bb{}\u00a0\u00bb sticky_enabled=\u00a0\u00bb0&Prime;]<a href=\"https:\/\/staging.ampcometal.com\/documents\/J79%20195%20Rev%20I%20AMPCO%20SDS%20rod%20wire.pdf\" target=\"_blank\" rel=\"noopener\"><br \/>\n            <!-- [et_pb_line_break_holder] --><\/p>\n<div class=\"pdf-icon-container\">\n              <!-- [et_pb_line_break_holder] --><br \/>\n              <svg xmlns=\"http:\/\/www.w3.org\/2000\/svg\" xmlns:xlink=\"http:\/\/www.w3.org\/1999\/xlink\" version=\"1.1\" class=\"PDFicon\" x=\"0px\" y=\"0px\"> viewBox=\u00a0\u00bb0 0 355.5 521.3&Prime; style=\u00a0\u00bbenable-background:new 0 0 355.5 521.3;\u00a0\u00bb xml:space=\u00a0\u00bbconserver\u00a0\u00bb&gt;<!-- [et_pb_line_break_holder] --><\/p>\n<style type=\"text\/css\"><!-- [et_pb_line_break_holder] --> .pdf-icon-path{fill:#878787;}<!-- [et_pb_line_break_holder] --><\/style>\n<p><!-- [et_pb_line_break_holder] --><path class=\"pdf-icon-path\" d=\"M305.4,357.9c-0.3-2.1-2-4.7-3.8-6.5c-5.1-5-16.5-7.7-33.8-7.9c-13.6,0-27.1,1-40.6,3!-- wpml:html_comment PCEtLSBbZXRfcGJfbGluZV9icmVha19ob2xkZXJdIC0tPg== --> c-6.6-3.8-13.5-8-18.8-13c-14.4-13.5-26.5-32.2-34-52.8c0.5-1.9,0.9-3.6,1.3-5.3c0,0,8.1-46,2,6-61,8c -0.2-1.5-0.5-3-1.1-4.4<!-- [et_pb_line_break_holder] --> l-0,7-1,8c-2,2-5,1-6,6-10,5-13,3-10,2l-4-0,1h-0,1c-7,6,0-13,8,3,9-15,4,9,7c-4,9,18,2,0,2,45,4,9,4 ,80,6l-2,3,5.8<!-- [et_pb_line_break_holder] --> c-6,6,16,1-14,9,32,3-22,2,46,6l-0,9,1,9c-7,7,15-14,6,27,8-21,38,6l-6,5,3,5c-0,5,0,3-11,7,6,2-14,3,7,7<!-- [et_pb_line_break_holder] --> c-22.2,13.3-37,28,3-39,4,40.3c-0,8,3,8-0,2,8,7,3,8,11l6.3,3.1c2.7,1.3,5.6,2.1,8.6,2.1c15.8,0,34.2 -19,7,59,5-63,9<!-- [et_pb_line_break_holder] --> c29,9-9,7,60,6-16,9,91,7-21,8c22,2,12,5,49,6,21,2,66,8,21,2c2,6,0,5,3-0,2,7,9-0,9c3,2-0,8,9,9-2,7,7,8 -5,3<!-- [et_pb_line_break_holder] --> C305.7,371.9,306,3,365,305,4,357.9z M65.2,435.6c2.9-7.9,14.3-23.5,31,2-37.4c1.1-0.9,3.7-3.3,6.1-5.6<!-- [et_pb_line_break_holder] --> C84.8,420,9,72,9,432,1,65,2,435,6z M165.3,205,2c5.1,0,8,12,8,8.2,24.9s-2,6,20,5-6,1,26.7c-2,9-9,3-4,3-23,8-4,3-33,4<!-- [et_pb_line_break_holder] --> C163.1,223.4,162.9,205,2,165.3,205,2z M135.4,369.4c3.6-6.4,7.2-13,11-20.1c7.3-13.6,13.7-27,7,19.3-42,1<!-- [et_pb_line_break_holder] --> c8.1,15,18,9,28,5,31,9,39.6c1.6,1.3,3.2,2.7,5,4C177,355,8,154,9,361,9,135.4,369.4z M296.7,368c-1.6,1-6,1.5- 8.9,1.5<!-- [et_pb_line_break_holder] --> c-9,3,0-20,7-4,2-36.8-11,1c6.2-0,5,11,8-0,7,16,9-0,7c9,3,0,12,0,21,1,2,3S298.3,367,296,7,368z M207.1,9.3<!-- [et_pb_line_break_holder] --> C202,4.2,194.3,0,189,9,0H13.1C5.9,0,0,5.9,0,13.1v495.1c0,7.2,5.9,13,1,13.1,13.1h329.3c7.2,0,13.1-5.9,13.1- 13.1V165.5<!-- [et_pb_line_break_holder] --> c0-4.4-4.2-12.1-9.3-17.2L207.1,9.3z M204.4,51.4c0-7.2,4.2-8.9,9.3-3.8l94.2,94.2c5.1,5.1,3.4,9.3-3.9, 9.3h-86.5<!-- [et_pb_line_break_holder] --> c-7.2,0-13.1-5,9-13.1-13.1L204.4,51,4z M333,485,8c0,7.2-5.9,13.1-13.1,13.1H35.5c-7.2,0-13.1-5,9-13.1-13.1V35. 5<!-- [et_pb_line_break_holder] --> c0-7.2,5.9-13.1,13.1-13.1h133.3c7.2,0,13.1,5.9,13,1,13.1v124.8c0,7.2,5.9,13,1,13,1,13.1h124.8c7.2,0,13.1,5.9 ,13,1,13.1<!-- [et_pb_line_break_holder] --> L333&nbsp;485.8z\u00a0\u00bb&gt;<\/path><!-- [et_pb_line_break_holder] --><\/svg>\n            <\/div>\n<p>            <!-- [et_pb_line_break_holder] --><br \/>\n            <!-- [et_pb_line_break_holder] --><\/p>\n<div class=\"pdf-icon-title\">\n              <pee>J79 195 Rev I AMPCO SDS rod wire<\/pee>\n            <\/div>\n<p>            <!-- [et_pb_line_break_holder] --><br \/>\n          <\/a>[\/et_pb_code][\/et_pb_column_inner][\/et_pb_row_inner][\/et_pb_column][\/et_pb_section]\n","protected":false},"excerpt":{"rendered":"<p>FICHES TECHNIQUE DE S\u00c9CURIT\u00c9 AMPCO METAL a pour politique de fabriquer et de distribuer des produits s\u00fbrs et faciles \u00e0 recycler, garantissant \u00e0 la fois la s\u00e9curit\u00e9 sur le lieu de travail et le respect de l\u2019environnement. \u00c0 l\u2019appui de notre politique de sant\u00e9 et de s\u00e9curit\u00e9, nous avons \u00e9labor\u00e9 des fiches de donn\u00e9es de [&hellip;]<\/p>\n","protected":false},"author":1,"featured_media":0,"parent":54381,"menu_order":0,"comment_status":"closed","ping_status":"closed","template":"","meta":{"_et_pb_use_builder":"on","_et_pb_old_content":"","_et_gb_content_width":"","inline_featured_image":false,"footnotes":"","_links_to":"","_links_to_target":""},"class_list":["post-54629","page","type-page","status-publish","hentry"],"acf":[],"aioseo_notices":[],"_links":{"self":[{"href":"https:\/\/staging.ampcometal.com\/fr\/wp-json\/wp\/v2\/pages\/54629","targetHints":{"allow":["GET"]}}],"collection":[{"href":"https:\/\/staging.ampcometal.com\/fr\/wp-json\/wp\/v2\/pages"}],"about":[{"href":"https:\/\/staging.ampcometal.com\/fr\/wp-json\/wp\/v2\/types\/page"}],"author":[{"embeddable":true,"href":"https:\/\/staging.ampcometal.com\/fr\/wp-json\/wp\/v2\/users\/1"}],"replies":[{"embeddable":true,"href":"https:\/\/staging.ampcometal.com\/fr\/wp-json\/wp\/v2\/comments?post=54629"}],"version-history":[{"count":0,"href":"https:\/\/staging.ampcometal.com\/fr\/wp-json\/wp\/v2\/pages\/54629\/revisions"}],"up":[{"embeddable":true,"href":"https:\/\/staging.ampcometal.com\/fr\/wp-json\/wp\/v2\/pages\/54381"}],"wp:attachment":[{"href":"https:\/\/staging.ampcometal.com\/fr\/wp-json\/wp\/v2\/media?parent=54629"}],"curies":[{"name":"wp","href":"https:\/\/api.w.org\/{rel}","templated":true}]}}