{"id":54601,"date":"2021-09-14T09:51:18","date_gmt":"2021-09-14T07:51:18","guid":{"rendered":"https:\/\/staging.ampcometal.com\/mineraux-de-conflit\/"},"modified":"2025-05-28T11:21:44","modified_gmt":"2025-05-28T09:21:44","slug":"mineraux-de-conflit","status":"publish","type":"page","link":"https:\/\/staging.ampcometal.com\/fr\/entreprise\/travailler-avec-ampco\/mineraux-de-conflit\/","title":{"rendered":"Min\u00e9raux de conflit"},"content":{"rendered":"[et_pb_section fb_built=\u00a0\u00bb1&Prime; specialty=\u00a0\u00bbon\u00a0\u00bb custom_padding_last_edited=\u00a0\u00bbon|desktop\u00a0\u00bb parallax_method_1=\u00a0\u00bboff\u00a0\u00bb parallax_method_2=\u00a0\u00bboff\u00a0\u00bb module_id_1=\u00a0\u00bbproduct-page-sidebar-column\u00a0\u00bb admin_label=\u00a0\u00bbSection\u00a0\u00bb _builder_version=\u00a0\u00bb3.22&Prime; background_color=\u00a0\u00bb#f7f7f7&Prime; custom_padding=\u00a0\u00bb0px||0px|\u00a0\u00bb custom_padding_tablet=\u00a0\u00bb40px|||\u00a0\u00bb custom_padding_phone=\u00a0\u00bb\u00a0\u00bb transparent_background=\u00a0\u00bboff\u00a0\u00bb make_fullwidth=\u00a0\u00bboff\u00a0\u00bb use_custom_width=\u00a0\u00bboff\u00a0\u00bb width_unit=\u00a0\u00bbon\u00a0\u00bb global_colors_info=\u00a0\u00bb{}\u00a0\u00bb][et_pb_column type=\u00a0\u00bb1_3&Prime; _builder_version=\u00a0\u00bb3.25&Prime; custom_padding=\u00a0\u00bb|||\u00a0\u00bb global_colors_info=\u00a0\u00bb{}\u00a0\u00bb custom_padding__hover=\u00a0\u00bb|||\u00a0\u00bb][et_pb_sidebar area=\u00a0\u00bbcompany_sidebar\u00a0\u00bb disabled_on=\u00a0\u00bbon|on|off\u00a0\u00bb admin_label=\u00a0\u00bbSidebar\u00a0\u00bb module_id=\u00a0\u00bbinner-product-sidebar-module\u00a0\u00bb _builder_version=\u00a0\u00bb4.10.6&Prime; remove_border=\u00a0\u00bboff\u00a0\u00bb global_colors_info=\u00a0\u00bb{}\u00a0\u00bb][\/et_pb_sidebar][\/et_pb_column][et_pb_column type=\u00a0\u00bb2_3&Prime; specialty_columns=\u00a0\u00bb2&Prime; _builder_version=\u00a0\u00bb3.25&Prime; custom_padding=\u00a0\u00bb|||\u00a0\u00bb global_colors_info=\u00a0\u00bb{}\u00a0\u00bb custom_padding__hover=\u00a0\u00bb|||\u00a0\u00bb][et_pb_row_inner admin_label=\u00a0\u00bbRow\u00a0\u00bb _builder_version=\u00a0\u00bb3.25&Prime; global_colors_info=\u00a0\u00bb{}\u00a0\u00bb][et_pb_column_inner saved_specialty_column_type=\u00a0\u00bb2_3&Prime; _builder_version=\u00a0\u00bb3.25&Prime; custom_padding=\u00a0\u00bb|||\u00a0\u00bb global_colors_info=\u00a0\u00bb{}\u00a0\u00bb custom_padding__hover=\u00a0\u00bb|||\u00a0\u00bb][et_pb_text admin_label=\u00a0\u00bbTitle\u00a0\u00bb _builder_version=\u00a0\u00bb4.10.6&Prime; text_letter_spacing=\u00a0\u00bb0&Prime; text_line_height=\u00a0\u00bb1.7&Prime; header_font_size=\u00a0\u00bb30&Prime; header_letter_spacing=\u00a0\u00bb0&Prime; header_line_height=\u00a0\u00bb1&Prime; background_size=\u00a0\u00bbinitial\u00a0\u00bb background_position=\u00a0\u00bbtop_left\u00a0\u00bb background_repeat=\u00a0\u00bbrepeat\u00a0\u00bb use_border_color=\u00a0\u00bboff\u00a0\u00bb border_color=\u00a0\u00bb#ffffff\u00a0\u00bb border_width=\u00a0\u00bb1&Prime; border_style=\u00a0\u00bbsolid\u00a0\u00bb global_colors_info=\u00a0\u00bb{}\u00a0\u00bb]\n<h2>Politique d&rsquo;AMPCO METAL sur les minerais de conflit<\/h2>\n[\/et_pb_text][\/et_pb_column_inner][\/et_pb_row_inner][et_pb_row_inner custom_padding_last_edited=\u00a0\u00bbon|tablet\u00a0\u00bb admin_label=\u00a0\u00bbRow\u00a0\u00bb _builder_version=\u00a0\u00bb3.25&Prime; custom_margin_tablet=\u00a0\u00bb||40px|\u00a0\u00bb custom_margin_phone=\u00a0\u00bb\u00a0\u00bb custom_margin_last_edited=\u00a0\u00bbon|desktop\u00a0\u00bb custom_padding=\u00a0\u00bb0px||30px|\u00a0\u00bb custom_padding_tablet=\u00a0\u00bb\u00a0\u00bb custom_padding_phone=\u00a0\u00bb\u00a0\u00bb custom_css_main_element=\u00a0\u00bbborder-bottom: solid 2px #e8e8e8;\u00a0\u00bb global_colors_info=\u00a0\u00bb{}\u00a0\u00bb][et_pb_column_inner saved_specialty_column_type=\u00a0\u00bb2_3&Prime; _builder_version=\u00a0\u00bb3.25&Prime; custom_padding=\u00a0\u00bb|||\u00a0\u00bb global_colors_info=\u00a0\u00bb{}\u00a0\u00bb custom_padding__hover=\u00a0\u00bb|||\u00a0\u00bb][et_pb_text admin_label=\u00a0\u00bbtext\u00a0\u00bb _builder_version=\u00a0\u00bb4.10.6&Prime; text_letter_spacing=\u00a0\u00bb0&Prime; text_line_height=\u00a0\u00bb1.7&Prime; header_font_size=\u00a0\u00bb30&Prime; header_letter_spacing=\u00a0\u00bb0&Prime; header_line_height=\u00a0\u00bb1&Prime; background_size=\u00a0\u00bbinitial\u00a0\u00bb background_position=\u00a0\u00bbtop_left\u00a0\u00bb background_repeat=\u00a0\u00bbrepeat\u00a0\u00bb custom_margin_last_edited=\u00a0\u00bboff|\u00a0\u00bb custom_padding_last_edited=\u00a0\u00bboff|\u00a0\u00bb use_border_color=\u00a0\u00bboff\u00a0\u00bb border_color=\u00a0\u00bb#ffffff\u00a0\u00bb border_width=\u00a0\u00bb1&Prime; border_style=\u00a0\u00bbsolid\u00a0\u00bb global_colors_info=\u00a0\u00bb{}\u00a0\u00bb]\n<p>Les valeurs fondamentales et la culture d&rsquo;AMPCO METAL refl\u00e8tent un engagement envers des pratiques commerciales \u00e9thiques et une bonne citoyennet\u00e9 d&rsquo;entreprise partout o\u00f9 nous op\u00e9rons dans le monde. En tant qu&rsquo;entreprise, nous reconnaissons et respectons les principes fondamentaux contenus dans la D\u00e9claration universelle des droits de l&rsquo;homme, et nos politiques et pratiques refl\u00e8tent notre engagement \u00e0 promouvoir les droits de l&rsquo;homme dans la sph\u00e8re d&rsquo;influence de l&rsquo;entreprise.<\/p>\n<p>Nous nous approvisionnons en composants et assemblages pour nos produits aupr\u00e8s de fournisseurs dans diff\u00e9rents pays du monde, chacun ayant ses propres lois et r\u00e9glementations. Nous nous engageons \u00e0 respecter les droits de l&rsquo;homme tout au long de notre cha\u00eene d&rsquo;approvisionnement mondiale et ne faisons pas sciemment affaire avec une personne ou une entreprise qui participe \u00e0 l&rsquo;exploitation des enfants (y compris le travail des enfants), aux ch\u00e2timents corporels, au travail forc\u00e9 ou \u00e0 la traite des \u00eatres humains.<\/p>\n<p>AMPCO METAL soutient l&rsquo;objectif de mettre fin \u00e0 la violence, aux violations des droits humains et \u00e0 la d\u00e9vastation environnementale en R\u00e9publique d\u00e9mocratique du Congo (\u00ab RDC \u00bb) ou dans les pays voisins (\u00ab pays couverts \u00bb). Nous nous engageons \u00e0 respecter les exigences applicables \u00e0 AMPCO METAL en vertu de l&rsquo;article 1502 de la loi Dodd-Frank. AMPCO METAL s&rsquo;engage \u00e0 s&rsquo;approvisionner en composants et mat\u00e9riaux aupr\u00e8s d&rsquo;organisations qui partagent nos valeurs en mati\u00e8re de droits de l&rsquo;homme, d&rsquo;\u00e9thique et de responsabilit\u00e9 environnementale. Pour y parvenir, AMPCO METAL a choisi de:<\/p>\n<ul>\n<li>Se conformer \u00e0 nos exigences de divulgation annuelle en vertu de la Loi.<\/li>\n<li>Fournir notre Code de conduite des fournisseurs pour aider nos fournisseurs \u00e0 comprendre notre engagement \u00e0 se conformer \u00e0 toutes les exigences de la R\u00e8gle sur les minerais de conflit.<\/li>\n<li>Former nos employ\u00e9s charg\u00e9s des achats sur nos obligations en ce qui concerne le conflit<br \/>R\u00e8gle des min\u00e9raux.<\/li>\n<li>Attendre de nos fournisseurs qu&rsquo;ils fournissent \u00e0 AMPCO METAL des mat\u00e9riaux \u00ab sans conflit en RDC \u00bb et adoptent des politiques et des syst\u00e8mes de gestion concernant les minerais de conflit pour garantir des cha\u00eenes d&rsquo;approvisionnement sans conflit.<\/li>\n<li>Demander r\u00e9guli\u00e8rement \u00e0 nos fournisseurs de mat\u00e9riaux directs de soumettre un rapport conforme au mod\u00e8le de rapport sur les minerais de conflit de la Responsible Minerals Initiative et examiner leurs soumissions par rapport \u00e0 la conformit\u00e9 \u00e0 la Responsible Minerals Initiative.<\/li>\n<li>Dans le cas o\u00f9 AMPCO METAL d\u00e9termine que les efforts d\u2019un fournisseur pour se conformer aux attentes d\u2019AMPCO METAL ont \u00e9t\u00e9 insuffisants et que celui-ci ne coop\u00e8re pas \u00e0 l\u2019\u00e9laboration et \u00e0 la mise en \u0153uvre de mesures correctives raisonnables, AMPCO METAL se r\u00e9serve le droit de prendre les mesures appropri\u00e9es jusqu\u2019\u00e0 l\u2019interruption des achats aupr\u00e8s du fournisseur en question.<\/li>\n<\/ul>\n<p>Les questions sur le programme de minerais de conflit d&rsquo;AMPCO METAL peuvent \u00eatre adress\u00e9es \u00e0<a href=\"mailto:conflictmineral_inquiry@ampcometal.com\"> conflictmineral_inquiry@ampcometal.com<\/a>[\/et_pb_text][et_pb_button _builder_version=\u00a0\u00bb4.10.6&Prime; _module_preset=\u00a0\u00bbdefault\u00a0\u00bb button_text=\u00a0\u00bbT\u00e9l\u00e9charger &#039;Politique sur les minerais de conflit&#039; au format PDF\u00a0\u00bb button_url=\u00a0\u00bb\/documents\/Conflict-minerals-policy.pdf\u00a0\u00bb hover_enabled=\u00a0\u00bb0&Prime; sticky_enabled=\u00a0\u00bb0&Prime;][\/et_pb_button][\/et_pb_column_inner][\/et_pb_row_inner][\/et_pb_column][\/et_pb_section]\n","protected":false},"excerpt":{"rendered":"<p>Politique d&rsquo;AMPCO METAL sur les minerais de conflitLes valeurs fondamentales et la culture d&rsquo;AMPCO METAL refl\u00e8tent un engagement envers des pratiques commerciales \u00e9thiques et une bonne citoyennet\u00e9 d&rsquo;entreprise partout o\u00f9 nous op\u00e9rons dans le monde. En tant qu&rsquo;entreprise, nous reconnaissons et respectons les principes fondamentaux contenus dans la D\u00e9claration universelle des droits de l&rsquo;homme, et [&hellip;]<\/p>\n","protected":false},"author":1,"featured_media":0,"parent":54739,"menu_order":0,"comment_status":"closed","ping_status":"closed","template":"","meta":{"_et_pb_use_builder":"on","_et_pb_old_content":"","_et_gb_content_width":"","inline_featured_image":false,"footnotes":"","_links_to":"","_links_to_target":""},"class_list":["post-54601","page","type-page","status-publish","hentry"],"acf":[],"aioseo_notices":[],"_links":{"self":[{"href":"https:\/\/staging.ampcometal.com\/fr\/wp-json\/wp\/v2\/pages\/54601","targetHints":{"allow":["GET"]}}],"collection":[{"href":"https:\/\/staging.ampcometal.com\/fr\/wp-json\/wp\/v2\/pages"}],"about":[{"href":"https:\/\/staging.ampcometal.com\/fr\/wp-json\/wp\/v2\/types\/page"}],"author":[{"embeddable":true,"href":"https:\/\/staging.ampcometal.com\/fr\/wp-json\/wp\/v2\/users\/1"}],"replies":[{"embeddable":true,"href":"https:\/\/staging.ampcometal.com\/fr\/wp-json\/wp\/v2\/comments?post=54601"}],"version-history":[{"count":3,"href":"https:\/\/staging.ampcometal.com\/fr\/wp-json\/wp\/v2\/pages\/54601\/revisions"}],"predecessor-version":[{"id":69443,"href":"https:\/\/staging.ampcometal.com\/fr\/wp-json\/wp\/v2\/pages\/54601\/revisions\/69443"}],"up":[{"embeddable":true,"href":"https:\/\/staging.ampcometal.com\/fr\/wp-json\/wp\/v2\/pages\/54739"}],"wp:attachment":[{"href":"https:\/\/staging.ampcometal.com\/fr\/wp-json\/wp\/v2\/media?parent=54601"}],"curies":[{"name":"wp","href":"https:\/\/api.w.org\/{rel}","templated":true}]}}