{"id":54549,"date":"2021-09-14T09:51:08","date_gmt":"2021-09-14T07:51:08","guid":{"rendered":"https:\/\/staging.ampcometal.com\/donnees-techniques\/conditions-generales-de-vente\/"},"modified":"2021-09-14T09:51:09","modified_gmt":"2021-09-14T07:51:09","slug":"conditions-generales-de-vente","status":"publish","type":"page","link":"https:\/\/staging.ampcometal.com\/fr\/donnees-techniques\/conditions-generales-de-vente\/","title":{"rendered":"Conditions g\u00e9n\u00e9rales de vente"},"content":{"rendered":"[et_pb_section fb_built=\u00a0\u00bb1&Prime; specialty=\u00a0\u00bbon\u00a0\u00bb custom_padding_last_edited=\u00a0\u00bbon|desktop\u00a0\u00bb parallax_method_1=\u00a0\u00bboff\u00a0\u00bb parallax_method_2=\u00a0\u00bboff\u00a0\u00bb module_id_1=\u00a0\u00bbproduct-page-sidebar-column\u00a0\u00bb _builder_version=\u00a0\u00bb3.22&Prime; background_color=\u00a0\u00bb#f7f7f7&Prime; custom_padding=\u00a0\u00bb0px||0px|\u00a0\u00bb custom_padding_tablet=\u00a0\u00bb40px|||\u00a0\u00bb custom_padding_phone=\u00a0\u00bb\u00a0\u00bb transparent_background=\u00a0\u00bboff\u00a0\u00bb make_fullwidth=\u00a0\u00bboff\u00a0\u00bb use_custom_width=\u00a0\u00bboff\u00a0\u00bb width_unit=\u00a0\u00bbon\u00a0\u00bb][et_pb_column type=\u00a0\u00bb1_3&Prime; _builder_version=\u00a0\u00bb3.25&Prime; custom_padding=\u00a0\u00bb|||\u00a0\u00bb custom_padding__hover=\u00a0\u00bb|||\u00a0\u00bb][et_pb_sidebar area=\u00a0\u00bbtechnical_data_sidebar\u00a0\u00bb disabled_on=\u00a0\u00bbon|on|off\u00a0\u00bb module_id=\u00a0\u00bbinner-product-sidebar-module\u00a0\u00bb _builder_version=\u00a0\u00bb4.9.4&Prime; hover_enabled=\u00a0\u00bb0&Prime; sticky_enabled=\u00a0\u00bb0&Prime;][\/et_pb_sidebar][\/et_pb_column][et_pb_column type=\u00a0\u00bb2_3&Prime; specialty_columns=\u00a0\u00bb2&Prime; _builder_version=\u00a0\u00bb3.25&Prime; custom_padding=\u00a0\u00bb|||\u00a0\u00bb custom_padding__hover=\u00a0\u00bb|||\u00a0\u00bb][et_pb_row_inner custom_padding_last_edited=\u00a0\u00bbon|desktop\u00a0\u00bb admin_label=\u00a0\u00bbRow\u00a0\u00bb _builder_version=\u00a0\u00bb3.25&Prime; custom_margin=\u00a0\u00bb||80px|\u00a0\u00bb custom_margin_tablet=\u00a0\u00bb||60px|\u00a0\u00bb custom_margin_phone=\u00a0\u00bb\u00a0\u00bb custom_margin_last_edited=\u00a0\u00bbon|desktop\u00a0\u00bb custom_padding=\u00a0\u00bb40px||40px|\u00a0\u00bb custom_padding_tablet=\u00a0\u00bb\u00a0\u00bb custom_padding_phone=\u00a0\u00bb\u00a0\u00bb custom_css_main_element=\u00a0\u00bbborder-bottom: solid 2px #e8e8e8;\u00a0\u00bb][et_pb_column_inner saved_specialty_column_type=\u00a0\u00bb2_3&Prime; _builder_version=\u00a0\u00bb3.25&Prime; custom_padding=\u00a0\u00bb|||\u00a0\u00bb custom_padding__hover=\u00a0\u00bb|||\u00a0\u00bb][et_pb_text admin_label=\u00a0\u00bbSALES TERMS AND CONDITION\u00a0\u00bb _builder_version=\u00a0\u00bb3.27.4&Prime; background_size=\u00a0\u00bbinitial\u00a0\u00bb background_position=\u00a0\u00bbtop_left\u00a0\u00bb background_repeat=\u00a0\u00bbrepeat\u00a0\u00bb use_border_color=\u00a0\u00bboff\u00a0\u00bb border_color=\u00a0\u00bb#ffffff\u00a0\u00bb border_style=\u00a0\u00bbsolid\u00a0\u00bb]\n<h2>Conditions g\u00e9n\u00e9rales de vente AMPCO METAL<\/h2>\n<h2>Version mondiale<\/h2>\n[\/et_pb_text][et_pb_text _builder_version=\u00a0\u00bb3.27.4&Prime; background_size=\u00a0\u00bbinitial\u00a0\u00bb background_position=\u00a0\u00bbtop_left\u00a0\u00bb background_repeat=\u00a0\u00bbrepeat\u00a0\u00bb custom_margin=\u00a0\u00bb20px|||\u00a0\u00bb custom_margin_tablet=\u00a0\u00bb\u00a0\u00bb custom_margin_phone=\u00a0\u00bb\u00a0\u00bb custom_margin_last_edited=\u00a0\u00bbon|\u00a0\u00bb use_border_color=\u00a0\u00bboff\u00a0\u00bb border_color=\u00a0\u00bb#ffffff\u00a0\u00bb border_style=\u00a0\u00bbsolid\u00a0\u00bb]1. AMPCO METAL SA, ci-apr\u00e8s d\u00e9nomm\u00e9e \u00ab&nbsp;AMPCO&nbsp;\u00bb, n&rsquo;exerce ses activit\u00e9s que conform\u00e9ment aux conditions g\u00e9n\u00e9rales imprim\u00e9es ci-dessous, qui seront r\u00e9put\u00e9es \u00eatre incorpor\u00e9es \u00e0 l&rsquo;exclusion de toutes conditions incompatibles avec celles-ci dans toute commande re\u00e7ue ou accept\u00e9e. Tous les devis et estimations imprim\u00e9s sont sujets \u00e0 modification sans pr\u00e9avis et toutes les commandes sont soumises \u00e0 l&rsquo;acceptation d&rsquo;AMPCO.<\/p>\n<p>2. Si les obligations d&rsquo;AMPCO ou l&rsquo;une d&rsquo;entre elles sont emp\u00each\u00e9es, entrav\u00e9es ou entrav\u00e9es par la guerre, des gr\u00e8ves, des accidents ou des \u00e9v\u00e9nements majeurs ou par quelque cause que ce soit et cependant ind\u00e9pendante de la volont\u00e9 d&rsquo;AMPCO, AMPCO aura la possibilit\u00e9 de suspendre ou d&rsquo;annuler toute obligation alors non ex\u00e9cut\u00e9e. .<\/p>\n<p>3. Les comptes doivent \u00eatre pay\u00e9s \u00e0 la date d&rsquo;\u00e9ch\u00e9ance strictement conform\u00e9ment aux conditions \u00e9nonc\u00e9es dans le devis AMPCO. Les comptes en souffrance sont strictement nets et soumis \u00e0 int\u00e9r\u00eat au taux de base + 2% par an. Pendant qu&rsquo;un compte d&rsquo;un acheteur est en souffrance, AMPCO se r\u00e9serve le droit de suspendre l&rsquo;ex\u00e9cution de l&rsquo;une de ses obligations envers cet acheteur.<\/p>\n<p>4. Tous les devis sont donn\u00e9s et les biens et mat\u00e9riaux vendus sous r\u00e9serve des conditions selon lesquelles, dans le cas o\u00f9 des biens ou des mat\u00e9riaux ou des parties de ceux-ci se sont av\u00e9r\u00e9s d\u00e9fectueux lorsqu&rsquo;ils ont quitt\u00e9 les travaux d&rsquo;AMPCO, la responsabilit\u00e9 d&rsquo;AMPCO \u00e0 l&rsquo;\u00e9gard de ces biens ou mat\u00e9riaux d\u00e9fectueux ou<br \/>\nparties de ceux-ci, est limit\u00e9 au remplacement ou \u00e0 la r\u00e9paration de ces biens ou mat\u00e9riaux d\u00e9fectueux ou de leurs parties, ou au cr\u00e9dit pour le co\u00fbt de ceux-ci, \u00e0 condition que&nbsp;:<\/p>\n<p>a) Aucune responsabilit\u00e9 n&rsquo;est accept\u00e9e pour les marchandises dont la conception s&rsquo;av\u00e8re d\u00e9fectueuse.<\/p>\n<p>b) Aucune responsabilit\u00e9 n&rsquo;est accept\u00e9e pour l&rsquo;\u00e9chec des marchandises fournies par AMPCO qui ont \u00e9t\u00e9 soumises \u00e0 un processus apr\u00e8s avoir quitt\u00e9 leurs travaux.<\/p>\n<p>c) Il est suppos\u00e9 que l&rsquo;acheteur inspectera ou utilisera les marchandises ou les mat\u00e9riaux fournis dans les 30 jours suivant la livraison et, par cons\u00e9quent, aucune responsabilit\u00e9 n&rsquo;est accept\u00e9e par AMPCO pour les d\u00e9fauts des marchandises ou des mat\u00e9riaux fournis dont les d\u00e9tails ne sont pas communiqu\u00e9s par l&rsquo;acheteur \u00e0 AMPCO. dans les 30 jours suivant la livraison.<\/p>\n<p>d) AMPCO ne sera pas responsable des d\u00e9penses ou des co\u00fbts encourus par l&rsquo;acheteur en relation avec les d\u00e9fauts all\u00e9gu\u00e9s sans le consentement \u00e9crit pr\u00e9alable d&rsquo;AMPCO. AMPCO exclut toute responsabilit\u00e9 pour le co\u00fbt de tout travail sur la machine, les frais de main-d&rsquo;\u0153uvre ou les pertes ou dommages encourus en raison de l&rsquo;utilisation ou de l&rsquo;usinage de mat\u00e9riaux d\u00e9fectueux fournis par AMPCO.<\/p>\n<p>e) AMPCO exclut toute responsabilit\u00e9 et ne sera pas responsable de toute violation ou garantie ou n\u00e9gligence pour tout dommage indirect ou pour tout co\u00fbt encouru par l&rsquo;acheteur du fait de l&rsquo;utilisation, de l&rsquo;incapacit\u00e9 d&rsquo;utiliser ou de la vente de tout mat\u00e9riel d\u00e9fectueux ou insatisfaisant fourni par AMPCO, ou par l&rsquo;utilisation, l&rsquo;incapacit\u00e9 d&rsquo;utiliser ou la vente de produits par l&rsquo;acheteur qui ont \u00e9t\u00e9 fabriqu\u00e9s \u00e0 l&rsquo;aide de tout mat\u00e9riau d\u00e9fectueux ou insatisfaisant fourni par AMPCO.<\/p>\n<p>5. Sous r\u00e9serve de ce qui pr\u00e9c\u00e8de, AMPCO remplacera gratuitement toutes les marchandises qu&rsquo;elle fournit et qui \u00e9chouent, ou s&rsquo;av\u00e8rent d\u00e9fectueuses ou d\u00e9fectueuses, \u00e0 condition qu&rsquo;AMPCO ait la possibilit\u00e9 d&rsquo;inspecter et d&rsquo;accepter la responsabilit\u00e9 de ces marchandises, et ne sera sous aucun toute autre obligation ou responsabilit\u00e9 quelle qu&rsquo;elle soit pour ou \u00e0 l&rsquo;\u00e9gard de toute d\u00e9faillance ou d\u00e9faut de toute marchandise fournie ou fabriqu\u00e9e par AMPCO.<\/p>\n<p>6. Tous les envois seront achemin\u00e9s soit par les propres v\u00e9hicules d&rsquo;AMPCO, soit par un transporteur public. Aucune allocation ne sera accord\u00e9e pour le transport lorsque les marchandises sont collect\u00e9es dans les entrep\u00f4ts d&rsquo;AMPCO par les acheteurs ou lorsque les marchandises sont livr\u00e9es au d\u00e9p\u00f4t local des acheteurs. Les r\u00e9clamations contre les Transporteurs concernant les dommages, le chapardage ou la non-livraison des livraisons en port pay\u00e9 doivent \u00eatre notifi\u00e9es \u00e0 AMPCO dans les deux jours suivant la r\u00e9ception.<\/p>\n<p>7. Si les marchandises sont fabriqu\u00e9es selon le mod\u00e8le ou les sp\u00e9cifications de l&rsquo;acheteur, aucune responsabilit\u00e9 ne peut \u00eatre accept\u00e9e pour la violation d&rsquo;un brevet et les acheteurs conviennent d&rsquo;indemniser AMPCO contre toute perte \u00e0 l&rsquo;\u00e9gard de toute proc\u00e9dure ou r\u00e9sultant de l&rsquo;ex\u00e9cution des commandes de l&rsquo;acheteur.<\/p>\n<p>8. Toutes les informations techniques dans nos catalogues\/brochures sont purement descriptives. Les assurances qui y sont donn\u00e9es concernant les propri\u00e9t\u00e9s ou les utilisations de tout bien ou mat\u00e9riel ou l&rsquo;ad\u00e9quation \u00e0 un usage quelconque ne doivent pas \u00eatre invoqu\u00e9es, sauf dans le cas o\u00f9 AMPCO a confirm\u00e9 ces propri\u00e9t\u00e9s ou utilisations, ou l&rsquo;ad\u00e9quation \u00e0 un usage par \u00e9crit \u00e0 l&rsquo;acheteur. De plus, bien que toutes les informations aient \u00e9t\u00e9 soigneusement v\u00e9rifi\u00e9es dans nos catalogues\/brochures, aucune responsabilit\u00e9 n&rsquo;est assum\u00e9e pour les erreurs d&rsquo;impression ou de traduction. De m\u00eame, aucune d\u00e9claration faite par un repr\u00e9sentant d&rsquo;AMPCO quant aux propri\u00e9t\u00e9s, aux utilisations ou \u00e0 l&rsquo;aptitude \u00e0 l&#8217;emploi de tout bien ou mat\u00e9riel ne doit \u00eatre invoqu\u00e9e, sauf dans la mesure o\u00f9 ces d\u00e9clarations quant aux propri\u00e9t\u00e9s, aux utilisations ou \u00e0 l&rsquo;aptitude \u00e0 l&#8217;emploi sont faites par \u00e9crit par AMPCO \u00e0 l&rsquo;acheteur.<\/p>\n<p>9. Les dispositions suivantes s&rsquo;appliquent \u00e0 tous les biens et mat\u00e9riaux qu&rsquo;AMPCO s&rsquo;engage \u00e0 fournir \u00e0 l&rsquo;Acheteur. Aucun manquement d&rsquo;AMPCO \u00e0 faire respecter strictement par l&rsquo;Acheteur ces dispositions ne constitue une renonciation \u00e0 celles-ci et aucune r\u00e9siliation d&rsquo;un accord entre AMPCO et l&rsquo;Acheteur ne doit porter atteinte, limiter ou \u00e9teindre les droits d&rsquo;AMPCO en vertu du pr\u00e9sent paragraphe&nbsp;:<\/p>\n<p>a) Lors de la livraison des marchandises ou des mat\u00e9riaux, l&rsquo;acheteur conservera les marchandises ou les mat\u00e9riaux uniquement en tant que d\u00e9positaire pour AMPCO et les marchandises resteront la propri\u00e9t\u00e9 d&rsquo;AMPCO jusqu&rsquo;\u00e0 ce que l&rsquo;acheteur ait pay\u00e9 \u00e0 AMPCO le prix d&rsquo;achat int\u00e9gral de celles-ci. Jusqu&rsquo;\u00e0 ce moment, l&rsquo;acheteur, si AMPCO l&rsquo;exige, stockera les marchandises et les mat\u00e9riaux s\u00e9par\u00e9ment des marchandises ou des mat\u00e9riaux n&rsquo;\u00e9tant pas la propri\u00e9t\u00e9 d&rsquo;AMPCO et de mani\u00e8re \u00e0 \u00eatre facilement identifiable par AMPCO qui aura le droit d&rsquo;examiner les marchandises et mat\u00e9riaux sur pr\u00e9avis raisonnable, pour exiger que les marchandises ou les mat\u00e9riaux lui soient livr\u00e9s et pour r\u00e9cup\u00e9rer les m\u00eames et dans le but d&rsquo;exercer ces droits AMPCO, ses employ\u00e9s et agents avec un transport appropri\u00e9 peuvent entrer dans les locaux de l&rsquo;acheteur et tout autre endroit o\u00f9 se trouvent les marchandises ou les mat\u00e9riaux.<\/p>\n<p>b) L&rsquo;acheteur se voit accorder par la pr\u00e9sente une licence par AMPCO pour incorporer les marchandises et les mat\u00e9riaux dans tout autre produit \u00e0 la condition expresse que, si AMPCO l&rsquo;exige, tous ces produits contenant les marchandises ou les mat\u00e9riaux ou l&rsquo;un d&rsquo;entre eux doivent \u00eatre stock\u00e9s s\u00e9par\u00e9ment. et marqu\u00e9s de mani\u00e8re \u00e0 \u00eatre identifiables comme \u00e9tant fabriqu\u00e9s avec lesdits biens ou mat\u00e9riaux.<\/p>\n<p>c) L&rsquo;acheteur est autoris\u00e9 par les pr\u00e9sentes \u00e0 vendre les biens et les mat\u00e9riaux et tous les produits incorporant l&rsquo;un d&rsquo;entre eux, mais doit d\u00e9tenir l&rsquo;int\u00e9gralit\u00e9 du produit de la vente en tant que fiduciaire et mandataire d&rsquo;AMPCO et ne doit pas m\u00e9langer le produit de la vente avec ses propres fonds ou tout compte bancaire avec d&rsquo;autres fonds, mais doit s&rsquo;assurer que tous ces re\u00e7us de vente sont conserv\u00e9s s\u00e9par\u00e9ment et identifiables. De plus, l&rsquo;acheteur doit imm\u00e9diatement apr\u00e8s r\u00e9ception du produit de la vente, remettre \u00e0 AMPCO le prix d&rsquo;achat total des marchandises ou des mat\u00e9riaux moins toute partie qui a d\u00e9j\u00e0 \u00e9t\u00e9 pay\u00e9e.<\/p>\n<p>d) Si l&rsquo;Acheteur ne re\u00e7oit pas le produit d&rsquo;une telle vente \u00e0 la date d&rsquo;\u00e9ch\u00e9ance, il doit en aviser AMPCO dans les sept jours et, s&rsquo;il y est invit\u00e9, c\u00e9der \u00e0 AMPCO toute r\u00e9clamation de quelque nature que ce soit contre la ou les personnes auxquelles il a fourni les marchandises ou les mat\u00e9riaux, ou l&rsquo;un d&rsquo;entre eux.<\/p>\n<p>e) L&rsquo;Acheteur devra maintenir toutes les assurances appropri\u00e9es concernant les marchandises ou les mat\u00e9riaux \u00e0 compter de la ou des dates auxquelles le risque lui est transf\u00e9r\u00e9, en cas de perte ou de dommage pendant que les marchandises ou les mat\u00e9riaux restent la propri\u00e9t\u00e9 d&rsquo;AMPCO, le L&rsquo;acheteur doit d\u00e9tenir toutes les sommes d&rsquo;assurance re\u00e7ues \u00e0 cet \u00e9gard en tant que fiduciaire pour AMPCO et distinctes et identifiables de toutes les autres sommes et doit imm\u00e9diatement remettre \u00e0 AMPCO le prix total des biens ou des mat\u00e9riaux, moins toute partie de ceux-ci qui a d\u00e9j\u00e0 \u00e9t\u00e9 pay\u00e9e.<br \/>\n[\/et_pb_text][\/et_pb_column_inner][\/et_pb_row_inner][et_pb_row_inner use_custom_gutter=\u00a0\u00bbon\u00a0\u00bb gutter_width=\u00a0\u00bb2&Prime; custom_padding_last_edited=\u00a0\u00bbon|desktop\u00a0\u00bb admin_label=\u00a0\u00bbRow\u00a0\u00bb _builder_version=\u00a0\u00bb3.25&Prime; custom_margin=\u00a0\u00bb||80px|\u00a0\u00bb custom_margin_tablet=\u00a0\u00bb||60px|\u00a0\u00bb custom_margin_phone=\u00a0\u00bb\u00a0\u00bb custom_margin_last_edited=\u00a0\u00bbon|phone\u00a0\u00bb custom_padding=\u00a0\u00bb0px|||\u00a0\u00bb custom_padding_tablet=\u00a0\u00bb\u00a0\u00bb custom_padding_phone=\u00a0\u00bb\u00a0\u00bb custom_css_main_element=\u00a0\u00bbborder-bottom: solid 2px #e8e8e8;\u00a0\u00bb column_structure=\u00a0\u00bb1_2,1_2&Prime;][et_pb_column_inner type=\u00a0\u00bb1_2&Prime; saved_specialty_column_type=\u00a0\u00bb2_3&Prime; _builder_version=\u00a0\u00bb3.25&Prime; custom_padding=\u00a0\u00bb|||\u00a0\u00bb custom_padding__hover=\u00a0\u00bb|||\u00a0\u00bb][et_pb_blurb title=\u00a0\u00bbAMPCO METAL Br\u00e9sil\u00a0\u00bb url=\u00a0\u00bbhttps:\/\/staging.ampcometal.com\/documents\/AMPCO%20METAL%20-%20Condi\u00e7\u00f5es%20Gerais%20de%20Fornecimento.pdf\u00a0\u00bb url_new_window=\u00a0\u00bbon\u00a0\u00bb use_icon=\u00a0\u00bbon\u00a0\u00bb font_icon=\u00a0\u00bb%%1%%\u00a0\u00bb icon_color=\u00a0\u00bb#878787&Prime; use_circle=\u00a0\u00bbon\u00a0\u00bb circle_color=\u00a0\u00bb#f7f7f7&Prime; use_circle_border=\u00a0\u00bbon\u00a0\u00bb circle_border_color=\u00a0\u00bb#878787&Prime; icon_placement=\u00a0\u00bbleft\u00a0\u00bb module_class=\u00a0\u00bbdownload-blurbs clickable-blurbs\u00a0\u00bb _builder_version=\u00a0\u00bb3.0.106&Prime; max_width_tablet=\u00a0\u00bb\u00a0\u00bb max_width_phone=\u00a0\u00bb\u00a0\u00bb max_width_last_edited=\u00a0\u00bbon|\u00a0\u00bb animation=\u00a0\u00bboff\u00a0\u00bb custom_css_blurb_content=\u00a0\u00bbvertical-align: bottom;\u00a0\u00bb][\/et_pb_blurb][et_pb_blurb title=\u00a0\u00bbAMPCO METAL Allemagne\u00a0\u00bb url=\u00a0\u00bbhttps:\/\/staging.ampcometal.com\/documents\/ampco_conditions_germany.pdf\u00a0\u00bb url_new_window=\u00a0\u00bbon\u00a0\u00bb use_icon=\u00a0\u00bbon\u00a0\u00bb font_icon=\u00a0\u00bb%%1%%\u00a0\u00bb icon_color=\u00a0\u00bb#878787&Prime; use_circle=\u00a0\u00bbon\u00a0\u00bb circle_color=\u00a0\u00bb#f7f7f7&Prime; use_circle_border=\u00a0\u00bbon\u00a0\u00bb circle_border_color=\u00a0\u00bb#878787&Prime; icon_placement=\u00a0\u00bbleft\u00a0\u00bb module_class=\u00a0\u00bbdownload-blurbs clickable-blurbs\u00a0\u00bb _builder_version=\u00a0\u00bb3.0.87&Prime; header_letter_spacing=\u00a0\u00bb0&Prime; header_line_height=\u00a0\u00bb1&Prime; body_letter_spacing=\u00a0\u00bb0&Prime; body_line_height=\u00a0\u00bb1.7&Prime; max_width_tablet=\u00a0\u00bb\u00a0\u00bb max_width_phone=\u00a0\u00bb\u00a0\u00bb max_width_last_edited=\u00a0\u00bbon|\u00a0\u00bb animation=\u00a0\u00bboff\u00a0\u00bb custom_css_blurb_content=\u00a0\u00bbvertical-align: bottom;\u00a0\u00bb border_width=\u00a0\u00bb1&Prime; border_style=\u00a0\u00bbsolid\u00a0\u00bb][\/et_pb_blurb][et_pb_blurb title=\u00a0\u00bbAMPCO METAL Inde\u00a0\u00bb url=\u00a0\u00bbhttps:\/\/staging.ampcometal.com\/documents\/AMPCO%20METAL_conditions_India.pdf\u00a0\u00bb url_new_window=\u00a0\u00bbon\u00a0\u00bb use_icon=\u00a0\u00bbon\u00a0\u00bb font_icon=\u00a0\u00bb%%1%%\u00a0\u00bb icon_color=\u00a0\u00bb#878787&Prime; use_circle=\u00a0\u00bbon\u00a0\u00bb circle_color=\u00a0\u00bb#f7f7f7&Prime; use_circle_border=\u00a0\u00bbon\u00a0\u00bb circle_border_color=\u00a0\u00bb#878787&Prime; icon_placement=\u00a0\u00bbleft\u00a0\u00bb module_class=\u00a0\u00bbdownload-blurbs clickable-blurbs\u00a0\u00bb _builder_version=\u00a0\u00bb3.0.106&Prime; max_width_tablet=\u00a0\u00bb\u00a0\u00bb max_width_phone=\u00a0\u00bb\u00a0\u00bb max_width_last_edited=\u00a0\u00bbon|\u00a0\u00bb animation=\u00a0\u00bboff\u00a0\u00bb custom_css_blurb_content=\u00a0\u00bbvertical-align: bottom;\u00a0\u00bb][\/et_pb_blurb][et_pb_blurb title=\u00a0\u00bbAMPCO METAL Suisse (Monde entier)\u00a0\u00bb url=\u00a0\u00bbhttps:\/\/staging.ampcometal.com\/documents\/ampco_conditions.pdf\u00a0\u00bb url_new_window=\u00a0\u00bbon\u00a0\u00bb use_icon=\u00a0\u00bbon\u00a0\u00bb font_icon=\u00a0\u00bb%%1%%\u00a0\u00bb icon_color=\u00a0\u00bb#878787&Prime; use_circle=\u00a0\u00bbon\u00a0\u00bb circle_color=\u00a0\u00bb#f7f7f7&Prime; use_circle_border=\u00a0\u00bbon\u00a0\u00bb circle_border_color=\u00a0\u00bb#878787&Prime; icon_placement=\u00a0\u00bbleft\u00a0\u00bb module_class=\u00a0\u00bbdownload-blurbs clickable-blurbs\u00a0\u00bb _builder_version=\u00a0\u00bb3.0.87&Prime; header_letter_spacing=\u00a0\u00bb0&Prime; header_line_height=\u00a0\u00bb1&Prime; body_letter_spacing=\u00a0\u00bb0&Prime; body_line_height=\u00a0\u00bb1.7&Prime; max_width_tablet=\u00a0\u00bb\u00a0\u00bb max_width_phone=\u00a0\u00bb\u00a0\u00bb max_width_last_edited=\u00a0\u00bbon|\u00a0\u00bb animation=\u00a0\u00bboff\u00a0\u00bb custom_css_blurb_content=\u00a0\u00bbvertical-align: bottom;\u00a0\u00bb border_width=\u00a0\u00bb1&Prime; border_style=\u00a0\u00bbsolid\u00a0\u00bb][\/et_pb_blurb][et_pb_blurb title=\u00a0\u00bbAMPCO METAL USA\u00a0\u00bb url=\u00a0\u00bbhttps:\/\/staging.ampcometal.com\/documents\/AMPCO%20METAL%20-%20General%20Terms%20and%20Conditions.pdf\u00a0\u00bb url_new_window=\u00a0\u00bbon\u00a0\u00bb use_icon=\u00a0\u00bbon\u00a0\u00bb font_icon=\u00a0\u00bb%%1%%\u00a0\u00bb icon_color=\u00a0\u00bb#878787&Prime; use_circle=\u00a0\u00bbon\u00a0\u00bb circle_color=\u00a0\u00bb#f7f7f7&Prime; use_circle_border=\u00a0\u00bbon\u00a0\u00bb circle_border_color=\u00a0\u00bb#878787&Prime; icon_placement=\u00a0\u00bbleft\u00a0\u00bb module_class=\u00a0\u00bbdownload-blurbs clickable-blurbs\u00a0\u00bb _builder_version=\u00a0\u00bb3.0.106&Prime; max_width_tablet=\u00a0\u00bb\u00a0\u00bb max_width_phone=\u00a0\u00bb\u00a0\u00bb max_width_last_edited=\u00a0\u00bbon|\u00a0\u00bb animation=\u00a0\u00bboff\u00a0\u00bb custom_css_blurb_content=\u00a0\u00bbvertical-align: bottom;\u00a0\u00bb][\/et_pb_blurb][\/et_pb_column_inner][et_pb_column_inner type=\u00a0\u00bb1_2&Prime; saved_specialty_column_type=\u00a0\u00bb2_3&Prime; _builder_version=\u00a0\u00bb3.25&Prime; custom_padding=\u00a0\u00bb|||\u00a0\u00bb custom_padding__hover=\u00a0\u00bb|||\u00a0\u00bb][et_pb_image src=\u00a0\u00bbhttps:\/\/staging.ampcometal.com\/wp-content\/uploads\/2017\/03\/Doc-Downloads-Thumb.png\u00a0\u00bb show_bottom_space=\u00a0\u00bboff\u00a0\u00bb align=\u00a0\u00bbcenter\u00a0\u00bb align_tablet=\u00a0\u00bbcenter\u00a0\u00bb align_last_edited=\u00a0\u00bbon|desktop\u00a0\u00bb _builder_version=\u00a0\u00bb3.23&Prime; custom_margin=\u00a0\u00bb||30px|\u00a0\u00bb custom_margin_tablet=\u00a0\u00bb\u00a0\u00bb custom_margin_phone=\u00a0\u00bb\u00a0\u00bb custom_margin_last_edited=\u00a0\u00bbon|\u00a0\u00bb animation_style=\u00a0\u00bbfade\u00a0\u00bb animation_duration=\u00a0\u00bb500ms\u00a0\u00bb use_border_color=\u00a0\u00bboff\u00a0\u00bb border_color=\u00a0\u00bb#ffffff\u00a0\u00bb border_style=\u00a0\u00bbsolid\u00a0\u00bb animation=\u00a0\u00bbfade_in\u00a0\u00bb sticky=\u00a0\u00bbon\u00a0\u00bb always_center_on_mobile=\u00a0\u00bbon\u00a0\u00bb][\/et_pb_image][\/et_pb_column_inner][\/et_pb_row_inner][\/et_pb_column][\/et_pb_section]\n","protected":false},"excerpt":{"rendered":"<p>Conditions g\u00e9n\u00e9rales de vente AMPCO METAL Version mondiale 1. AMPCO METAL SA, ci-apr\u00e8s d\u00e9nomm\u00e9e \u00ab&nbsp;AMPCO&nbsp;\u00bb, n&rsquo;exerce ses activit\u00e9s que conform\u00e9ment aux conditions g\u00e9n\u00e9rales imprim\u00e9es ci-dessous, qui seront r\u00e9put\u00e9es \u00eatre incorpor\u00e9es \u00e0 l&rsquo;exclusion de toutes conditions incompatibles avec celles-ci dans toute commande re\u00e7ue ou accept\u00e9e. Tous les devis et estimations imprim\u00e9s sont sujets \u00e0 modification sans [&hellip;]<\/p>\n","protected":false},"author":1,"featured_media":0,"parent":54381,"menu_order":0,"comment_status":"closed","ping_status":"closed","template":"","meta":{"_et_pb_use_builder":"on","_et_pb_old_content":"","_et_gb_content_width":"","inline_featured_image":false,"footnotes":"","_links_to":"","_links_to_target":""},"class_list":["post-54549","page","type-page","status-publish","hentry"],"acf":[],"aioseo_notices":[],"_links":{"self":[{"href":"https:\/\/staging.ampcometal.com\/fr\/wp-json\/wp\/v2\/pages\/54549","targetHints":{"allow":["GET"]}}],"collection":[{"href":"https:\/\/staging.ampcometal.com\/fr\/wp-json\/wp\/v2\/pages"}],"about":[{"href":"https:\/\/staging.ampcometal.com\/fr\/wp-json\/wp\/v2\/types\/page"}],"author":[{"embeddable":true,"href":"https:\/\/staging.ampcometal.com\/fr\/wp-json\/wp\/v2\/users\/1"}],"replies":[{"embeddable":true,"href":"https:\/\/staging.ampcometal.com\/fr\/wp-json\/wp\/v2\/comments?post=54549"}],"version-history":[{"count":0,"href":"https:\/\/staging.ampcometal.com\/fr\/wp-json\/wp\/v2\/pages\/54549\/revisions"}],"up":[{"embeddable":true,"href":"https:\/\/staging.ampcometal.com\/fr\/wp-json\/wp\/v2\/pages\/54381"}],"wp:attachment":[{"href":"https:\/\/staging.ampcometal.com\/fr\/wp-json\/wp\/v2\/media?parent=54549"}],"curies":[{"name":"wp","href":"https:\/\/api.w.org\/{rel}","templated":true}]}}