{"id":54489,"date":"2021-09-14T09:50:38","date_gmt":"2021-09-14T07:50:38","guid":{"rendered":"https:\/\/staging.ampcometal.com\/donnees-techniques\/telechargement-de-medias\/"},"modified":"2021-09-14T09:50:38","modified_gmt":"2021-09-14T07:50:38","slug":"telechargement-de-medias","status":"publish","type":"page","link":"https:\/\/staging.ampcometal.com\/fr\/donnees-techniques\/telechargement-de-medias\/","title":{"rendered":"T\u00e9l\u00e9chargement de m\u00e9dias"},"content":{"rendered":"[et_pb_section fb_built=\u00a0\u00bb1&Prime; specialty=\u00a0\u00bbon\u00a0\u00bb custom_padding_last_edited=\u00a0\u00bbon|desktop\u00a0\u00bb parallax_method_1=\u00a0\u00bboff\u00a0\u00bb parallax_method_2=\u00a0\u00bboff\u00a0\u00bb module_id_1=\u00a0\u00bbproduct-page-sidebar-column\u00a0\u00bb admin_label=\u00a0\u00bbSection\u00a0\u00bb _builder_version=\u00a0\u00bb3.22&Prime; background_color=\u00a0\u00bb#f7f7f7&Prime; custom_padding=\u00a0\u00bb0px||0px|\u00a0\u00bb custom_padding_tablet=\u00a0\u00bb40px|||\u00a0\u00bb custom_padding_phone=\u00a0\u00bb\u00a0\u00bb transparent_background=\u00a0\u00bboff\u00a0\u00bb make_fullwidth=\u00a0\u00bboff\u00a0\u00bb use_custom_width=\u00a0\u00bboff\u00a0\u00bb width_unit=\u00a0\u00bbon\u00a0\u00bb][et_pb_column type=\u00a0\u00bb1_3&Prime; _builder_version=\u00a0\u00bb3.25&Prime; custom_padding=\u00a0\u00bb|||\u00a0\u00bb custom_padding__hover=\u00a0\u00bb|||\u00a0\u00bb][et_pb_sidebar area=\u00a0\u00bbtechnical_data_sidebar\u00a0\u00bb disabled_on=\u00a0\u00bbon|on|off\u00a0\u00bb admin_label=\u00a0\u00bbSidebar\u00a0\u00bb module_id=\u00a0\u00bbinner-product-sidebar-module\u00a0\u00bb _builder_version=\u00a0\u00bb4.9.4&Prime; hover_enabled=\u00a0\u00bb0&Prime; remove_border=\u00a0\u00bboff\u00a0\u00bb sticky_enabled=\u00a0\u00bb0&Prime;][\/et_pb_sidebar][\/et_pb_column][et_pb_column type=\u00a0\u00bb2_3&Prime; specialty_columns=\u00a0\u00bb2&Prime; _builder_version=\u00a0\u00bb3.25&Prime; custom_padding=\u00a0\u00bb|||\u00a0\u00bb custom_padding__hover=\u00a0\u00bb|||\u00a0\u00bb][et_pb_row_inner custom_padding_last_edited=\u00a0\u00bbon|\u00a0\u00bb admin_label=\u00a0\u00bbRow\u00a0\u00bb _builder_version=\u00a0\u00bb3.25&Prime; custom_padding=\u00a0\u00bb40px|||\u00a0\u00bb custom_padding_tablet=\u00a0\u00bb\u00a0\u00bb custom_padding_phone=\u00a0\u00bb\u00a0\u00bb][et_pb_column_inner saved_specialty_column_type=\u00a0\u00bb2_3&Prime; _builder_version=\u00a0\u00bb3.25&Prime; custom_padding=\u00a0\u00bb|||\u00a0\u00bb custom_padding__hover=\u00a0\u00bb|||\u00a0\u00bb][et_pb_text admin_label=\u00a0\u00bbTitle\u00a0\u00bb _builder_version=\u00a0\u00bb3.27.4&Prime; text_letter_spacing=\u00a0\u00bb0&Prime; text_line_height=\u00a0\u00bb1.7&Prime; header_font_size=\u00a0\u00bb30&Prime; header_letter_spacing=\u00a0\u00bb0&Prime; header_line_height=\u00a0\u00bb1&Prime; background_size=\u00a0\u00bbinitial\u00a0\u00bb background_position=\u00a0\u00bbtop_left\u00a0\u00bb background_repeat=\u00a0\u00bbrepeat\u00a0\u00bb use_border_color=\u00a0\u00bboff\u00a0\u00bb border_color=\u00a0\u00bb#ffffff\u00a0\u00bb border_width=\u00a0\u00bb1&Prime; border_style=\u00a0\u00bbsolid\u00a0\u00bb]\n<h2 class=\"entry-title\">T\u00c9L\u00c9CHARGEMENT M\u00c9DIA<\/h2>\n[\/et_pb_text][\/et_pb_column_inner][\/et_pb_row_inner][et_pb_row_inner custom_padding_last_edited=\u00a0\u00bbon|desktop\u00a0\u00bb admin_label=\u00a0\u00bbRow\u00a0\u00bb _builder_version=\u00a0\u00bb3.25&Prime; custom_margin_last_edited=\u00a0\u00bboff|phone\u00a0\u00bb custom_padding=\u00a0\u00bb0px|||\u00a0\u00bb custom_padding_tablet=\u00a0\u00bb\u00a0\u00bb custom_padding_phone=\u00a0\u00bb\u00a0\u00bb][et_pb_column_inner saved_specialty_column_type=\u00a0\u00bb2_3&Prime; _builder_version=\u00a0\u00bb3.25&Prime; custom_padding=\u00a0\u00bb|||\u00a0\u00bb custom_padding__hover=\u00a0\u00bb|||\u00a0\u00bb][et_pb_text admin_label=\u00a0\u00bbSubtitle\u00a0\u00bb _builder_version=\u00a0\u00bb3.27.4&Prime; text_letter_spacing=\u00a0\u00bb0&Prime; text_line_height=\u00a0\u00bb1.7&Prime; header_font_size=\u00a0\u00bb30&Prime; header_letter_spacing=\u00a0\u00bb0&Prime; header_line_height=\u00a0\u00bb1&Prime; background_size=\u00a0\u00bbinitial\u00a0\u00bb background_position=\u00a0\u00bbtop_left\u00a0\u00bb background_repeat=\u00a0\u00bbrepeat\u00a0\u00bb use_border_color=\u00a0\u00bboff\u00a0\u00bb border_color=\u00a0\u00bb#ffffff\u00a0\u00bb border_width=\u00a0\u00bb1&Prime; border_style=\u00a0\u00bbsolid\u00a0\u00bb]\n<h4>\n            <span style=\"color: #f19a19;\">ECONOMISEURS D&rsquo;ECRAN<\/span><br \/>\n          <\/h4>\n[\/et_pb_text][\/et_pb_column_inner][\/et_pb_row_inner][et_pb_row_inner use_custom_gutter=\u00a0\u00bbon\u00a0\u00bb gutter_width=\u00a0\u00bb2&Prime; custom_padding_last_edited=\u00a0\u00bbon|phone\u00a0\u00bb admin_label=\u00a0\u00bbRow\u00a0\u00bb _builder_version=\u00a0\u00bb3.25&Prime; custom_margin=\u00a0\u00bb||60px|\u00a0\u00bb custom_margin_tablet=\u00a0\u00bb\u00a0\u00bb custom_margin_phone=\u00a0\u00bb\u00a0\u00bb custom_margin_last_edited=\u00a0\u00bbon|desktop\u00a0\u00bb custom_padding=\u00a0\u00bb||30px|\u00a0\u00bb custom_padding_tablet=\u00a0\u00bb\u00a0\u00bb custom_padding_phone=\u00a0\u00bb\u00a0\u00bb custom_css_main_element=\u00a0\u00bbborder-bottom: solid 2px #e8e8e8;\u00a0\u00bb][et_pb_column_inner saved_specialty_column_type=\u00a0\u00bb2_3&Prime; module_id=\u00a0\u00bbwallpaper-download-section\u00a0\u00bb _builder_version=\u00a0\u00bb3.25&Prime; custom_padding=\u00a0\u00bb||0px|\u00a0\u00bb custom_padding_last_edited=\u00a0\u00bbon|phone\u00a0\u00bb custom_css_main_element=\u00a0\u00bbmargin-bottom: 0;\u00a0\u00bb custom_padding__hover=\u00a0\u00bb|||\u00a0\u00bb][et_pb_blurb image=\u00a0\u00bbhttps:\/\/staging.ampcometal.com\/wp-content\/uploads\/2017\/04\/wallpaper-1.jpg\u00a0\u00bb icon_placement=\u00a0\u00bbleft\u00a0\u00bb image_max_width=\u00a0\u00bbnone\u00a0\u00bb admin_label=\u00a0\u00bbWallpaper 1 (Edit links in text editor)\u00a0\u00bb module_class=\u00a0\u00bbwallpaper-download-block\u00a0\u00bb _builder_version=\u00a0\u00bb3.0.87&Prime; background_color=\u00a0\u00bb#ffffff\u00a0\u00bb background_size=\u00a0\u00bbinitial\u00a0\u00bb background_position=\u00a0\u00bbtop_left\u00a0\u00bb background_repeat=\u00a0\u00bbrepeat\u00a0\u00bb max_width_last_edited=\u00a0\u00bboff|\u00a0\u00bb animation=\u00a0\u00bboff\u00a0\u00bb use_border_color=\u00a0\u00bboff\u00a0\u00bb border_color=\u00a0\u00bb#ffffff\u00a0\u00bb border_style=\u00a0\u00bbsolid\u00a0\u00bb]<span style=\"color: #222222;\">FONDS D&rsquo;\u00c9CRAN AMPCO<\/span><\/p>\n<p>Fond d&rsquo;\u00e9cran 1<br \/>\n<span style=\"color: #f19a19;\">Taille&nbsp;: 7109&nbsp;x&nbsp;4&nbsp;000&nbsp;pixels<\/span><\/p>\n<div class=\"other-sizes-row\">\n<p><em>Autres tailles sur demande<\/em><\/p>\n<p><a href=\"https:\/\/staging.ampcometal.com\/wp-content\/uploads\/2017\/04\/ampco-wallpaper-1.jpg\" target=\"_blank\" rel=\"noopener\"><span class=\"wallpaper-download-icon\"><\/span><\/a><\/div>\n[\/et_pb_blurb][et_pb_blurb image=\u00a0\u00bbhttps:\/\/staging.ampcometal.com\/wp-content\/uploads\/2017\/04\/wallpaper-2.jpg\u00a0\u00bb icon_placement=\u00a0\u00bbleft\u00a0\u00bb image_max_width=\u00a0\u00bbnone\u00a0\u00bb admin_label=\u00a0\u00bbWallpaper 2 (Edit links in text editor)\u00a0\u00bb module_class=\u00a0\u00bbwallpaper-download-block\u00a0\u00bb _builder_version=\u00a0\u00bb3.0.87&Prime; background_color=\u00a0\u00bb#ffffff\u00a0\u00bb background_size=\u00a0\u00bbinitial\u00a0\u00bb background_position=\u00a0\u00bbtop_left\u00a0\u00bb background_repeat=\u00a0\u00bbrepeat\u00a0\u00bb max_width_last_edited=\u00a0\u00bboff|\u00a0\u00bb animation=\u00a0\u00bboff\u00a0\u00bb use_border_color=\u00a0\u00bboff\u00a0\u00bb border_color=\u00a0\u00bb#ffffff\u00a0\u00bb border_style=\u00a0\u00bbsolid\u00a0\u00bb]<span style=\"color: #222222;\">FONDS D&rsquo;\u00c9CRAN AMPCO<\/span><\/p>\n<p>Fond d&rsquo;\u00e9cran 1<br \/>\n<span style=\"color: #f19a19;\">Taille&nbsp;: 1280&nbsp;x&nbsp;1024&nbsp;pixels<\/span><\/p>\n<div class=\"other-sizes-row\">\n<p><em>Autres tailles sur demande<\/em><\/p>\n<p><a href=\"https:\/\/staging.ampcometal.com\/wp-content\/uploads\/2017\/04\/ampco-wallpaper-2.jpg\" target=\"_blank\" rel=\"noopener\"><span class=\"wallpaper-download-icon\"><\/span><\/a><\/div>\n[\/et_pb_blurb][et_pb_blurb image=\u00a0\u00bbhttps:\/\/staging.ampcometal.com\/wp-content\/uploads\/2017\/04\/wallpaper-3.jpg\u00a0\u00bb icon_placement=\u00a0\u00bbleft\u00a0\u00bb image_max_width=\u00a0\u00bbnone\u00a0\u00bb admin_label=\u00a0\u00bbWallpaper 3 (Edit links in text editor)\u00a0\u00bb module_class=\u00a0\u00bbwallpaper-download-block\u00a0\u00bb _builder_version=\u00a0\u00bb3.0.87&Prime; background_color=\u00a0\u00bb#ffffff\u00a0\u00bb background_size=\u00a0\u00bbinitial\u00a0\u00bb background_position=\u00a0\u00bbtop_left\u00a0\u00bb background_repeat=\u00a0\u00bbrepeat\u00a0\u00bb max_width_last_edited=\u00a0\u00bboff|\u00a0\u00bb animation=\u00a0\u00bboff\u00a0\u00bb use_border_color=\u00a0\u00bboff\u00a0\u00bb border_color=\u00a0\u00bb#ffffff\u00a0\u00bb border_style=\u00a0\u00bbsolid\u00a0\u00bb]<span style=\"color: #222222;\">FONDS D&rsquo;\u00c9CRAN AMPCO<\/span><\/p>\n<p>Fond d&rsquo;\u00e9cran 1<br \/>\n<span style=\"color: #f19a19;\">Taille&nbsp;: 1280&nbsp;x&nbsp;1024&nbsp;pixels<\/span><\/p>\n<div class=\"other-sizes-row\">\n<p><em>Autres tailles sur demande<\/em><\/p>\n<p><a href=\"https:\/\/staging.ampcometal.com\/wp-content\/uploads\/2017\/04\/ampco-wallpaper-3.jpg\" target=\"_blank\" rel=\"noopener\"><span class=\"wallpaper-download-icon\"><\/span><\/a><\/div>\n[\/et_pb_blurb][et_pb_blurb image=\u00a0\u00bbhttps:\/\/staging.ampcometal.com\/wp-content\/uploads\/2017\/04\/wallpaper-4.jpg\u00a0\u00bb icon_placement=\u00a0\u00bbleft\u00a0\u00bb image_max_width=\u00a0\u00bbnone\u00a0\u00bb admin_label=\u00a0\u00bbWallpaper 4 (Edit links in text editor)\u00a0\u00bb module_class=\u00a0\u00bbwallpaper-download-block\u00a0\u00bb _builder_version=\u00a0\u00bb3.0.87&Prime; background_color=\u00a0\u00bb#ffffff\u00a0\u00bb background_size=\u00a0\u00bbinitial\u00a0\u00bb background_position=\u00a0\u00bbtop_left\u00a0\u00bb background_repeat=\u00a0\u00bbrepeat\u00a0\u00bb max_width_last_edited=\u00a0\u00bboff|\u00a0\u00bb animation=\u00a0\u00bboff\u00a0\u00bb use_border_color=\u00a0\u00bboff\u00a0\u00bb border_color=\u00a0\u00bb#ffffff\u00a0\u00bb border_style=\u00a0\u00bbsolid\u00a0\u00bb]<span style=\"color: #222222;\">FONDS D&rsquo;\u00c9CRAN AMPCO<\/span><\/p>\n<p>Fond d&rsquo;\u00e9cran 1<br \/>\n<span style=\"color: #f19a19;\">Taille&nbsp;: 1280&nbsp;x&nbsp;1024&nbsp;pixels<\/span><\/p>\n<div class=\"other-sizes-row\">\n<p><em>Autres tailles sur demande<\/em><\/p>\n<p><a href=\"https:\/\/staging.ampcometal.com\/wp-content\/uploads\/2017\/04\/ampco-wallpaper-4.jpg\" target=\"_blank\" rel=\"noopener\"><span class=\"wallpaper-download-icon\"><\/span><\/a><\/div>\n[\/et_pb_blurb][et_pb_blurb image=\u00a0\u00bbhttps:\/\/staging.ampcometal.com\/wp-content\/uploads\/2017\/04\/wallpaper-5.jpg\u00a0\u00bb icon_placement=\u00a0\u00bbleft\u00a0\u00bb image_max_width=\u00a0\u00bbnone\u00a0\u00bb admin_label=\u00a0\u00bbWallpaper 5 (Edit links in text editor)\u00a0\u00bb module_class=\u00a0\u00bbwallpaper-download-block\u00a0\u00bb _builder_version=\u00a0\u00bb3.0.87&Prime; background_color=\u00a0\u00bb#ffffff\u00a0\u00bb background_size=\u00a0\u00bbinitial\u00a0\u00bb background_position=\u00a0\u00bbtop_left\u00a0\u00bb background_repeat=\u00a0\u00bbrepeat\u00a0\u00bb max_width_last_edited=\u00a0\u00bboff|\u00a0\u00bb animation=\u00a0\u00bboff\u00a0\u00bb use_border_color=\u00a0\u00bboff\u00a0\u00bb border_color=\u00a0\u00bb#ffffff\u00a0\u00bb border_style=\u00a0\u00bbsolid\u00a0\u00bb]<span style=\"color: #222222;\">FONDS D&rsquo;\u00c9CRAN AMPCO<\/span><\/p>\n<p>Fond d&rsquo;\u00e9cran 1<br \/>\n<span style=\"color: #f19a19;\">Taille&nbsp;: 1280&nbsp;x&nbsp;1024&nbsp;pixels<\/span><\/p>\n<div class=\"other-sizes-row\">\n<p><em>Autres tailles sur demande<\/em><\/p>\n<p><a href=\"https:\/\/staging.ampcometal.com\/wp-content\/uploads\/2017\/04\/ampco-wallpaper-5.jpg\" target=\"_blank\" rel=\"noopener\"><span class=\"wallpaper-download-icon\"><\/span><\/a><\/div>\n[\/et_pb_blurb][et_pb_blurb image=\u00a0\u00bbhttps:\/\/staging.ampcometal.com\/wp-content\/uploads\/2017\/04\/wallpaper-6.jpg\u00a0\u00bb icon_placement=\u00a0\u00bbleft\u00a0\u00bb image_max_width=\u00a0\u00bbnone\u00a0\u00bb admin_label=\u00a0\u00bbWallpaper 6 (Edit links in text editor)\u00a0\u00bb module_class=\u00a0\u00bbwallpaper-download-block\u00a0\u00bb _builder_version=\u00a0\u00bb3.0.87&Prime; background_color=\u00a0\u00bb#ffffff\u00a0\u00bb background_size=\u00a0\u00bbinitial\u00a0\u00bb background_position=\u00a0\u00bbtop_left\u00a0\u00bb background_repeat=\u00a0\u00bbrepeat\u00a0\u00bb max_width_last_edited=\u00a0\u00bboff|\u00a0\u00bb animation=\u00a0\u00bboff\u00a0\u00bb use_border_color=\u00a0\u00bboff\u00a0\u00bb border_color=\u00a0\u00bb#ffffff\u00a0\u00bb border_style=\u00a0\u00bbsolid\u00a0\u00bb]<span style=\"color: #222222;\">FONDS D&rsquo;\u00c9CRAN AMPCO<\/span><\/p>\n<p>Fond d&rsquo;\u00e9cran 1<br \/>\n<span style=\"color: #f19a19;\">Taille&nbsp;: 1280&nbsp;x&nbsp;1024&nbsp;pixels<\/span><\/p>\n<div class=\"other-sizes-row\">\n<p><em>Autres tailles sur demande<\/em><\/p>\n<p><a href=\"https:\/\/staging.ampcometal.com\/wp-content\/uploads\/2017\/04\/ampco-wallpaper-6.jpg\" target=\"_blank\" rel=\"noopener\"><span class=\"wallpaper-download-icon\"><\/span><\/a><\/div>\n[\/et_pb_blurb][et_pb_blurb image=\u00a0\u00bbhttps:\/\/staging.ampcometal.com\/wp-content\/uploads\/2017\/04\/wallpaper-7.jpg\u00a0\u00bb icon_placement=\u00a0\u00bbleft\u00a0\u00bb image_max_width=\u00a0\u00bbnone\u00a0\u00bb admin_label=\u00a0\u00bbWallpaper 7 (Edit links in text editor)\u00a0\u00bb module_class=\u00a0\u00bbwallpaper-download-block\u00a0\u00bb _builder_version=\u00a0\u00bb3.0.87&Prime; background_color=\u00a0\u00bb#ffffff\u00a0\u00bb background_size=\u00a0\u00bbinitial\u00a0\u00bb background_position=\u00a0\u00bbtop_left\u00a0\u00bb background_repeat=\u00a0\u00bbrepeat\u00a0\u00bb max_width_last_edited=\u00a0\u00bboff|\u00a0\u00bb animation=\u00a0\u00bboff\u00a0\u00bb use_border_color=\u00a0\u00bboff\u00a0\u00bb border_color=\u00a0\u00bb#ffffff\u00a0\u00bb border_style=\u00a0\u00bbsolid\u00a0\u00bb]<span style=\"color: #222222;\">FONDS D&rsquo;\u00c9CRAN AMPCO<\/span><\/p>\n<p>Fond d&rsquo;\u00e9cran 1<br \/>\n<span style=\"color: #f19a19;\">Taille&nbsp;: 7109&nbsp;x&nbsp;4&nbsp;000&nbsp;pixels<\/span><\/p>\n<div class=\"other-sizes-row\">\n<p><em>Autres tailles sur demande<\/em><\/p>\n<p><a href=\"https:\/\/staging.ampcometal.com\/wp-content\/uploads\/2017\/04\/ampco-wallpaper-7.jpg\" target=\"_blank\" rel=\"noopener\"><span class=\"wallpaper-download-icon\"><\/span><\/a><\/div>\n[\/et_pb_blurb][et_pb_blurb image=\u00a0\u00bbhttps:\/\/staging.ampcometal.com\/wp-content\/uploads\/2017\/04\/wallpaper-8.jpg\u00a0\u00bb icon_placement=\u00a0\u00bbleft\u00a0\u00bb image_max_width=\u00a0\u00bbnone\u00a0\u00bb admin_label=\u00a0\u00bbWallpaper 8 (Edit links in text editor)\u00a0\u00bb module_class=\u00a0\u00bbwallpaper-download-block\u00a0\u00bb _builder_version=\u00a0\u00bb3.0.87&Prime; background_color=\u00a0\u00bb#ffffff\u00a0\u00bb background_size=\u00a0\u00bbinitial\u00a0\u00bb background_position=\u00a0\u00bbtop_left\u00a0\u00bb background_repeat=\u00a0\u00bbrepeat\u00a0\u00bb max_width_last_edited=\u00a0\u00bboff|\u00a0\u00bb animation=\u00a0\u00bboff\u00a0\u00bb use_border_color=\u00a0\u00bboff\u00a0\u00bb border_color=\u00a0\u00bb#ffffff\u00a0\u00bb border_style=\u00a0\u00bbsolid\u00a0\u00bb]<span style=\"color: #222222;\">FONDS D&rsquo;\u00c9CRAN AMPCO<\/span><\/p>\n<p>Fond d&rsquo;\u00e9cran 1<br \/>\n<span style=\"color: #f19a19;\">Taille&nbsp;: 7109&nbsp;x&nbsp;4&nbsp;000&nbsp;pixels<\/span><\/p>\n<div class=\"other-sizes-row\">\n<p><em>Autres tailles sur demande<\/em><\/p>\n<p><a href=\"https:\/\/staging.ampcometal.com\/wp-content\/uploads\/2017\/04\/ampco-wallpaper-8.jpg\" target=\"_blank\" rel=\"noopener\"><span class=\"wallpaper-download-icon\"><\/span><\/a><\/div>\n[\/et_pb_blurb][et_pb_blurb image=\u00a0\u00bbhttps:\/\/staging.ampcometal.com\/wp-content\/uploads\/2017\/04\/wallpaper-9.jpg\u00a0\u00bb icon_placement=\u00a0\u00bbleft\u00a0\u00bb image_max_width=\u00a0\u00bbnone\u00a0\u00bb admin_label=\u00a0\u00bbWallpaper 9 (Edit links in text editor)\u00a0\u00bb module_class=\u00a0\u00bbwallpaper-download-block\u00a0\u00bb _builder_version=\u00a0\u00bb3.0.87&Prime; background_color=\u00a0\u00bb#ffffff\u00a0\u00bb background_size=\u00a0\u00bbinitial\u00a0\u00bb background_position=\u00a0\u00bbtop_left\u00a0\u00bb background_repeat=\u00a0\u00bbrepeat\u00a0\u00bb max_width_last_edited=\u00a0\u00bboff|\u00a0\u00bb animation=\u00a0\u00bboff\u00a0\u00bb use_border_color=\u00a0\u00bboff\u00a0\u00bb border_color=\u00a0\u00bb#ffffff\u00a0\u00bb border_style=\u00a0\u00bbsolid\u00a0\u00bb]<span style=\"color: #222222;\">FONDS D&rsquo;\u00c9CRAN AMPCO<\/span><\/p>\n<p>Fond d&rsquo;\u00e9cran 1<br \/>\n<span style=\"color: #f19a19;\">Taille&nbsp;: 7109&nbsp;x&nbsp;4&nbsp;000&nbsp;pixels<\/span><\/p>\n<div class=\"other-sizes-row\">\n<p><em>Autres tailles sur demande<\/em><\/p>\n<p><a href=\"https:\/\/staging.ampcometal.com\/wp-content\/uploads\/2017\/04\/ampco-wallpaper-9.jpg\" target=\"_blank\" rel=\"noopener\"><span class=\"wallpaper-download-icon\"><\/span><\/a><\/div>\n[\/et_pb_blurb][et_pb_blurb image=\u00a0\u00bbhttps:\/\/staging.ampcometal.com\/wp-content\/uploads\/2017\/04\/wallpaper-10.jpg\u00a0\u00bb icon_placement=\u00a0\u00bbleft\u00a0\u00bb image_max_width=\u00a0\u00bbnone\u00a0\u00bb admin_label=\u00a0\u00bbWallpaper 10 (Edit links in text editor)\u00a0\u00bb module_class=\u00a0\u00bbwallpaper-download-block\u00a0\u00bb _builder_version=\u00a0\u00bb3.0.87&Prime; background_color=\u00a0\u00bb#ffffff\u00a0\u00bb background_size=\u00a0\u00bbinitial\u00a0\u00bb background_position=\u00a0\u00bbtop_left\u00a0\u00bb background_repeat=\u00a0\u00bbrepeat\u00a0\u00bb max_width_last_edited=\u00a0\u00bboff|\u00a0\u00bb animation=\u00a0\u00bboff\u00a0\u00bb use_border_color=\u00a0\u00bboff\u00a0\u00bb border_color=\u00a0\u00bb#ffffff\u00a0\u00bb border_style=\u00a0\u00bbsolid\u00a0\u00bb]<span style=\"color: #222222;\">FONDS D&rsquo;\u00c9CRAN AMPCO<\/span><\/p>\n<p>Fond d&rsquo;\u00e9cran 1<br \/>\n<span style=\"color: #f19a19;\">Taille&nbsp;: 7109&nbsp;x&nbsp;4&nbsp;000&nbsp;pixels<\/span><\/p>\n<div class=\"other-sizes-row\">\n<p><em>Autres tailles sur demande<\/em><\/p>\n<p><a href=\"https:\/\/staging.ampcometal.com\/wp-content\/uploads\/2017\/04\/ampco-wallpaper-10.jpg\" target=\"_blank\" rel=\"noopener\"><span class=\"wallpaper-download-icon\"><\/span><\/a><\/div>\n[\/et_pb_blurb][\/et_pb_column_inner][\/et_pb_row_inner][\/et_pb_column][\/et_pb_section]\n","protected":false},"excerpt":{"rendered":"<p>T\u00c9L\u00c9CHARGEMENT M\u00c9DIA ECONOMISEURS D&rsquo;ECRAN FONDS D&rsquo;\u00c9CRAN AMPCO Fond d&rsquo;\u00e9cran 1 Taille&nbsp;: 7109&nbsp;x&nbsp;4&nbsp;000&nbsp;pixels Autres tailles sur demande FONDS D&rsquo;\u00c9CRAN AMPCO Fond d&rsquo;\u00e9cran 1 Taille&nbsp;: 1280&nbsp;x&nbsp;1024&nbsp;pixels Autres tailles sur demande FONDS D&rsquo;\u00c9CRAN AMPCO Fond d&rsquo;\u00e9cran 1 Taille&nbsp;: 1280&nbsp;x&nbsp;1024&nbsp;pixels Autres tailles sur demande FONDS D&rsquo;\u00c9CRAN AMPCO Fond d&rsquo;\u00e9cran 1 Taille&nbsp;: 1280&nbsp;x&nbsp;1024&nbsp;pixels Autres tailles sur demande FONDS D&rsquo;\u00c9CRAN AMPCO [&hellip;]<\/p>\n","protected":false},"author":1,"featured_media":0,"parent":54381,"menu_order":0,"comment_status":"closed","ping_status":"closed","template":"","meta":{"_et_pb_use_builder":"on","_et_pb_old_content":"","_et_gb_content_width":"","inline_featured_image":false,"footnotes":"","_links_to":"","_links_to_target":""},"class_list":["post-54489","page","type-page","status-publish","hentry"],"acf":[],"aioseo_notices":[],"_links":{"self":[{"href":"https:\/\/staging.ampcometal.com\/fr\/wp-json\/wp\/v2\/pages\/54489","targetHints":{"allow":["GET"]}}],"collection":[{"href":"https:\/\/staging.ampcometal.com\/fr\/wp-json\/wp\/v2\/pages"}],"about":[{"href":"https:\/\/staging.ampcometal.com\/fr\/wp-json\/wp\/v2\/types\/page"}],"author":[{"embeddable":true,"href":"https:\/\/staging.ampcometal.com\/fr\/wp-json\/wp\/v2\/users\/1"}],"replies":[{"embeddable":true,"href":"https:\/\/staging.ampcometal.com\/fr\/wp-json\/wp\/v2\/comments?post=54489"}],"version-history":[{"count":0,"href":"https:\/\/staging.ampcometal.com\/fr\/wp-json\/wp\/v2\/pages\/54489\/revisions"}],"up":[{"embeddable":true,"href":"https:\/\/staging.ampcometal.com\/fr\/wp-json\/wp\/v2\/pages\/54381"}],"wp:attachment":[{"href":"https:\/\/staging.ampcometal.com\/fr\/wp-json\/wp\/v2\/media?parent=54489"}],"curies":[{"name":"wp","href":"https:\/\/api.w.org\/{rel}","templated":true}]}}