{"id":54435,"date":"2021-09-14T09:50:18","date_gmt":"2021-09-14T07:50:18","guid":{"rendered":"https:\/\/staging.ampcometal.com\/products\/%product_category%\/ams-4880-2\/"},"modified":"2024-04-05T12:09:00","modified_gmt":"2024-04-05T10:09:00","slug":"ams-4880","status":"publish","type":"product","link":"https:\/\/staging.ampcometal.com\/es\/productos\/aleaciones-ams\/ams-4880\/","title":{"rendered":"AMS 4880"},"content":{"rendered":"<ul>\n<li data-gc-list-depth=\"1\" data-gc-list-style=\"bullet\"><strong>Propiedades mec\u00e1nicas excepcionales:<\/strong> Este bronce AMS ofrece unas propiedades mec\u00e1nicas excepcionales que superan a los bronces de n\u00edquel-aluminio convencionales y rivalizan con el cobre de berilio.<\/li>\n<li data-gc-list-depth=\"1\" data-gc-list-style=\"bullet\"><strong>Aplicaciones vers\u00e1tiles:<\/strong> Esta aleaci\u00f3n vers\u00e1til es adecuada para una amplia gama de aplicaciones, incluidas las que implican desgaste abrasivo, fricci\u00f3n, deformaci\u00f3n y erosi\u00f3n qu\u00edmica.<\/li>\n<li data-gc-list-depth=\"1\" data-gc-list-style=\"bullet\"><strong>Rendimiento rentable:<\/strong> Este bronce de aluminio ofrece un impresionante ahorro de costes gracias a m\u00e9todos de producci\u00f3n superiores, menor uso de material, reducci\u00f3n de peso, menores costes de mecanizado y eliminaci\u00f3n de chatarra.<\/li>\n<li data-gc-list-depth=\"1\" data-gc-list-style=\"bullet\"><strong>Aplicaciones en expansi\u00f3n:<\/strong> Desarrollada originalmente para especificaciones aeroespaciales, la AMS 4880 est\u00e1 ganando popularidad r\u00e1pidamente en sectores como las aplicaciones marinas e industriales.<\/li>\n<\/ul>\n<h2><strong>Propiedades y especificaciones<\/strong><\/h2>\n<p><\/br><br \/>\nAMS 4880 es una extraordinaria aleaci\u00f3n de bronce de aluminio y n\u00edquel conocida por sus excepcionales propiedades y especificaciones. Producida mediante un proceso de colada continua y tratamiento t\u00e9rmico, esta aleaci\u00f3n ofrece unas propiedades mec\u00e1nicas extraordinarias que superan a las de los bronces de n\u00edquel y aluminio convencionales, rivalizando incluso con el cobre berilio, siendo al mismo tiempo m\u00e1s rentable y sin los requisitos de higiene industrial asociados. Este bronce AMS ofrece alta resistencia, resistencia a la corrosi\u00f3n y resistencia superior al desgaste, por lo que es una opci\u00f3n ideal para aplicaciones que implican cargas pesadas, fricci\u00f3n, desgaste abrasivo y corrosi\u00f3n. Sus impresionantes propiedades han propiciado su adopci\u00f3n en diversos sectores, como el aeroespacial, el naval y el industrial.<\/p>\n<h2><strong>Aplicaciones<\/strong><\/h2>\n<p><\/br><br \/>\nAMS 4880, una vers\u00e1til aleaci\u00f3n de n\u00edquel y bronce de aluminio, encuentra su nicho en una amplia gama de aplicaciones cr\u00edticas. Esta aleaci\u00f3n destaca en entornos en los que prevalecen el desgaste abrasivo, la fricci\u00f3n, la deformaci\u00f3n y la erosi\u00f3n qu\u00edmica. Las aplicaciones m\u00e1s comunes incluyen cojinetes y casquillos de aeronaves, ejes de bombas y embarcaciones, anillos de desgaste, husillos y asientos de v\u00e1lvulas y diversos componentes de m\u00e1quinas herramienta. Desarrollada originalmente para especificaciones aeroespaciales, la aleaci\u00f3n ha ampliado r\u00e1pidamente su campo de acci\u00f3n y es demandada en industrias que requieren propiedades mec\u00e1nicas mejoradas y resistencia a la corrosi\u00f3n. Es la opci\u00f3n preferida para cojinetes de trenes de aterrizaje de aviones, herramientas de la industria de curvado de tubos, ruedas dentadas y placas de desgaste y gu\u00eda, entre otras aplicaciones.<\/p>\n","protected":false},"featured_media":66720,"template":"","meta":{"_et_pb_use_builder":"","_et_pb_old_content":"","_et_gb_content_width":"","inline_featured_image":false,"_links_to":"","_links_to_target":""},"product_category":[489],"product_type":[557],"product_shape":[650,655],"class_list":["post-54435","product","type-product","status-publish","has-post-thumbnail","hentry","product_category-aleaciones-ams"],"acf":[],"aioseo_notices":[],"_links":{"self":[{"href":"https:\/\/staging.ampcometal.com\/es\/wp-json\/wp\/v2\/product\/54435","targetHints":{"allow":["GET"]}}],"collection":[{"href":"https:\/\/staging.ampcometal.com\/es\/wp-json\/wp\/v2\/product"}],"about":[{"href":"https:\/\/staging.ampcometal.com\/es\/wp-json\/wp\/v2\/types\/product"}],"wp:featuredmedia":[{"embeddable":true,"href":"https:\/\/staging.ampcometal.com\/es\/wp-json\/wp\/v2\/media\/66720"}],"wp:attachment":[{"href":"https:\/\/staging.ampcometal.com\/es\/wp-json\/wp\/v2\/media?parent=54435"}],"wp:term":[{"taxonomy":"product_category","embeddable":true,"href":"https:\/\/staging.ampcometal.com\/es\/wp-json\/wp\/v2\/product_category?post=54435"},{"taxonomy":"product_type","embeddable":true,"href":"https:\/\/staging.ampcometal.com\/es\/wp-json\/wp\/v2\/product_type?post=54435"},{"taxonomy":"product_shape","embeddable":true,"href":"https:\/\/staging.ampcometal.com\/es\/wp-json\/wp\/v2\/product_shape?post=54435"}],"curies":[{"name":"wp","href":"https:\/\/api.w.org\/{rel}","templated":true}]}}