{"id":54337,"date":"2021-09-14T09:49:46","date_gmt":"2021-09-14T07:49:46","guid":{"rendered":"https:\/\/staging.ampcometal.com\/products\/%product_category%\/ampco-674-2\/"},"modified":"2024-03-18T12:41:43","modified_gmt":"2024-03-18T10:41:43","slug":"ampco-674","status":"publish","type":"product","link":"https:\/\/staging.ampcometal.com\/es\/productos\/otras-aleaciones-de-cobre\/ampco-674\/","title":{"rendered":"AMPCO\u00ae 674"},"content":{"rendered":"<ul>\n<li data-gc-list-depth=\"1\" data-gc-list-style=\"bullet\"><strong>Forjabilidad excepcional en caliente:<\/strong> Este bronce de aluminio presenta una extraordinaria forjabilidad en caliente, con una puntuaci\u00f3n perfecta de 100.<\/li>\n<li data-gc-list-depth=\"1\" data-gc-list-style=\"bullet\"><strong>Aleaci\u00f3n de bronce de alta resistencia:<\/strong> Conocida por su resistencia superior, es un material fiable para aplicaciones en las que la durabilidad y las propiedades mec\u00e1nicas robustas son fundamentales.<\/li>\n<li data-gc-list-depth=\"1\" data-gc-list-style=\"bullet\"><strong>Propiedades de resistencia a la corrosi\u00f3n:<\/strong> Esta aleaci\u00f3n tiene una excelente resistencia a la corrosi\u00f3n, por lo que es adecuada para su uso en entornos dif\u00edciles.<\/li>\n<li data-gc-list-depth=\"1\" data-gc-list-style=\"bullet\"><strong>Mayor resistencia a la tracci\u00f3n y al l\u00edmite el\u00e1stico:<\/strong> Su menor contenido de plomo contribuye a mejorar la resistencia a la tracci\u00f3n y el l\u00edmite el\u00e1stico, lo que lo convierte en la opci\u00f3n preferida para aplicaciones de servicio pesado que exigen fiabilidad y durabilidad.<\/li>\n<\/ul>\n<h5>Propiedades y especificaciones de AMPCO\u00ae 674<\/h5>\n<p><\/br><br \/>\nAMPCO\u00ae 674 es una aleaci\u00f3n de bronce de alta resistencia conocida por su excepcional forjabilidad en caliente y resistencia a la corrosi\u00f3n. Esta aleaci\u00f3n ofrece un equilibrio \u00fanico de propiedades, incluido un \u00edndice de forjabilidad en caliente de 100, lo que la convierte en una opci\u00f3n ideal para aplicaciones que requieren conformado en caliente. Tambi\u00e9n tiene un \u00edndice de maquinabilidad del 25%, que puede ser inferior al de otras aleaciones, pero que se compensa con sus mejores resistencias a la tracci\u00f3n y al l\u00edmite el\u00e1stico. Este bronce de aluminio es el preferido para una amplia gama de aplicaciones industriales, como bujes, engranajes, levas, bielas, etc. Su contenido reducido de plomo lo distingue de su hom\u00f3logo, el <a href=\"https:\/\/staging.ampcometal.com\/products\/other-alloys\/ampco-673\/\">AMPCO\u00ae 673<\/a>, lo que convierte al AMPCO\u00ae 674 en la opci\u00f3n preferida en aplicaciones en las que se desea una menor maquinabilidad y una mayor resistencia.<\/p>\n<h5>Aplicaciones AMPCO\u00ae 674<\/h5>\n<p><\/br><br \/>\nAMPCO\u00ae 674, una aleaci\u00f3n de bronce de alta resistencia, se utiliza en una amplia gama de aplicaciones industriales. Su excepcional \u00edndice de forjabilidad en caliente de 100 lo hace especialmente adecuado para componentes que requieren conformado en caliente, como bujes, engranajes y levas. Su resistencia a la corrosi\u00f3n y sus s\u00f3lidas propiedades mec\u00e1nicas tambi\u00e9n hacen de este bronce de aluminio la opci\u00f3n preferida para aplicaciones que requieren fiabilidad en entornos dif\u00edciles, como bielas, ejes tensores, engranajes helicoidales, dedos de alimentaci\u00f3n y tornillos de tuerca gu\u00eda. El menor contenido de plomo de esta vers\u00e1til aleaci\u00f3n aumenta su resistencia a la tracci\u00f3n y al l\u00edmite el\u00e1stico, lo que la convierte en la opci\u00f3n ideal para una gran variedad de aplicaciones de gran resistencia y a la corrosi\u00f3n en diversos sectores.<\/p>\n","protected":false},"featured_media":66759,"template":"","meta":{"_et_pb_use_builder":"","_et_pb_old_content":"","_et_gb_content_width":"","inline_featured_image":false,"_links_to":"","_links_to_target":""},"product_category":[494],"product_type":[508],"product_shape":[640,650],"class_list":["post-54337","product","type-product","status-publish","has-post-thumbnail","hentry","product_category-otras-aleaciones-de-cobre"],"acf":[],"aioseo_notices":[],"_links":{"self":[{"href":"https:\/\/staging.ampcometal.com\/es\/wp-json\/wp\/v2\/product\/54337","targetHints":{"allow":["GET"]}}],"collection":[{"href":"https:\/\/staging.ampcometal.com\/es\/wp-json\/wp\/v2\/product"}],"about":[{"href":"https:\/\/staging.ampcometal.com\/es\/wp-json\/wp\/v2\/types\/product"}],"wp:featuredmedia":[{"embeddable":true,"href":"https:\/\/staging.ampcometal.com\/es\/wp-json\/wp\/v2\/media\/66759"}],"wp:attachment":[{"href":"https:\/\/staging.ampcometal.com\/es\/wp-json\/wp\/v2\/media?parent=54337"}],"wp:term":[{"taxonomy":"product_category","embeddable":true,"href":"https:\/\/staging.ampcometal.com\/es\/wp-json\/wp\/v2\/product_category?post=54337"},{"taxonomy":"product_type","embeddable":true,"href":"https:\/\/staging.ampcometal.com\/es\/wp-json\/wp\/v2\/product_type?post=54337"},{"taxonomy":"product_shape","embeddable":true,"href":"https:\/\/staging.ampcometal.com\/es\/wp-json\/wp\/v2\/product_shape?post=54337"}],"curies":[{"name":"wp","href":"https:\/\/api.w.org\/{rel}","templated":true}]}}