{"id":54332,"date":"2021-09-14T09:49:33","date_gmt":"2021-09-14T07:49:33","guid":{"rendered":"https:\/\/staging.ampcometal.com\/products\/%product_category%\/bronce-de-aluminio\/"},"modified":"2024-12-18T15:52:44","modified_gmt":"2024-12-18T13:52:44","slug":"bronce-de-aluminio","status":"publish","type":"product","link":"https:\/\/staging.ampcometal.com\/es\/productos\/aleaciones-estandar\/bronce-de-aluminio\/","title":{"rendered":"Bronce al Aluminio"},"content":{"rendered":"<p>Nuestro bronce al aluminio es una aleaci\u00f3n vers\u00e1til y de alto rendimiento que ofrece una impresionante gama de propiedades y especificaciones. Nuestras aleaciones especiales combinan una resistencia mec\u00e1nica, una resistencia a la corrosi\u00f3n y una ductilidad excepcionales. Tanto si se utiliza en maquinaria, cuerpos de v\u00e1lvulas, cubos de h\u00e9lices o placas de desgaste, nuestro bronce al aluminio es una opci\u00f3n fiable para aplicaciones exigentes. Tambi\u00e9n se pueden solicitar composiciones qu\u00edmicas personalizadas, lo que la convierte en una soluci\u00f3n flexible para requisitos a medida.  <\/p>\n<ul>\n<li data-gc-list-depth=\"1\" data-gc-list-style=\"bullet\"><strong>Excepcional resistencia a la corrosi\u00f3n:<\/strong> el bronce de aluminio ofrece una <a href=\"https:\/\/staging.ampcometal.com\/applications\/corrosion-resistance\/\">resistencia superior resistencia<\/a>, por lo que es adecuado para su uso en diversos entornos, incluidas aplicaciones marinas y qu\u00edmicas.<\/li>\n<li data-gc-list-depth=\"1\" data-gc-list-style=\"bullet\"><strong>Alta resistencia mec\u00e1nica:<\/strong> Esta aleaci\u00f3n tiene una impresionante resistencia mec\u00e1nica, por lo que es ideal para aplicaciones que requieren durabilidad y capacidad de carga.<\/li>\n<li data-gc-list-depth=\"1\" data-gc-list-style=\"bullet\"><strong>Excelente ductilidad: <\/strong>Combina resistencia con excelente ductilidad, lo que le permite soportar tensiones mec\u00e1nicas y deformaciones sin comprometer la integridad.<\/li>\n<\/ul>\n<p><strong>Versatilidad y personalizaci\u00f3n:<\/strong> Disponible en diversas aleaciones, es un material vers\u00e1til que puede personalizarse para satisfacer requisitos espec\u00edficos de rendimiento y aplicaci\u00f3n.  <\/p>\n<h5>Propiedades y especificaciones<\/h5>\n<p><\/br><\/p>\n<ul>\n<li>Disponible en formatos especiales U- \/ L- \/ T-.<\/li>\n<li>Con rect\u00e1ngulos a partir de 8 mm de espesor.<\/li>\n<li>Barras redondas de 20 mm a 212 mm de di\u00e1metro.<\/li>\n<li>Tubos con espesor de pared min. desde 8 mm hasta 100 mm de di\u00e1metro exterior.<\/li>\n<\/ul>\n<p> El Bronce de Aluminio AMPCO\u00ae es un producto de primera calidad que puede ofrecer rendimiento para aplicaciones exigentes. Las aleaciones incluyen:  <\/p>\n<ul>\n<li>CuAl10Fe5Ni5<\/li>\n<li>CuAl10Fe2<\/li>\n<li>CuAl9<\/li>\n<li>CuAl10Ni3Fe2<\/li>\n<li>CuAl11Fe6Ni6<\/li>\n<\/ul>\n<p>  Si lo solicitas, disponemos de composiciones qu\u00edmicas espec\u00edficas o personalizadas.  <\/p>\n<h5>Aluminio Bronce Aplicaciones<\/h5>\n<p><\/br> Nuestro bronce de aluminio encuentra una amplia gama de aplicaciones gracias a sus impresionantes propiedades. Su elevada resistencia mec\u00e1nica, <a href=\"https:\/\/staging.ampcometal.com\/applications\/corrosion-resistance\/\">a la corrosi\u00f3n<\/a> y ductilidad lo convierten en una opci\u00f3n ideal para diversas industrias. Com\u00fanmente utilizada en maquinaria, nuestra aleaci\u00f3n destaca en aplicaciones como ejes, cuerpos de v\u00e1lvulas, cubos de h\u00e9lices, engranajes helicoidales y palas de h\u00e9lices. Su versatilidad se extiende a las placas de desgaste, donde ofrece un rendimiento robusto.<\/p>\n","protected":false},"featured_media":0,"template":"product-standard-alloy.php","meta":{"_et_pb_use_builder":"","_et_pb_old_content":"","_et_gb_content_width":"","inline_featured_image":false,"_links_to":"","_links_to_target":""},"product_category":[499],"product_type":[],"product_shape":[],"class_list":["post-54332","product","type-product","status-publish","hentry","product_category-aleaciones-estandar"],"acf":[],"aioseo_notices":[],"_links":{"self":[{"href":"https:\/\/staging.ampcometal.com\/es\/wp-json\/wp\/v2\/product\/54332","targetHints":{"allow":["GET"]}}],"collection":[{"href":"https:\/\/staging.ampcometal.com\/es\/wp-json\/wp\/v2\/product"}],"about":[{"href":"https:\/\/staging.ampcometal.com\/es\/wp-json\/wp\/v2\/types\/product"}],"wp:attachment":[{"href":"https:\/\/staging.ampcometal.com\/es\/wp-json\/wp\/v2\/media?parent=54332"}],"wp:term":[{"taxonomy":"product_category","embeddable":true,"href":"https:\/\/staging.ampcometal.com\/es\/wp-json\/wp\/v2\/product_category?post=54332"},{"taxonomy":"product_type","embeddable":true,"href":"https:\/\/staging.ampcometal.com\/es\/wp-json\/wp\/v2\/product_type?post=54332"},{"taxonomy":"product_shape","embeddable":true,"href":"https:\/\/staging.ampcometal.com\/es\/wp-json\/wp\/v2\/product_shape?post=54332"}],"curies":[{"name":"wp","href":"https:\/\/api.w.org\/{rel}","templated":true}]}}