{"id":54330,"date":"2021-09-14T09:49:33","date_gmt":"2021-09-14T07:49:33","guid":{"rendered":"https:\/\/staging.ampcometal.com\/products\/%product_category%\/ams-4640-2\/"},"modified":"2024-04-05T15:26:55","modified_gmt":"2024-04-05T13:26:55","slug":"ams-4640","status":"publish","type":"product","link":"https:\/\/staging.ampcometal.com\/es\/productos\/aleaciones-ams\/ams-4640\/","title":{"rendered":"AMS 4640"},"content":{"rendered":"<ul>\n<li data-gc-list-depth=\"1\" data-gc-list-style=\"bullet\"><strong>Propiedades mec\u00e1nicas excepcionales:<\/strong> El bronce de aluminio presenta propiedades mec\u00e1nicas que superan las de los bronces de n\u00edquel y aluminio est\u00e1ndar, lo que lo convierte en una aleaci\u00f3n de alta resistencia con caracter\u00edsticas de rendimiento superiores.<\/li>\n<li data-gc-list-depth=\"1\" data-gc-list-style=\"bullet\"><strong>Propiedades de resistencia a la chispa:<\/strong> Las propiedades de resistencia a las chispas de la aleaci\u00f3n la convierten en una elecci\u00f3n segura para aplicaciones en entornos explosivos, garantizando la seguridad tanto de los equipos como del personal.<\/li>\n<li data-gc-list-depth=\"1\" data-gc-list-style=\"bullet\"><strong>Ideal para la resistencia al desgaste: <\/strong>Esta aleaci\u00f3n AMS destaca en condiciones especiales como cargas pesadas, alta fricci\u00f3n, desgaste abrasivo y entornos corrosivos, lo que la convierte en una opci\u00f3n vers\u00e1til y fiable para aplicaciones exigentes.<\/li>\n<li data-gc-list-depth=\"1\" data-gc-list-style=\"bullet\"><strong>Aplicaciones vers\u00e1tiles:<\/strong> La versatilidad de AMS 4640 es evidente en una gran variedad de industrias debido a sus extraordinarias propiedades.<\/li>\n<\/ul>\n<h5>Propiedades y especificaciones<\/h5>\n<p>AMS 4640 es una aleaci\u00f3n excepcional de bronce de aluminio de alta resistencia con propiedades mec\u00e1nicas que superan las de los bronces de aluminio y n\u00edquel t\u00edpicos. Esta superioridad se debe a su exclusivo proceso de fabricaci\u00f3n. Esta aleaci\u00f3n es id\u00f3nea para aplicaciones pesadas y destaca en condiciones de alta carga, fricci\u00f3n, desgaste abrasivo y corrosi\u00f3n. Este bronce AMS tambi\u00e9n es resistente a las chispas, lo que lo convierte en una opci\u00f3n segura para aplicaciones en entornos potencialmente explosivos. Esta aleaci\u00f3n cumple las estrictas especificaciones de la norma AMS 4640, lo que garantiza un rendimiento fiable en una serie de escenarios mec\u00e1nicos y corrosivos exigentes.<\/p>\n<h5>Aplicaciones<\/h5>\n<p>AMS 4640 se utiliza en una amplia gama de aplicaciones exigentes. Esta aleaci\u00f3n de bronce-aluminio de alta resistencia es ideal para trabajos pesados y situaciones mec\u00e1nicas y corrosivas de gran tensi\u00f3n. Sus excepcionales propiedades lo convierten en la mejor elecci\u00f3n para aplicaciones que implican desgaste abrasivo, fricci\u00f3n, deformaci\u00f3n y erosi\u00f3n qu\u00edmica. Las aplicaciones m\u00e1s comunes incluyen cojinetes y casquillos de aeronaves, ejes y anillos de desgaste de bombas y embarcaciones, husillos y asientos de v\u00e1lvulas y componentes de m\u00e1quinas herramienta. Adem\u00e1s, sus propiedades de resistencia a las chispas lo convierten en una opci\u00f3n fiable para herramientas de seguridad y componentes de m\u00e1quinas herramienta utilizadas en entornos explosivos. La versatilidad y durabilidad de esta aleaci\u00f3n la convierten en una opci\u00f3n valiosa en diversos sectores.<\/p>\n","protected":false},"featured_media":66720,"template":"","meta":{"_et_pb_use_builder":"","_et_pb_old_content":"","_et_gb_content_width":"","inline_featured_image":false,"_links_to":"","_links_to_target":""},"product_category":[489],"product_type":[515],"product_shape":[650],"class_list":["post-54330","product","type-product","status-publish","has-post-thumbnail","hentry","product_category-aleaciones-ams"],"acf":[],"aioseo_notices":[],"_links":{"self":[{"href":"https:\/\/staging.ampcometal.com\/es\/wp-json\/wp\/v2\/product\/54330","targetHints":{"allow":["GET"]}}],"collection":[{"href":"https:\/\/staging.ampcometal.com\/es\/wp-json\/wp\/v2\/product"}],"about":[{"href":"https:\/\/staging.ampcometal.com\/es\/wp-json\/wp\/v2\/types\/product"}],"wp:featuredmedia":[{"embeddable":true,"href":"https:\/\/staging.ampcometal.com\/es\/wp-json\/wp\/v2\/media\/66720"}],"wp:attachment":[{"href":"https:\/\/staging.ampcometal.com\/es\/wp-json\/wp\/v2\/media?parent=54330"}],"wp:term":[{"taxonomy":"product_category","embeddable":true,"href":"https:\/\/staging.ampcometal.com\/es\/wp-json\/wp\/v2\/product_category?post=54330"},{"taxonomy":"product_type","embeddable":true,"href":"https:\/\/staging.ampcometal.com\/es\/wp-json\/wp\/v2\/product_type?post=54330"},{"taxonomy":"product_shape","embeddable":true,"href":"https:\/\/staging.ampcometal.com\/es\/wp-json\/wp\/v2\/product_shape?post=54330"}],"curies":[{"name":"wp","href":"https:\/\/api.w.org\/{rel}","templated":true}]}}