{"id":54292,"date":"2021-09-14T09:49:23","date_gmt":"2021-09-14T07:49:23","guid":{"rendered":"https:\/\/staging.ampcometal.com\/products\/%product_category%\/ams-4881-2\/"},"modified":"2024-04-05T15:05:54","modified_gmt":"2024-04-05T13:05:54","slug":"ams-4881","status":"publish","type":"product","link":"https:\/\/staging.ampcometal.com\/es\/productos\/aleaciones-ams\/ams-4881\/","title":{"rendered":"AMS 4881"},"content":{"rendered":"<ul>\n<li data-gc-list-depth=\"1\" data-gc-list-style=\"bullet\"><strong>Aleaci\u00f3n de alta resistencia:<\/strong> Este bronce AMS es conocido por su excepcional resistencia, por lo que es adecuado para aplicaciones de servicio pesado y de alta tensi\u00f3n.<\/li>\n<li data-gc-list-depth=\"1\" data-gc-list-style=\"bullet\"><strong>Resistencia a la corrosi\u00f3n:<\/strong> Este bronce de aluminio ofrece una excelente resistencia a la corrosi\u00f3n, lo que garantiza su durabilidad en entornos dif\u00edciles.<\/li>\n<li data-gc-list-depth=\"1\" data-gc-list-style=\"bullet\"><strong>Mejora del tratamiento t\u00e9rmico:<\/strong> Mediante un proceso de tratamiento t\u00e9rmico patentado, la aleaci\u00f3n alcanza propiedades mec\u00e1nicas que superan las de los bronces de n\u00edquel-aluminio comerciales.<\/li>\n<li data-gc-list-depth=\"1\" data-gc-list-style=\"bullet\"><strong>Aplicaciones vers\u00e1tiles:<\/strong> Se utiliza en diversas industrias debido a sus propiedades mec\u00e1nicas superiores y resistencia a la corrosi\u00f3n.<\/li>\n<\/ul>\n<h5>Propiedades y especificaciones<\/h5>\n<p>El bronce de aluminio AMS 4881 es una aleaci\u00f3n de alto rendimiento conocida por sus excepcionales propiedades y especificaciones. Este bronce n\u00edquel-aluminio se somete a un proceso de tratamiento t\u00e9rmico patentado que da como resultado unas propiedades mec\u00e1nicas que superan a las de los bronces n\u00edquel-aluminio comerciales. Su relaci\u00f3n resistencia-peso es comparable a la del cobre berilio, pero sin los requisitos de higiene industrial asociados. Este bronce AMS es resistente a la corrosi\u00f3n y est\u00e1 especialmente indicado para cargas pesadas, abrasi\u00f3n, fricci\u00f3n y deformaci\u00f3n a altas temperaturas. Desarrollado originalmente para aplicaciones aeroespaciales, se ha utilizado en diversos sectores en los que se requieren propiedades mec\u00e1nicas superiores a temperaturas elevadas, como cojinetes de trenes de aterrizaje de aeronaves, matrices de doblado, ruedas dentadas y placas de desgaste\/gu\u00eda. Sus especificaciones son similares a las de la AMS-4881 para piezas de fundici\u00f3n, lo que la convierte en una aleaci\u00f3n muy solicitada para aplicaciones exigentes.<\/p>\n<h5>Aplicaciones<\/h5>\n<p>El bronce de aluminio AMS 4881 se utiliza en una amplia gama de industrias debido a sus excepcionales propiedades. Desarrollada originalmente para componentes aeron\u00e1uticos como trenes de aterrizaje retr\u00e1ctiles y cojinetes espaciadores de motores, la aleaci\u00f3n ha ampliado su utilidad. Sobresale en entornos con cargas pesadas, abrasi\u00f3n, fricci\u00f3n y altas temperaturas. Esta vers\u00e1til aleaci\u00f3n se utiliza habitualmente en cojinetes de trenes de aterrizaje de aviones, matrices de curvado de tubos, ruedas dentadas y placas de desgaste\/gu\u00eda. Su combinaci\u00f3n \u00fanica de resistencia mec\u00e1nica y a la corrosi\u00f3n lo convierte en la opci\u00f3n preferida en aplicaciones en las que la durabilidad y el rendimiento son primordiales. Este bronce de aluminio sigue desempe\u00f1ando un papel vital en varias aplicaciones industriales y de ingenier\u00eda cr\u00edticas.<\/p>\n","protected":false},"featured_media":66720,"template":"","meta":{"_et_pb_use_builder":"","_et_pb_old_content":"","_et_gb_content_width":"","inline_featured_image":false,"_links_to":"","_links_to_target":""},"product_category":[489],"product_type":[619,504],"product_shape":[655],"class_list":["post-54292","product","type-product","status-publish","has-post-thumbnail","hentry","product_category-aleaciones-ams"],"acf":[],"aioseo_notices":[],"_links":{"self":[{"href":"https:\/\/staging.ampcometal.com\/es\/wp-json\/wp\/v2\/product\/54292","targetHints":{"allow":["GET"]}}],"collection":[{"href":"https:\/\/staging.ampcometal.com\/es\/wp-json\/wp\/v2\/product"}],"about":[{"href":"https:\/\/staging.ampcometal.com\/es\/wp-json\/wp\/v2\/types\/product"}],"wp:featuredmedia":[{"embeddable":true,"href":"https:\/\/staging.ampcometal.com\/es\/wp-json\/wp\/v2\/media\/66720"}],"wp:attachment":[{"href":"https:\/\/staging.ampcometal.com\/es\/wp-json\/wp\/v2\/media?parent=54292"}],"wp:term":[{"taxonomy":"product_category","embeddable":true,"href":"https:\/\/staging.ampcometal.com\/es\/wp-json\/wp\/v2\/product_category?post=54292"},{"taxonomy":"product_type","embeddable":true,"href":"https:\/\/staging.ampcometal.com\/es\/wp-json\/wp\/v2\/product_type?post=54292"},{"taxonomy":"product_shape","embeddable":true,"href":"https:\/\/staging.ampcometal.com\/es\/wp-json\/wp\/v2\/product_shape?post=54292"}],"curies":[{"name":"wp","href":"https:\/\/api.w.org\/{rel}","templated":true}]}}