{"id":54289,"date":"2021-09-14T09:49:22","date_gmt":"2021-09-14T07:49:22","guid":{"rendered":"https:\/\/staging.ampcometal.com\/products\/%product_category%\/ampco-15-2\/"},"modified":"2025-07-21T19:22:00","modified_gmt":"2025-07-21T17:22:00","slug":"ampco-15","status":"publish","type":"product","link":"https:\/\/staging.ampcometal.com\/es\/productos\/bronce-al-aluminio-ampco\/ampco-15\/","title":{"rendered":"AMPCO\u00ae 15"},"content":{"rendered":"<ul>\n<li><strong>Excepcional resistencia a la corrosi\u00f3n:<\/strong> Excelente resistencia al agua de mar y a los \u00e1cidos minerales no oxidantes, por lo que es ideal para aplicaciones marinas y en alta mar.<\/li>\n<li><strong>Alta estabilidad mec\u00e1nica:<\/strong> Esta aleaci\u00f3n mantiene sus propiedades mec\u00e1nicas a temperaturas de hasta 315 \u00b0C, lo que garantiza un rendimiento fiable en diversos entornos industriales.<\/li>\n<li\"><strong>Aplicaciones vers\u00e1tiles:<\/strong> Es un material vers\u00e1til que se utiliza para levas, bujes y cojinetes, por lo que es adecuado para una amplia gama de aplicaciones de servicio medio.<\/li>\n<li><strong>Microestructura de aleaci\u00f3n \u00fanica:<\/strong> La superioridad constante de AMPCO\u00ae 15 se debe a su exclusiva microestructura de aleaci\u00f3n, que garantiza un rendimiento fiable y duradero en todos los sectores.<\/li>\n<\/ul>\n<h5>Propiedades y especificaciones<\/h5>\n<p>AMPCO\u00ae 15, una aleaci\u00f3n forjada de aluminio, hierro y cobre, es conocida por sus extraordinarias propiedades. Con una excelente estabilidad mec\u00e1nica a temperaturas de hasta 315\u00b0C y una maquinabilidad del 50%, es una opci\u00f3n vers\u00e1til para aplicaciones de uso medio. Esta aleaci\u00f3n tambi\u00e9n tiene una excelente resistencia a la corrosi\u00f3n en agua de mar y \u00e1cidos minerales no oxidantes, por lo que es ideal para entornos dif\u00edciles. La aleaci\u00f3n puede trabajarse en caliente y recocerse a temperaturas espec\u00edficas para obtener un rendimiento \u00f3ptimo. Su constante superioridad sobre el bronce comercial se debe a su exclusiva microestructura de aleaci\u00f3n, a menudo denominada \u00abfase AMPCO\u00bb. Compuesto por un 88% de cobre, un 9% de aluminio y un 3% de hierro, AMPCO\u00ae 15 cumple las normas ASTM y ASME, lo que garantiza su fiabilidad en diversos entornos industriales.<\/p>\n<h5>Aplicaciones<\/h5>\n<p>La aleaci\u00f3n AMPCO\u00ae 15 se utiliza en una amplia gama de aplicaciones industriales. Su resistencia superior a la corrosi\u00f3n por el agua de mar y los \u00e1cidos minerales no oxidantes lo convierten en la mejor elecci\u00f3n para aplicaciones marinas y en alta mar. En aplicaciones industriales, la aleaci\u00f3n se utiliza para levas, bujes, jaulas de cojinetes, v\u00e1stagos de v\u00e1lvulas, gu\u00edas y cojinetes de manguito. Su versatilidad y sus excepcionales propiedades mec\u00e1nicas tambi\u00e9n lo convierten en una opci\u00f3n ideal para aplicaciones de desgaste y fatiga de uso medio. Ya sea en la industria naval, aeroespacial, automovil\u00edstica u otras, ofrece un rendimiento y una durabilidad constantes, lo que lo convierte en un material valioso para una gran variedad de necesidades de ingenier\u00eda.<\/p>\n","protected":false},"featured_media":66759,"template":"","meta":{"_et_pb_use_builder":"","_et_pb_old_content":"","_et_gb_content_width":"","inline_featured_image":false,"_links_to":"","_links_to_target":""},"product_category":[477],"product_type":[515],"product_shape":[],"class_list":["post-54289","product","type-product","status-publish","has-post-thumbnail","hentry","product_category-bronce-al-aluminio-ampco"],"acf":[],"aioseo_notices":[],"_links":{"self":[{"href":"https:\/\/staging.ampcometal.com\/es\/wp-json\/wp\/v2\/product\/54289","targetHints":{"allow":["GET"]}}],"collection":[{"href":"https:\/\/staging.ampcometal.com\/es\/wp-json\/wp\/v2\/product"}],"about":[{"href":"https:\/\/staging.ampcometal.com\/es\/wp-json\/wp\/v2\/types\/product"}],"wp:featuredmedia":[{"embeddable":true,"href":"https:\/\/staging.ampcometal.com\/es\/wp-json\/wp\/v2\/media\/66759"}],"wp:attachment":[{"href":"https:\/\/staging.ampcometal.com\/es\/wp-json\/wp\/v2\/media?parent=54289"}],"wp:term":[{"taxonomy":"product_category","embeddable":true,"href":"https:\/\/staging.ampcometal.com\/es\/wp-json\/wp\/v2\/product_category?post=54289"},{"taxonomy":"product_type","embeddable":true,"href":"https:\/\/staging.ampcometal.com\/es\/wp-json\/wp\/v2\/product_type?post=54289"},{"taxonomy":"product_shape","embeddable":true,"href":"https:\/\/staging.ampcometal.com\/es\/wp-json\/wp\/v2\/product_shape?post=54289"}],"curies":[{"name":"wp","href":"https:\/\/api.w.org\/{rel}","templated":true}]}}