{"id":54265,"date":"2021-09-14T09:49:19","date_gmt":"2021-09-14T07:49:19","guid":{"rendered":"https:\/\/staging.ampcometal.com\/products\/%product_category%\/ampcoloy-940-2\/"},"modified":"2025-03-13T11:09:42","modified_gmt":"2025-03-13T09:09:42","slug":"ampcoloy-940","status":"publish","type":"product","link":"https:\/\/staging.ampcometal.com\/es\/productos\/aleaciones-de-alto-contenido-en-cobre-ampcoloy\/ampcoloy-940\/","title":{"rendered":"AMPCOLOY\u00ae 940"},"content":{"rendered":"<ul>\n<li data-gc-list-depth=\"1\" data-gc-list-style=\"bullet\"><strong>Alta conductividad:<\/strong> Esta aleaci\u00f3n de alto contenido en cobre presenta una excepcional conductividad el\u00e9ctrica y t\u00e9rmica, por lo que es ideal para aplicaciones en las que la transferencia eficiente de calor y energ\u00eda es fundamental.<\/li>\n<li data-gc-list-depth=\"1\" data-gc-list-style=\"bullet\"><strong>Resistencia impresionante:<\/strong> Ofrece una notable resistencia a la tracci\u00f3n y dureza, lo que garantiza su durabilidad y longevidad en entornos industriales exigentes.<\/li>\n<li data-gc-list-depth=\"1\" data-gc-list-style=\"bullet\"><strong>Conformidad con la seguridad<\/strong>: Sustituye a las aleaciones RWMA Clase 3 sin berilio, cumpliendo las estrictas normativas de salud y seguridad para elementos peligrosos.<\/li>\n<li data-gc-list-depth=\"1\" data-gc-list-style=\"bullet\"><strong>Aplicaciones vers\u00e1tiles:<\/strong> Es un material vers\u00e1til adecuado para una amplia gama de aplicaciones, por lo que es una opci\u00f3n de primera para una variedad de industrias donde la seguridad y el rendimiento son primordiales.<\/li>\n<\/ul>\n<h5>Propiedades y especificaciones<\/h5>\n<p>AMPCOLOY\u00ae 940 es una <a href=\"https:\/\/staging.ampcometal.com\/es\/productos\/aleaciones-de-alto-contenido-en-cobre-ampcoloy\/\">aleaci\u00f3n de cobre de alto rendimiento<\/a> dise\u00f1ada para sobresalir en una gran variedad de aplicaciones industriales. Esta aleaci\u00f3n patentada tiene propiedades excepcionales, como una elevada conductividad el\u00e9ctrica y t\u00e9rmica, lo que la convierte en la opci\u00f3n ideal para componentes el\u00e9ctricos y de potencia. Con una resistencia a la tracci\u00f3n y una dureza impresionantes, esta aleaci\u00f3n de alto contenido en cobre garantiza durabilidad y longevidad en entornos exigentes. Tambi\u00e9n sustituye a las aleaciones sin berilio RWMA Clase 3 para cumplir las estrictas normativas de salud y seguridad. Este vers\u00e1til material es adecuado para una amplia gama de aplicaciones, como portaelectrodos, componentes de soldadura, puntas de \u00e9mbolo y piezas de generaci\u00f3n de energ\u00eda, lo que lo convierte en la mejor elecci\u00f3n para industrias en las que la seguridad y el rendimiento son primordiales.<\/p>\n<h5>Aplicaciones<\/h5>\n<p>AMPCOLOY\u00ae 940 se utiliza en una amplia variedad de industrias gracias a sus propiedades superiores. Esta aleaci\u00f3n de bronce de alta conductividad se utiliza ampliamente en la fabricaci\u00f3n de portaelectrodos, componentes de soldadura como electrodos de soldadura por puntos y discos de soldadura por costura, y diversas matrices para soldar acero inoxidable y Monel\u00ae. Tambi\u00e9n desempe\u00f1a un papel fundamental en las m\u00e1quinas de fundici\u00f3n a presi\u00f3n de aluminio de c\u00e1mara fr\u00eda, donde su durabilidad y resistencia al calor son primordiales. Adem\u00e1s, es una opci\u00f3n excelente para el moldeo por inyecci\u00f3n de pl\u00e1sticos, incluidas las boquillas de inyecci\u00f3n y los pasadores de refrigeraci\u00f3n, y para la fabricaci\u00f3n de tambores de freno para bobinas de papel. Su amplia gama de aplicaciones lo convierte en un material indispensable para las industrias que buscan un rendimiento superior y el cumplimiento de las normas de seguridad.<\/p>\n","protected":false},"featured_media":66753,"template":"","meta":{"_et_pb_use_builder":"","_et_pb_old_content":"","_et_gb_content_width":"","inline_featured_image":false,"_links_to":"","_links_to_target":""},"product_category":[482],"product_type":[619,508,533],"product_shape":[635,629,640,650],"class_list":["post-54265","product","type-product","status-publish","has-post-thumbnail","hentry","product_category-aleaciones-de-alto-contenido-en-cobre-ampcoloy"],"acf":[],"aioseo_notices":[],"_links":{"self":[{"href":"https:\/\/staging.ampcometal.com\/es\/wp-json\/wp\/v2\/product\/54265","targetHints":{"allow":["GET"]}}],"collection":[{"href":"https:\/\/staging.ampcometal.com\/es\/wp-json\/wp\/v2\/product"}],"about":[{"href":"https:\/\/staging.ampcometal.com\/es\/wp-json\/wp\/v2\/types\/product"}],"wp:featuredmedia":[{"embeddable":true,"href":"https:\/\/staging.ampcometal.com\/es\/wp-json\/wp\/v2\/media\/66753"}],"wp:attachment":[{"href":"https:\/\/staging.ampcometal.com\/es\/wp-json\/wp\/v2\/media?parent=54265"}],"wp:term":[{"taxonomy":"product_category","embeddable":true,"href":"https:\/\/staging.ampcometal.com\/es\/wp-json\/wp\/v2\/product_category?post=54265"},{"taxonomy":"product_type","embeddable":true,"href":"https:\/\/staging.ampcometal.com\/es\/wp-json\/wp\/v2\/product_type?post=54265"},{"taxonomy":"product_shape","embeddable":true,"href":"https:\/\/staging.ampcometal.com\/es\/wp-json\/wp\/v2\/product_shape?post=54265"}],"curies":[{"name":"wp","href":"https:\/\/api.w.org\/{rel}","templated":true}]}}