{"id":54253,"date":"2021-09-14T09:49:17","date_gmt":"2021-09-14T07:49:17","guid":{"rendered":"https:\/\/staging.ampcometal.com\/products\/%product_category%\/ampco-8-2\/"},"modified":"2024-04-02T11:36:29","modified_gmt":"2024-04-02T09:36:29","slug":"ampco-8","status":"publish","type":"product","link":"https:\/\/staging.ampcometal.com\/es\/productos\/bronce-al-aluminio-ampco\/ampco-8\/","title":{"rendered":"AMPCO\u00ae 8"},"content":{"rendered":"<ul>\n<li data-gc-list-depth=\"1\" data-gc-list-style=\"bullet\"><strong>Excepcional resistencia a la corrosi\u00f3n:<\/strong> Ofrece una notable resistencia a la corrosi\u00f3n, lo que la convierte en una opci\u00f3n fiable para aplicaciones en entornos corrosivos.<\/li>\n<li data-gc-list-depth=\"1\" data-gc-list-style=\"bullet\"><strong>Alta dureza y ductilidad:<\/strong> Esta aleaci\u00f3n de bronce de aluminio logra un equilibrio \u00fanico entre alta dureza y ductilidad, por lo que es adecuada para aplicaciones en las que ambas son esenciales.<\/li>\n<li data-gc-list-depth=\"1\" data-gc-list-style=\"bullet\"><strong>Extrema resistencia a la tracci\u00f3n:<\/strong> Tiene una resistencia a la tracci\u00f3n excepcional, proporcionando la durabilidad necesaria para aplicaciones industriales exigentes.<\/li>\n<li data-gc-list-depth=\"1\" data-gc-list-style=\"bullet\"><strong>Propiedades f\u00edsicas mejoradas:<\/strong> Mediante un proceso de trabajo en caliente durante la extrusi\u00f3n, la aleaci\u00f3n consigue una estructura de grano compacta libre de inclusiones o defectos, lo que se traduce en unas propiedades f\u00edsicas superiores que no suelen encontrarse en otras aleaciones.<\/li>\n<\/ul>\n<h5>Propiedades y especificaciones<\/h5>\n<p><\/br><br \/>\nAMPCO\u00ae 8 tiene unas propiedades y especificaciones excepcionales que la convierten en una aleaci\u00f3n de aluminio-bronce excepcional. Esta aleaci\u00f3n de alta resistencia combina una excepcional resistencia a la corrosi\u00f3n con un notable equilibrio de dureza y ductilidad, lo que la convierte en la opci\u00f3n ideal para aplicaciones industriales exigentes. Con una elevada resistencia a la tracci\u00f3n, una tenacidad inherente y una ductilidad que no suelen encontrarse en un bronce de aluminio de fase alfa simple, AMPCO\u00ae 8 destaca como material superior. Su estructura de grano, libre de inclusiones o defectos, mejora a\u00fan m\u00e1s sus propiedades f\u00edsicas. La aleaci\u00f3n destaca en aplicaciones en las que la resistencia a la corrosi\u00f3n, la erosi\u00f3n, la abrasi\u00f3n y las picaduras por cavitaci\u00f3n es fundamental, lo que la convierte en la mejor elecci\u00f3n para sectores como el naval y afines.<\/p>\n<h5>Aplicaciones<\/h5>\n<p><\/br><br \/>\nAMPCO\u00ae 8 encuentra aplicaciones vers\u00e1tiles en diversas industrias gracias a sus extraordinarias propiedades. Esta aleaci\u00f3n de bronce y aluminio de alta resistencia es la primera elecci\u00f3n para componentes y piezas en los que la resistencia a la corrosi\u00f3n, la erosi\u00f3n, la abrasi\u00f3n y las picaduras por cavitaci\u00f3n es primordial. Se utiliza habitualmente en industrias como la de procesos, la marina y la manufacturera. La aleaci\u00f3n destaca en aplicaciones como tuber\u00edas, tubos, juntas y conectores, donde su excepcional durabilidad y rendimiento garantizan un funcionamiento ininterrumpido. Tanto si se trata de proteger contra los duros entornos marinos como de mejorar la maquinaria industrial, AMPCO\u00ae 8 es un material fiable y esencial para una amplia gama de exigentes necesidades industriales.<\/p>\n","protected":false},"featured_media":54264,"template":"","meta":{"_et_pb_use_builder":"","_et_pb_old_content":"","_et_gb_content_width":"","inline_featured_image":false,"_links_to":"","_links_to_target":""},"product_category":[477],"product_type":[614,508],"product_shape":[635],"class_list":["post-54253","product","type-product","status-publish","has-post-thumbnail","hentry","product_category-bronce-al-aluminio-ampco"],"acf":[],"aioseo_notices":[],"_links":{"self":[{"href":"https:\/\/staging.ampcometal.com\/es\/wp-json\/wp\/v2\/product\/54253","targetHints":{"allow":["GET"]}}],"collection":[{"href":"https:\/\/staging.ampcometal.com\/es\/wp-json\/wp\/v2\/product"}],"about":[{"href":"https:\/\/staging.ampcometal.com\/es\/wp-json\/wp\/v2\/types\/product"}],"wp:featuredmedia":[{"embeddable":true,"href":"https:\/\/staging.ampcometal.com\/es\/wp-json\/wp\/v2\/media\/54264"}],"wp:attachment":[{"href":"https:\/\/staging.ampcometal.com\/es\/wp-json\/wp\/v2\/media?parent=54253"}],"wp:term":[{"taxonomy":"product_category","embeddable":true,"href":"https:\/\/staging.ampcometal.com\/es\/wp-json\/wp\/v2\/product_category?post=54253"},{"taxonomy":"product_type","embeddable":true,"href":"https:\/\/staging.ampcometal.com\/es\/wp-json\/wp\/v2\/product_type?post=54253"},{"taxonomy":"product_shape","embeddable":true,"href":"https:\/\/staging.ampcometal.com\/es\/wp-json\/wp\/v2\/product_shape?post=54253"}],"curies":[{"name":"wp","href":"https:\/\/api.w.org\/{rel}","templated":true}]}}