{"id":54232,"date":"2021-09-14T09:49:07","date_gmt":"2021-09-14T07:49:07","guid":{"rendered":"https:\/\/staging.ampcometal.com\/products\/%product_category%\/cu-w-sinterizado\/"},"modified":"2024-03-25T18:21:52","modified_gmt":"2024-03-25T16:21:52","slug":"cu-w-sinterizado","status":"publish","type":"product","link":"https:\/\/staging.ampcometal.com\/es\/productos\/aleaciones-de-alto-contenido-en-cobre-ampcoloy\/cu-w-sinterizado\/","title":{"rendered":"Cu-W Sinterizado"},"content":{"rendered":"<ul>\n<li data-gc-list-depth=\"1\" data-gc-list-style=\"bullet\"><strong>Alta conductividad el\u00e9ctrica:<\/strong> El Cu-W Sinterizado ofrece una excelente conductividad el\u00e9ctrica, por lo que es ideal para aplicaciones en las que el rendimiento el\u00e9ctrico es cr\u00edtico.<\/li>\n<li data-gc-list-depth=\"1\" data-gc-list-style=\"bullet\"><strong>Resistencia al arco el\u00e9ctrico:<\/strong> Esta aleaci\u00f3n de alto contenido en cobre es muy resistente a los da\u00f1os por arco el\u00e9ctrico, por lo que es adecuada para aplicaciones en las que intervienen arcos el\u00e9ctricos, como disyuntores y puntas de arco.<\/li>\n<li data-gc-list-depth=\"1\" data-gc-list-style=\"bullet\"><strong>Duradero y duradero: <\/strong>Conocido por su durabilidad y capacidad para soportar condiciones exigentes, lo que garantiza un rendimiento duradero.<\/li>\n<li data-gc-list-depth=\"1\" data-gc-list-style=\"bullet\"><strong>Aplicaciones vers\u00e1tiles:<\/strong> Se utiliza ampliamente como electrodos de soldadura por resistencia, electrodos de electroerosi\u00f3n, disyuntores y contactos de alta resistencia.<\/li>\n<\/ul>\n<h5>Propiedades y especificaciones<\/h5>\n<p><\/br><br \/>\nCu-W Sinterizado es una aleaci\u00f3n refractaria de alto rendimiento conocida por sus excelentes propiedades. Esta aleaci\u00f3n combina la excelente conductividad el\u00e9ctrica y t\u00e9rmica del cobre con la impresionante resistencia al arco y las propiedades no soldantes del wolframio y el molibdeno. Fabricado mediante avanzadas t\u00e9cnicas pulvimetal\u00fargicas, presenta una microestructura uniforme y de grano fino que da como resultado un rendimiento y una durabilidad excepcionales. Su calidad superior garantiza que supere las normas especificadas por la Asociaci\u00f3n de Fabricantes de Soldadores por Resistencia (RWMA), lo que la convierte en la opci\u00f3n ideal para una amplia gama de aplicaciones, como electrodos de soldadura por resistencia, electrodos de electroerosi\u00f3n, disyuntores, puntas de arco y contactos de gran resistencia. La aleaci\u00f3n de alto contenido en cobre destaca en estas exigentes aplicaciones por su capacidad para soportar los efectos del arco y las altas corrientes, lo que la convierte en un material fiable y duradero.<\/p>\n<h5>Aplicaciones<\/h5>\n<p><\/br><br \/>\nCu-W Sinterizado es una aleaci\u00f3n refractaria vers\u00e1til y de alto rendimiento utilizada en una amplia variedad de industrias. Su excepcional combinaci\u00f3n de conductividad el\u00e9ctrica y resistencia al arco lo convierte en una opci\u00f3n indispensable para diversas aplicaciones. Entre sus usos habituales se incluye como electrodo de soldadura por resistencia, donde destaca por su capacidad para soportar corrientes elevadas y ofrecer un rendimiento estable. Adem\u00e1s, la aleaci\u00f3n es muy adecuada para electrodos de mecanizado por descarga el\u00e9ctrica (EDM), disyuntores, puntas de arco y contactos de gran resistencia en diversos entornos. Tanto si se trata de garantizar conexiones fiables como de resistir los efectos del arco el\u00e9ctrico, el Cu-W Sinterizado ofrece un rendimiento constante en aplicaciones exigentes, lo que lo convierte en el material elegido para muchas funciones cr\u00edticas.<\/p>\n","protected":false},"featured_media":66771,"template":"","meta":{"_et_pb_use_builder":"","_et_pb_old_content":"","_et_gb_content_width":"","inline_featured_image":false,"_links_to":"","_links_to_target":""},"product_category":[482],"product_type":[],"product_shape":[],"class_list":["post-54232","product","type-product","status-publish","has-post-thumbnail","hentry","product_category-aleaciones-de-alto-contenido-en-cobre-ampcoloy"],"acf":[],"aioseo_notices":[],"_links":{"self":[{"href":"https:\/\/staging.ampcometal.com\/es\/wp-json\/wp\/v2\/product\/54232","targetHints":{"allow":["GET"]}}],"collection":[{"href":"https:\/\/staging.ampcometal.com\/es\/wp-json\/wp\/v2\/product"}],"about":[{"href":"https:\/\/staging.ampcometal.com\/es\/wp-json\/wp\/v2\/types\/product"}],"wp:featuredmedia":[{"embeddable":true,"href":"https:\/\/staging.ampcometal.com\/es\/wp-json\/wp\/v2\/media\/66771"}],"wp:attachment":[{"href":"https:\/\/staging.ampcometal.com\/es\/wp-json\/wp\/v2\/media?parent=54232"}],"wp:term":[{"taxonomy":"product_category","embeddable":true,"href":"https:\/\/staging.ampcometal.com\/es\/wp-json\/wp\/v2\/product_category?post=54232"},{"taxonomy":"product_type","embeddable":true,"href":"https:\/\/staging.ampcometal.com\/es\/wp-json\/wp\/v2\/product_type?post=54232"},{"taxonomy":"product_shape","embeddable":true,"href":"https:\/\/staging.ampcometal.com\/es\/wp-json\/wp\/v2\/product_shape?post=54232"}],"curies":[{"name":"wp","href":"https:\/\/api.w.org\/{rel}","templated":true}]}}