{"id":54198,"date":"2021-09-14T09:49:00","date_gmt":"2021-09-14T07:49:00","guid":{"rendered":"https:\/\/staging.ampcometal.com\/products\/%product_category%\/ampco-18-22-2\/"},"modified":"2023-02-01T12:39:31","modified_gmt":"2023-02-01T10:39:31","slug":"ampco-18-22","status":"publish","type":"product","link":"https:\/\/staging.ampcometal.com\/es\/productos\/bronce-al-aluminio-ampco\/ampco-18-22\/","title":{"rendered":"AMPCO\u00ae 18.22"},"content":{"rendered":"<ul>\n<li>Desarrollado para cumplir los exigentes requisitos de la industria aeron\u00e1utica.<\/li>\n<li>Mayor dureza manteniendo una buena ductilidad.<\/li>\n<\/ul>\n<p>El AMPCO\u00ae 18.22 es una aleaci\u00f3n de mayor resistencia final en comparaci\u00f3n con AMPCO\u00ae 18. Se produce mediante un tratamiento t\u00e9rmico variable y se refina a partir de la estructura d\u00faplex caracter\u00edstica del metal. El resultado es un metal de mayor productividad, mayor resistencia y dureza.<\/p>\n","protected":false},"featured_media":66726,"template":"","meta":{"_et_pb_use_builder":"","_et_pb_old_content":"","_et_gb_content_width":"","inline_featured_image":false,"_links_to":"","_links_to_target":""},"product_category":[477],"product_type":[619,504],"product_shape":[],"class_list":["post-54198","product","type-product","status-publish","has-post-thumbnail","hentry","product_category-bronce-al-aluminio-ampco"],"acf":[],"aioseo_notices":[],"_links":{"self":[{"href":"https:\/\/staging.ampcometal.com\/es\/wp-json\/wp\/v2\/product\/54198","targetHints":{"allow":["GET"]}}],"collection":[{"href":"https:\/\/staging.ampcometal.com\/es\/wp-json\/wp\/v2\/product"}],"about":[{"href":"https:\/\/staging.ampcometal.com\/es\/wp-json\/wp\/v2\/types\/product"}],"wp:featuredmedia":[{"embeddable":true,"href":"https:\/\/staging.ampcometal.com\/es\/wp-json\/wp\/v2\/media\/66726"}],"wp:attachment":[{"href":"https:\/\/staging.ampcometal.com\/es\/wp-json\/wp\/v2\/media?parent=54198"}],"wp:term":[{"taxonomy":"product_category","embeddable":true,"href":"https:\/\/staging.ampcometal.com\/es\/wp-json\/wp\/v2\/product_category?post=54198"},{"taxonomy":"product_type","embeddable":true,"href":"https:\/\/staging.ampcometal.com\/es\/wp-json\/wp\/v2\/product_type?post=54198"},{"taxonomy":"product_shape","embeddable":true,"href":"https:\/\/staging.ampcometal.com\/es\/wp-json\/wp\/v2\/product_shape?post=54198"}],"curies":[{"name":"wp","href":"https:\/\/api.w.org\/{rel}","templated":true}]}}