{"id":54197,"date":"2021-09-14T09:49:00","date_gmt":"2021-09-14T07:49:00","guid":{"rendered":"https:\/\/staging.ampcometal.com\/products\/%product_category%\/bronce-de-estano\/"},"modified":"2024-04-05T10:44:57","modified_gmt":"2024-04-05T08:44:57","slug":"bronce-de-estano","status":"publish","type":"product","link":"https:\/\/staging.ampcometal.com\/es\/productos\/aleaciones-estandar\/bronce-de-estano\/","title":{"rendered":"Bronce al Esta\u00f1o"},"content":{"rendered":"<ul>\n<li><strong>Propiedades mec\u00e1nicas excepcionales: <\/strong>Nuestros bronces al esta\u00f1o tienen excelentes propiedades mec\u00e1nicas, como alta resistencia, resistencia al desgaste y tenacidad.<\/li>\n<li data-gc-list-depth=\"1\" data-gc-list-style=\"bullet\"><strong>Resistencia a la corrosi\u00f3n:<\/strong> Esta aleaci\u00f3n es excelentemente resistente a la corrosi\u00f3n, lo que la hace adecuada para su uso en entornos <a href=\"https:\/\/staging.ampcometal.com\/industries\/marine\/\">marinos<\/a> e industriales.<\/li>\n<li data-gc-list-depth=\"1\" data-gc-list-style=\"bullet\"><strong>Aplicaciones vers\u00e1tiles: <\/strong>Es altamente vers\u00e1til y encuentra aplicaciones en una amplia gama de industrias, incluyendo <a href=\"https:\/\/staging.ampcometal.com\/industries\/aerospace\/\">la aeroespacial<\/a>, defensa y maquinaria industrial.<\/li>\n<li data-gc-list-depth=\"1\" data-gc-list-style=\"bullet\"><strong>Composiciones personalizadas: <\/strong>Ofrece la flexibilidad de las composiciones qu\u00edmicas personalizadas, lo que permite soluciones a medida para satisfacer requisitos de aplicaci\u00f3n espec\u00edficos.<\/li>\n<\/ul>\n<h5>Propiedades y especificaciones<\/h5>\n<p>Nuestras aleaciones de esta\u00f1o-bronce son conocidas por sus excepcionales propiedades y especificaciones. Estas aleaciones se valoran por su alta resistencia, su rendimiento a baja velocidad y su durabilidad, lo que las hace ideales para una amplia gama de aplicaciones. Con una composici\u00f3n que incluye cobre y esta\u00f1o, presentan una impresionante resistencia a la corrosi\u00f3n, lo que las hace adecuadas para entornos <a href=\"https:\/\/staging.ampcometal.com\/industries\/marine\/\">marinos<\/a> e industriales. Su versatilidad se extiende a aplicaciones como engranajes, bujes, cojinetes, impulsores de bombas, anillos de pist\u00f3n y accesorios de vapor. Tambi\u00e9n disponemos de f\u00f3rmulas personalizadas bajo pedido, que proporcionan soluciones a medida para satisfacer las necesidades espec\u00edficas de diversas industrias.<\/p>\n<ul>\n<li>Disponible en formatos especiales U- \/ L- \/ T-.<\/li>\n<li>Con rect\u00e1ngulos a partir de 8 mm de espesor.<\/li>\n<li>Barras redondas de 20 mm a 212 mm de di\u00e1metro.<\/li>\n<li>Tubos con espesor de pared min. desde 8 mm hasta 100 mm de di\u00e1metro exterior.<\/li>\n<\/ul>\n<p>Las aleaciones incluyen:<\/p>\n<ul>\n<li style=\"list-style-type: none;\">\n<ul>\n<li>CuSn8<\/li>\n<li>CuSn9<\/li>\n<li>CuSn10<\/li>\n<li>CuSn12<\/li>\n<li>CuSn11Pb2<\/li>\n<li>CuSn12Ni2<\/li>\n<li>CuSn7Zn2Pb3<\/li>\n<\/ul>\n<\/li>\n<\/ul>\n<p>Composiciones qu\u00edmicas espec\u00edficas o personalizadas est\u00e1n disponibles a pedido.<\/p>\n<p>Las aleaciones de esta\u00f1o-bronce AMPCO\u00ae son un producto de primera calidad que puede ofrecer rendimiento para aplicaciones exigentes.<\/p>\n<h5>Esta\u00f1o Bronce Aplicaciones<\/h5>\n<p>Nuestro esta\u00f1o-bronce es una aleaci\u00f3n vers\u00e1til con notables propiedades mec\u00e1nicas y <a href=\"https:\/\/staging.ampcometal.com\/applications\/corrosion-resistance\/\">resistencia a la corrosi\u00f3n<\/a> que sirve para una amplia gama de aplicaciones en m\u00faltiples industrias. Esta aleaci\u00f3n de alta resistencia se valora por su idoneidad en escenarios de alta carga y baja velocidad, lo que la convierte en una opci\u00f3n ideal para aplicaciones como la fabricaci\u00f3n de engranajes, bujes, cojinetes e impulsores de bombas. Adem\u00e1s de sus capacidades mec\u00e1nicas, se utiliza en componentes cr\u00edticos como anillos de pist\u00f3n, accesorios de vapor y cuerpos de v\u00e1lvulas, donde la durabilidad y la fiabilidad son primordiales. Su adaptabilidad se extiende al sector el\u00e9ctrico, con aplicaciones en conectores, rel\u00e9s y muelles conductores. Con composiciones personalizadas disponibles, las aleaciones de esta\u00f1o-bronce AMPCO\u00ae satisfacen una amplia gama de necesidades espec\u00edficas, lo que las convierte en la primera elecci\u00f3n en una gran variedad de entornos industriales.<\/p>\n","protected":false},"featured_media":0,"template":"product-standard-alloy.php","meta":{"_et_pb_use_builder":"","_et_pb_old_content":"","_et_gb_content_width":"","inline_featured_image":false,"_links_to":"","_links_to_target":""},"product_category":[499],"product_type":[],"product_shape":[],"class_list":["post-54197","product","type-product","status-publish","hentry","product_category-aleaciones-estandar"],"acf":[],"aioseo_notices":[],"_links":{"self":[{"href":"https:\/\/staging.ampcometal.com\/es\/wp-json\/wp\/v2\/product\/54197","targetHints":{"allow":["GET"]}}],"collection":[{"href":"https:\/\/staging.ampcometal.com\/es\/wp-json\/wp\/v2\/product"}],"about":[{"href":"https:\/\/staging.ampcometal.com\/es\/wp-json\/wp\/v2\/types\/product"}],"wp:attachment":[{"href":"https:\/\/staging.ampcometal.com\/es\/wp-json\/wp\/v2\/media?parent=54197"}],"wp:term":[{"taxonomy":"product_category","embeddable":true,"href":"https:\/\/staging.ampcometal.com\/es\/wp-json\/wp\/v2\/product_category?post=54197"},{"taxonomy":"product_type","embeddable":true,"href":"https:\/\/staging.ampcometal.com\/es\/wp-json\/wp\/v2\/product_type?post=54197"},{"taxonomy":"product_shape","embeddable":true,"href":"https:\/\/staging.ampcometal.com\/es\/wp-json\/wp\/v2\/product_shape?post=54197"}],"curies":[{"name":"wp","href":"https:\/\/api.w.org\/{rel}","templated":true}]}}