{"id":54175,"date":"2021-09-14T09:48:57","date_gmt":"2021-09-14T07:48:57","guid":{"rendered":"https:\/\/staging.ampcometal.com\/products\/%product_category%\/ampco-18-23-2\/"},"modified":"2024-04-03T15:45:04","modified_gmt":"2024-04-03T13:45:04","slug":"ampco-18-23","status":"publish","type":"product","link":"https:\/\/staging.ampcometal.com\/es\/productos\/bronce-al-aluminio-ampco\/ampco-18-23\/","title":{"rendered":"AMPCO\u00ae 18.23"},"content":{"rendered":"<ul>\n<li data-gc-list-depth=\"1\" data-gc-list-style=\"bullet\"><strong>Resistencia excepcional:<\/strong> Presenta una notable tenacidad, lo que le permite soportar cargas pesadas y condiciones de impacto sin distorsi\u00f3n.<\/li>\n<li data-gc-list-depth=\"1\" data-gc-list-style=\"bullet\"><strong>Aleaci\u00f3n de alta resistencia:<\/strong> Con una resistencia a la tracci\u00f3n y dureza superiores, destaca en aplicaciones que requieren resistencia y durabilidad.<\/li>\n<li data-gc-list-depth=\"1\" data-gc-list-style=\"bullet\"><strong>Excelente resistencia al desgaste:<\/strong> Esta aleaci\u00f3n de bronce ofrece una excepcional resistencia al desgaste, por lo que es ideal para componentes expuestos a la fricci\u00f3n y la abrasi\u00f3n.<\/li>\n<li data-gc-list-depth=\"1\" data-gc-list-style=\"bullet\"><strong>Aplicaciones vers\u00e1tiles:<\/strong> Es vers\u00e1til y se puede utilizar en una variedad de industrias, incluyendo la fabricaci\u00f3n, aeroespacial, marina y de equipos pesados.<\/li>\n<\/ul>\n<h5>Propiedades y especificaciones<\/h5>\n<p><\/br><br \/>\nAMPCO\u00ae 18.23 es una extraordinaria aleaci\u00f3n de bronce de alta resistencia conocida por sus excepcionales propiedades. Esta aleaci\u00f3n tratada t\u00e9rmicamente tiene unas propiedades impresionantes, como una gran dureza, resistencia a la tracci\u00f3n y resistencia al desgaste, lo que la hace ideal para aplicaciones industriales exigentes. Con mejores propiedades f\u00edsicas que otros grados de bronce similares como AMPCO\u00ae 18 y AMPCO\u00ae 18.136, AMPCO\u00ae 18.23 destaca como una opci\u00f3n superior, ofreciendo una tenacidad y resistencia a la deformaci\u00f3n sin igual en condiciones de alta carga e impacto. Su notable l\u00edmite proporcional permite a los dise\u00f1adores aprovechar al m\u00e1ximo su resistencia, lo que lo convierte en una excelente soluci\u00f3n para engranajes helicoidales de gran resistencia y otras aplicaciones de alto esfuerzo en diversas industrias.<\/p>\n<h5>Aplicaciones<\/h5>\n<p><\/br><br \/>\nAMPCO\u00ae 18.23 se utiliza en una amplia gama de industrias en las que son esenciales una alta resistencia y un rendimiento excepcional. Esta extraordinaria aleaci\u00f3n de bronce destaca en los engranajes helicoidales de alta resistencia y aplicaciones similares debido a su combinaci\u00f3n \u00fanica de tenacidad, resistencia al desgaste y resistencia a la distorsi\u00f3n. Su fiabilidad bajo cargas pesadas y en entornos exigentes lo convierten en la opci\u00f3n preferida para aplicaciones en los sectores manufacturero, aeroespacial, naval e industrial. Tanto si se utiliza en cojinetes, engranajes u otros componentes cr\u00edticos, esta aleaci\u00f3n de bronce ofrece sistem\u00e1ticamente resultados superiores, lo que la convierte en un material esencial para ingenieros y dise\u00f1adores que buscan el m\u00e1ximo nivel de rendimiento para sus proyectos.<\/p>\n","protected":false},"featured_media":66735,"template":"","meta":{"_et_pb_use_builder":"","_et_pb_old_content":"","_et_gb_content_width":"","inline_featured_image":false,"_links_to":"","_links_to_target":""},"product_category":[477],"product_type":[619,504,557],"product_shape":[],"class_list":["post-54175","product","type-product","status-publish","has-post-thumbnail","hentry","product_category-bronce-al-aluminio-ampco"],"acf":[],"aioseo_notices":[],"_links":{"self":[{"href":"https:\/\/staging.ampcometal.com\/es\/wp-json\/wp\/v2\/product\/54175","targetHints":{"allow":["GET"]}}],"collection":[{"href":"https:\/\/staging.ampcometal.com\/es\/wp-json\/wp\/v2\/product"}],"about":[{"href":"https:\/\/staging.ampcometal.com\/es\/wp-json\/wp\/v2\/types\/product"}],"wp:featuredmedia":[{"embeddable":true,"href":"https:\/\/staging.ampcometal.com\/es\/wp-json\/wp\/v2\/media\/66735"}],"wp:attachment":[{"href":"https:\/\/staging.ampcometal.com\/es\/wp-json\/wp\/v2\/media?parent=54175"}],"wp:term":[{"taxonomy":"product_category","embeddable":true,"href":"https:\/\/staging.ampcometal.com\/es\/wp-json\/wp\/v2\/product_category?post=54175"},{"taxonomy":"product_type","embeddable":true,"href":"https:\/\/staging.ampcometal.com\/es\/wp-json\/wp\/v2\/product_type?post=54175"},{"taxonomy":"product_shape","embeddable":true,"href":"https:\/\/staging.ampcometal.com\/es\/wp-json\/wp\/v2\/product_shape?post=54175"}],"curies":[{"name":"wp","href":"https:\/\/api.w.org\/{rel}","templated":true}]}}