{"id":54072,"date":"2021-09-14T09:48:24","date_gmt":"2021-09-14T07:48:24","guid":{"rendered":"https:\/\/staging.ampcometal.com\/terminos-y-condiciones-de-venta\/"},"modified":"2021-10-29T15:16:26","modified_gmt":"2021-10-29T13:16:26","slug":"terminos-y-condiciones-de-venta","status":"publish","type":"page","link":"https:\/\/staging.ampcometal.com\/es\/datos-tecnicos\/terminos-y-condiciones-de-venta\/","title":{"rendered":"T\u00e9rminos y condiciones de venta"},"content":{"rendered":"[et_pb_section fb_built=\u00bb1&#8243; specialty=\u00bbon\u00bb custom_padding_last_edited=\u00bbon|desktop\u00bb parallax_method_1=\u00bboff\u00bb parallax_method_2=\u00bboff\u00bb module_id_1=\u00bbproduct-page-sidebar-column\u00bb _builder_version=\u00bb3.22&#8243; background_color=\u00bb#f7f7f7&#8243; custom_padding=\u00bb0px||0px|\u00bb custom_padding_tablet=\u00bb40px|||\u00bb custom_padding_phone=\u00bb\u00bb transparent_background=\u00bboff\u00bb make_fullwidth=\u00bboff\u00bb use_custom_width=\u00bboff\u00bb width_unit=\u00bbon\u00bb global_colors_info=\u00bb{}\u00bb][et_pb_column type=\u00bb1_3&#8243; _builder_version=\u00bb3.25&#8243; custom_padding=\u00bb|||\u00bb global_colors_info=\u00bb{}\u00bb custom_padding__hover=\u00bb|||\u00bb][et_pb_sidebar area=\u00bbtechnical_data_sidebar\u00bb disabled_on=\u00bbon|on|off\u00bb module_id=\u00bbinner-product-sidebar-module\u00bb _builder_version=\u00bb4.9.4&#8243; global_colors_info=\u00bb{}\u00bb][\/et_pb_sidebar][\/et_pb_column][et_pb_column type=\u00bb2_3&#8243; specialty_columns=\u00bb2&#8243; _builder_version=\u00bb3.25&#8243; custom_padding=\u00bb|||\u00bb global_colors_info=\u00bb{}\u00bb custom_padding__hover=\u00bb|||\u00bb][et_pb_row_inner custom_padding_last_edited=\u00bbon|desktop\u00bb admin_label=\u00bbRow\u00bb _builder_version=\u00bb3.25&#8243; custom_margin=\u00bb||80px|\u00bb custom_margin_tablet=\u00bb||60px|\u00bb custom_margin_phone=\u00bb\u00bb custom_margin_last_edited=\u00bbon|desktop\u00bb custom_padding=\u00bb40px||40px|\u00bb custom_padding_tablet=\u00bb\u00bb custom_padding_phone=\u00bb\u00bb custom_css_main_element=\u00bbborder-bottom: solid 2px #e8e8e8;\u00bb global_colors_info=\u00bb{}\u00bb][et_pb_column_inner saved_specialty_column_type=\u00bb2_3&#8243; _builder_version=\u00bb3.25&#8243; custom_padding=\u00bb|||\u00bb global_colors_info=\u00bb{}\u00bb custom_padding__hover=\u00bb|||\u00bb][et_pb_text admin_label=\u00bbSALES TERMS AND CONDITION\u00bb _builder_version=\u00bb3.27.4&#8243; background_size=\u00bbinitial\u00bb background_position=\u00bbtop_left\u00bb background_repeat=\u00bbrepeat\u00bb use_border_color=\u00bboff\u00bb border_color=\u00bb#ffffff\u00bb border_style=\u00bbsolid\u00bb global_colors_info=\u00bb{}\u00bb]\n<h2>AMPCO METAL T\u00e9rminos y Condiciones de Venta<\/h2>\n<h2>Versi\u00f3n internacional<\/h2>\n[\/et_pb_text][et_pb_text _builder_version=\u00bb3.27.4&#8243; background_size=\u00bbinitial\u00bb background_position=\u00bbtop_left\u00bb background_repeat=\u00bbrepeat\u00bb custom_margin=\u00bb20px|||\u00bb custom_margin_tablet=\u00bb\u00bb custom_margin_phone=\u00bb\u00bb custom_margin_last_edited=\u00bbon|\u00bb use_border_color=\u00bboff\u00bb border_color=\u00bb#ffffff\u00bb border_style=\u00bbsolid\u00bb global_colors_info=\u00bb{}\u00bb]1. AMPCO METAL SA, en adelante abreviada \u201cAMPCO\u201d, s\u00f3lo hace negocios bajo y sujeto a los t\u00e9rminos y condiciones impresas a continuaci\u00f3n, y que excluyen cualquiera de los t\u00e9rminos incompatibles con las mismas en cualquier orden recibida o aceptada. Todas las ofertas y presupuestos est\u00e1n sujetos a modificaci\u00f3n sin previo aviso y todos los pedidos est\u00e1n sujetos a aceptaci\u00f3n por parte de AMPCO.<\/p>\n<p>2. Ante situaciones que impidan, obstaculicen o interfieran con el cumplimiento razonable de los compromisos contra\u00eddos, tales como guerras, huelgas, accidentes, causas de fuerza mayor o cualquier otra circunstancia que escapen al control de AMPCO, esta \u00faltima tendr\u00e1 la opci\u00f3n de suspender o cancelar cualquier compromiso pendiente de cumplimiento.<\/p>\n<p>3. Las facturas deben ser pagadas rigurosamente a su debido vencimiento, de acuerdo con los t\u00e9rminos establecidos en el presupuesto. Las cuentas vencidas son estrictamente netas y est\u00e1n sujetas a intereses a la tasa base + 2% anual. Las deudas vencidas impagadas no podr\u00e1n ser objeto de compensaci\u00f3n, y devengar\u00e1n desde su vencimiento, sin necesidad de aviso de vencimiento ni de intimaci\u00f3n previa por parte de AMPCO, el inter\u00e9s previsto la Ley. Ante el impago de cualquier factura, a su vencimiento, por parte del cliente, AMPCO se reserva el derecho de suspender el cumplimiento de los compromisos pendientes con el mismo.<\/p>\n<p>4. Todas las ofertas son cotizadas y todos los pedidos son suministrados conforme a las condiciones de que cuando materiales, productos o partes de los mismos sean defectuosos en el momento de<br \/>\nenv\u00edo por AMPCO, la responsabilidad de AMPCO estar\u00e1 limitada a la sustituci\u00f3n o reparaci\u00f3n de tales mercanc\u00edas defectuosas, o cr\u00e9dito por el coste, con excepci\u00f3n de las siguientes situaciones:<\/p>\n<p>a) No se acepta ninguna responsabilidad por los productos en los que se demuestre la existencia de un defecto de dise\u00f1o de la pieza.<\/p>\n<p>b) No se acepta ninguna responsabilidad por los productos que hayan sido sometidos a cualquier proceso despu\u00e9s de su entrega.<\/p>\n<p>c) Se asume que el comprador inspeccionar\u00e1 o utilizar\u00e1 los bienes o materiales suministrados dentro de 30 d\u00edas de la entrega y por lo tanto no se acepta ninguna responsabilidad por los defectos en los productos o materiales suministrados cuyos detalles no se comuniquen por el comprador a AMPCO en un plazo de 30 d\u00edas a partir de la fecha de entrega.<\/p>\n<p>d) AMPCO no ser\u00e1 responsable de los eventuales gastos o costes en que incurra el comprador por raz\u00f3n de los defectos denunciados, salvo que los haya autorizado previamente y por escrito. AMPCO excluye la responsabilidad por el coste de cualquier trabajo de mecanizado, costes laborales, o cualquier p\u00e9rdida o da\u00f1o debido a la utilizaci\u00f3n de material defectuoso suministrado por AMPCO.<\/p>\n<p>e) AMPCO excluye la obligaci\u00f3n y no ser\u00e1 responsable por cualquier infraci\u00f3n o garant\u00eda o negligencia de ning\u00fan da\u00f1o subsecuente o por los costos incurridos por el comprador a trav\u00e9s del uso, imposibilidad de uso o venta de cualquier material defectuoso o insatisfactorio suministrado por AMPCO, o mediante el uso, imposibilidad de uso o venta de cualquier producto por el comprador que haya sido fabricado utilizando cualquier material defectuoso o insatisfactorio suministrado por AMPCO.<\/p>\n<p>5. Sin perjuicio del anterior AMPCO reemplazar\u00e1 cualquier mercader\u00eda suministrada que resulte defectuosa desde que, previamente, AMPCO haya tenido la oportunidad de inspeccionar el producto y haya aceptado su responsabilidad sobre el mismo. La asunci\u00f3n de responsabilidad por parte de AMPCO respecto a una de sus piezas o parte de la misma no conllevar\u00e1 ninguna obligaci\u00f3n para la vendedora m\u00e1s all\u00e1 de lo aqu\u00ed estipulado, ni determinar\u00e1 su responsabilidad con respecto a ning\u00fan otro fallo o defecto supuestamente existente en alg\u00fan otro de los productos suministrados o manufacturados por la misma.<\/p>\n<p>6. Todos los pedidos se enviar\u00e1n o por medio de los propios veh\u00edculos de AMPCO o por medio de alg\u00fan servicio de transporte externo. No se aceptar\u00e1 ninguna asignaci\u00f3n en el caso de que las mercanc\u00edas sean recogidas directamente por el cliente, o cuando las mercanc\u00edas se entreguen en un almac\u00e9n local del cliente. Cualquier reclamaci\u00f3n referente al transporte, respecto a da\u00f1os, hurto o falta de entrega debe notificarse a AMPCO en el plazo de dos d\u00edas.<\/p>\n<p>7. En caso de que los productos est\u00e9n fabricados seg\u00fan modelos o especificaciones del comprador, no se aceptar\u00e1 ninguna responsabilidad por la violaci\u00f3n de cualquier patente, y el comprador acepta indemnizar a AMPCO por cualquier coste soportado y debido a cualquier demanda o similar presentada como resultado del cumplimiento de las \u00f3rdenes del comprador.<\/p>\n<p>8. Toda la informaci\u00f3n t\u00e9cnica contenida en los cat\u00e1logos y folletos es de car\u00e1cter general y puramente descriptiva. Las garant\u00edas otorgadas con respecto a las propiedades o los usos de los materiales o a la aptitud para cualquier prop\u00f3sito no podr\u00e1n considerarse exactas, con excepci\u00f3n de los casos donde AMPCO haya confirmado esas propiedades usos o aptitudes por escrito al comprador. Asimismo, y pese a que la informaci\u00f3n en los cat\u00e1logos y folletos ha sido exhaustivamente verificada, la misma es susceptible de contener alg\u00fan error de traducci\u00f3n o de impresi\u00f3n, del que AMPCO no se hace responsable. Igualmente, ninguna informaci\u00f3n dada por cualquier representante de AMPCO en cuanto a las propiedades, usos o aptitud para cualquier prop\u00f3sito de las mercanc\u00edas o materiales podr\u00e1n ser consideradas como exactas, excepto en los casos donde AMPCO haya confirmado esas propiedades usos o aptitudes por escrito al comprador.<\/p>\n<p>9. Las disposiciones siguientes se aplicar\u00e1n a todos los bienes y materiales que AMPCO se compromete a suministrar al comprador. Ninguna falta por parte de AMPCO en exigir el estricto cumplimiento por parte del comprador de tales disposiciones constituir\u00e1 una renuncia a los mismos, y la terminaci\u00f3n de cualquier acuerdo entre el comprador y AMPCO no perjudicar\u00e1, limitar\u00e1 o extinguir\u00e1 los derechos de AMPCO que a continuaci\u00f3n se detallan:<\/p>\n<p>a) Una vez entregado el producto o material, \u00e9ste seguir\u00e1 siendo propiedad de AMPCO, hasta que el comprador haya satisfecho el importe completo de la compra. Hasta entonces, el comprador retendr\u00e1 dichos productos o materiales \u00fanicamente en calidad de custodio de AMPCO y, si as\u00ed se le exigiera, deber\u00e1 almacenarlos separadamente a los productos y materiales no pertenecientes a la vendedora, de forma que puedan ser identificados con facilidad por esta \u00faltima, quien conservar\u00e1 el derecho a examinarlos, dando un preaviso razonable, as\u00ed como de exigir que los mismos le sean enviados de nuevo. Con el fin de ejercer estos derechos, tanto AMPCO como sus empleados y sus agentes podr\u00e1n entrar en las dependencias del comprador y en cualquier otra localizaci\u00f3n donde se hallen situados los susodichos productos o materiales junto con los medios apropiados para su transporte.<\/p>\n<p>b) Al comprador es otorgado por la presente una licencia por parte de AMPCO para incorporar las mercanc\u00edas y materiales en cualquier otro producto, sujeto a la condici\u00f3n expresa de que, si AMPCO as\u00ed lo requiere, todos estos productos que contienen estas mercanc\u00edas y materiales deber\u00e1n ser almacenados por separado y marcados de forma a ser identificables como teniendo partes o componentes hechos con dichas mercanc\u00edas o materiales.<\/p>\n<p>c) El comprador es por la presente licenciado para vender las mercanc\u00edas y materiales y los productos que incorporen alguno de ellos, pero deber\u00e1 atesorar la totalidad de los importes recaudados en la venta como fiduciario y agente para AMPCO y no mezclar\u00e1 ninguno de estos importes con su fondos propios o en cualquier cuenta bancaria con otros fondos, y se asegurar\u00e1 de que todos esos recibos de venta se mantienen separados e identificables. A\u00fan m\u00e1s, inmediatamente despu\u00e9s de cobrar el importe de la venta, el comprador deber\u00e1 remitir a AMPCO la totalidad del precio de compra de las mercanc\u00edas o materiales, deducido de cualquier parte del mismo que haya sido previamente pagado.<\/p>\n<p>d) Si el comprador no recibe el importe total de dicha venta en la fecha de vencimiento, deber\u00e1 notificar a AMPCO en un plazo de siete d\u00edas y, si es requerido, asignar a AMPCO cualquier reclamaci\u00f3n de cualquier naturaleza contra la persona o personas a quienes \u00e9l ha suministrado las mercanc\u00edas o materiales o cualquiera de ellos.<\/p>\n<p>e) El comprador debe disponer de un seguro adecuado para todos los productos y materiales desde la fecha en que el riesgo correspondiente pasa a \u00e9l, y de ocurrir alguna p\u00e9rdida o da\u00f1o a los productos o materiales que siguen siendo propiedad de AMPCO, el comprador deber\u00e1 mantener, como custodio de AMPCO, todos los reembolsos recibidos de cualquier seguro, separados e identificables de todos los otros reembolsos, y deber\u00e1 remitir directamente a AMPCO el importe completo de los productos o materiales, excepto aquella parte correspondiente que ya haya pagado.<br \/>\n[\/et_pb_text][\/et_pb_column_inner][\/et_pb_row_inner][et_pb_row_inner column_structure=\u00bb1_2,1_2&#8243; use_custom_gutter=\u00bbon\u00bb gutter_width=\u00bb2&#8243; custom_padding_last_edited=\u00bbon|desktop\u00bb admin_label=\u00bbRow\u00bb _builder_version=\u00bb3.25&#8243; custom_margin=\u00bb||80px|\u00bb custom_margin_tablet=\u00bb||60px|\u00bb custom_margin_phone=\u00bb\u00bb custom_margin_last_edited=\u00bbon|phone\u00bb custom_padding=\u00bb0px|||\u00bb custom_padding_tablet=\u00bb\u00bb custom_padding_phone=\u00bb\u00bb custom_css_main_element=\u00bbborder-bottom: solid 2px #e8e8e8;\u00bb global_colors_info=\u00bb{}\u00bb][et_pb_column_inner type=\u00bb1_2&#8243; saved_specialty_column_type=\u00bb2_3&#8243; _builder_version=\u00bb3.25&#8243; custom_padding=\u00bb|||\u00bb global_colors_info=\u00bb{}\u00bb custom_padding__hover=\u00bb|||\u00bb][et_pb_blurb title=\u00bbAMPCO METAL Brasil\u00bb url=\u00bbhttps:\/\/staging.ampcometal.com\/documents\/AMPCO%20METAL%20-%20Condi\u00e7\u00f5es%20Gerais%20de%20Fornecimento.pdf\u00bb url_new_window=\u00bbon\u00bb use_icon=\u00bbon\u00bb font_icon=\u00bb%%1%%\u00bb icon_color=\u00bb#878787&#8243; use_circle=\u00bbon\u00bb circle_color=\u00bb#f7f7f7&#8243; use_circle_border=\u00bbon\u00bb circle_border_color=\u00bb#878787&#8243; icon_placement=\u00bbleft\u00bb module_class=\u00bbdownload-blurbs clickable-blurbs\u00bb _builder_version=\u00bb3.0.106&#8243; max_width_tablet=\u00bb\u00bb max_width_phone=\u00bb\u00bb max_width_last_edited=\u00bbon|\u00bb animation=\u00bboff\u00bb custom_css_blurb_content=\u00bbvertical-align: bottom;\u00bb global_colors_info=\u00bb{}\u00bb][\/et_pb_blurb][et_pb_blurb title=\u00bbAMPCO METAL Deutschland\u00bb url=\u00bbhttps:\/\/staging.ampcometal.com\/documents\/ampco_conditions_germany.pdf\u00bb url_new_window=\u00bbon\u00bb use_icon=\u00bbon\u00bb font_icon=\u00bb%%1%%\u00bb icon_color=\u00bb#878787&#8243; use_circle=\u00bbon\u00bb circle_color=\u00bb#f7f7f7&#8243; use_circle_border=\u00bbon\u00bb circle_border_color=\u00bb#878787&#8243; icon_placement=\u00bbleft\u00bb module_class=\u00bbdownload-blurbs clickable-blurbs\u00bb _builder_version=\u00bb3.0.87&#8243; header_letter_spacing=\u00bb0&#8243; header_line_height=\u00bb1&#8243; body_letter_spacing=\u00bb0&#8243; body_line_height=\u00bb1.7&#8243; max_width_tablet=\u00bb\u00bb max_width_phone=\u00bb\u00bb max_width_last_edited=\u00bbon|\u00bb animation=\u00bboff\u00bb custom_css_blurb_content=\u00bbvertical-align: bottom;\u00bb border_width=\u00bb1&#8243; border_style=\u00bbsolid\u00bb global_colors_info=\u00bb{}\u00bb][\/et_pb_blurb][et_pb_blurb title=\u00bbAMPCO METAL India\u00bb url=\u00bbhttps:\/\/staging.ampcometal.com\/documents\/AMPCO%20METAL_conditions_India.pdf\u00bb url_new_window=\u00bbon\u00bb use_icon=\u00bbon\u00bb font_icon=\u00bb%%1%%\u00bb icon_color=\u00bb#878787&#8243; use_circle=\u00bbon\u00bb circle_color=\u00bb#f7f7f7&#8243; use_circle_border=\u00bbon\u00bb circle_border_color=\u00bb#878787&#8243; icon_placement=\u00bbleft\u00bb module_class=\u00bbdownload-blurbs clickable-blurbs\u00bb _builder_version=\u00bb3.0.106&#8243; max_width_tablet=\u00bb\u00bb max_width_phone=\u00bb\u00bb max_width_last_edited=\u00bbon|\u00bb animation=\u00bboff\u00bb custom_css_blurb_content=\u00bbvertical-align: bottom;\u00bb global_colors_info=\u00bb{}\u00bb][\/et_pb_blurb][et_pb_blurb title=\u00bbAMPCO METAL Suiza (Mundial)\u00bb url=\u00bbhttps:\/\/staging.ampcometal.com\/documents\/ampco_conditions.pdf\u00bb url_new_window=\u00bbon\u00bb use_icon=\u00bbon\u00bb font_icon=\u00bb%%1%%\u00bb icon_color=\u00bb#878787&#8243; use_circle=\u00bbon\u00bb circle_color=\u00bb#f7f7f7&#8243; use_circle_border=\u00bbon\u00bb circle_border_color=\u00bb#878787&#8243; icon_placement=\u00bbleft\u00bb module_class=\u00bbdownload-blurbs clickable-blurbs\u00bb _builder_version=\u00bb3.0.87&#8243; header_letter_spacing=\u00bb0&#8243; header_line_height=\u00bb1&#8243; body_letter_spacing=\u00bb0&#8243; body_line_height=\u00bb1.7&#8243; max_width_tablet=\u00bb\u00bb max_width_phone=\u00bb\u00bb max_width_last_edited=\u00bbon|\u00bb animation=\u00bboff\u00bb custom_css_blurb_content=\u00bbvertical-align: bottom;\u00bb border_width=\u00bb1&#8243; border_style=\u00bbsolid\u00bb global_colors_info=\u00bb{}\u00bb][\/et_pb_blurb][et_pb_blurb title=\u00bbAMPCO METAL USA\u00bb url=\u00bbhttps:\/\/staging.ampcometal.com\/documents\/AMPCO%20METAL%20-%20General%20Terms%20and%20Conditions.pdf\u00bb url_new_window=\u00bbon\u00bb use_icon=\u00bbon\u00bb font_icon=\u00bb%%1%%\u00bb icon_color=\u00bb#878787&#8243; use_circle=\u00bbon\u00bb circle_color=\u00bb#f7f7f7&#8243; use_circle_border=\u00bbon\u00bb circle_border_color=\u00bb#878787&#8243; icon_placement=\u00bbleft\u00bb module_class=\u00bbdownload-blurbs clickable-blurbs\u00bb _builder_version=\u00bb3.0.106&#8243; max_width_tablet=\u00bb\u00bb max_width_phone=\u00bb\u00bb max_width_last_edited=\u00bbon|\u00bb animation=\u00bboff\u00bb custom_css_blurb_content=\u00bbvertical-align: bottom;\u00bb global_colors_info=\u00bb{}\u00bb][\/et_pb_blurb][\/et_pb_column_inner][et_pb_column_inner type=\u00bb1_2&#8243; saved_specialty_column_type=\u00bb2_3&#8243; _builder_version=\u00bb3.25&#8243; custom_padding=\u00bb|||\u00bb global_colors_info=\u00bb{}\u00bb custom_padding__hover=\u00bb|||\u00bb][et_pb_image src=\u00bbhttps:\/\/staging.ampcometal.com\/wp-content\/uploads\/2017\/03\/Doc-Downloads-Thumb.png\u00bb show_bottom_space=\u00bboff\u00bb align=\u00bbcenter\u00bb align_tablet=\u00bbcenter\u00bb align_phone=\u00bb\u00bb align_last_edited=\u00bbon|desktop\u00bb _builder_version=\u00bb3.23&#8243; custom_margin=\u00bb||30px|\u00bb custom_margin_tablet=\u00bb\u00bb custom_margin_phone=\u00bb\u00bb custom_margin_last_edited=\u00bbon|\u00bb animation_style=\u00bbfade\u00bb animation_duration=\u00bb500ms\u00bb use_border_color=\u00bboff\u00bb border_color=\u00bb#ffffff\u00bb border_style=\u00bbsolid\u00bb animation=\u00bbfade_in\u00bb sticky=\u00bbon\u00bb always_center_on_mobile=\u00bbon\u00bb global_colors_info=\u00bb{}\u00bb][\/et_pb_image][\/et_pb_column_inner][\/et_pb_row_inner][\/et_pb_column][\/et_pb_section]\n","protected":false},"excerpt":{"rendered":"<p>AMPCO METAL T\u00e9rminos y Condiciones de Venta Versi\u00f3n internacional 1. AMPCO METAL SA, en adelante abreviada \u201cAMPCO\u201d, s\u00f3lo hace negocios bajo y sujeto a los t\u00e9rminos y condiciones impresas a continuaci\u00f3n, y que excluyen cualquiera de los t\u00e9rminos incompatibles con las mismas en cualquier orden recibida o aceptada. Todas las ofertas y presupuestos est\u00e1n sujetos [&hellip;]<\/p>\n","protected":false},"author":1,"featured_media":0,"parent":54090,"menu_order":0,"comment_status":"closed","ping_status":"closed","template":"","meta":{"_et_pb_use_builder":"on","_et_pb_old_content":"","_et_gb_content_width":"","inline_featured_image":false,"footnotes":"","_links_to":"","_links_to_target":""},"class_list":["post-54072","page","type-page","status-publish","hentry"],"acf":[],"aioseo_notices":[],"_links":{"self":[{"href":"https:\/\/staging.ampcometal.com\/es\/wp-json\/wp\/v2\/pages\/54072","targetHints":{"allow":["GET"]}}],"collection":[{"href":"https:\/\/staging.ampcometal.com\/es\/wp-json\/wp\/v2\/pages"}],"about":[{"href":"https:\/\/staging.ampcometal.com\/es\/wp-json\/wp\/v2\/types\/page"}],"author":[{"embeddable":true,"href":"https:\/\/staging.ampcometal.com\/es\/wp-json\/wp\/v2\/users\/1"}],"replies":[{"embeddable":true,"href":"https:\/\/staging.ampcometal.com\/es\/wp-json\/wp\/v2\/comments?post=54072"}],"version-history":[{"count":0,"href":"https:\/\/staging.ampcometal.com\/es\/wp-json\/wp\/v2\/pages\/54072\/revisions"}],"up":[{"embeddable":true,"href":"https:\/\/staging.ampcometal.com\/es\/wp-json\/wp\/v2\/pages\/54090"}],"wp:attachment":[{"href":"https:\/\/staging.ampcometal.com\/es\/wp-json\/wp\/v2\/media?parent=54072"}],"curies":[{"name":"wp","href":"https:\/\/api.w.org\/{rel}","templated":true}]}}