{"id":54049,"date":"2021-09-14T09:48:03","date_gmt":"2021-09-14T07:48:03","guid":{"rendered":"https:\/\/staging.ampcometal.com\/descarga-de-medios\/"},"modified":"2021-09-14T09:48:03","modified_gmt":"2021-09-14T07:48:03","slug":"descarga-de-medios","status":"publish","type":"page","link":"https:\/\/staging.ampcometal.com\/es\/datos-tecnicos\/descarga-de-medios\/","title":{"rendered":"Descarga de medios"},"content":{"rendered":"[et_pb_section fb_built=\u00bb1&#8243; specialty=\u00bbon\u00bb custom_padding_last_edited=\u00bbon|desktop\u00bb parallax_method_1=\u00bboff\u00bb parallax_method_2=\u00bboff\u00bb module_id_1=\u00bbproduct-page-sidebar-column\u00bb admin_label=\u00bbSection\u00bb _builder_version=\u00bb3.22&#8243; background_color=\u00bb#f7f7f7&#8243; custom_padding=\u00bb0px||0px|\u00bb custom_padding_tablet=\u00bb40px|||\u00bb custom_padding_phone=\u00bb\u00bb transparent_background=\u00bboff\u00bb make_fullwidth=\u00bboff\u00bb use_custom_width=\u00bboff\u00bb width_unit=\u00bbon\u00bb][et_pb_column type=\u00bb1_3&#8243; _builder_version=\u00bb3.25&#8243; custom_padding=\u00bb|||\u00bb custom_padding__hover=\u00bb|||\u00bb][et_pb_sidebar area=\u00bbtechnical_data_sidebar\u00bb disabled_on=\u00bbon|on|off\u00bb admin_label=\u00bbSidebar\u00bb module_id=\u00bbinner-product-sidebar-module\u00bb _builder_version=\u00bb4.9.4&#8243; hover_enabled=\u00bb0&#8243; remove_border=\u00bboff\u00bb sticky_enabled=\u00bb0&#8243;][\/et_pb_sidebar][\/et_pb_column][et_pb_column type=\u00bb2_3&#8243; specialty_columns=\u00bb2&#8243; _builder_version=\u00bb3.25&#8243; custom_padding=\u00bb|||\u00bb custom_padding__hover=\u00bb|||\u00bb][et_pb_row_inner custom_padding_last_edited=\u00bbon|\u00bb admin_label=\u00bbRow\u00bb _builder_version=\u00bb3.25&#8243; custom_padding=\u00bb40px|||\u00bb custom_padding_tablet=\u00bb\u00bb custom_padding_phone=\u00bb\u00bb][et_pb_column_inner saved_specialty_column_type=\u00bb2_3&#8243; _builder_version=\u00bb3.25&#8243; custom_padding=\u00bb|||\u00bb custom_padding__hover=\u00bb|||\u00bb][et_pb_text admin_label=\u00bbTitle\u00bb _builder_version=\u00bb3.27.4&#8243; text_letter_spacing=\u00bb0&#8243; text_line_height=\u00bb1.7&#8243; header_font_size=\u00bb30&#8243; header_letter_spacing=\u00bb0&#8243; header_line_height=\u00bb1&#8243; background_size=\u00bbinitial\u00bb background_position=\u00bbtop_left\u00bb background_repeat=\u00bbrepeat\u00bb use_border_color=\u00bboff\u00bb border_color=\u00bb#ffffff\u00bb border_width=\u00bb1&#8243; border_style=\u00bbsolid\u00bb]\n<h2 class=\"entry-title\">DESCARGA DE MEDIOS<\/h2>\n[\/et_pb_text][\/et_pb_column_inner][\/et_pb_row_inner][et_pb_row_inner custom_padding_last_edited=\u00bbon|desktop\u00bb admin_label=\u00bbRow\u00bb _builder_version=\u00bb3.25&#8243; custom_margin_last_edited=\u00bboff|phone\u00bb custom_padding=\u00bb0px|||\u00bb custom_padding_tablet=\u00bb\u00bb custom_padding_phone=\u00bb\u00bb][et_pb_column_inner saved_specialty_column_type=\u00bb2_3&#8243; _builder_version=\u00bb3.25&#8243; custom_padding=\u00bb|||\u00bb custom_padding__hover=\u00bb|||\u00bb][et_pb_text admin_label=\u00bbSubtitle\u00bb _builder_version=\u00bb3.27.4&#8243; text_letter_spacing=\u00bb0&#8243; text_line_height=\u00bb1.7&#8243; header_font_size=\u00bb30&#8243; header_letter_spacing=\u00bb0&#8243; header_line_height=\u00bb1&#8243; background_size=\u00bbinitial\u00bb background_position=\u00bbtop_left\u00bb background_repeat=\u00bbrepeat\u00bb use_border_color=\u00bboff\u00bb border_color=\u00bb#ffffff\u00bb border_width=\u00bb1&#8243; border_style=\u00bbsolid\u00bb]\n<h4>\n            <span style=\"color: #f19a19;\">Salvapantallas<\/span><br \/>\n          <\/h4>\n[\/et_pb_text][\/et_pb_column_inner][\/et_pb_row_inner][et_pb_row_inner use_custom_gutter=\u00bbon\u00bb gutter_width=\u00bb2&#8243; custom_padding_last_edited=\u00bbon|phone\u00bb admin_label=\u00bbRow\u00bb _builder_version=\u00bb3.25&#8243; custom_margin=\u00bb||60px|\u00bb custom_margin_tablet=\u00bb\u00bb custom_margin_phone=\u00bb\u00bb custom_margin_last_edited=\u00bbon|desktop\u00bb custom_padding=\u00bb||30px|\u00bb custom_padding_tablet=\u00bb\u00bb custom_padding_phone=\u00bb\u00bb custom_css_main_element=\u00bbborder-bottom: solid 2px #e8e8e8;\u00bb][et_pb_column_inner saved_specialty_column_type=\u00bb2_3&#8243; module_id=\u00bbwallpaper-download-section\u00bb _builder_version=\u00bb3.25&#8243; custom_padding=\u00bb||0px|\u00bb custom_padding_last_edited=\u00bbon|phone\u00bb custom_css_main_element=\u00bbmargin-bottom: 0;\u00bb custom_padding__hover=\u00bb|||\u00bb][et_pb_blurb image=\u00bbhttps:\/\/staging.ampcometal.com\/wp-content\/uploads\/2017\/04\/wallpaper-1.jpg\u00bb icon_placement=\u00bbleft\u00bb image_max_width=\u00bbnone\u00bb admin_label=\u00bbWallpaper 1 (Edit links in text editor)\u00bb module_class=\u00bbwallpaper-download-block\u00bb _builder_version=\u00bb3.0.87&#8243; background_color=\u00bb#ffffff\u00bb background_size=\u00bbinitial\u00bb background_position=\u00bbtop_left\u00bb background_repeat=\u00bbrepeat\u00bb max_width_last_edited=\u00bboff|\u00bb animation=\u00bboff\u00bb use_border_color=\u00bboff\u00bb border_color=\u00bb#ffffff\u00bb border_style=\u00bbsolid\u00bb]<span style=\"color: #222222;\">FONDOS DE PANTALLA AMPCO<\/span><\/p>\n<p>Fondo de pantalla 1<br \/>\n<span style=\"color: #f19a19;\">Tama\u00f1o: 7109 x 4000 px<\/span><\/p>\n<div class=\"other-sizes-row\">\n<p><em>Otros tama\u00f1os bajo pedido<\/em><\/p>\n<p><a href=\"https:\/\/staging.ampcometal.com\/wp-content\/uploads\/2017\/04\/ampco-wallpaper-1.jpg\" target=\"_blank\" rel=\"noopener\"><span class=\"wallpaper-download-icon\"><\/span><\/a><\/div>\n[\/et_pb_blurb][et_pb_blurb image=\u00bbhttps:\/\/staging.ampcometal.com\/wp-content\/uploads\/2017\/04\/wallpaper-2.jpg\u00bb icon_placement=\u00bbleft\u00bb image_max_width=\u00bbnone\u00bb admin_label=\u00bbWallpaper 2 (Edit links in text editor)\u00bb module_class=\u00bbwallpaper-download-block\u00bb _builder_version=\u00bb3.0.87&#8243; background_color=\u00bb#ffffff\u00bb background_size=\u00bbinitial\u00bb background_position=\u00bbtop_left\u00bb background_repeat=\u00bbrepeat\u00bb max_width_last_edited=\u00bboff|\u00bb animation=\u00bboff\u00bb use_border_color=\u00bboff\u00bb border_color=\u00bb#ffffff\u00bb border_style=\u00bbsolid\u00bb]<span style=\"color: #222222;\">FONDOS DE PANTALLA AMPCO<\/span><\/p>\n<p>Fondo de pantalla 1<br \/>\n<span style=\"color: #f19a19;\">Tama\u00f1o: 1280 x 1024 px<\/span><\/p>\n<div class=\"other-sizes-row\">\n<p><em>Otros tama\u00f1os bajo pedido<\/em><\/p>\n<p><a href=\"https:\/\/staging.ampcometal.com\/wp-content\/uploads\/2017\/04\/ampco-wallpaper-2.jpg\" target=\"_blank\" rel=\"noopener\"><span class=\"wallpaper-download-icon\"><\/span><\/a><\/div>\n[\/et_pb_blurb][et_pb_blurb image=\u00bbhttps:\/\/staging.ampcometal.com\/wp-content\/uploads\/2017\/04\/wallpaper-3.jpg\u00bb icon_placement=\u00bbleft\u00bb image_max_width=\u00bbnone\u00bb admin_label=\u00bbWallpaper 3 (Edit links in text editor)\u00bb module_class=\u00bbwallpaper-download-block\u00bb _builder_version=\u00bb3.0.87&#8243; background_color=\u00bb#ffffff\u00bb background_size=\u00bbinitial\u00bb background_position=\u00bbtop_left\u00bb background_repeat=\u00bbrepeat\u00bb max_width_last_edited=\u00bboff|\u00bb animation=\u00bboff\u00bb use_border_color=\u00bboff\u00bb border_color=\u00bb#ffffff\u00bb border_style=\u00bbsolid\u00bb]<span style=\"color: #222222;\">FONDOS DE PANTALLA AMPCO<\/span><\/p>\n<p>Fondo de pantalla 1<br \/>\n<span style=\"color: #f19a19;\">Tama\u00f1o: 1280 x 1024 px<\/span><\/p>\n<div class=\"other-sizes-row\">\n<p><em>Otros tama\u00f1os bajo pedido<\/em><\/p>\n<p><a href=\"https:\/\/staging.ampcometal.com\/wp-content\/uploads\/2017\/04\/ampco-wallpaper-3.jpg\" target=\"_blank\" rel=\"noopener\"><span class=\"wallpaper-download-icon\"><\/span><\/a><\/div>\n[\/et_pb_blurb][et_pb_blurb image=\u00bbhttps:\/\/staging.ampcometal.com\/wp-content\/uploads\/2017\/04\/wallpaper-4.jpg\u00bb icon_placement=\u00bbleft\u00bb image_max_width=\u00bbnone\u00bb admin_label=\u00bbWallpaper 4 (Edit links in text editor)\u00bb module_class=\u00bbwallpaper-download-block\u00bb _builder_version=\u00bb3.0.87&#8243; background_color=\u00bb#ffffff\u00bb background_size=\u00bbinitial\u00bb background_position=\u00bbtop_left\u00bb background_repeat=\u00bbrepeat\u00bb max_width_last_edited=\u00bboff|\u00bb animation=\u00bboff\u00bb use_border_color=\u00bboff\u00bb border_color=\u00bb#ffffff\u00bb border_style=\u00bbsolid\u00bb]<span style=\"color: #222222;\">FONDOS DE PANTALLA AMPCO<\/span><\/p>\n<p>Fondo de pantalla 1<br \/>\n<span style=\"color: #f19a19;\">Tama\u00f1o: 1280 x 1024 px<\/span><\/p>\n<div class=\"other-sizes-row\">\n<p><em>Otros tama\u00f1os bajo pedido<\/em><\/p>\n<p><a href=\"https:\/\/staging.ampcometal.com\/wp-content\/uploads\/2017\/04\/ampco-wallpaper-4.jpg\" target=\"_blank\" rel=\"noopener\"><span class=\"wallpaper-download-icon\"><\/span><\/a><\/div>\n[\/et_pb_blurb][et_pb_blurb image=\u00bbhttps:\/\/staging.ampcometal.com\/wp-content\/uploads\/2017\/04\/wallpaper-5.jpg\u00bb icon_placement=\u00bbleft\u00bb image_max_width=\u00bbnone\u00bb admin_label=\u00bbWallpaper 5 (Edit links in text editor)\u00bb module_class=\u00bbwallpaper-download-block\u00bb _builder_version=\u00bb3.0.87&#8243; background_color=\u00bb#ffffff\u00bb background_size=\u00bbinitial\u00bb background_position=\u00bbtop_left\u00bb background_repeat=\u00bbrepeat\u00bb max_width_last_edited=\u00bboff|\u00bb animation=\u00bboff\u00bb use_border_color=\u00bboff\u00bb border_color=\u00bb#ffffff\u00bb border_style=\u00bbsolid\u00bb]<span style=\"color: #222222;\">FONDOS DE PANTALLA AMPCO<\/span><\/p>\n<p>Fondo de pantalla 1<br \/>\n<span style=\"color: #f19a19;\">Tama\u00f1o: 1280 x 1024 px<\/span><\/p>\n<div class=\"other-sizes-row\">\n<p><em>Otros tama\u00f1os bajo pedido<\/em><\/p>\n<p><a href=\"https:\/\/staging.ampcometal.com\/wp-content\/uploads\/2017\/04\/ampco-wallpaper-5.jpg\" target=\"_blank\" rel=\"noopener\"><span class=\"wallpaper-download-icon\"><\/span><\/a><\/div>\n[\/et_pb_blurb][et_pb_blurb image=\u00bbhttps:\/\/staging.ampcometal.com\/wp-content\/uploads\/2017\/04\/wallpaper-6.jpg\u00bb icon_placement=\u00bbleft\u00bb image_max_width=\u00bbnone\u00bb admin_label=\u00bbWallpaper 6 (Edit links in text editor)\u00bb module_class=\u00bbwallpaper-download-block\u00bb _builder_version=\u00bb3.0.87&#8243; background_color=\u00bb#ffffff\u00bb background_size=\u00bbinitial\u00bb background_position=\u00bbtop_left\u00bb background_repeat=\u00bbrepeat\u00bb max_width_last_edited=\u00bboff|\u00bb animation=\u00bboff\u00bb use_border_color=\u00bboff\u00bb border_color=\u00bb#ffffff\u00bb border_style=\u00bbsolid\u00bb]<span style=\"color: #222222;\">FONDOS DE PANTALLA AMPCO<\/span><\/p>\n<p>Fondo de pantalla 1<br \/>\n<span style=\"color: #f19a19;\">Tama\u00f1o: 1280 x 1024 px<\/span><\/p>\n<div class=\"other-sizes-row\">\n<p><em>Otros tama\u00f1os bajo pedido<\/em><\/p>\n<p><a href=\"https:\/\/staging.ampcometal.com\/wp-content\/uploads\/2017\/04\/ampco-wallpaper-6.jpg\" target=\"_blank\" rel=\"noopener\"><span class=\"wallpaper-download-icon\"><\/span><\/a><\/div>\n[\/et_pb_blurb][et_pb_blurb image=\u00bbhttps:\/\/staging.ampcometal.com\/wp-content\/uploads\/2017\/04\/wallpaper-7.jpg\u00bb icon_placement=\u00bbleft\u00bb image_max_width=\u00bbnone\u00bb admin_label=\u00bbWallpaper 7 (Edit links in text editor)\u00bb module_class=\u00bbwallpaper-download-block\u00bb _builder_version=\u00bb3.0.87&#8243; background_color=\u00bb#ffffff\u00bb background_size=\u00bbinitial\u00bb background_position=\u00bbtop_left\u00bb background_repeat=\u00bbrepeat\u00bb max_width_last_edited=\u00bboff|\u00bb animation=\u00bboff\u00bb use_border_color=\u00bboff\u00bb border_color=\u00bb#ffffff\u00bb border_style=\u00bbsolid\u00bb]<span style=\"color: #222222;\">FONDOS DE PANTALLA AMPCO<\/span><\/p>\n<p>Fondo de pantalla 1<br \/>\n<span style=\"color: #f19a19;\">Tama\u00f1o: 7109 x 4000 px<\/span><\/p>\n<div class=\"other-sizes-row\">\n<p><em>Otros tama\u00f1os bajo pedido<\/em><\/p>\n<p><a href=\"https:\/\/staging.ampcometal.com\/wp-content\/uploads\/2017\/04\/ampco-wallpaper-7.jpg\" target=\"_blank\" rel=\"noopener\"><span class=\"wallpaper-download-icon\"><\/span><\/a><\/div>\n[\/et_pb_blurb][et_pb_blurb image=\u00bbhttps:\/\/staging.ampcometal.com\/wp-content\/uploads\/2017\/04\/wallpaper-8.jpg\u00bb icon_placement=\u00bbleft\u00bb image_max_width=\u00bbnone\u00bb admin_label=\u00bbWallpaper 8 (Edit links in text editor)\u00bb module_class=\u00bbwallpaper-download-block\u00bb _builder_version=\u00bb3.0.87&#8243; background_color=\u00bb#ffffff\u00bb background_size=\u00bbinitial\u00bb background_position=\u00bbtop_left\u00bb background_repeat=\u00bbrepeat\u00bb max_width_last_edited=\u00bboff|\u00bb animation=\u00bboff\u00bb use_border_color=\u00bboff\u00bb border_color=\u00bb#ffffff\u00bb border_style=\u00bbsolid\u00bb]<span style=\"color: #222222;\">FONDOS DE PANTALLA AMPCO<\/span><\/p>\n<p>Fondo de pantalla 1<br \/>\n<span style=\"color: #f19a19;\">Tama\u00f1o: 7109 x 4000 px<\/span><\/p>\n<div class=\"other-sizes-row\">\n<p><em>Otros tama\u00f1os bajo pedido<\/em><\/p>\n<p><a href=\"https:\/\/staging.ampcometal.com\/wp-content\/uploads\/2017\/04\/ampco-wallpaper-8.jpg\" target=\"_blank\" rel=\"noopener\"><span class=\"wallpaper-download-icon\"><\/span><\/a><\/div>\n[\/et_pb_blurb][et_pb_blurb image=\u00bbhttps:\/\/staging.ampcometal.com\/wp-content\/uploads\/2017\/04\/wallpaper-9.jpg\u00bb icon_placement=\u00bbleft\u00bb image_max_width=\u00bbnone\u00bb admin_label=\u00bbWallpaper 9 (Edit links in text editor)\u00bb module_class=\u00bbwallpaper-download-block\u00bb _builder_version=\u00bb3.0.87&#8243; background_color=\u00bb#ffffff\u00bb background_size=\u00bbinitial\u00bb background_position=\u00bbtop_left\u00bb background_repeat=\u00bbrepeat\u00bb max_width_last_edited=\u00bboff|\u00bb animation=\u00bboff\u00bb use_border_color=\u00bboff\u00bb border_color=\u00bb#ffffff\u00bb border_style=\u00bbsolid\u00bb]<span style=\"color: #222222;\">FONDOS DE PANTALLA AMPCO<\/span><\/p>\n<p>Fondo de pantalla 1<br \/>\n<span style=\"color: #f19a19;\">Tama\u00f1o: 7109 x 4000 px<\/span><\/p>\n<div class=\"other-sizes-row\">\n<p><em>Otros tama\u00f1os bajo pedido<\/em><\/p>\n<p><a href=\"https:\/\/staging.ampcometal.com\/wp-content\/uploads\/2017\/04\/ampco-wallpaper-9.jpg\" target=\"_blank\" rel=\"noopener\"><span class=\"wallpaper-download-icon\"><\/span><\/a><\/div>\n[\/et_pb_blurb][et_pb_blurb image=\u00bbhttps:\/\/staging.ampcometal.com\/wp-content\/uploads\/2017\/04\/wallpaper-10.jpg\u00bb icon_placement=\u00bbleft\u00bb image_max_width=\u00bbnone\u00bb admin_label=\u00bbWallpaper 10 (Edit links in text editor)\u00bb module_class=\u00bbwallpaper-download-block\u00bb _builder_version=\u00bb3.0.87&#8243; background_color=\u00bb#ffffff\u00bb background_size=\u00bbinitial\u00bb background_position=\u00bbtop_left\u00bb background_repeat=\u00bbrepeat\u00bb max_width_last_edited=\u00bboff|\u00bb animation=\u00bboff\u00bb use_border_color=\u00bboff\u00bb border_color=\u00bb#ffffff\u00bb border_style=\u00bbsolid\u00bb]<span style=\"color: #222222;\">FONDOS DE PANTALLA AMPCO<\/span><\/p>\n<p>Fondo de pantalla 1<br \/>\n<span style=\"color: #f19a19;\">Tama\u00f1o: 7109 x 4000 px<\/span><\/p>\n<div class=\"other-sizes-row\">\n<p><em>Otros tama\u00f1os bajo pedido<\/em><\/p>\n<p><a href=\"https:\/\/staging.ampcometal.com\/wp-content\/uploads\/2017\/04\/ampco-wallpaper-10.jpg\" target=\"_blank\" rel=\"noopener\"><span class=\"wallpaper-download-icon\"><\/span><\/a><\/div>\n[\/et_pb_blurb][\/et_pb_column_inner][\/et_pb_row_inner][\/et_pb_column][\/et_pb_section]\n","protected":false},"excerpt":{"rendered":"<p>DESCARGA DE MEDIOS Salvapantallas FONDOS DE PANTALLA AMPCO Fondo de pantalla 1 Tama\u00f1o: 7109 x 4000 px Otros tama\u00f1os bajo pedido FONDOS DE PANTALLA AMPCO Fondo de pantalla 1 Tama\u00f1o: 1280 x 1024 px Otros tama\u00f1os bajo pedido FONDOS DE PANTALLA AMPCO Fondo de pantalla 1 Tama\u00f1o: 1280 x 1024 px Otros tama\u00f1os bajo pedido [&hellip;]<\/p>\n","protected":false},"author":1,"featured_media":0,"parent":54090,"menu_order":0,"comment_status":"closed","ping_status":"closed","template":"","meta":{"_et_pb_use_builder":"on","_et_pb_old_content":"","_et_gb_content_width":"","inline_featured_image":false,"footnotes":"","_links_to":"","_links_to_target":""},"class_list":["post-54049","page","type-page","status-publish","hentry"],"acf":[],"aioseo_notices":[],"_links":{"self":[{"href":"https:\/\/staging.ampcometal.com\/es\/wp-json\/wp\/v2\/pages\/54049","targetHints":{"allow":["GET"]}}],"collection":[{"href":"https:\/\/staging.ampcometal.com\/es\/wp-json\/wp\/v2\/pages"}],"about":[{"href":"https:\/\/staging.ampcometal.com\/es\/wp-json\/wp\/v2\/types\/page"}],"author":[{"embeddable":true,"href":"https:\/\/staging.ampcometal.com\/es\/wp-json\/wp\/v2\/users\/1"}],"replies":[{"embeddable":true,"href":"https:\/\/staging.ampcometal.com\/es\/wp-json\/wp\/v2\/comments?post=54049"}],"version-history":[{"count":0,"href":"https:\/\/staging.ampcometal.com\/es\/wp-json\/wp\/v2\/pages\/54049\/revisions"}],"up":[{"embeddable":true,"href":"https:\/\/staging.ampcometal.com\/es\/wp-json\/wp\/v2\/pages\/54090"}],"wp:attachment":[{"href":"https:\/\/staging.ampcometal.com\/es\/wp-json\/wp\/v2\/media?parent=54049"}],"curies":[{"name":"wp","href":"https:\/\/api.w.org\/{rel}","templated":true}]}}