{"id":52678,"date":"2021-09-03T13:29:33","date_gmt":"2021-09-03T11:29:33","guid":{"rendered":"https:\/\/staging.ampcometal.com\/products\/%product_category%\/cu-w-gesintert\/"},"modified":"2024-03-25T17:50:48","modified_gmt":"2024-03-25T15:50:48","slug":"cu-w-gesintert","status":"publish","type":"product","link":"https:\/\/staging.ampcometal.com\/de\/produkte\/ampcoloy-hochleitfahige-kupferlegierungen\/cu-w-gesintert\/","title":{"rendered":"Cu-W Gesintert"},"content":{"rendered":"<ul>\n<li data-gc-list-depth=\"1\" data-gc-list-style=\"bullet\"><strong>Hohe elektrische Leitf\u00e4higkeit:<\/strong> Cu-W Sintered bietet eine ausgezeichnete elektrische Leitf\u00e4higkeit und ist damit ideal f\u00fcr Anwendungen, bei denen die elektrische Leistung entscheidend ist.<\/li>\n<li data-gc-list-depth=\"1\" data-gc-list-style=\"bullet\"><strong>Lichtbogenbest\u00e4ndigkeit:<\/strong> Diese hochkupferhaltige Legierung ist sehr widerstandsf\u00e4hig gegen Lichtbogensch\u00e4den und eignet sich daher f\u00fcr Anwendungen, bei denen Lichtb\u00f6gen auftreten, wie z. B. bei Leistungsschaltern und Lichtbogenspitzen.<\/li>\n<li data-gc-list-depth=\"1\" data-gc-list-style=\"bullet\"><strong>Strapazierf\u00e4hig und langlebig: <\/strong>Bekannt f\u00fcr seine Strapazierf\u00e4higkeit und seine F\u00e4higkeit, anspruchsvollen Bedingungen zu widerstehen, was eine lang anhaltende Leistung gew\u00e4hrleistet.<\/li>\n<li data-gc-list-depth=\"1\" data-gc-list-style=\"bullet\"><strong>Vielseitige Anwendungen:<\/strong> Sie werden h\u00e4ufig als Widerstandsschwei\u00dfelektroden, EDM-Elektroden, Stromkreisunterbrecher und Hochleistungskontakte verwendet.<\/li>\n<\/ul>\n<h5>Eigenschaften und Spezifikationen<\/h5>\n<p><\/br><br \/>\nCu-W Sintered ist eine hochleistungsf\u00e4hige feuerfeste Legierung, die f\u00fcr ihre hervorragenden Eigenschaften bekannt ist. Diese Legierung kombiniert die hervorragende elektrische und thermische Leitf\u00e4higkeit von Kupfer mit der beeindruckenden Lichtbogenbest\u00e4ndigkeit und den nicht schwei\u00dfbaren Eigenschaften von Wolfram und Molybd\u00e4n. Es wird mit Hilfe fortschrittlicher pulvermetallurgischer Verfahren hergestellt und hat ein gleichm\u00e4\u00dfiges und feink\u00f6rniges Gef\u00fcge, das eine au\u00dfergew\u00f6hnliche Leistung und Haltbarkeit gew\u00e4hrleistet. Seine \u00fcberragende Qualit\u00e4t stellt sicher, dass es die von der Resistance Welder Manufacturers&#8216; Association (RWMA) festgelegten Standards \u00fcbertrifft, was es zu einer idealen Wahl f\u00fcr eine breite Palette von Anwendungen macht, einschlie\u00dflich Widerstandsschwei\u00dfelektroden, EDM-Elektroden, Schutzschalter, Lichtbogenspitzen und Hochleistungskontakte. Die hochkupferhaltige Legierung eignet sich hervorragend f\u00fcr diese anspruchsvollen Anwendungen, da sie Lichtbogeneffekten und hohen Str\u00f6men standh\u00e4lt, was sie zu einem zuverl\u00e4ssigen und langlebigen Material macht.<\/p>\n<h5>Anwendungen<\/h5>\n<p><\/br><br \/>\nCu-W Sintered ist eine vielseitige und hochleistungsf\u00e4hige feuerfeste Legierung, die in einer Vielzahl von Branchen eingesetzt wird. Seine au\u00dfergew\u00f6hnliche Kombination aus elektrischer Leitf\u00e4higkeit und Lichtbogenbest\u00e4ndigkeit macht es zu einer unverzichtbaren Wahl f\u00fcr verschiedene Anwendungen. Es wird h\u00e4ufig als Widerstandsschwei\u00dfelektrode verwendet, wo es sich durch seine hohe Stromfestigkeit und stabile Leistung auszeichnet. Dar\u00fcber hinaus eignet sich die Legierung gut f\u00fcr Elektroden f\u00fcr die Funkenerosion (EDM), Unterbrecher, Lichtbogenspitzen und Hochleistungskontakte in einer Vielzahl von Umgebungen. Ob es darum geht, zuverl\u00e4ssige Verbindungen zu gew\u00e4hrleisten oder den Auswirkungen von Lichtb\u00f6gen zu widerstehen, Cu-W Sintered erbringt in anspruchsvollen Anwendungen konstant gute Leistungen, was es zum Material der Wahl f\u00fcr viele kritische Funktionen macht.<\/p>\n","protected":false},"featured_media":50574,"template":"","meta":{"_et_pb_use_builder":"","_et_pb_old_content":"","_et_gb_content_width":"","inline_featured_image":false,"_links_to":"","_links_to_target":""},"product_category":[409],"product_type":[],"product_shape":[],"class_list":["post-52678","product","type-product","status-publish","has-post-thumbnail","hentry","product_category-ampcoloy-hochleitfahige-kupferlegierungen"],"acf":[],"aioseo_notices":[],"_links":{"self":[{"href":"https:\/\/staging.ampcometal.com\/de\/wp-json\/wp\/v2\/product\/52678","targetHints":{"allow":["GET"]}}],"collection":[{"href":"https:\/\/staging.ampcometal.com\/de\/wp-json\/wp\/v2\/product"}],"about":[{"href":"https:\/\/staging.ampcometal.com\/de\/wp-json\/wp\/v2\/types\/product"}],"wp:featuredmedia":[{"embeddable":true,"href":"https:\/\/staging.ampcometal.com\/de\/wp-json\/wp\/v2\/media\/50574"}],"wp:attachment":[{"href":"https:\/\/staging.ampcometal.com\/de\/wp-json\/wp\/v2\/media?parent=52678"}],"wp:term":[{"taxonomy":"product_category","embeddable":true,"href":"https:\/\/staging.ampcometal.com\/de\/wp-json\/wp\/v2\/product_category?post=52678"},{"taxonomy":"product_type","embeddable":true,"href":"https:\/\/staging.ampcometal.com\/de\/wp-json\/wp\/v2\/product_type?post=52678"},{"taxonomy":"product_shape","embeddable":true,"href":"https:\/\/staging.ampcometal.com\/de\/wp-json\/wp\/v2\/product_shape?post=52678"}],"curies":[{"name":"wp","href":"https:\/\/api.w.org\/{rel}","templated":true}]}}