{"id":52677,"date":"2021-09-03T13:29:31","date_gmt":"2021-09-03T11:29:31","guid":{"rendered":"https:\/\/staging.ampcometal.com\/products\/%product_category%\/ampco-674-2\/"},"modified":"2024-03-18T12:39:30","modified_gmt":"2024-03-18T10:39:30","slug":"ampco-674","status":"publish","type":"product","link":"https:\/\/staging.ampcometal.com\/de\/produkte\/andere-legierungen\/ampco-674\/","title":{"rendered":"AMPCO\u00ae 674"},"content":{"rendered":"<ul>\n<li data-gc-list-depth=\"1\" data-gc-list-style=\"bullet\"><strong>Au\u00dfergew\u00f6hnliche Hei\u00dfschmiedbarkeit:<\/strong> Diese Aluminiumbronze zeichnet sich durch eine bemerkenswerte Hei\u00dfschmiedbarkeit aus, die mit einem perfekten Wert von 100 bewertet wird.<\/li>\n<li data-gc-list-depth=\"1\" data-gc-list-style=\"bullet\"><strong>Hochfeste Bronzelegierung:<\/strong> Bekannt f\u00fcr ihre hohe Festigkeit ist sie ein zuverl\u00e4ssiges Material f\u00fcr Anwendungen, bei denen Langlebigkeit und robuste mechanische Eigenschaften entscheidend sind.<\/li>\n<li data-gc-list-depth=\"1\" data-gc-list-style=\"bullet\"><strong>Korrosionsbest\u00e4ndige Eigenschaften:<\/strong> Diese Legierung verf\u00fcgt \u00fcber eine ausgezeichnete Korrosionsbest\u00e4ndigkeit und ist daher f\u00fcr den Einsatz in rauen Umgebungen geeignet.<\/li>\n<li data-gc-list-depth=\"1\" data-gc-list-style=\"bullet\"><strong>Verbesserte Zugfestigkeit und Streckgrenze:<\/strong> Der geringere Bleigehalt tr\u00e4gt zu einer verbesserten Zug- und Streckfestigkeit bei und macht es zu einer bevorzugten Option f\u00fcr Hochleistungsanwendungen, bei denen Zuverl\u00e4ssigkeit und Haltbarkeit gefragt sind.<\/li>\n<\/ul>\n<h5>AMPCO\u00ae 674 Eigenschaften und Spezifikationen<\/h5>\n<p><\/br><br \/>\nAMPCO\u00ae 674 ist eine hochfeste Bronzelegierung, die f\u00fcr ihre au\u00dfergew\u00f6hnliche Hei\u00dfschmiedbarkeit und Korrosionsbest\u00e4ndigkeit bekannt ist. Diese Legierung bietet ein einzigartiges Gleichgewicht an Eigenschaften, einschlie\u00dflich einer Warmschmiedbarkeit von 100, was sie zu einer idealen Wahl f\u00fcr Anwendungen macht, die eine Warmumformung erfordern. Auch die Zerspanbarkeit ist mit 25 % geringer als bei anderen Legierungen, was jedoch durch die h\u00f6here Zug- und Streckgrenze kompensiert wird. Diese Aluminiumbronze wird bevorzugt f\u00fcr eine Vielzahl von industriellen Anwendungen eingesetzt, darunter Buchsen, Zahnr\u00e4der, Nocken, Pleuelstangen und vieles mehr. Sein geringerer Bleigehalt unterscheidet es von seinem Gegenst\u00fcck <a href=\"https:\/\/staging.ampcometal.com\/products\/other-alloys\/ampco-673\/\">AMPCO\u00ae 673<\/a> und macht AMPCO\u00ae 674 zu einer bevorzugten Wahl f\u00fcr Anwendungen, bei denen eine geringere Bearbeitbarkeit und eine h\u00f6here Festigkeit gew\u00fcnscht sind.<\/p>\n<h5>AMPCO\u00ae 674 Anwendungen<\/h5>\n<p><\/br><br \/>\nAMPCO\u00ae 674, eine hochfeste Bronzelegierung, wird in einer Vielzahl von industriellen Anwendungen eingesetzt. Seine au\u00dfergew\u00f6hnliche Warmumformbarkeit von 100 macht es besonders geeignet f\u00fcr Bauteile, die warm umgeformt werden m\u00fcssen, wie z. B. Buchsen, Zahnr\u00e4der und Nocken. Die Korrosionsbest\u00e4ndigkeit und die robusten mechanischen Eigenschaften machen diese Aluminiumbronze auch zu einer bevorzugten Wahl f\u00fcr Anwendungen, die Zuverl\u00e4ssigkeit in rauen Umgebungen erfordern, wie z. B. Pleuelstangen, Leerlaufwellen, Schneckenr\u00e4der, Vorschubfinger und Spindelmuttern. Der geringere Bleigehalt dieser vielseitigen Legierung erh\u00f6ht ihre Zug- und Streckgrenze und macht sie zur idealen Wahl f\u00fcr eine Vielzahl von hochbelastbaren und korrosionsbest\u00e4ndigen Anwendungen in einer Vielzahl von Branchen.<\/p>\n","protected":false},"featured_media":50558,"template":"","meta":{"_et_pb_use_builder":"","_et_pb_old_content":"","_et_gb_content_width":"","inline_featured_image":false,"_links_to":"","_links_to_target":""},"product_category":[411],"product_type":[386],"product_shape":[393,395],"class_list":["post-52677","product","type-product","status-publish","has-post-thumbnail","hentry","product_category-andere-legierungen"],"acf":[],"aioseo_notices":[],"_links":{"self":[{"href":"https:\/\/staging.ampcometal.com\/de\/wp-json\/wp\/v2\/product\/52677","targetHints":{"allow":["GET"]}}],"collection":[{"href":"https:\/\/staging.ampcometal.com\/de\/wp-json\/wp\/v2\/product"}],"about":[{"href":"https:\/\/staging.ampcometal.com\/de\/wp-json\/wp\/v2\/types\/product"}],"wp:featuredmedia":[{"embeddable":true,"href":"https:\/\/staging.ampcometal.com\/de\/wp-json\/wp\/v2\/media\/50558"}],"wp:attachment":[{"href":"https:\/\/staging.ampcometal.com\/de\/wp-json\/wp\/v2\/media?parent=52677"}],"wp:term":[{"taxonomy":"product_category","embeddable":true,"href":"https:\/\/staging.ampcometal.com\/de\/wp-json\/wp\/v2\/product_category?post=52677"},{"taxonomy":"product_type","embeddable":true,"href":"https:\/\/staging.ampcometal.com\/de\/wp-json\/wp\/v2\/product_type?post=52677"},{"taxonomy":"product_shape","embeddable":true,"href":"https:\/\/staging.ampcometal.com\/de\/wp-json\/wp\/v2\/product_shape?post=52677"}],"curies":[{"name":"wp","href":"https:\/\/api.w.org\/{rel}","templated":true}]}}