{"id":52675,"date":"2021-09-03T13:29:27","date_gmt":"2021-09-03T11:29:27","guid":{"rendered":"https:\/\/staging.ampcometal.com\/products\/%product_category%\/ampcoloy-91-2\/"},"modified":"2025-07-21T19:42:56","modified_gmt":"2025-07-21T17:42:56","slug":"ampcoloy-91","status":"publish","type":"product","link":"https:\/\/staging.ampcometal.com\/de\/produkte\/ampcoloy-hochleitfahige-kupferlegierungen\/ampcoloy-91\/","title":{"rendered":"AMPCOLOY\u00ae 91"},"content":{"rendered":"<ul>\n<li data-gc-list-depth=\"1\" data-gc-list-style=\"bullet\"><strong>Au\u00dfergew\u00f6hnliche Verschlei\u00dfbest\u00e4ndigkeit: <\/strong>Diese hochkupferhaltige Legierung weist eine au\u00dfergew\u00f6hnliche Verschlei\u00dffestigkeit auf und gew\u00e4hrleistet Langlebigkeit und Zuverl\u00e4ssigkeit bei anspruchsvollen Anwendungen, bei denen abrasive Kr\u00e4fte eine Rolle spielen.<\/li>\n<li data-gc-list-depth=\"1\" data-gc-list-style=\"bullet\"><strong>Hervorragende Korrosionsbest\u00e4ndigkeit:<\/strong> Dank seiner \u00fcberragenden Korrosionsbest\u00e4ndigkeit ist es unempfindlich gegen\u00fcber rauen Umgebungen und korrosiven Substanzen und damit die ideale Wahl f\u00fcr raue Bedingungen.<\/li>\n<li data-gc-list-depth=\"1\" data-gc-list-style=\"bullet\"><strong>Ausgezeichnete W\u00e4rmeleitf\u00e4higkeit: <\/strong>Die hervorragende W\u00e4rmeleitf\u00e4higkeit erm\u00f6glicht eine effiziente W\u00e4rme\u00fcbertragung und verbessert die Leistung bei Anwendungen, die eine pr\u00e4zise Temperaturkontrolle und schnelle K\u00fchlung erfordern.<\/li>\n<li data-gc-list-depth=\"1\" data-gc-list-style=\"bullet\"><strong>Hohe mechanische Festigkeit:<\/strong> Die Legierung bietet eine hohe mechanische Festigkeit, die die strukturelle Integrit\u00e4t f\u00fcr kritische Komponenten gew\u00e4hrleistet und eine gleichbleibende Leistung unter schweren Lasten sicherstellt.<\/li>\n<\/ul>\n<h5>Eigenschaften und Spezifikationen<\/h5>\n<p><\/br><br \/>\nAMPCOLOY\u00ae 91 ist eine hochwertige Hochkupferlegierung, die f\u00fcr ihre au\u00dfergew\u00f6hnlichen Eigenschaften bekannt ist. Es wurde mit einer etwas h\u00f6heren mechanischen Festigkeit als seine Gegenst\u00fccke entwickelt und bietet eine ausgezeichnete Verschlei\u00df- und Korrosionsbest\u00e4ndigkeit, was es zur idealen Wahl f\u00fcr kritische Anwendungen macht. Diese Legierung hat eine ausgezeichnete W\u00e4rmeleitf\u00e4higkeit, die die Leistung verbessert und die Lebensdauer der Werkzeuge um bis zu 50 % verl\u00e4ngert. Seine Zusammensetzung erm\u00f6glicht eine hervorragende Bearbeitbarkeit. Von AMPCOLOY\u00ae 91 k\u00f6nnen Sie eine \u00fcberragende Leistung und Haltbarkeit erwarten, was es zu einer bevorzugten Wahl f\u00fcr Punktschwei\u00dfelektroden, Gitterschwei\u00dfen, Elektrodenhalter und verschiedene Anwendungen macht, bei denen eine hohe W\u00e4rmeleitf\u00e4higkeit entscheidend ist.<\/p>\n<h5>Anwendungen<\/h5>\n<p><\/br><br \/>\nAMPCOLOY\u00ae 91 hat aufgrund seiner \u00fcberzeugenden Eigenschaften ein breites Anwendungsspektrum in verschiedenen Branchen. Diese hochleistungsf\u00e4hige Bronzelegierung ist die bevorzugte Wahl f\u00fcr Punktschwei\u00dfelektroden, Mattenschwei\u00dfen, Elektrodenhalter und Nahtschwei\u00dfscheiben, insbesondere bei der Arbeit mit Edelstahl, Monel, Nickellegierungen und anderen anspruchsvollen Materialien. Durch seine au\u00dfergew\u00f6hnliche W\u00e4rmeleitf\u00e4higkeit ist es von unsch\u00e4tzbarem Wert f\u00fcr Aluminiumdruckgussmaschinen, bei denen Kolbenstangenspitzen eine effiziente W\u00e4rme\u00fcbertragung erfordern. Ob es darum geht, die Produktivit\u00e4t bei Schwei\u00dfprozessen zu erh\u00f6hen oder die Pr\u00e4zision beim Gie\u00dfen zu gew\u00e4hrleisten, diese hochkupferhaltige Legierung eignet sich hervorragend f\u00fcr Anwendungen, bei denen es auf hervorragende W\u00e4rmeleitf\u00e4higkeit und Haltbarkeit ankommt.<\/p>\n","protected":false},"featured_media":50574,"template":"","meta":{"_et_pb_use_builder":"","_et_pb_old_content":"","_et_gb_content_width":"","inline_featured_image":false,"_links_to":"","_links_to_target":""},"product_category":[409],"product_type":[388,386],"product_shape":[],"class_list":["post-52675","product","type-product","status-publish","has-post-thumbnail","hentry","product_category-ampcoloy-hochleitfahige-kupferlegierungen"],"acf":[],"aioseo_notices":[],"_links":{"self":[{"href":"https:\/\/staging.ampcometal.com\/de\/wp-json\/wp\/v2\/product\/52675","targetHints":{"allow":["GET"]}}],"collection":[{"href":"https:\/\/staging.ampcometal.com\/de\/wp-json\/wp\/v2\/product"}],"about":[{"href":"https:\/\/staging.ampcometal.com\/de\/wp-json\/wp\/v2\/types\/product"}],"wp:featuredmedia":[{"embeddable":true,"href":"https:\/\/staging.ampcometal.com\/de\/wp-json\/wp\/v2\/media\/50574"}],"wp:attachment":[{"href":"https:\/\/staging.ampcometal.com\/de\/wp-json\/wp\/v2\/media?parent=52675"}],"wp:term":[{"taxonomy":"product_category","embeddable":true,"href":"https:\/\/staging.ampcometal.com\/de\/wp-json\/wp\/v2\/product_category?post=52675"},{"taxonomy":"product_type","embeddable":true,"href":"https:\/\/staging.ampcometal.com\/de\/wp-json\/wp\/v2\/product_type?post=52675"},{"taxonomy":"product_shape","embeddable":true,"href":"https:\/\/staging.ampcometal.com\/de\/wp-json\/wp\/v2\/product_shape?post=52675"}],"curies":[{"name":"wp","href":"https:\/\/api.w.org\/{rel}","templated":true}]}}