{"id":52671,"date":"2021-09-03T13:29:22","date_gmt":"2021-09-03T11:29:22","guid":{"rendered":"https:\/\/staging.ampcometal.com\/products\/%product_category%\/aluminiumbronze\/"},"modified":"2025-07-21T19:40:59","modified_gmt":"2025-07-21T17:40:59","slug":"aluminium-bronze","status":"publish","type":"product","link":"https:\/\/staging.ampcometal.com\/de\/produkte\/standardlegierungen\/aluminium-bronze\/","title":{"rendered":"Aluminium Bronze"},"content":{"rendered":"<p>Unsere Aluminiumbronze ist eine vielseitige Hochleistungslegierung, die eine beeindruckende Bandbreite an Eigenschaften und Spezifikationen bietet. Unsere Speziallegierungen kombinieren au\u00dfergew\u00f6hnliche mechanische Festigkeit, Korrosionsbest\u00e4ndigkeit und Duktilit\u00e4t. Ob in Maschinen, Ventilk\u00f6rpern, Propellernaben oder Verschlei\u00dfplatten, unsere Aluminiumbronze ist eine zuverl\u00e4ssige Wahl f\u00fcr anspruchsvolle Anwendungen. Auf Anfrage sind auch kundenspezifische chemische Zusammensetzungen erh\u00e4ltlich, was es zu einer flexiblen L\u00f6sung f\u00fcr ma\u00dfgeschneiderte Anforderungen macht.  <\/p>\n<ul>\n<li data-gc-list-depth=\"1\" data-gc-list-style=\"bullet\"><strong>Au\u00dfergew\u00f6hnliche Korrosionsbest\u00e4ndigkeit:<\/strong> Aluminiumbronze bietet eine hervorragende <a href=\"https:\/\/staging.ampcometal.com\/applications\/corrosion-resistance\/\">Korrosionsbest\u00e4ndigkeit<\/a> und eignet sich daher f\u00fcr den Einsatz in einer Vielzahl von Umgebungen, einschlie\u00dflich maritimer und chemischer Anwendungen.<\/li>\n<li data-gc-list-depth=\"1\" data-gc-list-style=\"bullet\"><strong>Hohe mechanische Festigkeit:<\/strong> Diese Legierung weist eine beeindruckende mechanische Festigkeit auf und eignet sich daher ideal f\u00fcr Anwendungen, die eine lange Lebensdauer und eine hohe Tragf\u00e4higkeit erfordern.<\/li>\n<li data-gc-list-depth=\"1\" data-gc-list-style=\"bullet\"><strong>Ausgezeichnete Duktilit\u00e4t: <\/strong>Es kombiniert Festigkeit mit hervorragender Duktilit\u00e4t, so dass es mechanischen Belastungen und Verformungen standh\u00e4lt, ohne die Integrit\u00e4t zu beeintr\u00e4chtigen.<\/li>\n<\/ul>\n<p><strong>Vielseitigkeit und Anpassungsf\u00e4higkeit:<\/strong> Erh\u00e4ltlich in einer Vielzahl von Legierungen, ist es ein vielseitiges Material, das an spezifische Leistungs- und Anwendungsanforderungen angepasst werden kann.  <\/p>\n<h5>Eigenschaften und Spezifikationen<\/h5>\n<p><\/br><\/p>\n<ul>\n<li>Erh\u00e4ltlich in Sondergr\u00f6\u00dfen wie U-\/L-\/T-Formen.<\/li>\n<li>Rechteckenstangen ab 8 mm Dicke.<\/li>\n<li>Rundst\u00e4be von 20 mm bis 212 mm Durchmesser.<\/li>\n<li>Rohre mit Wandst\u00e4rken von min. 8mm bis Au\u00dfendurchmesser 100mm.<\/li>\n<\/ul>\n<p> AMPCO\u00ae Aluminium Bronze ist ein hochwertiges Produkt, das Leistung f\u00fcr anspruchsvolle Anwendungen bietet. Die Legierungen umfassen:  <\/p>\n<ul>\n<li>CuAl10Fe5Ni5<\/li>\n<li>CuAl10Fe2<\/li>\n<li>CuAl9<\/li>\n<li>CuAl10Ni3Fe2<\/li>\n<li>CuAl11Fe6Ni6<\/li>\n<\/ul>\n<p>  Spezifische oder kundenspezifische chemische Zusammensetzungen sind auf Anfrage erh\u00e4ltlich.  <\/p>\n<h5>Aluminium Bronze Anwendungen<\/h5>\n<p><\/br> Unsere Aluminiumbronze findet aufgrund ihrer beeindruckenden Eigenschaften ein breites Anwendungsspektrum. Seine hohe mechanische Festigkeit, <a href=\"https:\/\/staging.ampcometal.com\/applications\/corrosion-resistance\/\">Korrosionsbest\u00e4ndigkeit<\/a> und Duktilit\u00e4t machen es zu einer idealen Wahl f\u00fcr verschiedene Branchen. Unsere Legierung wird h\u00e4ufig in Maschinen eingesetzt und eignet sich hervorragend f\u00fcr Anwendungen wie Wellen, Ventilgeh\u00e4use, Propellernaben, Schneckenr\u00e4der und Propellerbl\u00e4tter. Seine Vielseitigkeit erstreckt sich auch auf Verschlei\u00dfplatten, wo es robuste Leistung bietet.<\/p>\n","protected":false},"featured_media":0,"template":"product-standard-alloy.php","meta":{"_et_pb_use_builder":"","_et_pb_old_content":"","_et_gb_content_width":"","inline_featured_image":false,"_links_to":"","_links_to_target":""},"product_category":[412],"product_type":[],"product_shape":[],"class_list":["post-52671","product","type-product","status-publish","hentry","product_category-standardlegierungen"],"acf":[],"aioseo_notices":[],"_links":{"self":[{"href":"https:\/\/staging.ampcometal.com\/de\/wp-json\/wp\/v2\/product\/52671","targetHints":{"allow":["GET"]}}],"collection":[{"href":"https:\/\/staging.ampcometal.com\/de\/wp-json\/wp\/v2\/product"}],"about":[{"href":"https:\/\/staging.ampcometal.com\/de\/wp-json\/wp\/v2\/types\/product"}],"wp:attachment":[{"href":"https:\/\/staging.ampcometal.com\/de\/wp-json\/wp\/v2\/media?parent=52671"}],"wp:term":[{"taxonomy":"product_category","embeddable":true,"href":"https:\/\/staging.ampcometal.com\/de\/wp-json\/wp\/v2\/product_category?post=52671"},{"taxonomy":"product_type","embeddable":true,"href":"https:\/\/staging.ampcometal.com\/de\/wp-json\/wp\/v2\/product_type?post=52671"},{"taxonomy":"product_shape","embeddable":true,"href":"https:\/\/staging.ampcometal.com\/de\/wp-json\/wp\/v2\/product_shape?post=52671"}],"curies":[{"name":"wp","href":"https:\/\/api.w.org\/{rel}","templated":true}]}}