{"id":52667,"date":"2021-09-03T13:29:17","date_gmt":"2021-09-03T11:29:17","guid":{"rendered":"https:\/\/staging.ampcometal.com\/products\/%product_category%\/ampcoloy-83-2\/"},"modified":"2025-07-21T19:43:16","modified_gmt":"2025-07-21T17:43:16","slug":"ampcoloy-83","status":"publish","type":"product","link":"https:\/\/staging.ampcometal.com\/de\/produkte\/ampcoloy-hochleitfahige-kupferlegierungen\/ampcoloy-83\/","title":{"rendered":"AMPCOLOY\u00ae 83"},"content":{"rendered":"<ul>\n<li data-gc-list-depth=\"1\" data-gc-list-style=\"bullet\"><strong>Au\u00dfergew\u00f6hnliche mechanische Eigenschaften:<\/strong> AMPCOLOY\u00ae 83 weist eine hohe H\u00e4rte und eine \u00fcberragende Verschlei\u00dffestigkeit auf und eignet sich daher ideal f\u00fcr Anwendungen, bei denen es auf mechanische Festigkeit ankommt.<\/li>\n<li data-gc-list-depth=\"1\" data-gc-list-style=\"bullet\"><strong>Ausgezeichnete W\u00e4rmeleitf\u00e4higkeit:<\/strong> Diese Beryllium-Kupfer-Legierung bietet eine hervorragende W\u00e4rmeleitf\u00e4higkeit und verbessert die Leistung bei Anwendungen, bei denen die W\u00e4rmeableitung entscheidend ist.<\/li>\n<li data-gc-list-depth=\"1\" data-gc-list-style=\"bullet\"><strong>Korrosionsbest\u00e4ndigkeit: <\/strong>Die Legierung bietet eine hervorragende Korrosionsbest\u00e4ndigkeit, die f\u00fcr Haltbarkeit und Langlebigkeit sorgt, insbesondere in rauen Umgebungen.<\/li>\n<li data-gc-list-depth=\"1\" data-gc-list-style=\"bullet\"><strong>Vielseitigkeit:<\/strong> Mit ihrer guten Bearbeitbarkeit und Schwei\u00dfbarkeit ist sie eine vielseitige Legierung, die sich f\u00fcr eine breite Palette von Anwendungen eignet, von Kunststoffformteilen bis hin zu elektrischen Teilen.<\/li>\n<\/ul>\n<h5>Eigenschaften und Spezifikationen<\/h5>\n<p><\/br><br \/>\nAMPCOLOY\u00ae 83 ist eine hochwertige Beryllium-Kupfer-Legierung, die f\u00fcr ihre au\u00dfergew\u00f6hnlichen Eigenschaften und Vielseitigkeit bekannt ist. Diese Legierung enth\u00e4lt ca. 1,9% Beryllium, das f\u00fcr eine ausgezeichnete mechanische Festigkeit, einschlie\u00dflich hoher H\u00e4rte und Verschlei\u00dffestigkeit, sorgt. Sie hat au\u00dferdem eine gute elektrische und thermische Leitf\u00e4higkeit. Diese hochkupferhaltige Legierung wird geschmiedet und stranggepresst, um ihre besten physikalischen Eigenschaften zu erzielen, wodurch sie sich f\u00fcr eine Vielzahl von Anwendungen eignet. Ihre Korrosionsbest\u00e4ndigkeit, Bearbeitbarkeit und Reparierbarkeit durch Schwei\u00dfen machen sie zu einer bevorzugten Wahl f\u00fcr Industrien, die Komponenten mit mechanischer Festigkeit und Leitf\u00e4higkeit ben\u00f6tigen. Dank ihrer \u00fcberragenden W\u00e4rmeleitf\u00e4higkeit verbessert die Legierung die Zykluszeit und die Lebensdauer der Formen, insbesondere beim Kunststoffspritzguss, wo sie die Lebensdauer der Formen im Vergleich zu Kupfer-Titan um bis zu 50% verl\u00e4ngern kann.     <\/p>\n<h5>Anwendungen<\/h5>\n<p><\/br><br \/>\nAMPCOLOY\u00ae 83 hat aufgrund seiner au\u00dfergew\u00f6hnlichen Eigenschaften ein breites Anwendungsspektrum in einer Vielzahl von Branchen. Diese hochwertige Berylliumkupferlegierung wird h\u00e4ufig f\u00fcr die Konstruktion von K\u00fchlplatten und Eins\u00e4tzen f\u00fcr Formen, K\u00fchlstifte, Halsringe und Bodenplatten f\u00fcr Blasformen bei der Herstellung von Kunststoffflaschen verwendet. Ihre ausgezeichnete Verschlei\u00dffestigkeit und ihre hohen mechanischen Eigenschaften, gepaart mit einer guten elektrischen und thermischen Leitf\u00e4higkeit, machen sie zu einer bevorzugten Wahl f\u00fcr Teile in elektrischen Komponenten. Dar\u00fcber hinaus wird die hochkupferhaltige Legierung in Anwendungen wie dem Abbrennstumpfschwei\u00dfen und dem Stumpfschwei\u00dfen verwendet, wo ihre einzigartige Kombination von Eigenschaften von Vorteil ist. Bei der Arbeit mit AMPCOLOY\u00ae 83 sind jedoch aufgrund des Berylliumgehalts Sicherheitsvorkehrungen zu treffen, insbesondere bei Arbeitsg\u00e4ngen, die Staub oder D\u00e4mpfe erzeugen k\u00f6nnen, wie Trockenschleifen, Polieren oder Schwei\u00dfen.    <\/p>\n","protected":false},"featured_media":50550,"template":"","meta":{"_et_pb_use_builder":"","_et_pb_old_content":"","_et_gb_content_width":"","inline_featured_image":false,"_links_to":"","_links_to_target":""},"product_category":[409],"product_type":[388,386],"product_shape":[392,395],"class_list":["post-52667","product","type-product","status-publish","has-post-thumbnail","hentry","product_category-ampcoloy-hochleitfahige-kupferlegierungen"],"acf":[],"aioseo_notices":[],"_links":{"self":[{"href":"https:\/\/staging.ampcometal.com\/de\/wp-json\/wp\/v2\/product\/52667","targetHints":{"allow":["GET"]}}],"collection":[{"href":"https:\/\/staging.ampcometal.com\/de\/wp-json\/wp\/v2\/product"}],"about":[{"href":"https:\/\/staging.ampcometal.com\/de\/wp-json\/wp\/v2\/types\/product"}],"wp:featuredmedia":[{"embeddable":true,"href":"https:\/\/staging.ampcometal.com\/de\/wp-json\/wp\/v2\/media\/50550"}],"wp:attachment":[{"href":"https:\/\/staging.ampcometal.com\/de\/wp-json\/wp\/v2\/media?parent=52667"}],"wp:term":[{"taxonomy":"product_category","embeddable":true,"href":"https:\/\/staging.ampcometal.com\/de\/wp-json\/wp\/v2\/product_category?post=52667"},{"taxonomy":"product_type","embeddable":true,"href":"https:\/\/staging.ampcometal.com\/de\/wp-json\/wp\/v2\/product_type?post=52667"},{"taxonomy":"product_shape","embeddable":true,"href":"https:\/\/staging.ampcometal.com\/de\/wp-json\/wp\/v2\/product_shape?post=52667"}],"curies":[{"name":"wp","href":"https:\/\/api.w.org\/{rel}","templated":true}]}}