{"id":52664,"date":"2021-09-03T13:29:07","date_gmt":"2021-09-03T11:29:07","guid":{"rendered":"https:\/\/staging.ampcometal.com\/products\/%product_category%\/ampco-18-23-2\/"},"modified":"2024-04-03T15:37:43","modified_gmt":"2024-04-03T13:37:43","slug":"ampco-18-23","status":"publish","type":"product","link":"https:\/\/staging.ampcometal.com\/de\/produkte\/ampco-aluminiumbronze\/ampco-18-23\/","title":{"rendered":"AMPCO\u00ae 18.23"},"content":{"rendered":"<ul>\n<li data-gc-list-depth=\"1\" data-gc-list-style=\"bullet\"><strong>Au\u00dfergew\u00f6hnliche Z\u00e4higkeit:<\/strong> Es weist eine bemerkenswerte Z\u00e4higkeit auf, die es ihm erm\u00f6glicht, schwere Lasten und St\u00f6\u00dfe ohne Verformung zu \u00fcberstehen.<\/li>\n<li data-gc-list-depth=\"1\" data-gc-list-style=\"bullet\"><strong>Hochfeste Legierung:<\/strong> Mit ihrer \u00fcberragenden Zugfestigkeit und H\u00e4rte eignet sie sich hervorragend f\u00fcr Anwendungen, die St\u00e4rke und Haltbarkeit erfordern.<\/li>\n<li data-gc-list-depth=\"1\" data-gc-list-style=\"bullet\"><strong>Hervorragende Verschlei\u00dfbest\u00e4ndigkeit:<\/strong> Diese Bronzelegierung bietet eine au\u00dfergew\u00f6hnliche Verschlei\u00dffestigkeit und ist daher ideal f\u00fcr Bauteile, die Reibung und Abrieb ausgesetzt sind.<\/li>\n<li data-gc-list-depth=\"1\" data-gc-list-style=\"bullet\"><strong>Vielseitige Anwendungen:<\/strong> Es ist vielseitig und kann in einer Vielzahl von Branchen eingesetzt werden, darunter die verarbeitende Industrie, die Luft- und Raumfahrt, die Schifffahrt und die Schwerindustrie.<\/li>\n<\/ul>\n<h5>Eigenschaften und Spezifikationen<\/h5>\n<p><\/br><br \/>\nAMPCO\u00ae 18.23 ist eine bemerkenswerte hochfeste Bronzelegierung, die f\u00fcr ihre au\u00dfergew\u00f6hnlichen Eigenschaften bekannt ist. Diese w\u00e4rmebehandelte Legierung verf\u00fcgt \u00fcber beeindruckende Eigenschaften wie hohe H\u00e4rte, Zugfestigkeit und Verschlei\u00dffestigkeit und ist damit ideal f\u00fcr anspruchsvolle industrielle Anwendungen. Mit besseren physikalischen Eigenschaften als vergleichbare Bronzesorten wie AMPCO\u00ae 18 und AMPCO\u00ae 18.136 zeichnet sich AMPCO\u00ae 18.23 durch eine unvergleichliche Z\u00e4higkeit und Verformungsbest\u00e4ndigkeit unter hoher Belastung und Schlagbeanspruchung aus. Dank seiner bemerkenswerten Proportionalit\u00e4tsgrenze k\u00f6nnen Konstrukteure seine St\u00e4rke voll ausnutzen, was ihn zu einer ausgezeichneten L\u00f6sung f\u00fcr hochbelastete Schneckengetriebe und andere hochbeanspruchte Anwendungen in verschiedenen Branchen macht.<\/p>\n<h5>Anwendungen<\/h5>\n<p><\/br><br \/>\nAMPCO\u00ae 18.23 wird in einer Vielzahl von Branchen eingesetzt, in denen hohe Festigkeit und au\u00dfergew\u00f6hnliche Leistung erforderlich sind. Diese bemerkenswerte Bronzelegierung eignet sich aufgrund ihrer einzigartigen Kombination aus Z\u00e4higkeit, Verschlei\u00dffestigkeit und Verformungsbest\u00e4ndigkeit hervorragend f\u00fcr hochbelastete Schneckengetriebe und \u00e4hnliche Anwendungen. Seine Zuverl\u00e4ssigkeit unter schweren Lasten und in anspruchsvollen Umgebungen macht ihn zu einer bevorzugten Wahl f\u00fcr Anwendungen in der Fertigung, der Luft- und Raumfahrt, der Schifffahrt und der Industrie. Ob in Lagern, Zahnr\u00e4dern oder anderen kritischen Komponenten, diese Bronzelegierung liefert durchweg hervorragende Ergebnisse und ist damit ein unverzichtbarer Werkstoff f\u00fcr Ingenieure und Konstrukteure, die f\u00fcr ihre Projekte ein H\u00f6chstma\u00df an Leistung ben\u00f6tigen.<\/p>\n","protected":false},"featured_media":50526,"template":"","meta":{"_et_pb_use_builder":"","_et_pb_old_content":"","_et_gb_content_width":"","inline_featured_image":false,"_links_to":"","_links_to_target":""},"product_category":[385],"product_type":[390,387,389],"product_shape":[],"class_list":["post-52664","product","type-product","status-publish","has-post-thumbnail","hentry","product_category-ampco-aluminiumbronze"],"acf":[],"aioseo_notices":[],"_links":{"self":[{"href":"https:\/\/staging.ampcometal.com\/de\/wp-json\/wp\/v2\/product\/52664","targetHints":{"allow":["GET"]}}],"collection":[{"href":"https:\/\/staging.ampcometal.com\/de\/wp-json\/wp\/v2\/product"}],"about":[{"href":"https:\/\/staging.ampcometal.com\/de\/wp-json\/wp\/v2\/types\/product"}],"wp:featuredmedia":[{"embeddable":true,"href":"https:\/\/staging.ampcometal.com\/de\/wp-json\/wp\/v2\/media\/50526"}],"wp:attachment":[{"href":"https:\/\/staging.ampcometal.com\/de\/wp-json\/wp\/v2\/media?parent=52664"}],"wp:term":[{"taxonomy":"product_category","embeddable":true,"href":"https:\/\/staging.ampcometal.com\/de\/wp-json\/wp\/v2\/product_category?post=52664"},{"taxonomy":"product_type","embeddable":true,"href":"https:\/\/staging.ampcometal.com\/de\/wp-json\/wp\/v2\/product_type?post=52664"},{"taxonomy":"product_shape","embeddable":true,"href":"https:\/\/staging.ampcometal.com\/de\/wp-json\/wp\/v2\/product_shape?post=52664"}],"curies":[{"name":"wp","href":"https:\/\/api.w.org\/{rel}","templated":true}]}}