{"id":52659,"date":"2021-09-03T13:28:57","date_gmt":"2021-09-03T11:28:57","guid":{"rendered":"https:\/\/staging.ampcometal.com\/products\/%product_category%\/zinnbronze\/"},"modified":"2025-07-21T19:40:58","modified_gmt":"2025-07-21T17:40:58","slug":"zinnbronze","status":"publish","type":"product","link":"https:\/\/staging.ampcometal.com\/de\/produkte\/standardlegierungen\/zinnbronze\/","title":{"rendered":"Zinnbronze"},"content":{"rendered":"<ul>\n<li><strong>Au\u00dfergew\u00f6hnliche mechanische Eigenschaften: <\/strong>Unsere Zinnbronzen haben hervorragende mechanische Eigenschaften, einschlie\u00dflich hoher Festigkeit, Verschlei\u00dffestigkeit und Z\u00e4higkeit.<\/li>\n<li data-gc-list-depth=\"1\" data-gc-list-style=\"bullet\"><strong>Korrosionsbest\u00e4ndigkeit:<\/strong> Diese Legierung ist hervorragend korrosionsbest\u00e4ndig und eignet sich daher f\u00fcr den Einsatz in <a href=\"https:\/\/staging.ampcometal.com\/industries\/marine\/\">maritimen<\/a> und industriellen Umgebungen.<\/li>\n<li data-gc-list-depth=\"1\" data-gc-list-style=\"bullet\"><strong>Vielseitige Anwendungen: <\/strong>Es ist \u00e4u\u00dferst vielseitig und findet in einer Vielzahl von Branchen Anwendung, darunter <a href=\"https:\/\/staging.ampcometal.com\/industries\/aerospace\/\">Luft- und Raumfahrt<\/a>, Verteidigung und Industriemaschinen.<\/li>\n<li data-gc-list-depth=\"1\" data-gc-list-style=\"bullet\"><strong>Kundenspezifische Zusammensetzungen: <\/strong>Es bietet die Flexibilit\u00e4t kundenspezifischer chemischer Zusammensetzungen und erm\u00f6glicht so ma\u00dfgeschneiderte L\u00f6sungen f\u00fcr spezifische Anwendungsanforderungen.<\/li>\n<\/ul>\n<h5>Eigenschaften und Spezifikationen<\/h5>\n<p><\/br>  Unsere Zinnbronze-Legierungen sind f\u00fcr ihre au\u00dfergew\u00f6hnlichen Eigenschaften und Spezifikationen bekannt. Diese Legierungen werden wegen ihrer hohen Festigkeit, ihrer Leistung bei niedrigen Geschwindigkeiten und ihrer Langlebigkeit gesch\u00e4tzt, was sie f\u00fcr eine Vielzahl von Anwendungen ideal macht. Dank ihrer Zusammensetzung aus Kupfer und Zinn weisen sie eine beeindruckende Korrosionsbest\u00e4ndigkeit auf und eignen sich daher f\u00fcr den Einsatz <a href=\"https:\/\/staging.ampcometal.com\/industries\/marine\/\">im Meer<\/a> und in der Industrie. Ihre Vielseitigkeit erstreckt sich auf Anwendungen wie Zahnr\u00e4der, Buchsen, Lager, Pumpenlaufr\u00e4der, Kolbenringe und Dampfarmaturen. Auf Anfrage sind auch kundenspezifische Formulierungen erh\u00e4ltlich, die ma\u00dfgeschneiderte L\u00f6sungen f\u00fcr die spezifischen Anforderungen verschiedener Branchen bieten.  <\/p>\n<ul>\n<li>Erh\u00e4ltlich in Sondergr\u00f6\u00dfen wie U-\/L-\/T-Formen.<\/li>\n<li>Rechteckenstangen ab 8 mm Dicke.<\/li>\n<li>Rundst\u00e4be von 20 mm bis 212 mm Durchmesser.<\/li>\n<li>Rohre mit Wandst\u00e4rken von min. 8mm bis Au\u00dfendurchmesser 100mm.<\/li>\n<\/ul>\n<p>  Die Legierungen umfassen:  <\/p>\n<ul>\n<li style=\"list-style-type: none;\">\n<ul>\n<li>CuSn8<\/li>\n<li>CuSn9<\/li>\n<li>CuSn10<\/li>\n<li>CuSn12<\/li>\n<li>CuSn11Pb2<\/li>\n<li>CuSn12Ni2<\/li>\n<li>CuSn7Zn2Pb3<\/li>\n<\/ul>\n<\/li>\n<\/ul>\n<p>  Spezielle oder kundenspezifische chemische Zusammensetzungen sind auf Anfrage erh\u00e4ltlich. AMPCO\u00ae Zinnbronzelegierungen sind ein Premiumprodukt, das Leistung f\u00fcr anspruchsvolle Anwendungen bietet.  <\/p>\n<h5>Zinnbronze Anwendungen<\/h5>\n<p><\/br>  Unsere Zinnbronze ist eine vielseitige Legierung mit bemerkenswerten mechanischen Eigenschaften und <a href=\"https:\/\/staging.ampcometal.com\/applications\/corrosion-resistance\/\">Korrosionsbest\u00e4ndigkeit<\/a>, die f\u00fcr eine Vielzahl von Anwendungen in den unterschiedlichsten Branchen eingesetzt wird. Diese hochfeste Legierung wird wegen ihrer Eignung f\u00fcr hohe Belastungen und niedrige Drehzahlen gesch\u00e4tzt und ist damit die ideale Wahl f\u00fcr Anwendungen wie die Herstellung von Getrieben, Buchsen, Lagern und Pumpenlaufr\u00e4dern. Zus\u00e4tzlich zu seinen mechanischen F\u00e4higkeiten wird es in kritischen Komponenten wie Kolbenringen, Dampfarmaturen und Ventilgeh\u00e4usen eingesetzt, bei denen Haltbarkeit und Zuverl\u00e4ssigkeit von gr\u00f6\u00dfter Bedeutung sind. Seine Anpassungsf\u00e4higkeit erstreckt sich auch auf den Elektrosektor, wo es in Steckverbindern, Relais und Leiterfedern eingesetzt wird. AMPCO\u00ae Zinnbronzelegierungen sind in kundenspezifischen Zusammensetzungen erh\u00e4ltlich und erf\u00fcllen eine Vielzahl spezifischer Anforderungen, was sie zur ersten Wahl in einer Vielzahl von industriellen Umgebungen macht.<\/p>\n","protected":false},"featured_media":0,"template":"product-standard-alloy.php","meta":{"_et_pb_use_builder":"","_et_pb_old_content":"","_et_gb_content_width":"","inline_featured_image":false,"_links_to":"","_links_to_target":""},"product_category":[412],"product_type":[],"product_shape":[],"class_list":["post-52659","product","type-product","status-publish","hentry","product_category-standardlegierungen"],"acf":[],"aioseo_notices":[],"_links":{"self":[{"href":"https:\/\/staging.ampcometal.com\/de\/wp-json\/wp\/v2\/product\/52659","targetHints":{"allow":["GET"]}}],"collection":[{"href":"https:\/\/staging.ampcometal.com\/de\/wp-json\/wp\/v2\/product"}],"about":[{"href":"https:\/\/staging.ampcometal.com\/de\/wp-json\/wp\/v2\/types\/product"}],"wp:attachment":[{"href":"https:\/\/staging.ampcometal.com\/de\/wp-json\/wp\/v2\/media?parent=52659"}],"wp:term":[{"taxonomy":"product_category","embeddable":true,"href":"https:\/\/staging.ampcometal.com\/de\/wp-json\/wp\/v2\/product_category?post=52659"},{"taxonomy":"product_type","embeddable":true,"href":"https:\/\/staging.ampcometal.com\/de\/wp-json\/wp\/v2\/product_type?post=52659"},{"taxonomy":"product_shape","embeddable":true,"href":"https:\/\/staging.ampcometal.com\/de\/wp-json\/wp\/v2\/product_shape?post=52659"}],"curies":[{"name":"wp","href":"https:\/\/api.w.org\/{rel}","templated":true}]}}