{"id":52657,"date":"2021-09-03T13:28:57","date_gmt":"2021-09-03T11:28:57","guid":{"rendered":"https:\/\/staging.ampcometal.com\/products\/%product_category%\/ampcoloy-940-2\/"},"modified":"2025-07-21T19:43:00","modified_gmt":"2025-07-21T17:43:00","slug":"ampcoloy-940","status":"publish","type":"product","link":"https:\/\/staging.ampcometal.com\/de\/produkte\/ampcoloy-hochleitfahige-kupferlegierungen\/ampcoloy-940\/","title":{"rendered":"AMPCOLOY\u00ae 940"},"content":{"rendered":"<ul>\n<li data-gc-list-depth=\"1\" data-gc-list-style=\"bullet\"><strong>Hohe Leitf\u00e4higkeit:<\/strong> Diese hochkupferhaltige Legierung weist eine au\u00dfergew\u00f6hnliche elektrische und thermische Leitf\u00e4higkeit auf und ist daher ideal f\u00fcr Anwendungen, bei denen eine effiziente W\u00e4rme- und Strom\u00fcbertragung entscheidend ist.<\/li>\n<li data-gc-list-depth=\"1\" data-gc-list-style=\"bullet\"><strong>Beeindruckende St\u00e4rke:<\/strong> Es bietet eine bemerkenswerte Zugfestigkeit und H\u00e4rte, die eine lange Lebensdauer in anspruchsvollen industriellen Umgebungen gew\u00e4hrleistet.<\/li>\n<li data-gc-list-depth=\"1\" data-gc-list-style=\"bullet\"><strong>Einhaltung der Sicherheitsvorschriften<\/strong>: Ersetzt RWMA-Legierungen der Klasse 3 ohne Beryllium und erf\u00fcllt damit die strengen Gesundheits- und Sicherheitsvorschriften f\u00fcr gef\u00e4hrliche Elemente.<\/li>\n<li data-gc-list-depth=\"1\" data-gc-list-style=\"bullet\"><strong>Vielseitige Anwendungen:<\/strong> Es handelt sich um ein vielseitiges Material, das sich f\u00fcr eine breite Palette von Anwendungen eignet, was es zu einer ersten Wahl f\u00fcr eine Vielzahl von Branchen macht, in denen Sicherheit und Leistung an erster Stelle stehen.<\/li>\n<\/ul>\n<h5>Eigenschaften und Spezifikationen<\/h5>\n<p>AMPCOLOY\u00ae 940 ist eine <a href=\"https:\/\/staging.ampcometal.com\/de\/produkte\/ampcoloy-hochleitfahige-kupferlegierungen\/\">Hochleistungs-Kupferlegierung<\/a>, die f\u00fcr eine Vielzahl von industriellen Anwendungen entwickelt wurde. Diese patentierte Legierung verf\u00fcgt \u00fcber au\u00dfergew\u00f6hnliche Eigenschaften, darunter eine hohe elektrische und thermische Leitf\u00e4higkeit, die sie zu einer idealen Wahl f\u00fcr Elektro- und Energiekomponenten macht. Mit ihrer beeindruckenden Zugfestigkeit und H\u00e4rte gew\u00e4hrleistet diese hochgradig kupferhaltige Legierung Haltbarkeit und Langlebigkeit in anspruchsvollen Umgebungen. Au\u00dferdem ersetzt es berylliumfreie RWMA-Legierungen der Klasse 3, um die strengen Gesundheits- und Sicherheitsvorschriften zu erf\u00fcllen. Dieses vielseitige Material eignet sich f\u00fcr eine breite Palette von Anwendungen, darunter Elektrodenhalter, Schwei\u00dfkomponenten, Tauchspitzen und Teile f\u00fcr die Stromerzeugung, und ist damit die erste Wahl f\u00fcr Branchen, in denen Sicherheit und Leistung an erster Stelle stehen.<\/p>\n<h5>Anwendungen<\/h5>\n<p>AMPCOLOY\u00ae 940 wird aufgrund seiner hervorragenden Eigenschaften in einer Vielzahl von Branchen eingesetzt. Diese hochleitf\u00e4hige Bronzelegierung wird in gro\u00dfem Umfang f\u00fcr die Herstellung von Elektrodenhaltern, Schwei\u00dfkomponenten wie Punktschwei\u00dfelektroden und Nahtschwei\u00dfscheiben sowie f\u00fcr verschiedene Formen zum Schwei\u00dfen von Edelstahl und Monel\u00ae verwendet. Es spielt auch eine entscheidende Rolle in Kaltkammer-Aluminiumdruckgie\u00dfmaschinen, wo seine Haltbarkeit und Hitzebest\u00e4ndigkeit von gr\u00f6\u00dfter Bedeutung sind. Dar\u00fcber hinaus ist es eine ausgezeichnete Wahl f\u00fcr den Kunststoffspritzguss, einschlie\u00dflich Einspritzd\u00fcsen und K\u00fchlstifte, und f\u00fcr die Herstellung von Bremstrommeln f\u00fcr Papierwickelrollen. Sein breites Anwendungsspektrum macht es zu einem unverzichtbaren Material f\u00fcr Branchen, die eine hohe Leistung und Sicherheit verlangen.<\/p>\n","protected":false},"featured_media":50550,"template":"","meta":{"_et_pb_use_builder":"","_et_pb_old_content":"","_et_gb_content_width":"","inline_featured_image":false,"_links_to":"","_links_to_target":""},"product_category":[409],"product_type":[388,390,386],"product_shape":[392,393,395,398],"class_list":["post-52657","product","type-product","status-publish","has-post-thumbnail","hentry","product_category-ampcoloy-hochleitfahige-kupferlegierungen"],"acf":[],"aioseo_notices":[],"_links":{"self":[{"href":"https:\/\/staging.ampcometal.com\/de\/wp-json\/wp\/v2\/product\/52657","targetHints":{"allow":["GET"]}}],"collection":[{"href":"https:\/\/staging.ampcometal.com\/de\/wp-json\/wp\/v2\/product"}],"about":[{"href":"https:\/\/staging.ampcometal.com\/de\/wp-json\/wp\/v2\/types\/product"}],"wp:featuredmedia":[{"embeddable":true,"href":"https:\/\/staging.ampcometal.com\/de\/wp-json\/wp\/v2\/media\/50550"}],"wp:attachment":[{"href":"https:\/\/staging.ampcometal.com\/de\/wp-json\/wp\/v2\/media?parent=52657"}],"wp:term":[{"taxonomy":"product_category","embeddable":true,"href":"https:\/\/staging.ampcometal.com\/de\/wp-json\/wp\/v2\/product_category?post=52657"},{"taxonomy":"product_type","embeddable":true,"href":"https:\/\/staging.ampcometal.com\/de\/wp-json\/wp\/v2\/product_type?post=52657"},{"taxonomy":"product_shape","embeddable":true,"href":"https:\/\/staging.ampcometal.com\/de\/wp-json\/wp\/v2\/product_shape?post=52657"}],"curies":[{"name":"wp","href":"https:\/\/api.w.org\/{rel}","templated":true}]}}