{"id":52656,"date":"2021-09-03T13:28:56","date_gmt":"2021-09-03T11:28:56","guid":{"rendered":"https:\/\/staging.ampcometal.com\/products\/%product_category%\/ampco-673-2\/"},"modified":"2024-04-02T11:35:46","modified_gmt":"2024-04-02T09:35:46","slug":"ampco-673","status":"publish","type":"product","link":"https:\/\/staging.ampcometal.com\/de\/produkte\/andere-legierungen\/ampco-673\/","title":{"rendered":"AMPCO\u00ae 673"},"content":{"rendered":"<ul>\n<li><strong>Au\u00dfergew\u00f6hnliche Warmschmiedbarkeit:<\/strong> Diese Aluminiumbronze hat eine Warmschmiedbarkeit von 100, was sie f\u00fcr die Formung verschiedener Komponenten sehr formbar macht.<\/li>\n<li data-gc-list-depth=\"1\" data-gc-list-style=\"bullet\"><strong>Beeindruckende Zerspanbarkeit:<\/strong> Mit einer Zerspanbarkeit von 80 % bietet diese Legierung einfache Anpassungsm\u00f6glichkeiten bei gleichzeitig robuster Leistung.<\/li>\n<li data-gc-list-depth=\"1\" data-gc-list-style=\"bullet\"><strong>Vielseitige Anwendungen:<\/strong> Es kann in einer Vielzahl von Anwendungen eingesetzt werden, z. B. in Buchsen, Zahnr\u00e4dern, Nocken, Muttern und Bolzen, Pleuelstangen, Umlenkwellen, Schneckenr\u00e4dern, Vorschubfingern und Gewindespindeln.<\/li>\n<li data-gc-list-depth=\"1\" data-gc-list-style=\"bullet\"><strong>Ideal f\u00fcr korrosive Umgebungen:<\/strong> Aufgrund seiner einzigartigen Eigenschaften eignet es sich gut f\u00fcr Anwendungen, die Zuverl\u00e4ssigkeit und Haltbarkeit in korrosiven Umgebungen erfordern.<\/li>\n<\/ul>\n<h5>AMPCO\u00ae 673 Eigenschaften und Spezifikationen<\/h5>\n<p><\/br><br \/>\nAMPCO\u00ae 673 ist eine hochwertige Aluminiumbronzelegierung, die f\u00fcr ihre bemerkenswerten Eigenschaften bekannt ist. Mit einer ausgezeichneten Warmumformbarkeit von 100 ist es eine bevorzugte Wahl f\u00fcr Anwendungen, die eine umfangreiche <a href=\"https:\/\/staging.ampcometal.com\/applications\/metal-forming\/\">Umformung<\/a> erfordern. Dar\u00fcber hinaus bietet die Legierung eine au\u00dfergew\u00f6hnliche Zerspanbarkeit mit einem beeindruckenden Wert von 80 %, wodurch sie sich leicht anpassen l\u00e4sst. Diese Aluminiumbronze hat die gleichen grundlegenden Eigenschaften wie <a href=\"https:\/\/staging.ampcometal.com\/products\/other-alloys\/ampco-674\/\">AMPCO\u00ae 674<\/a>, beides Zink-Mangan-Silizium-Blei-Kupfer-Legierungen, die f\u00fcr besondere Bedingungen entwickelt wurden. Insbesondere AMPCO\u00ae 673 hat einen h\u00f6heren Bleigehalt, der die Bearbeitbarkeit verbessert und gleichzeitig eine robuste Leistung gew\u00e4hrleistet. Durch seine Vielseitigkeit ist es ideal f\u00fcr eine Vielzahl von Anwendungen, darunter Buchsen, Zahnr\u00e4der, Nocken, Muttern und Schrauben, Pleuelstangen, Umlenkwellen, Schneckenr\u00e4der, Vorschubfinger und Gewindespindeln.<\/p>\n<h5>AMPCO\u00ae 673 Anwendungen<\/h5>\n<p><\/br><br \/>\nAMPCO\u00ae 673 Aluminiumbronze findet vielseitige Anwendungen in einer Vielzahl von Branchen. Seine au\u00dfergew\u00f6hnliche Warmschmiedbarkeit und Bearbeitbarkeit machen es zur ersten Wahl f\u00fcr die Umformung in verschiedene Komponenten wie Buchsen, Zahnr\u00e4der, Nocken, Muttern und Bolzen, Pleuelstangen, Leerlaufwellen, Schneckenr\u00e4der, Vorschubfinger und Gewindespindeln. Die einzigartige Mischung von Eigenschaften dieser Legierung, einschlie\u00dflich des hohen Bleigehalts, gew\u00e4hrleistet eine pr\u00e4zise Bearbeitung bei gleichzeitig robuster Leistung. Daher ist diese Legierung ideal f\u00fcr Lager und korrosive Anwendungen und bietet Zuverl\u00e4ssigkeit und Haltbarkeit in anspruchsvollen Umgebungen.<\/p>\n","protected":false},"featured_media":50558,"template":"","meta":{"_et_pb_use_builder":"","_et_pb_old_content":"","_et_gb_content_width":"","inline_featured_image":false,"_links_to":"","_links_to_target":""},"product_category":[411],"product_type":[386],"product_shape":[395],"class_list":["post-52656","product","type-product","status-publish","has-post-thumbnail","hentry","product_category-andere-legierungen"],"acf":[],"aioseo_notices":[],"_links":{"self":[{"href":"https:\/\/staging.ampcometal.com\/de\/wp-json\/wp\/v2\/product\/52656","targetHints":{"allow":["GET"]}}],"collection":[{"href":"https:\/\/staging.ampcometal.com\/de\/wp-json\/wp\/v2\/product"}],"about":[{"href":"https:\/\/staging.ampcometal.com\/de\/wp-json\/wp\/v2\/types\/product"}],"wp:featuredmedia":[{"embeddable":true,"href":"https:\/\/staging.ampcometal.com\/de\/wp-json\/wp\/v2\/media\/50558"}],"wp:attachment":[{"href":"https:\/\/staging.ampcometal.com\/de\/wp-json\/wp\/v2\/media?parent=52656"}],"wp:term":[{"taxonomy":"product_category","embeddable":true,"href":"https:\/\/staging.ampcometal.com\/de\/wp-json\/wp\/v2\/product_category?post=52656"},{"taxonomy":"product_type","embeddable":true,"href":"https:\/\/staging.ampcometal.com\/de\/wp-json\/wp\/v2\/product_type?post=52656"},{"taxonomy":"product_shape","embeddable":true,"href":"https:\/\/staging.ampcometal.com\/de\/wp-json\/wp\/v2\/product_shape?post=52656"}],"curies":[{"name":"wp","href":"https:\/\/api.w.org\/{rel}","templated":true}]}}