{"id":52651,"date":"2021-09-03T13:28:53","date_gmt":"2021-09-03T11:28:53","guid":{"rendered":"https:\/\/staging.ampcometal.com\/products\/%product_category%\/ampcoloy-88-2\/"},"modified":"2025-07-21T19:42:54","modified_gmt":"2025-07-21T17:42:54","slug":"ampcoloy-88","status":"publish","type":"product","link":"https:\/\/staging.ampcometal.com\/de\/produkte\/ampcoloy-hochleitfahige-kupferlegierungen\/ampcoloy-88\/","title":{"rendered":"AMPCOLOY\u00ae 88"},"content":{"rendered":"<ul>\n<li data-gc-list-depth=\"1\" data-gc-list-style=\"bullet\"><strong>Au\u00dfergew\u00f6hnliche Verschlei\u00dfbest\u00e4ndigkeit:<\/strong> AMPCOLOY\u00ae 88 bietet eine au\u00dfergew\u00f6hnliche Verschlei\u00dffestigkeit und ist damit die ideale Wahl f\u00fcr Bauteile, die abrasiven Bedingungen ausgesetzt sind, und gew\u00e4hrleistet Langlebigkeit und Zuverl\u00e4ssigkeit.<\/li>\n<li data-gc-list-depth=\"1\" data-gc-list-style=\"bullet\"><strong>Beeindruckende mechanische Festigkeit:<\/strong> Diese Hochleistungslegierung verf\u00fcgt \u00fcber eine beeindruckende mechanische Festigkeit, die gew\u00e4hrleistet, dass sie schweren Lasten und Umgebungen mit hoher Beanspruchung standh\u00e4lt.<\/li>\n<li data-gc-list-depth=\"1\" data-gc-list-style=\"bullet\"><strong>Hohe W\u00e4rmeleitf\u00e4higkeit:<\/strong> Bietet eine hohe W\u00e4rmeleitf\u00e4higkeit und verbessert die W\u00e4rmeableitung und Effizienz bei Anwendungen, bei denen das Temperaturmanagement entscheidend ist.<\/li>\n<li data-gc-list-depth=\"1\" data-gc-list-style=\"bullet\"><strong>Hervorragende Korrosionsbest\u00e4ndigkeit:<\/strong> Dank ihrer einzigartigen Zusammensetzung bietet diese hochkupferhaltige Legierung eine hervorragende Korrosionsbest\u00e4ndigkeit, die die Lebensdauer des Produkts verl\u00e4ngert.<\/li>\n<\/ul>\n<h5>Eigenschaften und Spezifikationen<\/h5>\n<p>AMPCOLOY\u00ae 88 ist eine Hochleistungsbronzelegierung, die f\u00fcr ihre au\u00dfergew\u00f6hnlichen Eigenschaften und Spezifikationen bekannt ist. Diese Legierung weist eine bemerkenswerte Verschlei\u00dffestigkeit auf und ist daher ideal f\u00fcr Anwendungen, bei denen es auf Langlebigkeit ankommt. Seine beeindruckende mechanische Festigkeit gew\u00e4hrleistet Langlebigkeit und Zuverl\u00e4ssigkeit in einer Vielzahl von Branchen. Mit ihrer ausgezeichneten W\u00e4rmeleitf\u00e4higkeit steigert diese Hochkupferlegierung Effizienz und Leistung. Es ist so konzipiert, dass es eine \u00fcberragende Verschlei\u00df- und Korrosionsbest\u00e4ndigkeit bietet, was zu l\u00e4ngeren Produktlebenszyklen und h\u00f6herer Produktivit\u00e4t f\u00fchrt.<\/p>\n<h5>Anwendungen<\/h5>\n<p>AMPCOLOY\u00ae 88 wird aufgrund seiner vielseitigen Eigenschaften in einer Vielzahl von Branchen eingesetzt. Diese <a href=\"https:\/\/staging.ampcometal.com\/de\/produkte\/ampcoloy-hochleitfahige-kupferlegierungen\/\">hochkupferhaltige Legierung<\/a> wird h\u00e4ufig bei der Herstellung von Abbrennstumpfschwei\u00dfwerkzeugen, Schwei\u00dfr\u00e4dern und Gitterschwei\u00dfelektroden verwendet, wo sie durch ihre au\u00dfergew\u00f6hnliche Verschlei\u00dffestigkeit und mechanische Festigkeit besticht. Es ist auch eine ausgezeichnete Wahl f\u00fcr D\u00e4mpfungsringsegmente in Generatoren und spielt eine wichtige Rolle beim Spritzgie\u00dfen von Kunststoffteilen. Seine einzigartige Zusammensetzung und Haltbarkeit machen es zu einem bew\u00e4hrten Material f\u00fcr Anwendungen, die Zuverl\u00e4ssigkeit und eine lange Lebensdauer erfordern.<\/p>\n","protected":false},"featured_media":50550,"template":"","meta":{"_et_pb_use_builder":"","_et_pb_old_content":"","_et_gb_content_width":"","inline_featured_image":false,"_links_to":"","_links_to_target":""},"product_category":[409],"product_type":[388,386],"product_shape":[392,395],"class_list":["post-52651","product","type-product","status-publish","has-post-thumbnail","hentry","product_category-ampcoloy-hochleitfahige-kupferlegierungen"],"acf":[],"aioseo_notices":[],"_links":{"self":[{"href":"https:\/\/staging.ampcometal.com\/de\/wp-json\/wp\/v2\/product\/52651","targetHints":{"allow":["GET"]}}],"collection":[{"href":"https:\/\/staging.ampcometal.com\/de\/wp-json\/wp\/v2\/product"}],"about":[{"href":"https:\/\/staging.ampcometal.com\/de\/wp-json\/wp\/v2\/types\/product"}],"wp:featuredmedia":[{"embeddable":true,"href":"https:\/\/staging.ampcometal.com\/de\/wp-json\/wp\/v2\/media\/50550"}],"wp:attachment":[{"href":"https:\/\/staging.ampcometal.com\/de\/wp-json\/wp\/v2\/media?parent=52651"}],"wp:term":[{"taxonomy":"product_category","embeddable":true,"href":"https:\/\/staging.ampcometal.com\/de\/wp-json\/wp\/v2\/product_category?post=52651"},{"taxonomy":"product_type","embeddable":true,"href":"https:\/\/staging.ampcometal.com\/de\/wp-json\/wp\/v2\/product_type?post=52651"},{"taxonomy":"product_shape","embeddable":true,"href":"https:\/\/staging.ampcometal.com\/de\/wp-json\/wp\/v2\/product_shape?post=52651"}],"curies":[{"name":"wp","href":"https:\/\/api.w.org\/{rel}","templated":true}]}}