{"id":52649,"date":"2021-09-03T13:28:51","date_gmt":"2021-09-03T11:28:51","guid":{"rendered":"https:\/\/staging.ampcometal.com\/products\/%product_category%\/ampcoloy-95-2\/"},"modified":"2025-07-21T19:42:58","modified_gmt":"2025-07-21T17:42:58","slug":"ampcoloy-95","status":"publish","type":"product","link":"https:\/\/staging.ampcometal.com\/de\/produkte\/ampcoloy-hochleitfahige-kupferlegierungen\/ampcoloy-95\/","title":{"rendered":"AMPCOLOY\u00ae 95"},"content":{"rendered":"<ul>\n<li data-gc-list-depth=\"1\" data-gc-list-style=\"bullet\"><strong>Au\u00dfergew\u00f6hnliche Verschlei\u00dfbest\u00e4ndigkeit: <\/strong>Diese hochkupferhaltige Legierung bietet eine au\u00dfergew\u00f6hnliche Verschlei\u00dffestigkeit und ist damit ideal f\u00fcr Anwendungen, bei denen es auf Langlebigkeit ankommt.<\/li>\n<li data-gc-list-depth=\"1\" data-gc-list-style=\"bullet\"><strong>Ausgezeichnete Korrosionsbest\u00e4ndigkeit:<\/strong> Es ist hochgradig korrosionsbest\u00e4ndig und gew\u00e4hrleistet eine lange Lebensdauer auch in rauen Umgebungen.<\/li>\n<li data-gc-list-depth=\"1\" data-gc-list-style=\"bullet\"><strong>Hervorragende W\u00e4rmeleitf\u00e4higkeit: <\/strong>Die Legierung weist eine ausgezeichnete W\u00e4rmeleitf\u00e4higkeit auf, die die Leistung in verschiedenen thermischen Anwendungen verbessert.<\/li>\n<li data-gc-list-depth=\"1\" data-gc-list-style=\"bullet\"><strong>Hohe mechanische Eigenschaften:<\/strong> Entwickelt mit hohen mechanischen Eigenschaften, um Festigkeit und Zuverl\u00e4ssigkeit in anspruchsvollen industriellen Umgebungen zu gew\u00e4hrleisten.<\/li>\n<\/ul>\n<h5>Eigenschaften und Spezifikationen<\/h5>\n<p>AMPCOLOY\u00ae 95, das einige \u00c4hnlichkeiten mit AMPCOLOY\u00ae 91 aufweist, ist eine bemerkenswerte Legierung, die f\u00fcr ihre au\u00dfergew\u00f6hnlichen Eigenschaften und Spezifikationen bekannt ist. Geschmiedet und stranggepresst, um optimale physikalische Eigenschaften zu erzielen, bietet diese Legierung eine hervorragende Bearbeitbarkeit in Kombination mit einer bemerkenswerten Verschlei\u00df- und Korrosionsbest\u00e4ndigkeit. Diese hochkupferhaltige Legierung mit hohen mechanischen Eigenschaften eignet sich hervorragend f\u00fcr Anwendungen, die eine hervorragende W\u00e4rmeleitf\u00e4higkeit, k\u00fcrzere Zykluszeiten und eine l\u00e4ngere Werkzeuglebensdauer erfordern, und \u00fcbertrifft die Leistung von Kupfer-Titan oft um bis zu 50 %. Die un\u00fcbertroffene Kombination aus Festigkeit und Z\u00e4higkeit dieser Legierung macht sie zur ersten Wahl f\u00fcr Punktschwei\u00dfelektroden, Elektrodenhalter, Mattenschwei\u00dfen und vieles mehr. Au\u00dferdem sollten die Benutzer aufgrund des 0,5 %igen Berylliumgehalts Vorsicht walten lassen und bei allen Arbeiten, bei denen Staub oder D\u00e4mpfe entstehen k\u00f6nnen, auf Sicherheit achten.<\/p>\n<h5>Anwendungen<\/h5>\n<p>AMPCOLOY\u00ae 95 findet dank seiner au\u00dfergew\u00f6hnlichen Eigenschaften ein breites Spektrum an Anwendungen. Es wird in erster Linie f\u00fcr Punktschwei\u00dfelektroden und Elektrodenhalter verwendet und eignet sich hervorragend f\u00fcr anspruchsvolle Schwei\u00dfanwendungen. Es ist auch das Material der Wahl f\u00fcr das Gitterschwei\u00dfen, Nahtschwei\u00dfscheiben f\u00fcr Edelstahl, Monel\u00ae, Nickellegierungen und Abbrennstempel. Seine ausgezeichnete W\u00e4rmeleitf\u00e4higkeit macht es zu einem unsch\u00e4tzbaren Wert f\u00fcr Kolbenstangenspitzen in Aluminiumdruckgussmaschinen. Es spielt auch eine wichtige Rolle beim Kunststoffspritzguss, wo eine hohe W\u00e4rmeleitf\u00e4higkeit gew\u00fcnscht wird.<\/p>\n","protected":false},"featured_media":50574,"template":"","meta":{"_et_pb_use_builder":"","_et_pb_old_content":"","_et_gb_content_width":"","inline_featured_image":false,"_links_to":"","_links_to_target":""},"product_category":[409],"product_type":[388,386],"product_shape":[392,393,395],"class_list":["post-52649","product","type-product","status-publish","has-post-thumbnail","hentry","product_category-ampcoloy-hochleitfahige-kupferlegierungen"],"acf":[],"aioseo_notices":[],"_links":{"self":[{"href":"https:\/\/staging.ampcometal.com\/de\/wp-json\/wp\/v2\/product\/52649","targetHints":{"allow":["GET"]}}],"collection":[{"href":"https:\/\/staging.ampcometal.com\/de\/wp-json\/wp\/v2\/product"}],"about":[{"href":"https:\/\/staging.ampcometal.com\/de\/wp-json\/wp\/v2\/types\/product"}],"wp:featuredmedia":[{"embeddable":true,"href":"https:\/\/staging.ampcometal.com\/de\/wp-json\/wp\/v2\/media\/50574"}],"wp:attachment":[{"href":"https:\/\/staging.ampcometal.com\/de\/wp-json\/wp\/v2\/media?parent=52649"}],"wp:term":[{"taxonomy":"product_category","embeddable":true,"href":"https:\/\/staging.ampcometal.com\/de\/wp-json\/wp\/v2\/product_category?post=52649"},{"taxonomy":"product_type","embeddable":true,"href":"https:\/\/staging.ampcometal.com\/de\/wp-json\/wp\/v2\/product_type?post=52649"},{"taxonomy":"product_shape","embeddable":true,"href":"https:\/\/staging.ampcometal.com\/de\/wp-json\/wp\/v2\/product_shape?post=52649"}],"curies":[{"name":"wp","href":"https:\/\/api.w.org\/{rel}","templated":true}]}}