{"id":52640,"date":"2021-09-03T13:28:43","date_gmt":"2021-09-03T11:28:43","guid":{"rendered":"https:\/\/staging.ampcometal.com\/products\/%product_category%\/ampcoloy-944-2\/"},"modified":"2025-07-21T19:43:02","modified_gmt":"2025-07-21T17:43:02","slug":"ampcoloy-944","status":"publish","type":"product","link":"https:\/\/staging.ampcometal.com\/de\/produkte\/ampcoloy-hochleitfahige-kupferlegierungen\/ampcoloy-944\/","title":{"rendered":"AMPCOLOY\u00ae 944"},"content":{"rendered":"<ul>\n<li data-gc-list-depth=\"1\" data-gc-list-style=\"bullet\"><strong>Ausgezeichnete W\u00e4rmeleitf\u00e4higkeit:<\/strong> Diese hochkupferhaltige Legierung verf\u00fcgt \u00fcber eine au\u00dfergew\u00f6hnliche W\u00e4rmeleitf\u00e4higkeit und ist damit die ideale Wahl f\u00fcr Anwendungen, bei denen eine effiziente W\u00e4rme\u00fcbertragung entscheidend ist.<\/li>\n<li data-gc-list-depth=\"1\" data-gc-list-style=\"bullet\"><strong>Hohe Zugfestigkeit: <\/strong>Es weist eine robuste Zugfestigkeit auf, die seine Zuverl\u00e4ssigkeit und Haltbarkeit in anspruchsvollen industriellen Umgebungen gew\u00e4hrleistet.<\/li>\n<li data-gc-list-depth=\"1\" data-gc-list-style=\"bullet\"><strong>Beeindruckende H\u00e4rte: <\/strong>Mit ihren beeindruckenden H\u00e4rteeigenschaften bietet die Legierung eine hervorragende Verschlei\u00df- und Verformungsbest\u00e4ndigkeit, die ihre Lebensdauer in verschiedenen Anwendungen verl\u00e4ngert.<\/li>\n<li data-gc-list-depth=\"1\" data-gc-list-style=\"bullet\"><strong>Sichere Alternative zu Berylliumkupfer:<\/strong> Es bietet all diese Vorteile und macht Beryllium \u00fcberfl\u00fcssig, was eine sichere und konforme Alternative f\u00fcr Branchen mit strengen Gesundheits- und Sicherheitsvorschriften darstellt.<\/li>\n<\/ul>\n<h5>Eigenschaften und Spezifikationen<\/h5>\n<p><\/br>  AMPCOLOY\u00ae 944 ist eine patentierte Legierung, die die Anforderungen der Anwender von RWMA-Legierungen der Klasse 4 ohne Beryllium erf\u00fcllt. Es ist so konzipiert, dass es eine hervorragende W\u00e4rmeleitf\u00e4higkeit, hohe Zugfestigkeit und H\u00e4rte bietet und gleichzeitig die Verwendung von Beryllium \u00fcberfl\u00fcssig macht. Diese vielseitige Legierung ist ideal f\u00fcr eine Vielzahl von Anwendungen, einschlie\u00dflich <a href=\"https:\/\/staging.ampcometal.com\/applications\/plastic-processing\/\">Spritzguss<\/a>, <a href=\"https:\/\/staging.ampcometal.com\/applications\/plastic-processing\/\">Thermoformen<\/a>, <a href=\"https:\/\/staging.ampcometal.com\/applications\/plastic-processing\/\">Blasformen<\/a>, <a href=\"https:\/\/staging.ampcometal.com\/applications\/resistance-welding\/\">Widerstandsschwei\u00dfen<\/a> und <a href=\"https:\/\/staging.ampcometal.com\/applications\/resistance-welding\/\">Punktschwei\u00dfen<\/a>. Es eignet sich hervorragend f\u00fcr die Herstellung und Verarbeitung von Kunststoffen und erf\u00fcllt die Anforderungen von Branchen, in denen die Verwendung sch\u00e4dlicher Elemente eingeschr\u00e4nkt ist. Diese hochkupferhaltige Legierung bietet die wesentlichen Eigenschaften, die f\u00fcr anspruchsvolle industrielle Aufgaben erforderlich sind, und macht sie zu einer zuverl\u00e4ssigen und sicheren Wahl f\u00fcr Anwendungen, die sowohl eine hohe mechanische Leistung als auch die Einhaltung von Gesundheits- und Sicherheitsvorschriften erfordern.  <\/p>\n<h5>Anwendungen<\/h5>\n<p><\/br>  AMPCOLOY\u00ae 944 hat ein breites Anwendungsspektrum in verschiedenen Industriezweigen, in denen eine Kombination aus hervorragender elektrischer und thermischer Leitf\u00e4higkeit, hohen mechanischen Eigenschaften und Sicherheitskonformit\u00e4t erforderlich ist. Es wird h\u00e4ufig in Elektrodenhaltern und Nahtschwei\u00dfsch\u00e4ften f\u00fcr Punktschwei\u00dfelektroden, Nahtschwei\u00dfscheiben und -vorspr\u00fcngen sowie Stumpfschwei\u00dfmatrizen verwendet, insbesondere f\u00fcr Edelstahl und Monel\u00ae. Diese vielseitige Legierung wird auch f\u00fcr Kolbenspitzen in Aluminium-Kaltkammer-Druckgussmaschinen und Formen f\u00fcr Niederdruckgussmaschinen verwendet. Es spielt auch eine wichtige Rolle in Kokillen zum Gie\u00dfen von Messing und bestimmten Bronzen sowie in verschiedenen Teilen von Kunststoff-Spritzgussformen, einschlie\u00dflich Einspritzd\u00fcsen und K\u00fchlstiften. Es bietet Zuverl\u00e4ssigkeit und Leistung in einer Vielzahl von industriellen Anwendungen, bei denen au\u00dfergew\u00f6hnliche Leitf\u00e4higkeit und mechanische Festigkeit erforderlich sind.<\/p>\n","protected":false},"featured_media":50550,"template":"","meta":{"_et_pb_use_builder":"","_et_pb_old_content":"","_et_gb_content_width":"","inline_featured_image":false,"_links_to":"","_links_to_target":""},"product_category":[409],"product_type":[388,386],"product_shape":[392,395],"class_list":["post-52640","product","type-product","status-publish","has-post-thumbnail","hentry","product_category-ampcoloy-hochleitfahige-kupferlegierungen"],"acf":[],"aioseo_notices":[],"_links":{"self":[{"href":"https:\/\/staging.ampcometal.com\/de\/wp-json\/wp\/v2\/product\/52640","targetHints":{"allow":["GET"]}}],"collection":[{"href":"https:\/\/staging.ampcometal.com\/de\/wp-json\/wp\/v2\/product"}],"about":[{"href":"https:\/\/staging.ampcometal.com\/de\/wp-json\/wp\/v2\/types\/product"}],"wp:featuredmedia":[{"embeddable":true,"href":"https:\/\/staging.ampcometal.com\/de\/wp-json\/wp\/v2\/media\/50550"}],"wp:attachment":[{"href":"https:\/\/staging.ampcometal.com\/de\/wp-json\/wp\/v2\/media?parent=52640"}],"wp:term":[{"taxonomy":"product_category","embeddable":true,"href":"https:\/\/staging.ampcometal.com\/de\/wp-json\/wp\/v2\/product_category?post=52640"},{"taxonomy":"product_type","embeddable":true,"href":"https:\/\/staging.ampcometal.com\/de\/wp-json\/wp\/v2\/product_type?post=52640"},{"taxonomy":"product_shape","embeddable":true,"href":"https:\/\/staging.ampcometal.com\/de\/wp-json\/wp\/v2\/product_shape?post=52640"}],"curies":[{"name":"wp","href":"https:\/\/api.w.org\/{rel}","templated":true}]}}