{"id":52633,"date":"2021-09-03T13:28:38","date_gmt":"2021-09-03T11:28:38","guid":{"rendered":"https:\/\/staging.ampcometal.com\/products\/%product_category%\/ampco-m4-2\/"},"modified":"2025-07-21T19:43:18","modified_gmt":"2025-07-21T17:43:18","slug":"ampco-m4","status":"publish","type":"product","link":"https:\/\/staging.ampcometal.com\/de\/produkte\/ampco-aluminiumbronze\/ampco-m4\/","title":{"rendered":"AMPCO\u00ae M4"},"content":{"rendered":"<ul>\n<li data-gc-list-depth=\"1\" data-gc-list-style=\"bullet\"><strong>Au\u00dfergew\u00f6hnliche Verschlei\u00dfbest\u00e4ndigkeit:<\/strong> Diese Aluminiumbronze weist eine hervorragende Verschlei\u00df- und Abriebfestigkeit auf und eignet sich daher ideal f\u00fcr Anwendungen mit hoher Reibung und Gleitf\u00e4higkeit.<\/li>\n<li data-gc-list-depth=\"1\" data-gc-list-style=\"bullet\"><strong>Hohe mechanische Festigkeit:<\/strong> Es verf\u00fcgt \u00fcber eine beeindruckende mechanische Festigkeit, die Langlebigkeit und Zuverl\u00e4ssigkeit in anspruchsvollen Umgebungen gew\u00e4hrleistet.<\/li>\n<li data-gc-list-depth=\"1\" data-gc-list-style=\"bullet\"><strong>Korrosionsbest\u00e4ndigkeit:<\/strong> Die Legierung verf\u00fcgt \u00fcber inh\u00e4rente Korrosionsbest\u00e4ndigkeitseigenschaften, die sie f\u00fcr den Einsatz in korrosiven oder rauen Umgebungen geeignet machen.<\/li>\n<li data-gc-list-depth=\"1\" data-gc-list-style=\"bullet\"><strong>Hitzebest\u00e4ndigkeit: <\/strong>Beh\u00e4lt seine Leistung und strukturelle Integrit\u00e4t auch bei hohen Temperaturen bei und ist damit eine zuverl\u00e4ssige Wahl f\u00fcr Anwendungen, die thermische Stabilit\u00e4t erfordern.<\/li>\n<\/ul>\n<h5>Merkmale und Spezifikationen<\/h5>\n<p><\/br><br \/>\nAMPCO\u00ae M4 ist eine au\u00dfergew\u00f6hnliche Aluminiumbronzelegierung, die f\u00fcr ihre bemerkenswerten Eigenschaften bekannt ist. Dieser Hochleistungswerkstoff verf\u00fcgt \u00fcber mechanische Eigenschaften, die die von herk\u00f6mmlichen Nickel-Aluminium-Bronzen \u00fcbertreffen. Sie zeichnet sich durch eine einzigartige Zusammensetzung mit erh\u00f6htem Aluminium- und Eisengehalt aus, was zu einer gleichm\u00e4\u00dfigen Verteilung der harten Gamma-2-Phase in der Legierung f\u00fchrt. Dies f\u00fchrt zu einer ausgezeichneten Verschlei\u00dffestigkeit, geringerer Reibung und verbesserten Gleiteigenschaften. Daher eignet es sich gut f\u00fcr Anwendungen, die eine hohe mechanische Festigkeit bei hohen Temperaturen erfordern, was es zur idealen Wahl f\u00fcr Flugzeugfahrwerkslager, Biegestempel, Zahnr\u00e4der und mehr macht. Diese Bronzelegierung entspricht der Norm AMS 4590 f\u00fcr Strangpressprofile und bietet Zuverl\u00e4ssigkeit und Leistung ohne die industriellen Hygieneanforderungen, die mit Alternativen aus Berylliumkupfer verbunden sind.<\/p>\n<h5>Anwendungen<\/h5>\n<p><\/br><br \/>\nAMPCO\u00ae M4 wird aufgrund seiner au\u00dfergew\u00f6hnlichen Eigenschaften in einer Vielzahl von Branchen eingesetzt. Diese hochleistungsf\u00e4hige Aluminiumbronze-Legierung eignet sich hervorragend f\u00fcr anspruchsvolle Umgebungen. Es ist die erste Wahl f\u00fcr Flugzeugfahrwerkslager und -buchsen und gew\u00e4hrleistet zuverl\u00e4ssige Leistung unter extremen Bedingungen. In der Rohrbiegeindustrie wird die Aluminium-Bronze-Legierung aufgrund ihrer hervorragenden Haltbarkeit und Verschlei\u00dffestigkeit f\u00fcr Biegewerkzeuge, wie z. B. Schuhe und Dorne, gesch\u00e4tzt. Es ist auch ein bew\u00e4hrtes Material f\u00fcr Zahnr\u00e4der und Verschlei\u00df-\/F\u00fchrungsplatten, wo seine \u00fcberragende mechanische Festigkeit und Korrosionsbest\u00e4ndigkeit zum Tragen kommt. Von der Luft- und Raumfahrt \u00fcber die Fertigung bis hin zum Schwermaschinenbau &#8211; AMPCO\u00ae M4 hat sich in kritischen Anwendungen bew\u00e4hrt.<\/p>\n","protected":false},"featured_media":50554,"template":"","meta":{"_et_pb_use_builder":"","_et_pb_old_content":"","_et_gb_content_width":"","inline_featured_image":false,"_links_to":"","_links_to_target":""},"product_category":[385],"product_type":[542,548,390,387,386],"product_shape":[392,393,394,396,395,391],"class_list":["post-52633","product","type-product","status-publish","has-post-thumbnail","hentry","product_category-ampco-aluminiumbronze"],"acf":[],"aioseo_notices":[],"_links":{"self":[{"href":"https:\/\/staging.ampcometal.com\/de\/wp-json\/wp\/v2\/product\/52633","targetHints":{"allow":["GET"]}}],"collection":[{"href":"https:\/\/staging.ampcometal.com\/de\/wp-json\/wp\/v2\/product"}],"about":[{"href":"https:\/\/staging.ampcometal.com\/de\/wp-json\/wp\/v2\/types\/product"}],"wp:featuredmedia":[{"embeddable":true,"href":"https:\/\/staging.ampcometal.com\/de\/wp-json\/wp\/v2\/media\/50554"}],"wp:attachment":[{"href":"https:\/\/staging.ampcometal.com\/de\/wp-json\/wp\/v2\/media?parent=52633"}],"wp:term":[{"taxonomy":"product_category","embeddable":true,"href":"https:\/\/staging.ampcometal.com\/de\/wp-json\/wp\/v2\/product_category?post=52633"},{"taxonomy":"product_type","embeddable":true,"href":"https:\/\/staging.ampcometal.com\/de\/wp-json\/wp\/v2\/product_type?post=52633"},{"taxonomy":"product_shape","embeddable":true,"href":"https:\/\/staging.ampcometal.com\/de\/wp-json\/wp\/v2\/product_shape?post=52633"}],"curies":[{"name":"wp","href":"https:\/\/api.w.org\/{rel}","templated":true}]}}