{"id":52573,"date":"2021-09-03T13:19:53","date_gmt":"2021-09-03T11:19:53","guid":{"rendered":"https:\/\/staging.ampcometal.com\/nutzungsbedingungen\/"},"modified":"2021-09-03T13:19:58","modified_gmt":"2021-09-03T11:19:58","slug":"nutzungsbedingungen","status":"publish","type":"page","link":"https:\/\/staging.ampcometal.com\/de\/nutzungsbedingungen\/","title":{"rendered":"Nutzungsbedingungen"},"content":{"rendered":"[et_pb_section fb_built=&#8220;1&#8243; specialty=&#8220;on&#8220; custom_padding_last_edited=&#8220;on|desktop&#8220; parallax_method_1=&#8220;off&#8220; parallax_method_2=&#8220;off&#8220; module_id_1=&#8220;product-page-sidebar-column&#8220; admin_label=&#8220;Section&#8220; _builder_version=&#8220;3.22&#8243; background_color=&#8220;#f7f7f7&#8243; custom_padding=&#8220;0px||0px|&#8220; custom_padding_tablet=&#8220;40px|||&#8220; custom_padding_phone=&#8220;&#8220; transparent_background=&#8220;off&#8220; make_fullwidth=&#8220;off&#8220; use_custom_width=&#8220;off&#8220; width_unit=&#8220;on&#8220; global_colors_info=&#8220;{}&#8220;][et_pb_column type=&#8220;1_3&#8243; _builder_version=&#8220;3.25&#8243; custom_padding=&#8220;|||&#8220; global_colors_info=&#8220;{}&#8220; custom_padding__hover=&#8220;|||&#8220;][et_pb_sidebar _builder_version=&#8220;4.9.11&#8243; _module_preset=&#8220;default&#8220; hover_enabled=&#8220;0&#8243; global_colors_info=&#8220;{}&#8220; area=&#8220;legal_sidebar&#8220; sticky_enabled=&#8220;0&#8243;][\/et_pb_sidebar][\/et_pb_column][et_pb_column type=&#8220;2_3&#8243; specialty_columns=&#8220;2&#8243; _builder_version=&#8220;3.25&#8243; custom_padding=&#8220;|||&#8220; global_colors_info=&#8220;{}&#8220; custom_padding__hover=&#8220;|||&#8220;][et_pb_row_inner custom_padding_last_edited=&#8220;on|desktop&#8220; admin_label=&#8220;Row&#8220; _builder_version=&#8220;3.25&#8243; custom_margin=&#8220;||80px|&#8220; custom_margin_tablet=&#8220;||60px|&#8220; custom_margin_phone=&#8220;&#8220; custom_margin_last_edited=&#8220;on|desktop&#8220; custom_padding=&#8220;40px||40px|&#8220; custom_padding_tablet=&#8220;&#8220; custom_padding_phone=&#8220;&#8220; custom_css_main_element=&#8220;border-bottom: solid 2px #e8e8e8;&#8220; global_colors_info=&#8220;{}&#8220;][et_pb_column_inner saved_specialty_column_type=&#8220;2_3&#8243; _builder_version=&#8220;3.25&#8243; custom_padding=&#8220;|||&#8220; global_colors_info=&#8220;{}&#8220; custom_padding__hover=&#8220;|||&#8220;][et_pb_text admin_label=&#8220;Terms of use&#8220; _builder_version=&#8220;3.27.4&#8243; background_size=&#8220;initial&#8220; background_position=&#8220;top_left&#8220; background_repeat=&#8220;repeat&#8220; use_border_color=&#8220;off&#8220; border_color=&#8220;#ffffff&#8220; border_style=&#8220;solid&#8220; global_colors_info=&#8220;{}&#8220;]\n<h2>Nutzungsbedingungen<\/h2>\n[\/et_pb_text][et_pb_text admin_label=&#8220;Text&#8220; _builder_version=&#8220;3.27.4&#8243; background_size=&#8220;initial&#8220; background_position=&#8220;top_left&#8220; background_repeat=&#8220;repeat&#8220; custom_margin_last_edited=&#8220;off|desktop&#8220; use_border_color=&#8220;off&#8220; border_color=&#8220;#ffffff&#8220; border_style=&#8220;solid&#8220; global_colors_info=&#8220;{}&#8220;]Willkommen auf unserer Webseite. Wenn Sie diese Website weiterhin durchsuchen und nutzen, erkl\u00e4ren Sie sich damit einverstanden, die folgenden Nutzungsbedingungen einzuhalten und an sie gebunden zu sein, die zusammen mit unserer Datenschutzrichtlinie die Beziehung von AMPCO METAL zu Ihnen in Bezug auf diese Website regeln.<\/p>\n<p>Der Begriff \u201eAMPCO METAL\u201c oder \u201euns\u201c oder \u201ewir\u201c bezieht sich auf den Inhaber der Website mit Sitz in Route de Ch\u00e9salles 48, Postfach 45, 1723 Marly, Schweiz. Der Begriff \u201eSie\u201c bezieht sich auf den Benutzer oder Betrachter unserer Website. Die Nutzung dieser Website unterliegt den folgenden Nutzungsbedingungen:<\/p>\n<ul>\n<li>Der Inhalt der Seiten dieser Website dient ausschlie\u00dflich Ihrer allgemeinen Information und Nutzung. Sie kann ohne vorherige Ank\u00fcndigung ge\u00e4ndert werden.<\/li>\n<li>Weder wir noch Dritte geben eine Gew\u00e4hrleistung oder Garantie hinsichtlich der Richtigkeit, Aktualit\u00e4t, Leistung, Vollst\u00e4ndigkeit oder Eignung der auf dieser Website gefundenen oder angebotenen Informationen und Materialien f\u00fcr einen bestimmten Zweck. Sie erkennen an, dass diese Informationen und Materialien Ungenauigkeiten oder Fehler enthalten k\u00f6nnen, und wir schlie\u00dfen ausdr\u00fccklich die Haftung f\u00fcr solche Ungenauigkeiten oder Fehler im gesetzlich zul\u00e4ssigen Umfang aus.<\/li>\n<li>Ihre Nutzung von Informationen oder Materialien auf dieser Website erfolgt ausschlie\u00dflich auf Ihr eigenes Risiko, f\u00fcr das wir nicht haften. Es liegt in Ihrer eigenen Verantwortung sicherzustellen, dass alle Produkte, Dienstleistungen oder Informationen, die \u00fcber diese Website verf\u00fcgbar sind, Ihren spezifischen Anforderungen entsprechen.<\/li>\n<li>Diese Website enth\u00e4lt Material, das uns geh\u00f6rt oder an uns lizenziert ist. Dieses Material umfasst unter anderem Design, Layout, Aussehen, Aussehen und Grafiken der Website sowie alle hierin enthaltenen Produktinformationen. Eine Vervielf\u00e4ltigung ist au\u00dfer in \u00dcbereinstimmung mit dem Urheberrechtshinweis, der Bestandteil dieser Bedingungen ist, verboten.<\/li>\n<li>Alle auf dieser Website wiedergegebenen Marken, die nicht Eigentum des Betreibers sind oder an diesen lizenziert sind, werden auf der Website anerkannt.<\/li>\n<li>Die unbefugte Nutzung dieser Website kann zu Schadensersatzanspr\u00fcchen f\u00fchren und\/oder strafbar sein.<\/li>\n<li>Von Zeit zu Zeit kann diese Website auch Links zu anderen Websites enthalten. Diese Links werden zu Ihrer Bequemlichkeit bereitgestellt, um weitere Informationen bereitzustellen. Sie bedeuten nicht, dass wir die Website(s) unterst\u00fctzen. Wir \u00fcbernehmen keine Verantwortung f\u00fcr den Inhalt der verlinkten Website(s).<\/li>\n<li>Sie d\u00fcrfen ohne vorherige schriftliche Zustimmung von AMPCO METAL keinen Link zu dieser Website von einer anderen Website oder einem anderen Dokument erstellen.<\/li>\n<\/ul>\n<p>Ihre Nutzung dieser Website und alle Streitigkeiten, die sich aus einer solchen Nutzung der Website ergeben, unterliegen schweizerischem Recht.<br \/>\n[\/et_pb_text][\/et_pb_column_inner][\/et_pb_row_inner][\/et_pb_column][\/et_pb_section]\n","protected":false},"excerpt":{"rendered":"<p>Nutzungsbedingungen Willkommen auf unserer Webseite. Wenn Sie diese Website weiterhin durchsuchen und nutzen, erkl\u00e4ren Sie sich damit einverstanden, die folgenden Nutzungsbedingungen einzuhalten und an sie gebunden zu sein, die zusammen mit unserer Datenschutzrichtlinie die Beziehung von AMPCO METAL zu Ihnen in Bezug auf diese Website regeln. Der Begriff \u201eAMPCO METAL\u201c oder \u201euns\u201c oder \u201ewir\u201c bezieht [&hellip;]<\/p>\n","protected":false},"author":1,"featured_media":0,"parent":0,"menu_order":0,"comment_status":"closed","ping_status":"closed","template":"","meta":{"_et_pb_use_builder":"on","_et_pb_old_content":"","_et_gb_content_width":"","inline_featured_image":false,"footnotes":"","_links_to":"","_links_to_target":""},"class_list":["post-52573","page","type-page","status-publish","hentry"],"acf":[],"aioseo_notices":[],"_links":{"self":[{"href":"https:\/\/staging.ampcometal.com\/de\/wp-json\/wp\/v2\/pages\/52573","targetHints":{"allow":["GET"]}}],"collection":[{"href":"https:\/\/staging.ampcometal.com\/de\/wp-json\/wp\/v2\/pages"}],"about":[{"href":"https:\/\/staging.ampcometal.com\/de\/wp-json\/wp\/v2\/types\/page"}],"author":[{"embeddable":true,"href":"https:\/\/staging.ampcometal.com\/de\/wp-json\/wp\/v2\/users\/1"}],"replies":[{"embeddable":true,"href":"https:\/\/staging.ampcometal.com\/de\/wp-json\/wp\/v2\/comments?post=52573"}],"version-history":[{"count":0,"href":"https:\/\/staging.ampcometal.com\/de\/wp-json\/wp\/v2\/pages\/52573\/revisions"}],"wp:attachment":[{"href":"https:\/\/staging.ampcometal.com\/de\/wp-json\/wp\/v2\/media?parent=52573"}],"curies":[{"name":"wp","href":"https:\/\/api.w.org\/{rel}","templated":true}]}}