{"id":52553,"date":"2021-09-03T13:19:50","date_gmt":"2021-09-03T11:19:50","guid":{"rendered":"https:\/\/staging.ampcometal.com\/privatsphaere\/"},"modified":"2021-09-03T13:19:58","modified_gmt":"2021-09-03T11:19:58","slug":"privatsphaere","status":"publish","type":"page","link":"https:\/\/staging.ampcometal.com\/de\/privatsphaere\/","title":{"rendered":"Privatsph\u00e4re"},"content":{"rendered":"[et_pb_section fb_built=&#8220;1&#8243; specialty=&#8220;on&#8220; custom_padding_last_edited=&#8220;on|desktop&#8220; parallax_method_1=&#8220;off&#8220; parallax_method_2=&#8220;off&#8220; module_id_1=&#8220;product-page-sidebar-column&#8220; _builder_version=&#8220;3.22&#8243; background_color=&#8220;#f7f7f7&#8243; custom_padding=&#8220;0px||0px|&#8220; custom_padding_tablet=&#8220;40px|||&#8220; custom_padding_phone=&#8220;&#8220; transparent_background=&#8220;off&#8220; make_fullwidth=&#8220;off&#8220; use_custom_width=&#8220;off&#8220; width_unit=&#8220;on&#8220;][et_pb_column type=&#8220;1_3&#8243; _builder_version=&#8220;3.25&#8243; custom_padding=&#8220;|||&#8220; custom_padding__hover=&#8220;|||&#8220;][et_pb_sidebar area=&#8220;misc_sidebar&#8220; disabled_on=&#8220;on|on|off&#8220; module_id=&#8220;inner-product-sidebar-module&#8220; _builder_version=&#8220;4.9.4&#8243; hover_enabled=&#8220;0&#8243; remove_border=&#8220;off&#8220; sticky_enabled=&#8220;0&#8243;][\/et_pb_sidebar][\/et_pb_column][et_pb_column type=&#8220;2_3&#8243; specialty_columns=&#8220;2&#8243; _builder_version=&#8220;3.25&#8243; custom_padding=&#8220;|||&#8220; custom_padding__hover=&#8220;|||&#8220;][et_pb_row_inner custom_padding_last_edited=&#8220;on|desktop&#8220; admin_label=&#8220;Row&#8220; _builder_version=&#8220;3.25&#8243; custom_margin=&#8220;||40px|&#8220; custom_margin_tablet=&#8220;&#8220; custom_margin_phone=&#8220;&#8220; custom_margin_last_edited=&#8220;on|desktop&#8220; custom_padding=&#8220;40px||40px|&#8220; custom_padding_tablet=&#8220;&#8220; custom_padding_phone=&#8220;&#8220; custom_css_main_element=&#8220;border-bottom: solid 2px #e8e8e8;&#8220;][et_pb_column_inner saved_specialty_column_type=&#8220;2_3&#8243; _builder_version=&#8220;3.25&#8243; custom_padding=&#8220;|||&#8220; custom_padding__hover=&#8220;|||&#8220;][et_pb_text admin_label=&#8220;PRIVACY&#8220; _builder_version=&#8220;3.27.4&#8243; background_size=&#8220;initial&#8220; background_position=&#8220;top_left&#8220; background_repeat=&#8220;repeat&#8220; use_border_color=&#8220;off&#8220; border_color=&#8220;#ffffff&#8220; border_style=&#8220;solid&#8220;]\n<h2>PRIVATSPH\u00c4RE<\/h2>\n[\/et_pb_text][et_pb_text _builder_version=&#8220;3.27.4&#8243; background_size=&#8220;initial&#8220; background_position=&#8220;top_left&#8220; background_repeat=&#8220;repeat&#8220; custom_margin=&#8220;20px|||&#8220; custom_margin_tablet=&#8220;&#8220; custom_margin_phone=&#8220;&#8220; custom_margin_last_edited=&#8220;on|&#8220; use_border_color=&#8220;off&#8220; border_color=&#8220;#ffffff&#8220; border_style=&#8220;solid&#8220;]Diese Datenschutzrichtlinie legt dar, wie AMPCO METAL alle Informationen verwendet und sch\u00fctzt, die Sie AMPCO METAL bei der Nutzung dieser Website zur Verf\u00fcgung stellen. AMPCO METAL setzt sich daf\u00fcr ein, dass Ihre Privatsph\u00e4re gesch\u00fctzt ist. Sollten wir Sie um die Angabe bestimmter Informationen bitten, anhand derer Sie bei der Nutzung dieser Website identifiziert werden k\u00f6nnen, k\u00f6nnen Sie sicher sein, dass diese nur in \u00dcbereinstimmung mit dieser Datenschutzerkl\u00e4rung verwendet werden. AMPCO METAL kann diese Richtlinie von Zeit zu Zeit durch Aktualisierung dieser Seite \u00e4ndern. Sie sollten diese Seite von Zeit zu Zeit \u00fcberpr\u00fcfen, um sicherzustellen, dass Sie mit den \u00c4nderungen einverstanden sind. Diese Richtlinie gilt ab dem 18. Januar 2010.<br \/>\n[\/et_pb_text][\/et_pb_column_inner][\/et_pb_row_inner][et_pb_row_inner custom_padding_last_edited=&#8220;on|desktop&#8220; admin_label=&#8220;Row&#8220; _builder_version=&#8220;3.25&#8243; custom_margin=&#8220;||40px|&#8220; custom_margin_tablet=&#8220;&#8220; custom_margin_phone=&#8220;&#8220; custom_margin_last_edited=&#8220;on|desktop&#8220; custom_padding=&#8220;0px||40px|&#8220; custom_padding_tablet=&#8220;&#8220; custom_padding_phone=&#8220;&#8220; custom_css_main_element=&#8220;border-bottom: solid 2px #e8e8e8;&#8220;][et_pb_column_inner saved_specialty_column_type=&#8220;2_3&#8243; _builder_version=&#8220;3.25&#8243; custom_padding=&#8220;|||&#8220; custom_padding__hover=&#8220;|||&#8220;][et_pb_text admin_label=&#8220;What we collect&#8220; _builder_version=&#8220;3.27.4&#8243; background_size=&#8220;initial&#8220; background_position=&#8220;top_left&#8220; background_repeat=&#8220;repeat&#8220; use_border_color=&#8220;off&#8220; border_color=&#8220;#ffffff&#8220; border_style=&#8220;solid&#8220;]\n<h2>Was wir sammeln<\/h2>\n[\/et_pb_text][et_pb_text _builder_version=&#8220;3.27.4&#8243; background_size=&#8220;initial&#8220; background_position=&#8220;top_left&#8220; background_repeat=&#8220;repeat&#8220; custom_margin=&#8220;20px|||&#8220; custom_margin_tablet=&#8220;&#8220; custom_margin_phone=&#8220;&#8220; custom_margin_last_edited=&#8220;on|&#8220; use_border_color=&#8220;off&#8220; border_color=&#8220;#ffffff&#8220; border_style=&#8220;solid&#8220;]<strong>Wir k\u00f6nnen die folgenden Informationen sammeln:<\/strong><\/p>\n<ul>\n<li>Name und Berufsbezeichnung<\/li>\n<li>Kontaktdaten einschlie\u00dflich E-Mail-Adresse<\/li>\n<li>Demografische Informationen wie Postleitzahl, Vorlieben und Interessen<\/li>\n<li>Sonstige f\u00fcr Kundenumfragen und\/oder Angebote relevante Informationen<\/li>\n<\/ul>\n<p><strong>Was wir mit den gesammelten Informationen machen:<\/strong><\/p>\n<ul>\n<li>Wir ben\u00f6tigen diese Informationen, um Ihre Bed\u00fcrfnisse zu verstehen und Ihnen einen besseren Service zu bieten, insbesondere aus folgenden Gr\u00fcnden:<\/li>\n<li>Interne Aufzeichnungen.<\/li>\n<li>Wir k\u00f6nnen die Informationen verwenden, um unsere Produkte und Dienstleistungen zu verbessern.<\/li>\n<li>Wir k\u00f6nnen in regelm\u00e4\u00dfigen Abst\u00e4nden Werbe-E-Mails \u00fcber neue Produkte, Sonderangebote oder andere Informationen senden, von denen wir glauben, dass sie f\u00fcr Sie interessant sein k\u00f6nnten, indem wir die von Ihnen angegebene E-Mail-Adresse verwenden.<\/li>\n<li>Von Zeit zu Zeit k\u00f6nnen wir Ihre Daten auch verwenden, um Sie zu Marktforschungszwecken zu kontaktieren. Wir k\u00f6nnen Sie per E-Mail, Telefon, Fax oder Post kontaktieren. Wir k\u00f6nnen die Informationen verwenden, um die Website an Ihre Interessen anzupassen.<\/li>\n<\/ul>\n[\/et_pb_text][\/et_pb_column_inner][\/et_pb_row_inner][et_pb_row_inner custom_padding_last_edited=&#8220;on|phone&#8220; admin_label=&#8220;Row&#8220; _builder_version=&#8220;3.25&#8243; custom_margin=&#8220;||40px|&#8220; custom_margin_tablet=&#8220;&#8220; custom_margin_phone=&#8220;&#8220; custom_margin_last_edited=&#8220;on|desktop&#8220; custom_padding=&#8220;0px||40px|&#8220; custom_padding_tablet=&#8220;&#8220; custom_padding_phone=&#8220;&#8220; custom_css_main_element=&#8220;border-bottom: solid 2px #e8e8e8;&#8220;][et_pb_column_inner saved_specialty_column_type=&#8220;2_3&#8243; _builder_version=&#8220;3.25&#8243; custom_padding=&#8220;|||&#8220; custom_padding__hover=&#8220;|||&#8220;][et_pb_text admin_label=&#8220;Security&#8220; _builder_version=&#8220;3.27.4&#8243; background_size=&#8220;initial&#8220; background_position=&#8220;top_left&#8220; background_repeat=&#8220;repeat&#8220; use_border_color=&#8220;off&#8220; border_color=&#8220;#ffffff&#8220; border_style=&#8220;solid&#8220;]\n<h2>Sicherheit<\/h2>\n[\/et_pb_text][et_pb_text _builder_version=&#8220;3.27.4&#8243; background_size=&#8220;initial&#8220; background_position=&#8220;top_left&#8220; background_repeat=&#8220;repeat&#8220; custom_margin=&#8220;20px|||&#8220; custom_margin_tablet=&#8220;&#8220; custom_margin_phone=&#8220;&#8220; custom_margin_last_edited=&#8220;on|&#8220; use_border_color=&#8220;off&#8220; border_color=&#8220;#ffffff&#8220; border_style=&#8220;solid&#8220;]Wir setzen uns daf\u00fcr ein, dass Ihre Daten sicher sind. Um unbefugten Zugriff oder unbefugte Offenlegung zu verhindern, haben wir geeignete physische, elektronische und verwaltungstechnische Verfahren eingerichtet, um die online erfassten Informationen zu sch\u00fctzen und zu sichern.<br \/>\n[\/et_pb_text][\/et_pb_column_inner][\/et_pb_row_inner][et_pb_row_inner custom_padding_last_edited=&#8220;on|phone&#8220; admin_label=&#8220;Row&#8220; _builder_version=&#8220;3.25&#8243; custom_margin=&#8220;||40px|&#8220; custom_margin_tablet=&#8220;&#8220; custom_margin_phone=&#8220;&#8220; custom_margin_last_edited=&#8220;on|desktop&#8220; custom_padding=&#8220;0px||40px|&#8220; custom_padding_tablet=&#8220;&#8220; custom_padding_phone=&#8220;&#8220; custom_css_main_element=&#8220;border-bottom: solid 2px #e8e8e8;&#8220;][et_pb_column_inner saved_specialty_column_type=&#8220;2_3&#8243; _builder_version=&#8220;3.25&#8243; custom_padding=&#8220;|||&#8220; custom_padding__hover=&#8220;|||&#8220;][et_pb_text admin_label=&#8220;Cookies&#8220; _builder_version=&#8220;3.27.4&#8243; background_size=&#8220;initial&#8220; background_position=&#8220;top_left&#8220; background_repeat=&#8220;repeat&#8220; use_border_color=&#8220;off&#8220; border_color=&#8220;#ffffff&#8220; border_style=&#8220;solid&#8220;]\n<h2>Kekse<\/h2>\n[\/et_pb_text][et_pb_text _builder_version=&#8220;3.27.4&#8243; background_size=&#8220;initial&#8220; background_position=&#8220;top_left&#8220; background_repeat=&#8220;repeat&#8220; custom_margin=&#8220;20px|||&#8220; custom_margin_tablet=&#8220;&#8220; custom_margin_phone=&#8220;&#8220; custom_margin_last_edited=&#8220;on|&#8220; use_border_color=&#8220;off&#8220; border_color=&#8220;#ffffff&#8220; border_style=&#8220;solid&#8220;]Ein Cookie ist eine kleine Datei, die um Erlaubnis bittet, auf der Festplatte Ihres Computers platziert zu werden. Sobald Sie zustimmen, wird die Datei hinzugef\u00fcgt und das Cookie hilft bei der Analyse des Webverkehrs oder informiert Sie, wenn Sie eine bestimmte Website besuchen. Cookies erm\u00f6glichen es Webanwendungen, Ihnen als Einzelperson zu antworten. Die Webanwendung kann ihren Betrieb an Ihre Bed\u00fcrfnisse, Vorlieben und Abneigungen anpassen, indem sie Informationen \u00fcber Ihre Pr\u00e4ferenzen sammelt und speichert. Wir verwenden Traffic-Log-Cookies, um zu erkennen, welche Seiten verwendet werden. Dies hilft uns, Daten \u00fcber den Webseitenverkehr zu analysieren und unsere Website zu verbessern, um sie an die Kundenbed\u00fcrfnisse anzupassen. Wir verwenden diese Informationen nur f\u00fcr statistische Analysezwecke und dann werden die Daten aus dem System entfernt. Insgesamt helfen uns Cookies dabei, Ihnen eine bessere Website bereitzustellen, indem sie uns erm\u00f6glichen zu \u00fcberwachen, welche Seiten Sie f\u00fcr n\u00fctzlich halten und welche nicht. Ein Cookie gibt uns in keiner Weise Zugriff auf Ihren Computer oder andere Informationen \u00fcber Sie, mit Ausnahme der Daten, die Sie mit uns teilen. Sie k\u00f6nnen Cookies akzeptieren oder ablehnen. Die meisten Webbrowser akzeptieren Cookies automatisch, aber Sie k\u00f6nnen in der Regel Ihre Browsereinstellungen \u00e4ndern, um Cookies abzulehnen, wenn Sie dies vorziehen. Dies kann Sie daran hindern, die Website in vollem Umfang zu nutzen.<br \/>\n[\/et_pb_text][\/et_pb_column_inner][\/et_pb_row_inner][et_pb_row_inner custom_padding_last_edited=&#8220;on|desktop&#8220; admin_label=&#8220;Row&#8220; _builder_version=&#8220;3.25&#8243; custom_margin=&#8220;||40px|&#8220; custom_margin_tablet=&#8220;&#8220; custom_margin_phone=&#8220;&#8220; custom_margin_last_edited=&#8220;on|desktop&#8220; custom_padding=&#8220;0px||40px|&#8220; custom_padding_tablet=&#8220;&#8220; custom_padding_phone=&#8220;&#8220; custom_css_main_element=&#8220;border-bottom: solid 2px #e8e8e8;&#8220;][et_pb_column_inner saved_specialty_column_type=&#8220;2_3&#8243; _builder_version=&#8220;3.25&#8243; custom_padding=&#8220;|||&#8220; custom_padding__hover=&#8220;|||&#8220;][et_pb_text admin_label=&#8220;Links to other websites&#8220; _builder_version=&#8220;3.27.4&#8243; background_size=&#8220;initial&#8220; background_position=&#8220;top_left&#8220; background_repeat=&#8220;repeat&#8220; use_border_color=&#8220;off&#8220; border_color=&#8220;#ffffff&#8220; border_style=&#8220;solid&#8220;]\n<h2>Links zu anderen Websites<\/h2>\n[\/et_pb_text][et_pb_text _builder_version=&#8220;3.27.4&#8243; background_size=&#8220;initial&#8220; background_position=&#8220;top_left&#8220; background_repeat=&#8220;repeat&#8220; custom_margin=&#8220;20px|||&#8220; custom_margin_tablet=&#8220;&#8220; custom_margin_phone=&#8220;&#8220; custom_margin_last_edited=&#8220;on|&#8220; use_border_color=&#8220;off&#8220; border_color=&#8220;#ffffff&#8220; border_style=&#8220;solid&#8220;]Unsere Website kann Links zu anderen interessanten Websites enthalten. Sobald Sie jedoch diese Links verwendet haben, um unsere Website zu verlassen, sollten Sie beachten, dass wir keine Kontrolle \u00fcber diese andere Website haben. Daher k\u00f6nnen wir nicht f\u00fcr den Schutz und die Vertraulichkeit von Informationen verantwortlich sein, die Sie beim Besuch dieser Websites bereitstellen, und diese Websites unterliegen nicht dieser Datenschutzerkl\u00e4rung. Sie sollten Vorsicht walten lassen und die f\u00fcr die betreffende Website geltende Datenschutzerkl\u00e4rung lesen.<br \/>\n[\/et_pb_text][\/et_pb_column_inner][\/et_pb_row_inner][et_pb_row_inner custom_padding_last_edited=&#8220;on|desktop&#8220; admin_label=&#8220;Row&#8220; _builder_version=&#8220;3.25&#8243; custom_margin=&#8220;||40px|&#8220; custom_margin_tablet=&#8220;&#8220; custom_margin_phone=&#8220;&#8220; custom_margin_last_edited=&#8220;on|desktop&#8220; custom_padding=&#8220;0px||40px|&#8220; custom_padding_tablet=&#8220;&#8220; custom_padding_phone=&#8220;&#8220; custom_css_main_element=&#8220;border-bottom: solid 2px #e8e8e8;&#8220;][et_pb_column_inner saved_specialty_column_type=&#8220;2_3&#8243; _builder_version=&#8220;3.25&#8243; custom_padding=&#8220;|||&#8220; custom_padding__hover=&#8220;|||&#8220;][et_pb_text admin_label=&#8220;Controlling your personal information&#8220; _builder_version=&#8220;3.27.4&#8243; background_size=&#8220;initial&#8220; background_position=&#8220;top_left&#8220; background_repeat=&#8220;repeat&#8220; use_border_color=&#8220;off&#8220; border_color=&#8220;#ffffff&#8220; border_style=&#8220;solid&#8220;]\n<h2>Kontrolle Ihrer pers\u00f6nlichen Daten<\/h2>\n[\/et_pb_text][et_pb_text _builder_version=&#8220;3.27.4&#8243; background_size=&#8220;initial&#8220; background_position=&#8220;top_left&#8220; background_repeat=&#8220;repeat&#8220; custom_margin=&#8220;20px|||&#8220; custom_margin_tablet=&#8220;&#8220; custom_margin_phone=&#8220;&#8220; custom_margin_last_edited=&#8220;on|&#8220; use_border_color=&#8220;off&#8220; border_color=&#8220;#ffffff&#8220; border_style=&#8220;solid&#8220;]Sie k\u00f6nnen die Erfassung oder Verwendung Ihrer personenbezogenen Daten wie folgt einschr\u00e4nken:<\/p>\n<ul>\n<li>Wenn Sie auf der Website aufgefordert werden, ein Formular auszuf\u00fcllen, suchen Sie nach dem K\u00e4stchen, das Sie anklicken k\u00f6nnen, um anzugeben, dass die Informationen von niemandem f\u00fcr Direktmarketingzwecke verwendet werden sollen.<\/li>\n<li>Wenn Sie zuvor zugestimmt haben, dass wir Ihre personenbezogenen Daten f\u00fcr Direktmarketingzwecke verwenden, k\u00f6nnen Sie Ihre Meinung jederzeit \u00e4ndern, indem Sie uns schreiben.<\/li>\n<\/ul>\n[\/et_pb_text][\/et_pb_column_inner][\/et_pb_row_inner][et_pb_row_inner custom_padding_last_edited=&#8220;on|desktop&#8220; admin_label=&#8220;Row&#8220; _builder_version=&#8220;3.25&#8243; custom_margin=&#8220;||40px|&#8220; custom_margin_tablet=&#8220;&#8220; custom_margin_phone=&#8220;&#8220; custom_margin_last_edited=&#8220;on|desktop&#8220; custom_padding=&#8220;0px||40px|&#8220; custom_padding_tablet=&#8220;&#8220; custom_padding_phone=&#8220;&#8220; custom_css_main_element=&#8220;border-bottom: solid 2px #e8e8e8;&#8220;][et_pb_column_inner saved_specialty_column_type=&#8220;2_3&#8243; _builder_version=&#8220;3.25&#8243; custom_padding=&#8220;|||&#8220; custom_padding__hover=&#8220;|||&#8220;][et_pb_text admin_label=&#8220;Summary of Your Rights under GDPR&#8220; _builder_version=&#8220;3.27.4&#8243; use_border_color=&#8220;off&#8220; border_color=&#8220;#ffffff&#8220; border_style=&#8220;solid&#8220;]\n<h2>Zusammenfassung Ihrer Rechte gem\u00e4\u00df DSGVO<\/h2>\n[\/et_pb_text][et_pb_text _builder_version=&#8220;3.27.4&#8243; custom_margin=&#8220;20px|||&#8220; custom_margin_tablet=&#8220;&#8220; custom_margin_phone=&#8220;&#8220; custom_margin_last_edited=&#8220;on|&#8220; use_border_color=&#8220;off&#8220; border_color=&#8220;#ffffff&#8220; border_style=&#8220;solid&#8220;]Nach der DSGVO haben Sie:<\/p>\n<ol>\n<li>das Recht auf Auskunft, L\u00f6schung oder Berichtigung Ihrer bei uns gespeicherten personenbezogenen Daten;<\/li>\n<li>das Recht, sich bei einer Aufsichtsbeh\u00f6rde zu beschweren;<\/li>\n<li>dar\u00fcber informiert werden, welche Datenverarbeitung stattfindet;<\/li>\n<li>das Recht auf Einschr\u00e4nkung der Verarbeitung;<\/li>\n<li>das Recht auf Daten\u00fcbertragbarkeit;<\/li>\n<li>der Verarbeitung Ihrer personenbezogenen Daten zu widersprechen.<\/li>\n<\/ol>\n<p>Um eines der vorstehenden Rechte durchzusetzen oder wenn Sie andere Fragen zu unserer Website oder dieser Datenschutzrichtlinie haben, kontaktieren Sie uns bitte unter Verwendung der nachstehenden Angaben.<\/p>\n<p><strong>Uns kontaktieren<\/strong><\/p>\n<p>Wenn Sie Fragen zu unserer Website oder dieser Datenschutzrichtlinie haben, kontaktieren Sie uns bitte per E-Mail unter privacy@ampcometal.com, telefonisch unter +41 26 439 9300 oder per Post an AMPCO METAL SA, Route de Ch\u00e9salles 48, 1723 Marly, Schweiz . Bitte stellen Sie sicher, dass Ihre Anfrage eindeutig ist. Wenn es sich um Auskunftsersuchen \u00fcber die von uns \u00fcber Sie gespeicherten Daten handelt, kontaktieren Sie uns bitte per E-Mail unter gdpr@ampcometal.com.<\/p>\n<p><strong>\u00c4nderungen unserer Datenschutzrichtlinie<\/strong><\/p>\n<p>Wir k\u00f6nnen diese Datenschutzrichtlinie von Zeit zu Zeit \u00e4ndern, wenn wir dies f\u00fcr erforderlich halten oder gesetzlich vorgeschrieben sind. Alle \u00c4nderungen werden sofort auf unserer Website ver\u00f6ffentlicht und es wird davon ausgegangen, dass Sie die Bedingungen der Datenschutzrichtlinie bei Ihrer ersten Nutzung unserer Website nach den \u00c4nderungen akzeptiert haben. Wir empfehlen Ihnen, diese Seite regelm\u00e4\u00dfig zu besuchen, um auf dem neuesten Stand zu bleiben.<br \/>\n[\/et_pb_text][\/et_pb_column_inner][\/et_pb_row_inner][et_pb_row_inner custom_padding_last_edited=&#8220;on|phone&#8220; admin_label=&#8220;Row&#8220; _builder_version=&#8220;3.25&#8243; custom_margin=&#8220;||80px|&#8220; custom_margin_tablet=&#8220;||60px|&#8220; custom_margin_phone=&#8220;&#8220; custom_margin_last_edited=&#8220;on|desktop&#8220; custom_padding=&#8220;0px|||&#8220; custom_padding_tablet=&#8220;&#8220; custom_padding_phone=&#8220;&#8220; custom_css_main_element=&#8220;border-bottom: solid 2px #e8e8e8;&#8220;][et_pb_column_inner saved_specialty_column_type=&#8220;2_3&#8243; _builder_version=&#8220;3.25&#8243; custom_padding=&#8220;|||&#8220; custom_padding__hover=&#8220;|||&#8220;][et_pb_text _builder_version=&#8220;3.27.4&#8243; background_size=&#8220;initial&#8220; background_position=&#8220;top_left&#8220; background_repeat=&#8220;repeat&#8220; custom_margin=&#8220;20px||40px|&#8220; custom_margin_tablet=&#8220;&#8220; custom_margin_phone=&#8220;&#8220; custom_margin_last_edited=&#8220;on|desktop&#8220; use_border_color=&#8220;off&#8220; border_color=&#8220;#ffffff&#8220; border_style=&#8220;solid&#8220;]Wir werden Ihre personenbezogenen Daten nicht an Dritte verkaufen, verteilen oder vermieten, es sei denn, wir haben Ihre Erlaubnis oder sind gesetzlich dazu verpflichtet. Wenn Sie eine Kopie der \u00fcber Sie gespeicherten Informationen w\u00fcnschen, kontaktieren Sie uns bitte. Wenn Sie der Meinung sind, dass Informationen, die wir \u00fcber Sie gespeichert haben, falsch oder unvollst\u00e4ndig sind, schreiben Sie uns bitte so schnell wie m\u00f6glich an die oben genannte Adresse oder senden Sie uns eine E-Mail. Wir werden umgehend alle Informationen korrigieren, die sich als falsch herausstellen.<br \/>\n[\/et_pb_text][\/et_pb_column_inner][\/et_pb_row_inner][\/et_pb_column][\/et_pb_section]\n","protected":false},"excerpt":{"rendered":"<p>PRIVATSPH\u00c4RE Diese Datenschutzrichtlinie legt dar, wie AMPCO METAL alle Informationen verwendet und sch\u00fctzt, die Sie AMPCO METAL bei der Nutzung dieser Website zur Verf\u00fcgung stellen. AMPCO METAL setzt sich daf\u00fcr ein, dass Ihre Privatsph\u00e4re gesch\u00fctzt ist. Sollten wir Sie um die Angabe bestimmter Informationen bitten, anhand derer Sie bei der Nutzung dieser Website identifiziert werden [&hellip;]<\/p>\n","protected":false},"author":1,"featured_media":0,"parent":0,"menu_order":0,"comment_status":"closed","ping_status":"closed","template":"","meta":{"_et_pb_use_builder":"on","_et_pb_old_content":"","_et_gb_content_width":"","inline_featured_image":false,"footnotes":"","_links_to":"","_links_to_target":""},"class_list":["post-52553","page","type-page","status-publish","hentry"],"acf":[],"aioseo_notices":[],"_links":{"self":[{"href":"https:\/\/staging.ampcometal.com\/de\/wp-json\/wp\/v2\/pages\/52553","targetHints":{"allow":["GET"]}}],"collection":[{"href":"https:\/\/staging.ampcometal.com\/de\/wp-json\/wp\/v2\/pages"}],"about":[{"href":"https:\/\/staging.ampcometal.com\/de\/wp-json\/wp\/v2\/types\/page"}],"author":[{"embeddable":true,"href":"https:\/\/staging.ampcometal.com\/de\/wp-json\/wp\/v2\/users\/1"}],"replies":[{"embeddable":true,"href":"https:\/\/staging.ampcometal.com\/de\/wp-json\/wp\/v2\/comments?post=52553"}],"version-history":[{"count":0,"href":"https:\/\/staging.ampcometal.com\/de\/wp-json\/wp\/v2\/pages\/52553\/revisions"}],"wp:attachment":[{"href":"https:\/\/staging.ampcometal.com\/de\/wp-json\/wp\/v2\/media?parent=52553"}],"curies":[{"name":"wp","href":"https:\/\/api.w.org\/{rel}","templated":true}]}}