{"id":52508,"date":"2021-09-03T13:19:40","date_gmt":"2021-09-03T11:19:40","guid":{"rendered":"https:\/\/staging.ampcometal.com\/unternehmen\/geschichte\/"},"modified":"2023-01-30T15:02:27","modified_gmt":"2023-01-30T13:02:27","slug":"geschichte","status":"publish","type":"page","link":"https:\/\/staging.ampcometal.com\/de\/unternehmen\/geschichte\/","title":{"rendered":"Geschichte"},"content":{"rendered":"[et_pb_section fb_built=&#8220;1&#8243; specialty=&#8220;on&#8220; custom_padding_last_edited=&#8220;on|desktop&#8220; parallax_method_1=&#8220;off&#8220; parallax_method_2=&#8220;off&#8220; module_id_1=&#8220;product-page-sidebar-column&#8220; _builder_version=&#8220;4.16&#8243; background_color=&#8220;#f7f7f7&#8243; custom_padding=&#8220;0px||0px|&#8220; custom_padding_tablet=&#8220;40px|||&#8220; custom_padding_phone=&#8220;&#8220; transparent_background=&#8220;off&#8220; make_fullwidth=&#8220;off&#8220; use_custom_width=&#8220;off&#8220; width_unit=&#8220;on&#8220; global_colors_info=&#8220;{}&#8220;][et_pb_column type=&#8220;1_3&#8243; _builder_version=&#8220;4.16&#8243; custom_padding=&#8220;|||&#8220; global_colors_info=&#8220;{}&#8220; custom_padding__hover=&#8220;|||&#8220;][et_pb_sidebar area=&#8220;company_sidebar&#8220; disabled_on=&#8220;on|on|off&#8220; module_id=&#8220;inner-product-sidebar-module&#8220; _builder_version=&#8220;4.16&#8243; remove_border=&#8220;off&#8220; global_colors_info=&#8220;{}&#8220;][\/et_pb_sidebar][\/et_pb_column][et_pb_column type=&#8220;2_3&#8243; specialty_columns=&#8220;2&#8243; _builder_version=&#8220;4.16&#8243; custom_padding=&#8220;|||&#8220; global_colors_info=&#8220;{}&#8220; custom_padding__hover=&#8220;|||&#8220;][et_pb_row_inner custom_padding_last_edited=&#8220;on|desktop&#8220; admin_label=&#8220;Row&#8220; _builder_version=&#8220;4.16&#8243; custom_margin_last_edited=&#8220;off|desktop&#8220; custom_padding=&#8220;40px||0px|&#8220; custom_padding_tablet=&#8220;&#8220; custom_padding_phone=&#8220;&#8220; global_colors_info=&#8220;{}&#8220;][et_pb_column_inner saved_specialty_column_type=&#8220;2_3&#8243; _builder_version=&#8220;4.16&#8243; custom_padding=&#8220;|||&#8220; global_colors_info=&#8220;{}&#8220; custom_padding__hover=&#8220;|||&#8220;][et_pb_text admin_label=&#8220;HISTORY&#8220; _builder_version=&#8220;4.16&#8243; background_size=&#8220;initial&#8220; background_position=&#8220;top_left&#8220; background_repeat=&#8220;repeat&#8220; use_border_color=&#8220;off&#8220; border_color=&#8220;#ffffff&#8220; border_style=&#8220;solid&#8220; global_colors_info=&#8220;{}&#8220;]\n<h2>GESCHICHTE<\/h2>\n[\/et_pb_text][et_pb_text _builder_version=&#8220;4.16&#8243; background_size=&#8220;initial&#8220; background_position=&#8220;top_left&#8220; background_repeat=&#8220;repeat&#8220; custom_margin=&#8220;20px|||&#8220; custom_margin_tablet=&#8220;&#8220; custom_margin_phone=&#8220;&#8220; custom_margin_last_edited=&#8220;on|&#8220; use_border_color=&#8220;off&#8220; border_color=&#8220;#ffffff&#8220; border_style=&#8220;solid&#8220; global_colors_info=&#8220;{}&#8220;]Im Jahr 1914 traf sich eine kleine Gruppe von Unternehmern um eine bahnbrechende Erfindung zu diskutieren: \u201eeine neue Bronze, hart genug um damit Stahl zu schneiden\u201c. Am 6. Juni 1914 gr\u00fcndete der Erfinder August Littmann zusammen mit anderen Unternehmern die \u201eAmerican Metal Products Company\u201c. Das Produkt wurde AMPCO\u00ae Bronze genannt, der Name wurde von den Anfangsbuchstaben des Unternehmens abgeleitet. Als eingetragenes Warenzeichen w\u00e4hlte man den Diamanten. Die Legierung wurde durch ein geheimes Produktionsverfahren hergestellt, dass nur wenigen ausgew\u00e4hlten Personen bekannt war.<br \/>\n[\/et_pb_text][\/et_pb_column_inner][\/et_pb_row_inner][et_pb_row_inner column_structure=&#8220;1_2,1_2&#8243; use_custom_gutter=&#8220;on&#8220; gutter_width=&#8220;1&#8243; make_equal=&#8220;on&#8220; admin_label=&#8220;Row&#8220; module_class=&#8220;product-description-row&#8220; _builder_version=&#8220;4.16&#8243; global_colors_info=&#8220;{}&#8220;][et_pb_column_inner type=&#8220;1_2&#8243; saved_specialty_column_type=&#8220;2_3&#8243; module_class=&#8220;product-description-col-text&#8220; _builder_version=&#8220;4.16&#8243; custom_padding=&#8220;|||&#8220; custom_css_main_element=&#8220;width: 70%;&#8220; global_colors_info=&#8220;{}&#8220; custom_padding__hover=&#8220;|||&#8220;][et_pb_text admin_label=&#8220;Description&#8220; _builder_version=&#8220;4.16&#8243; background_size=&#8220;initial&#8220; background_position=&#8220;top_left&#8220; background_repeat=&#8220;repeat&#8220; use_border_color=&#8220;off&#8220; border_color=&#8220;#ffffff&#8220; border_style=&#8220;solid&#8220; global_colors_info=&#8220;{}&#8220;]Der Erfolg lie\u00df nur langsam auf sich warten, aber in den fr\u00fchen 1930er Jahren hatte sich AMPCO\u00ae als anerkannter Marktf\u00fchrer in der Herstellung von Aluminium-Bronze-Legierungen als Sandguss-, Schleuderguss- und Schmiedeteile etabliert. Die American Metal Products Company, die 1930 in AMPCO METAL umbenannt wurde, hatte sich einen Ruf als zuverl\u00e4ssiger Hersteller von Produkten konstanter Qualit\u00e4t aufgebaut. Der Zweite Weltkrieg brachte eine starke Nachfrage nach der Herstellung von Kupferlegierungen und der Wert von Industriebronzen wurde immer mehr erkannt, insbesondere im Flugzeugbau. Bis 1944 war das Produktionspersonal von AMPCO METAL von 100 auf 2.500 Personen angewachsen, wobei jedes amerikanische Flugzeug AMPCO METAL-Teile in seinen Motoren, Fahrwerken, Propellern oder Flugzeugzellen trug. In der Meeresumwelt wurden AMPCO METAL Propeller f\u00fcr die Landung von Lastk\u00e4hnen und Schiffen hergestellt. Tats\u00e4chlich wurden Legierungen von AMPCO METAL in den meisten Bereichen milit\u00e4rischer Operationen verwendet.<br \/>\n[\/et_pb_text][\/et_pb_column_inner][et_pb_column_inner type=&#8220;1_2&#8243; saved_specialty_column_type=&#8220;2_3&#8243; module_class=&#8220;product-description-col-image&#8220; _builder_version=&#8220;4.16&#8243; custom_padding=&#8220;|||&#8220; custom_css_main_element=&#8220;width: 30%;&#8220; global_colors_info=&#8220;{}&#8220; custom_padding__hover=&#8220;|||&#8220;][et_pb_image src=&#8220;https:\/\/staging.ampcometal.com\/wp-content\/uploads\/2017\/05\/history_pict1.jpg&#8220; align=&#8220;right&#8220; align_tablet=&#8220;center&#8220; align_phone=&#8220;&#8220; align_last_edited=&#8220;on|desktop&#8220; module_class=&#8220;product-description-img&#8220; _builder_version=&#8220;4.16&#8243; max_width=&#8220;80%&#8220; max_width_tablet=&#8220;&#8220; max_width_phone=&#8220;&#8220; max_width_last_edited=&#8220;on|desktop&#8220; custom_margin_tablet=&#8220;30px|||&#8220; custom_margin_phone=&#8220;&#8220; custom_margin_last_edited=&#8220;on|tablet&#8220; use_border_color=&#8220;off&#8220; border_color=&#8220;#ffffff&#8220; border_style=&#8220;solid&#8220; animation=&#8220;off&#8220; sticky=&#8220;off&#8220; always_center_on_mobile=&#8220;on&#8220; global_colors_info=&#8220;{}&#8220;][\/et_pb_image][\/et_pb_column_inner][\/et_pb_row_inner][et_pb_row_inner custom_padding_last_edited=&#8220;on|phone&#8220; admin_label=&#8220;Row&#8220; _builder_version=&#8220;4.16&#8243; custom_margin=&#8220;||80px|&#8220; custom_margin_tablet=&#8220;||60px|&#8220; custom_margin_phone=&#8220;&#8220; custom_margin_last_edited=&#8220;on|desktop&#8220; custom_padding=&#8220;0px|||&#8220; custom_padding_tablet=&#8220;&#8220; custom_padding_phone=&#8220;&#8220; custom_css_main_element=&#8220;border-bottom: solid 2px #e8e8e8;&#8220; global_colors_info=&#8220;{}&#8220;][et_pb_column_inner saved_specialty_column_type=&#8220;2_3&#8243; _builder_version=&#8220;4.16&#8243; custom_padding=&#8220;|||&#8220; global_colors_info=&#8220;{}&#8220; custom_padding__hover=&#8220;|||&#8220;][et_pb_text _builder_version=&#8220;4.16&#8243; background_size=&#8220;initial&#8220; background_position=&#8220;top_left&#8220; background_repeat=&#8220;repeat&#8220; custom_margin=&#8220;20px||40px|&#8220; custom_margin_tablet=&#8220;&#8220; custom_margin_phone=&#8220;&#8220; custom_margin_last_edited=&#8220;on|desktop&#8220; use_border_color=&#8220;off&#8220; global_colors_info=&#8220;{}&#8220;]In den Jahren von 1922 bis in die 70er Jahre wurden innovative Produkte und Technologien wie funkenfreie, antimagnetische Handwerkzeuge, Schleudergussbronzen, Hartbronzen f\u00fcr Gesenkanwendungen, Nickel-Aluminium-Bronzen, hochleitf\u00e4hige Schwei\u00dfelektroden und neue hochfeste Flugzeuglegierungen eingef\u00fchrt .<\/p>\n<p>In den 1970er Jahren wurde das Unternehmen der erste ASME-zertifizierte Legierungshersteller und in den 1980er Jahren das erste Unternehmen, das Herstellungsverfahren des Evaporative Pattern Casting (EPC) zur Herstellung von Legierungen auf Kupferbasis einsetzte.<\/p>\n<p>1957 begann AMPCO METAL mit dem Ausbau seines Vertriebsnetzes in verschiedenen L\u00e4ndern, vor allem in Europa, um die Marktabdeckung zu erh\u00f6hen.<\/p>\n<p>In Anerkennung der enormen Marktchancen der schnell wachsenden chinesischen Wirtschaft er\u00f6ffnete AMPCO METAL 2003 ein Vertriebs- und Marketingb\u00fcro in Tianjin.<\/p>\n<p>Heute ist AMPCO METAL auf 3 Kontinenten und in 16 L\u00e4ndern t\u00e4tig.<\/p>\n<p>Fr\u00fche AMPCO METAL-Publikationen\/Dokument:<br \/>\n[\/et_pb_text][et_pb_image src=&#8220;https:\/\/staging.ampcometal.com\/wp-content\/uploads\/2017\/05\/history-documents-image-2.jpg&#8220; align=&#8220;center&#8220; align_tablet=&#8220;center&#8220; align_phone=&#8220;&#8220; align_last_edited=&#8220;on|desktop&#8220; _builder_version=&#8220;4.16&#8243; use_border_color=&#8220;off&#8220; border_color=&#8220;#ffffff&#8220; border_style=&#8220;solid&#8220; animation=&#8220;off&#8220; sticky=&#8220;off&#8220; always_center_on_mobile=&#8220;on&#8220; global_colors_info=&#8220;{}&#8220;][\/et_pb_image][\/et_pb_column_inner][\/et_pb_row_inner][\/et_pb_column][\/et_pb_section]\n","protected":false},"excerpt":{"rendered":"<p>GESCHICHTE Im Jahr 1914 traf sich eine kleine Gruppe von Unternehmern um eine bahnbrechende Erfindung zu diskutieren: \u201eeine neue Bronze, hart genug um damit Stahl zu schneiden\u201c. Am 6. Juni 1914 gr\u00fcndete der Erfinder August Littmann zusammen mit anderen Unternehmern die \u201eAmerican Metal Products Company\u201c. Das Produkt wurde AMPCO\u00ae Bronze genannt, der Name wurde von [&hellip;]<\/p>\n","protected":false},"author":1,"featured_media":0,"parent":52466,"menu_order":0,"comment_status":"closed","ping_status":"closed","template":"","meta":{"_et_pb_use_builder":"on","_et_pb_old_content":"","_et_gb_content_width":"","inline_featured_image":false,"footnotes":"","_links_to":"","_links_to_target":""},"class_list":["post-52508","page","type-page","status-publish","hentry"],"acf":[],"aioseo_notices":[],"_links":{"self":[{"href":"https:\/\/staging.ampcometal.com\/de\/wp-json\/wp\/v2\/pages\/52508","targetHints":{"allow":["GET"]}}],"collection":[{"href":"https:\/\/staging.ampcometal.com\/de\/wp-json\/wp\/v2\/pages"}],"about":[{"href":"https:\/\/staging.ampcometal.com\/de\/wp-json\/wp\/v2\/types\/page"}],"author":[{"embeddable":true,"href":"https:\/\/staging.ampcometal.com\/de\/wp-json\/wp\/v2\/users\/1"}],"replies":[{"embeddable":true,"href":"https:\/\/staging.ampcometal.com\/de\/wp-json\/wp\/v2\/comments?post=52508"}],"version-history":[{"count":3,"href":"https:\/\/staging.ampcometal.com\/de\/wp-json\/wp\/v2\/pages\/52508\/revisions"}],"predecessor-version":[{"id":68654,"href":"https:\/\/staging.ampcometal.com\/de\/wp-json\/wp\/v2\/pages\/52508\/revisions\/68654"}],"up":[{"embeddable":true,"href":"https:\/\/staging.ampcometal.com\/de\/wp-json\/wp\/v2\/pages\/52466"}],"wp:attachment":[{"href":"https:\/\/staging.ampcometal.com\/de\/wp-json\/wp\/v2\/media?parent=52508"}],"curies":[{"name":"wp","href":"https:\/\/api.w.org\/{rel}","templated":true}]}}