{"id":52506,"date":"2021-09-03T13:19:40","date_gmt":"2021-09-03T11:19:40","guid":{"rendered":"https:\/\/staging.ampcometal.com\/unternehmen\/profil\/"},"modified":"2025-07-21T19:37:04","modified_gmt":"2025-07-21T17:37:04","slug":"profil","status":"publish","type":"page","link":"https:\/\/staging.ampcometal.com\/de\/unternehmen\/profil\/","title":{"rendered":"Profil"},"content":{"rendered":"[et_pb_section fb_built=&#8220;1&#8243; specialty=&#8220;on&#8220; custom_padding_last_edited=&#8220;on|desktop&#8220; parallax_method_1=&#8220;off&#8220; parallax_method_2=&#8220;off&#8220; module_id_1=&#8220;product-page-sidebar-column&#8220; admin_label=&#8220;Section&#8220; _builder_version=&#8220;4.16&#8243; background_color=&#8220;#f7f7f7&#8243; custom_padding=&#8220;0px||0px|&#8220; custom_padding_tablet=&#8220;40px|||&#8220; custom_padding_phone=&#8220;&#8220; transparent_background=&#8220;off&#8220; make_fullwidth=&#8220;off&#8220; use_custom_width=&#8220;off&#8220; width_unit=&#8220;on&#8220; global_colors_info=&#8220;{}&#8220;][et_pb_column type=&#8220;1_3&#8243; _builder_version=&#8220;4.16&#8243; custom_padding=&#8220;|||&#8220; global_colors_info=&#8220;{}&#8220; custom_padding__hover=&#8220;|||&#8220;][et_pb_sidebar area=&#8220;company_sidebar&#8220; disabled_on=&#8220;on|on|off&#8220; admin_label=&#8220;Sidebar&#8220; module_id=&#8220;inner-product-sidebar-module&#8220; _builder_version=&#8220;4.16&#8243; remove_border=&#8220;off&#8220; global_colors_info=&#8220;{}&#8220;][\/et_pb_sidebar][\/et_pb_column][et_pb_column type=&#8220;2_3&#8243; specialty_columns=&#8220;2&#8243; _builder_version=&#8220;4.16&#8243; custom_padding=&#8220;|||&#8220; global_colors_info=&#8220;{}&#8220; custom_padding__hover=&#8220;|||&#8220;][et_pb_row_inner custom_padding_last_edited=&#8220;on|desktop&#8220; admin_label=&#8220;Row&#8220; _builder_version=&#8220;4.16&#8243; custom_margin=&#8220;||40px|&#8220; custom_margin_tablet=&#8220;&#8220; custom_margin_phone=&#8220;&#8220; custom_margin_last_edited=&#8220;on|desktop&#8220; custom_padding=&#8220;40px||40px|&#8220; custom_padding_tablet=&#8220;&#8220; custom_padding_phone=&#8220;&#8220; custom_css_main_element=&#8220;border-bottom: solid 2px #e8e8e8;&#8220; global_colors_info=&#8220;{}&#8220;][et_pb_column_inner saved_specialty_column_type=&#8220;2_3&#8243; _builder_version=&#8220;4.16&#8243; custom_padding=&#8220;|||&#8220; global_colors_info=&#8220;{}&#8220; custom_padding__hover=&#8220;|||&#8220;][et_pb_text admin_label=&#8220;CORPORATE VISION&#8220; _builder_version=&#8220;4.17.6&#8243; background_size=&#8220;initial&#8220; background_position=&#8220;top_left&#8220; background_repeat=&#8220;repeat&#8220; use_border_color=&#8220;off&#8220; border_color=&#8220;#ffffff&#8220; border_style=&#8220;solid&#8220; global_colors_info=&#8220;{}&#8220;]\n<h2>VISION<\/h2>\n[\/et_pb_text][et_pb_text admin_label=&#8220;Text&#8220; _builder_version=&#8220;4.27.4&#8243; background_size=&#8220;initial&#8220; background_position=&#8220;top_left&#8220; background_repeat=&#8220;repeat&#8220; custom_margin=&#8220;20px|||&#8220; custom_margin_tablet=&#8220;&#8220; custom_margin_phone=&#8220;&#8220; custom_margin_last_edited=&#8220;on|&#8220; hover_enabled=&#8220;0&#8243; use_border_color=&#8220;off&#8220; border_color=&#8220;#ffffff&#8220; border_style=&#8220;solid&#8220; global_colors_info=&#8220;{}&#8220; sticky_enabled=&#8220;0&#8243;]\n<p>Wo immer unsere Kunden rund um die Welt mit uns in Kontakt treten, tun sie dies mit einem L\u00e4cheln. Sie vertrauen uns bei der Pflege ihrer Produktionsanlagen, weil wir stets wertvolle L\u00f6sungen zur Leistungssteigerung liefern. Als ihr zuverl\u00e4ssiger, langfristiger Partner setzen wir mit unseren innovativen Dienstleistungen und nachhaltigen Legierungen den Standard in der Branche.<\/p>\n[\/et_pb_text][\/et_pb_column_inner][\/et_pb_row_inner][et_pb_row_inner custom_padding_last_edited=&#8220;on|phone&#8220; admin_label=&#8220;Row&#8220; _builder_version=&#8220;4.16&#8243; custom_margin=&#8220;||40px|&#8220; custom_margin_tablet=&#8220;&#8220; custom_margin_phone=&#8220;&#8220; custom_margin_last_edited=&#8220;on|desktop&#8220; custom_padding=&#8220;0px||40px|&#8220; custom_padding_tablet=&#8220;&#8220; custom_padding_phone=&#8220;&#8220; custom_css_main_element=&#8220;border-bottom: solid 2px #e8e8e8;&#8220; global_colors_info=&#8220;{}&#8220;][et_pb_column_inner saved_specialty_column_type=&#8220;2_3&#8243; _builder_version=&#8220;4.16&#8243; custom_padding=&#8220;|||&#8220; global_colors_info=&#8220;{}&#8220; custom_padding__hover=&#8220;|||&#8220;][et_pb_text admin_label=&#8220;MISSION STATEMENT&#8220; _builder_version=&#8220;4.17.6&#8243; background_size=&#8220;initial&#8220; background_position=&#8220;top_left&#8220; background_repeat=&#8220;repeat&#8220; use_border_color=&#8220;off&#8220; border_color=&#8220;#ffffff&#8220; border_style=&#8220;solid&#8220; global_colors_info=&#8220;{}&#8220;]\n<h2>MISSION<\/h2>\n[\/et_pb_text][et_pb_text admin_label=&#8220;Text&#8220; _builder_version=&#8220;4.27.4&#8243; background_size=&#8220;initial&#8220; background_position=&#8220;top_left&#8220; background_repeat=&#8220;repeat&#8220; custom_margin=&#8220;20px|||&#8220; custom_margin_tablet=&#8220;&#8220; custom_margin_phone=&#8220;&#8220; custom_margin_last_edited=&#8220;on|&#8220; hover_enabled=&#8220;0&#8243; use_border_color=&#8220;off&#8220; border_color=&#8220;#ffffff&#8220; border_style=&#8220;solid&#8220; global_colors_info=&#8220;{}&#8220; sticky_enabled=&#8220;0&#8243;]\n<p>Angetrieben von unserer Vision ist es unsere Aufgabe, f\u00fchrendes Know-how f\u00fcr die Anwendungen unserer Kunden zu entwickeln. Unser Ziel ist es, ihre Erwartungen zu \u00fcbertreffen, indem wir fundiertes Fachwissen in unseren Wertsch\u00f6pfungsprozessen mit innovativen, sofort einsetzbaren L\u00f6sungen kombinieren.<\/p>\n<p>Wir sind stolz darauf, unsere einzigartige Identit\u00e4t zu pflegen, unseren Grundwerten treu zu bleiben und eine Kultur der Eigenverantwortung zu f\u00f6rdern. Wir sind bestrebt, unsere Mitarbeiter zu f\u00f6rdern, ihre F\u00e4higkeiten kontinuierlich zu verbessern und ihren Ehrgeiz zu H\u00f6chstleistungen zu inspirieren.<\/p>\n[\/et_pb_text][\/et_pb_column_inner][\/et_pb_row_inner][et_pb_row_inner custom_padding_last_edited=&#8220;on|desktop&#8220; admin_label=&#8220;Row&#8220; _builder_version=&#8220;4.16&#8243; custom_margin=&#8220;||40px|&#8220; custom_margin_tablet=&#8220;&#8220; custom_margin_phone=&#8220;&#8220; custom_margin_last_edited=&#8220;on|desktop&#8220; custom_padding=&#8220;0px||20px|&#8220; custom_padding_tablet=&#8220;&#8220; custom_padding_phone=&#8220;&#8220; custom_css_main_element=&#8220;border-bottom: solid 2px #e8e8e8;&#8220; global_colors_info=&#8220;{}&#8220;][et_pb_column_inner saved_specialty_column_type=&#8220;2_3&#8243; _builder_version=&#8220;4.16&#8243; custom_padding=&#8220;|||&#8220; global_colors_info=&#8220;{}&#8220; custom_padding__hover=&#8220;|||&#8220;][et_pb_text admin_label=&#8220;VALUES AND GUIDING PRINCIPLES&#8220; _builder_version=&#8220;4.17.6&#8243; background_size=&#8220;initial&#8220; background_position=&#8220;top_left&#8220; background_repeat=&#8220;repeat&#8220; use_border_color=&#8220;off&#8220; border_color=&#8220;#ffffff&#8220; border_style=&#8220;solid&#8220; global_colors_info=&#8220;{}&#8220;]\n<h2>WERTE<\/h2>\n[\/et_pb_text][et_pb_text admin_label=&#8220;Text&#8220; _builder_version=&#8220;4.27.4&#8243; background_size=&#8220;initial&#8220; background_position=&#8220;top_left&#8220; background_repeat=&#8220;repeat&#8220; custom_margin=&#8220;20px|||&#8220; custom_margin_tablet=&#8220;&#8220; custom_margin_phone=&#8220;&#8220; custom_margin_last_edited=&#8220;on|&#8220; hover_enabled=&#8220;0&#8243; use_border_color=&#8220;off&#8220; border_color=&#8220;#ffffff&#8220; border_style=&#8220;solid&#8220; global_colors_info=&#8220;{}&#8220; sticky_enabled=&#8220;0&#8243;]\n<ol>\n<li><strong>Kundenorientierung<\/strong>: Unsere Kunden stehen immer an erster Stelle; externe Bed\u00fcrfnisse haben Vorrang vor internen Priorit\u00e4ten.<\/li>\n<li><strong>Qualit\u00e4t<\/strong>: Exzellenz bestimmt unsere Arbeit in jeder Hinsicht.<\/li>\n<li><strong>Unternehmertum<\/strong>: Wir sch\u00e4tzen Eigeninitiative und zelebrieren den Geist des Unternehmertums.<\/li>\n<li><strong>Rechenschaftspflicht<\/strong>: Wir \u00fcbernehmen die volle Verantwortung f\u00fcr unser Handeln und dessen Ergebnisse.<\/li>\n<li><strong>Verl\u00e4sslichkeit<\/strong>: Wir halten unsere Verpflichtungen ein und sind stolz darauf, ein zuverl\u00e4ssiger Partner zu sein.<\/li>\n<li><strong>Offenheit und Innovation<\/strong>: Wir sind offen f\u00fcr Ver\u00e4nderungen und f\u00f6rdern die Kreativit\u00e4t, um Innovationen voranzutreiben.<\/li>\n<\/ol>\n[\/et_pb_text][et_pb_image src=&#8220;https:\/\/staging.ampcometal.com\/wp-content\/uploads\/2021\/08\/main_map.png&#8220; title_text=&#8220;main_map&#8220; show_bottom_space=&#8220;off&#8220; align=&#8220;center&#8220; align_tablet=&#8220;center&#8220; align_phone=&#8220;&#8220; align_last_edited=&#8220;on|desktop&#8220; admin_label=&#8220;Image&#8220; _builder_version=&#8220;4.27.4&#8243; use_border_color=&#8220;off&#8220; border_color=&#8220;#ffffff&#8220; border_style=&#8220;solid&#8220; animation=&#8220;off&#8220; sticky=&#8220;on&#8220; always_center_on_mobile=&#8220;on&#8220; global_colors_info=&#8220;{}&#8220;][\/et_pb_image][\/et_pb_column_inner][\/et_pb_row_inner][et_pb_row_inner custom_padding_last_edited=&#8220;on|phone&#8220; admin_label=&#8220;Row&#8220; _builder_version=&#8220;4.16&#8243; custom_margin=&#8220;||80px|&#8220; custom_margin_tablet=&#8220;||60px|&#8220; custom_margin_phone=&#8220;&#8220; custom_margin_last_edited=&#8220;on|desktop&#8220; custom_padding=&#8220;0px|||&#8220; custom_padding_tablet=&#8220;&#8220; custom_padding_phone=&#8220;&#8220; custom_css_main_element=&#8220;border-bottom: solid 2px #e8e8e8;&#8220; global_colors_info=&#8220;{}&#8220;][et_pb_column_inner saved_specialty_column_type=&#8220;2_3&#8243; _builder_version=&#8220;4.16&#8243; custom_padding=&#8220;|||&#8220; global_colors_info=&#8220;{}&#8220; custom_padding__hover=&#8220;|||&#8220;][et_pb_text admin_label=&#8220;VALUES AND GUIDING PRINCIPLES&#8220; _builder_version=&#8220;4.16&#8243; background_size=&#8220;initial&#8220; background_position=&#8220;top_left&#8220; background_repeat=&#8220;repeat&#8220; use_border_color=&#8220;off&#8220; border_color=&#8220;#ffffff&#8220; border_style=&#8220;solid&#8220; global_colors_info=&#8220;{}&#8220;]\n<h2>AMPCO METAL<\/h2>\n[\/et_pb_text][et_pb_text admin_label=&#8220;Text&#8220; _builder_version=&#8220;4.17.6&#8243; background_size=&#8220;initial&#8220; background_position=&#8220;top_left&#8220; background_repeat=&#8220;repeat&#8220; custom_margin=&#8220;20px||40px|&#8220; custom_margin_tablet=&#8220;&#8220; custom_margin_phone=&#8220;&#8220; custom_margin_last_edited=&#8220;on|desktop&#8220; use_border_color=&#8220;off&#8220; border_color=&#8220;#ffffff&#8220; border_style=&#8220;solid&#8220; global_colors_info=&#8220;{}&#8220;]EIN UNTERNEHMEN, DAS SEIT MEHR ALS 100 JAHREN INNOVATIVEN PRODUKTEN UND KUNDENDIENST VERPFLICHTET IST<\/p>\n<p>AMPCO METAL mit Hauptsitz in der Schweiz ist ein f\u00fchrender internationaler Hersteller und Lieferant von Kupfer- und Bronzespeziallegierungen.<\/p>\n<p>Das Unternehmen wurde 1914 in den USA gegr\u00fcndet und erreichte mit der Entwicklung und der Markteinf\u00fchrung von Aluminiumbronzen seinen weltweiten Bekanntheitsgrad. Es hat auch mehrere neue metallurgische und Prozesstechniken auf den Markt gebracht, die AMPCO METAL zum anerkannten Qualit\u00e4tsf\u00fchrer bei Spezialbronzen und Kupferlegierungen gemacht haben.<\/p>\n<p>Im Laufe der Jahre hat AMPCO METAL Kunden auf der ganzen Welt in einer Vielzahl von Anwendungen bedient, die verschlei\u00dffeste, korrosionsbest\u00e4ndige und hochleitf\u00e4hige Eigenschaften suchen.<\/p>\n<p>Zu den wichtigsten bedienten Industrien geh\u00f6ren: Chemie und Erd\u00f6l, Werkzeugmaschinen, Prim\u00e4rmetallhersteller, Transport und eine breite Palette von Industrie- und Handelsmaschinen.<\/p>\n<p>Um einzigartige und konsistente Legierungseigenschaften zu erhalten, verwendet AMPCO METAL einige der fortschrittlichsten Ger\u00e4te der Branche, hochqualifiziertes Ingenieurpersonal und ausgekl\u00fcgelte Qualit\u00e4tskontrollverfahren. Dies erm\u00f6glicht es AMPCO METAL, eine \u00fcberlegene Konsistenz von Charge zu Charge f\u00fcr vorhersehbare Ergebnisse zu bieten des Umweltschutzes setzt AMPCO METAL in seinen Werken und Servicezentren fortschrittliche Technologie ein, um die Programme f\u00fcr saubere Luft und Wasser konsequent aufrechtzuerhalten.<\/p>\n<p>AMPCO METAL stellt eine breite Auswahl an Legierungen in einer Vielzahl von Qualit\u00e4ten und Zust\u00e4nden her und vertreibt sie \u00fcber sein weltweites Vertriebsnetz. Dadurch kann AMPCO METAL eng mit seinen Kunden zusammenarbeiten, um Speziallegierungen mit den von ihnen ben\u00f6tigten Eigenschaften und Merkmalen herzustellen.<br \/>\n[\/et_pb_text][\/et_pb_column_inner][\/et_pb_row_inner][\/et_pb_column][\/et_pb_section]\n","protected":false},"excerpt":{"rendered":"<p>VISIONWo immer unsere Kunden rund um die Welt mit uns in Kontakt treten, tun sie dies mit einem L\u00e4cheln. Sie vertrauen uns bei der Pflege ihrer Produktionsanlagen, weil wir stets wertvolle L\u00f6sungen zur Leistungssteigerung liefern. Als ihr zuverl\u00e4ssiger, langfristiger Partner setzen wir mit unseren innovativen Dienstleistungen und nachhaltigen Legierungen den Standard in der Branche.MISSIONAngetrieben von [&hellip;]<\/p>\n","protected":false},"author":1,"featured_media":0,"parent":52466,"menu_order":0,"comment_status":"closed","ping_status":"closed","template":"","meta":{"_et_pb_use_builder":"on","_et_pb_old_content":"","_et_gb_content_width":"","inline_featured_image":false,"footnotes":"","_links_to":"","_links_to_target":""},"class_list":["post-52506","page","type-page","status-publish","hentry"],"acf":[],"aioseo_notices":[],"_links":{"self":[{"href":"https:\/\/staging.ampcometal.com\/de\/wp-json\/wp\/v2\/pages\/52506","targetHints":{"allow":["GET"]}}],"collection":[{"href":"https:\/\/staging.ampcometal.com\/de\/wp-json\/wp\/v2\/pages"}],"about":[{"href":"https:\/\/staging.ampcometal.com\/de\/wp-json\/wp\/v2\/types\/page"}],"author":[{"embeddable":true,"href":"https:\/\/staging.ampcometal.com\/de\/wp-json\/wp\/v2\/users\/1"}],"replies":[{"embeddable":true,"href":"https:\/\/staging.ampcometal.com\/de\/wp-json\/wp\/v2\/comments?post=52506"}],"version-history":[{"count":14,"href":"https:\/\/staging.ampcometal.com\/de\/wp-json\/wp\/v2\/pages\/52506\/revisions"}],"predecessor-version":[{"id":69464,"href":"https:\/\/staging.ampcometal.com\/de\/wp-json\/wp\/v2\/pages\/52506\/revisions\/69464"}],"up":[{"embeddable":true,"href":"https:\/\/staging.ampcometal.com\/de\/wp-json\/wp\/v2\/pages\/52466"}],"wp:attachment":[{"href":"https:\/\/staging.ampcometal.com\/de\/wp-json\/wp\/v2\/media?parent=52506"}],"curies":[{"name":"wp","href":"https:\/\/api.w.org\/{rel}","templated":true}]}}