{"id":52500,"date":"2021-09-03T13:19:38","date_gmt":"2021-09-03T11:19:38","guid":{"rendered":"https:\/\/staging.ampcometal.com\/technische-daten\/medien-download\/"},"modified":"2021-09-03T13:19:45","modified_gmt":"2021-09-03T11:19:45","slug":"medien-download","status":"publish","type":"page","link":"https:\/\/staging.ampcometal.com\/de\/technische-daten\/medien-download\/","title":{"rendered":"Medien-Download"},"content":{"rendered":"[et_pb_section fb_built=&#8220;1&#8243; specialty=&#8220;on&#8220; custom_padding_last_edited=&#8220;on|desktop&#8220; parallax_method_1=&#8220;off&#8220; parallax_method_2=&#8220;off&#8220; module_id_1=&#8220;product-page-sidebar-column&#8220; admin_label=&#8220;Section&#8220; _builder_version=&#8220;3.22&#8243; background_color=&#8220;#f7f7f7&#8243; custom_padding=&#8220;0px||0px|&#8220; custom_padding_tablet=&#8220;40px|||&#8220; custom_padding_phone=&#8220;&#8220; transparent_background=&#8220;off&#8220; make_fullwidth=&#8220;off&#8220; use_custom_width=&#8220;off&#8220; width_unit=&#8220;on&#8220;][et_pb_column type=&#8220;1_3&#8243; _builder_version=&#8220;3.25&#8243; custom_padding=&#8220;|||&#8220; custom_padding__hover=&#8220;|||&#8220;][et_pb_sidebar area=&#8220;technical_data_sidebar&#8220; disabled_on=&#8220;on|on|off&#8220; admin_label=&#8220;Sidebar&#8220; module_id=&#8220;inner-product-sidebar-module&#8220; _builder_version=&#8220;4.9.4&#8243; hover_enabled=&#8220;0&#8243; remove_border=&#8220;off&#8220; sticky_enabled=&#8220;0&#8243;][\/et_pb_sidebar][\/et_pb_column][et_pb_column type=&#8220;2_3&#8243; specialty_columns=&#8220;2&#8243; _builder_version=&#8220;3.25&#8243; custom_padding=&#8220;|||&#8220; custom_padding__hover=&#8220;|||&#8220;][et_pb_row_inner custom_padding_last_edited=&#8220;on|&#8220; admin_label=&#8220;Row&#8220; _builder_version=&#8220;3.25&#8243; custom_padding=&#8220;40px|||&#8220; custom_padding_tablet=&#8220;&#8220; custom_padding_phone=&#8220;&#8220;][et_pb_column_inner saved_specialty_column_type=&#8220;2_3&#8243; _builder_version=&#8220;3.25&#8243; custom_padding=&#8220;|||&#8220; custom_padding__hover=&#8220;|||&#8220;][et_pb_text admin_label=&#8220;Title&#8220; _builder_version=&#8220;3.27.4&#8243; text_letter_spacing=&#8220;0&#8243; text_line_height=&#8220;1.7&#8243; header_font_size=&#8220;30&#8243; header_letter_spacing=&#8220;0&#8243; header_line_height=&#8220;1&#8243; background_size=&#8220;initial&#8220; background_position=&#8220;top_left&#8220; background_repeat=&#8220;repeat&#8220; use_border_color=&#8220;off&#8220; border_color=&#8220;#ffffff&#8220; border_width=&#8220;1&#8243; border_style=&#8220;solid&#8220;]\n<h2 class=\"entry-title\">MEDIEN-DOWNLOAD<\/h2>\n[\/et_pb_text][\/et_pb_column_inner][\/et_pb_row_inner][et_pb_row_inner custom_padding_last_edited=&#8220;on|desktop&#8220; admin_label=&#8220;Row&#8220; _builder_version=&#8220;3.25&#8243; custom_margin_last_edited=&#8220;off|phone&#8220; custom_padding=&#8220;0px|||&#8220; custom_padding_tablet=&#8220;&#8220; custom_padding_phone=&#8220;&#8220;][et_pb_column_inner saved_specialty_column_type=&#8220;2_3&#8243; _builder_version=&#8220;3.25&#8243; custom_padding=&#8220;|||&#8220; custom_padding__hover=&#8220;|||&#8220;][et_pb_text admin_label=&#8220;Subtitle&#8220; _builder_version=&#8220;3.27.4&#8243; text_letter_spacing=&#8220;0&#8243; text_line_height=&#8220;1.7&#8243; header_font_size=&#8220;30&#8243; header_letter_spacing=&#8220;0&#8243; header_line_height=&#8220;1&#8243; background_size=&#8220;initial&#8220; background_position=&#8220;top_left&#8220; background_repeat=&#8220;repeat&#8220; use_border_color=&#8220;off&#8220; border_color=&#8220;#ffffff&#8220; border_width=&#8220;1&#8243; border_style=&#8220;solid&#8220;]\n<h4><span style=\"color: #f19a19;\">BILDSCHIRMSCHONER<\/span><\/h4>\n[\/et_pb_text][\/et_pb_column_inner][\/et_pb_row_inner][et_pb_row_inner use_custom_gutter=&#8220;on&#8220; gutter_width=&#8220;2&#8243; custom_padding_last_edited=&#8220;on|phone&#8220; admin_label=&#8220;Row&#8220; _builder_version=&#8220;3.25&#8243; custom_margin=&#8220;||60px|&#8220; custom_margin_tablet=&#8220;&#8220; custom_margin_phone=&#8220;&#8220; custom_margin_last_edited=&#8220;on|desktop&#8220; custom_padding=&#8220;||30px|&#8220; custom_padding_tablet=&#8220;&#8220; custom_padding_phone=&#8220;&#8220; custom_css_main_element=&#8220;border-bottom: solid 2px #e8e8e8;&#8220;][et_pb_column_inner saved_specialty_column_type=&#8220;2_3&#8243; module_id=&#8220;wallpaper-download-section&#8220; _builder_version=&#8220;3.25&#8243; custom_padding=&#8220;||0px|&#8220; custom_padding_last_edited=&#8220;on|phone&#8220; custom_css_main_element=&#8220;margin-bottom: 0;&#8220; custom_padding__hover=&#8220;|||&#8220;][et_pb_blurb image=&#8220;https:\/\/staging.ampcometal.com\/wp-content\/uploads\/2017\/04\/wallpaper-1.jpg&#8220; icon_placement=&#8220;left&#8220; image_max_width=&#8220;none&#8220; admin_label=&#8220;Wallpaper 1 (Edit links in text editor)&#8220; module_class=&#8220;wallpaper-download-block&#8220; _builder_version=&#8220;3.0.87&#8243; background_color=&#8220;#ffffff&#8220; background_size=&#8220;initial&#8220; background_position=&#8220;top_left&#8220; background_repeat=&#8220;repeat&#8220; max_width_last_edited=&#8220;off|&#8220; animation=&#8220;off&#8220; use_border_color=&#8220;off&#8220; border_color=&#8220;#ffffff&#8220; border_style=&#8220;solid&#8220;]<span style=\"color: #222222;\">AMPCO HINTERGRUNDBILDER<\/span><\/p>\n<p>Hintergrundbild 1<br \/>\n<span style=\"color: #f19a19;\">Gr\u00f6\u00dfe: 7109 x 4000 px<\/span><\/p>\n<div class=\"other-sizes-row\">\n<p><em>Andere Gr\u00f6\u00dfen auf Anfrage<\/em><\/p>\n<p><a href=\"https:\/\/staging.ampcometal.com\/wp-content\/uploads\/2017\/04\/ampco-wallpaper-1.jpg\" target=\"_blank\" rel=\"noopener\"><span class=\"wallpaper-download-icon\"><\/span><\/a><\/div>\n[\/et_pb_blurb][et_pb_blurb image=&#8220;https:\/\/staging.ampcometal.com\/wp-content\/uploads\/2017\/04\/wallpaper-2.jpg&#8220; icon_placement=&#8220;left&#8220; image_max_width=&#8220;none&#8220; admin_label=&#8220;Wallpaper 2 (Edit links in text editor)&#8220; module_class=&#8220;wallpaper-download-block&#8220; _builder_version=&#8220;3.0.87&#8243; background_color=&#8220;#ffffff&#8220; background_size=&#8220;initial&#8220; background_position=&#8220;top_left&#8220; background_repeat=&#8220;repeat&#8220; max_width_last_edited=&#8220;off|&#8220; animation=&#8220;off&#8220; use_border_color=&#8220;off&#8220; border_color=&#8220;#ffffff&#8220; border_style=&#8220;solid&#8220;]<span style=\"color: #222222;\">AMPCO HINTERGRUNDBILDER<\/span><\/p>\n<p>Hintergrundbild 1<br \/>\n<span style=\"color: #f19a19;\">Gr\u00f6\u00dfe: 1280 x 1024 px<\/span><\/p>\n<div class=\"other-sizes-row\">\n<p><em>Andere Gr\u00f6\u00dfen auf Anfrage<\/em><\/p>\n<p><a href=\"https:\/\/staging.ampcometal.com\/wp-content\/uploads\/2017\/04\/ampco-wallpaper-2.jpg\" target=\"_blank\" rel=\"noopener\"><span class=\"wallpaper-download-icon\"><\/span><\/a><\/div>\n[\/et_pb_blurb][et_pb_blurb image=&#8220;https:\/\/staging.ampcometal.com\/wp-content\/uploads\/2017\/04\/wallpaper-3.jpg&#8220; icon_placement=&#8220;left&#8220; image_max_width=&#8220;none&#8220; admin_label=&#8220;Wallpaper 3 (Edit links in text editor)&#8220; module_class=&#8220;wallpaper-download-block&#8220; _builder_version=&#8220;3.0.87&#8243; background_color=&#8220;#ffffff&#8220; background_size=&#8220;initial&#8220; background_position=&#8220;top_left&#8220; background_repeat=&#8220;repeat&#8220; max_width_last_edited=&#8220;off|&#8220; animation=&#8220;off&#8220; use_border_color=&#8220;off&#8220; border_color=&#8220;#ffffff&#8220; border_style=&#8220;solid&#8220;]<span style=\"color: #222222;\">AMPCO HINTERGRUNDBILDER<\/span><\/p>\n<p>Hintergrundbild 1<br \/>\n<span style=\"color: #f19a19;\">Gr\u00f6\u00dfe: 1280 x 1024 px<\/span><\/p>\n<div class=\"other-sizes-row\">\n<p><em>Andere Gr\u00f6\u00dfen auf Anfrage<\/em><\/p>\n<p><a href=\"https:\/\/staging.ampcometal.com\/wp-content\/uploads\/2017\/04\/ampco-wallpaper-3.jpg\" target=\"_blank\" rel=\"noopener\"><span class=\"wallpaper-download-icon\"><\/span><\/a><\/div>\n[\/et_pb_blurb][et_pb_blurb image=&#8220;https:\/\/staging.ampcometal.com\/wp-content\/uploads\/2017\/04\/wallpaper-4.jpg&#8220; icon_placement=&#8220;left&#8220; image_max_width=&#8220;none&#8220; admin_label=&#8220;Wallpaper 4 (Edit links in text editor)&#8220; module_class=&#8220;wallpaper-download-block&#8220; _builder_version=&#8220;3.0.87&#8243; background_color=&#8220;#ffffff&#8220; background_size=&#8220;initial&#8220; background_position=&#8220;top_left&#8220; background_repeat=&#8220;repeat&#8220; max_width_last_edited=&#8220;off|&#8220; animation=&#8220;off&#8220; use_border_color=&#8220;off&#8220; border_color=&#8220;#ffffff&#8220; border_style=&#8220;solid&#8220;]<span style=\"color: #222222;\">AMPCO HINTERGRUNDBILDER<\/span><\/p>\n<p>Hintergrundbild 1<br \/>\n<span style=\"color: #f19a19;\">Gr\u00f6\u00dfe: 1280 x 1024 px<\/span><\/p>\n<div class=\"other-sizes-row\">\n<p><em>Andere Gr\u00f6\u00dfen auf Anfrage<\/em><\/p>\n<p><a href=\"https:\/\/staging.ampcometal.com\/wp-content\/uploads\/2017\/04\/ampco-wallpaper-4.jpg\" target=\"_blank\" rel=\"noopener\"><span class=\"wallpaper-download-icon\"><\/span><\/a><\/div>\n[\/et_pb_blurb][et_pb_blurb image=&#8220;https:\/\/staging.ampcometal.com\/wp-content\/uploads\/2017\/04\/wallpaper-5.jpg&#8220; icon_placement=&#8220;left&#8220; image_max_width=&#8220;none&#8220; admin_label=&#8220;Wallpaper 5 (Edit links in text editor)&#8220; module_class=&#8220;wallpaper-download-block&#8220; _builder_version=&#8220;3.0.87&#8243; background_color=&#8220;#ffffff&#8220; background_size=&#8220;initial&#8220; background_position=&#8220;top_left&#8220; background_repeat=&#8220;repeat&#8220; max_width_last_edited=&#8220;off|&#8220; animation=&#8220;off&#8220; use_border_color=&#8220;off&#8220; border_color=&#8220;#ffffff&#8220; border_style=&#8220;solid&#8220;]<span style=\"color: #222222;\">AMPCO HINTERGRUNDBILDER<\/span><\/p>\n<p>Hintergrundbild 1<br \/>\n<span style=\"color: #f19a19;\">Gr\u00f6\u00dfe: 1280 x 1024 px<\/span><\/p>\n<div class=\"other-sizes-row\">\n<p><em>Andere Gr\u00f6\u00dfen auf Anfrage<\/em><\/p>\n<p><a href=\"https:\/\/staging.ampcometal.com\/wp-content\/uploads\/2017\/04\/ampco-wallpaper-5.jpg\" target=\"_blank\" rel=\"noopener\"><span class=\"wallpaper-download-icon\"><\/span><\/a><\/div>\n[\/et_pb_blurb][et_pb_blurb image=&#8220;https:\/\/staging.ampcometal.com\/wp-content\/uploads\/2017\/04\/wallpaper-6.jpg&#8220; icon_placement=&#8220;left&#8220; image_max_width=&#8220;none&#8220; admin_label=&#8220;Wallpaper 6 (Edit links in text editor)&#8220; module_class=&#8220;wallpaper-download-block&#8220; _builder_version=&#8220;3.0.87&#8243; background_color=&#8220;#ffffff&#8220; background_size=&#8220;initial&#8220; background_position=&#8220;top_left&#8220; background_repeat=&#8220;repeat&#8220; max_width_last_edited=&#8220;off|&#8220; animation=&#8220;off&#8220; use_border_color=&#8220;off&#8220; border_color=&#8220;#ffffff&#8220; border_style=&#8220;solid&#8220;]<span style=\"color: #222222;\">AMPCO HINTERGRUNDBILDER<\/span><\/p>\n<p>Hintergrundbild 1<br \/>\n<span style=\"color: #f19a19;\">Gr\u00f6\u00dfe: 1280 x 1024 px<\/span><\/p>\n<div class=\"other-sizes-row\">\n<p><em>Andere Gr\u00f6\u00dfen auf Anfrage<\/em><\/p>\n<p><a href=\"https:\/\/staging.ampcometal.com\/wp-content\/uploads\/2017\/04\/ampco-wallpaper-6.jpg\" target=\"_blank\" rel=\"noopener\"><span class=\"wallpaper-download-icon\"><\/span><\/a><\/div>\n[\/et_pb_blurb][et_pb_blurb image=&#8220;https:\/\/staging.ampcometal.com\/wp-content\/uploads\/2017\/04\/wallpaper-7.jpg&#8220; icon_placement=&#8220;left&#8220; image_max_width=&#8220;none&#8220; admin_label=&#8220;Wallpaper 7 (Edit links in text editor)&#8220; module_class=&#8220;wallpaper-download-block&#8220; _builder_version=&#8220;3.0.87&#8243; background_color=&#8220;#ffffff&#8220; background_size=&#8220;initial&#8220; background_position=&#8220;top_left&#8220; background_repeat=&#8220;repeat&#8220; max_width_last_edited=&#8220;off|&#8220; animation=&#8220;off&#8220; use_border_color=&#8220;off&#8220; border_color=&#8220;#ffffff&#8220; border_style=&#8220;solid&#8220;]<span style=\"color: #222222;\">AMPCO HINTERGRUNDBILDER<\/span><\/p>\n<p>Hintergrundbild 1<br \/>\n<span style=\"color: #f19a19;\">Gr\u00f6\u00dfe: 7109 x 4000 px<\/span><\/p>\n<div class=\"other-sizes-row\">\n<p><em>Andere Gr\u00f6\u00dfen auf Anfrage<\/em><\/p>\n<p><a href=\"https:\/\/staging.ampcometal.com\/wp-content\/uploads\/2017\/04\/ampco-wallpaper-7.jpg\" target=\"_blank\" rel=\"noopener\"><span class=\"wallpaper-download-icon\"><\/span><\/a><\/div>\n[\/et_pb_blurb][et_pb_blurb image=&#8220;https:\/\/staging.ampcometal.com\/wp-content\/uploads\/2017\/04\/wallpaper-8.jpg&#8220; icon_placement=&#8220;left&#8220; image_max_width=&#8220;none&#8220; admin_label=&#8220;Wallpaper 8 (Edit links in text editor)&#8220; module_class=&#8220;wallpaper-download-block&#8220; _builder_version=&#8220;3.0.87&#8243; background_color=&#8220;#ffffff&#8220; background_size=&#8220;initial&#8220; background_position=&#8220;top_left&#8220; background_repeat=&#8220;repeat&#8220; max_width_last_edited=&#8220;off|&#8220; animation=&#8220;off&#8220; use_border_color=&#8220;off&#8220; border_color=&#8220;#ffffff&#8220; border_style=&#8220;solid&#8220;]<span style=\"color: #222222;\">AMPCO HINTERGRUNDBILDER<\/span><\/p>\n<p>Hintergrundbild 1<br \/>\n<span style=\"color: #f19a19;\">Gr\u00f6\u00dfe: 7109 x 4000 px<\/span><\/p>\n<div class=\"other-sizes-row\">\n<p><em>Andere Gr\u00f6\u00dfen auf Anfrage<\/em><\/p>\n<p><a href=\"https:\/\/staging.ampcometal.com\/wp-content\/uploads\/2017\/04\/ampco-wallpaper-8.jpg\" target=\"_blank\" rel=\"noopener\"><span class=\"wallpaper-download-icon\"><\/span><\/a><\/div>\n[\/et_pb_blurb][et_pb_blurb image=&#8220;https:\/\/staging.ampcometal.com\/wp-content\/uploads\/2017\/04\/wallpaper-9.jpg&#8220; icon_placement=&#8220;left&#8220; image_max_width=&#8220;none&#8220; admin_label=&#8220;Wallpaper 9 (Edit links in text editor)&#8220; module_class=&#8220;wallpaper-download-block&#8220; _builder_version=&#8220;3.0.87&#8243; background_color=&#8220;#ffffff&#8220; background_size=&#8220;initial&#8220; background_position=&#8220;top_left&#8220; background_repeat=&#8220;repeat&#8220; max_width_last_edited=&#8220;off|&#8220; animation=&#8220;off&#8220; use_border_color=&#8220;off&#8220; border_color=&#8220;#ffffff&#8220; border_style=&#8220;solid&#8220;]<span style=\"color: #222222;\">AMPCO HINTERGRUNDBILDER<\/span><\/p>\n<p>Hintergrundbild 1<br \/>\n<span style=\"color: #f19a19;\">Gr\u00f6\u00dfe: 7109 x 4000 px<\/span><\/p>\n<div class=\"other-sizes-row\">\n<p><em>Andere Gr\u00f6\u00dfen auf Anfrage<\/em><\/p>\n<p><a href=\"https:\/\/staging.ampcometal.com\/wp-content\/uploads\/2017\/04\/ampco-wallpaper-9.jpg\" target=\"_blank\" rel=\"noopener\"><span class=\"wallpaper-download-icon\"><\/span><\/a><\/div>\n[\/et_pb_blurb][et_pb_blurb image=&#8220;https:\/\/staging.ampcometal.com\/wp-content\/uploads\/2017\/04\/wallpaper-10.jpg&#8220; icon_placement=&#8220;left&#8220; image_max_width=&#8220;none&#8220; admin_label=&#8220;Wallpaper 10 (Edit links in text editor)&#8220; module_class=&#8220;wallpaper-download-block&#8220; _builder_version=&#8220;3.0.87&#8243; background_color=&#8220;#ffffff&#8220; background_size=&#8220;initial&#8220; background_position=&#8220;top_left&#8220; background_repeat=&#8220;repeat&#8220; max_width_last_edited=&#8220;off|&#8220; animation=&#8220;off&#8220; use_border_color=&#8220;off&#8220; border_color=&#8220;#ffffff&#8220; border_style=&#8220;solid&#8220;]<span style=\"color: #222222;\">AMPCO HINTERGRUNDBILDER<\/span><\/p>\n<p>Hintergrundbild 1<br \/>\n<span style=\"color: #f19a19;\">Gr\u00f6\u00dfe: 7109 x 4000 px<\/span><\/p>\n<div class=\"other-sizes-row\">\n<p><em>Andere Gr\u00f6\u00dfen auf Anfrage<\/em><\/p>\n<p><a href=\"https:\/\/staging.ampcometal.com\/wp-content\/uploads\/2017\/04\/ampco-wallpaper-10.jpg\" target=\"_blank\" rel=\"noopener\"><span class=\"wallpaper-download-icon\"><\/span><\/a><\/div>\n[\/et_pb_blurb][\/et_pb_column_inner][\/et_pb_row_inner][\/et_pb_column][\/et_pb_section]\n","protected":false},"excerpt":{"rendered":"<p>MEDIEN-DOWNLOAD BILDSCHIRMSCHONER AMPCO HINTERGRUNDBILDER Hintergrundbild 1 Gr\u00f6\u00dfe: 7109 x 4000 px Andere Gr\u00f6\u00dfen auf Anfrage AMPCO HINTERGRUNDBILDER Hintergrundbild 1 Gr\u00f6\u00dfe: 1280 x 1024 px Andere Gr\u00f6\u00dfen auf Anfrage AMPCO HINTERGRUNDBILDER Hintergrundbild 1 Gr\u00f6\u00dfe: 1280 x 1024 px Andere Gr\u00f6\u00dfen auf Anfrage AMPCO HINTERGRUNDBILDER Hintergrundbild 1 Gr\u00f6\u00dfe: 1280 x 1024 px Andere Gr\u00f6\u00dfen auf Anfrage AMPCO [&hellip;]<\/p>\n","protected":false},"author":1,"featured_media":0,"parent":52467,"menu_order":0,"comment_status":"closed","ping_status":"closed","template":"","meta":{"_et_pb_use_builder":"on","_et_pb_old_content":"","_et_gb_content_width":"","inline_featured_image":false,"footnotes":"","_links_to":"","_links_to_target":""},"class_list":["post-52500","page","type-page","status-publish","hentry"],"acf":[],"aioseo_notices":[],"_links":{"self":[{"href":"https:\/\/staging.ampcometal.com\/de\/wp-json\/wp\/v2\/pages\/52500","targetHints":{"allow":["GET"]}}],"collection":[{"href":"https:\/\/staging.ampcometal.com\/de\/wp-json\/wp\/v2\/pages"}],"about":[{"href":"https:\/\/staging.ampcometal.com\/de\/wp-json\/wp\/v2\/types\/page"}],"author":[{"embeddable":true,"href":"https:\/\/staging.ampcometal.com\/de\/wp-json\/wp\/v2\/users\/1"}],"replies":[{"embeddable":true,"href":"https:\/\/staging.ampcometal.com\/de\/wp-json\/wp\/v2\/comments?post=52500"}],"version-history":[{"count":0,"href":"https:\/\/staging.ampcometal.com\/de\/wp-json\/wp\/v2\/pages\/52500\/revisions"}],"up":[{"embeddable":true,"href":"https:\/\/staging.ampcometal.com\/de\/wp-json\/wp\/v2\/pages\/52467"}],"wp:attachment":[{"href":"https:\/\/staging.ampcometal.com\/de\/wp-json\/wp\/v2\/media?parent=52500"}],"curies":[{"name":"wp","href":"https:\/\/api.w.org\/{rel}","templated":true}]}}