{"id":52483,"date":"2021-09-03T13:19:36","date_gmt":"2021-09-03T11:19:36","guid":{"rendered":"https:\/\/staging.ampcometal.com\/technische-daten\/microcast-technologie\/"},"modified":"2023-08-10T11:23:02","modified_gmt":"2023-08-10T09:23:02","slug":"microcast-technologie","status":"publish","type":"page","link":"https:\/\/staging.ampcometal.com\/de\/technische-daten\/microcast-technologie\/","title":{"rendered":"Microcast\u00ae-Technologie"},"content":{"rendered":"[et_pb_section fb_built=&#8220;1&#8243; specialty=&#8220;on&#8220; custom_padding_last_edited=&#8220;on|desktop&#8220; parallax_method_1=&#8220;off&#8220; parallax_method_2=&#8220;off&#8220; module_id_1=&#8220;product-page-sidebar-column&#8220; admin_label=&#8220;Section&#8220; _builder_version=&#8220;4.16&#8243; background_color=&#8220;#f7f7f7&#8243; custom_padding=&#8220;0px||0px|&#8220; custom_padding_tablet=&#8220;40px|||&#8220; custom_padding_phone=&#8220;&#8220; transparent_background=&#8220;off&#8220; make_fullwidth=&#8220;off&#8220; use_custom_width=&#8220;off&#8220; width_unit=&#8220;on&#8220; global_colors_info=&#8220;{}&#8220;][et_pb_column type=&#8220;1_3&#8243; _builder_version=&#8220;4.16&#8243; custom_padding=&#8220;|||&#8220; global_colors_info=&#8220;{}&#8220; custom_padding__hover=&#8220;|||&#8220;][et_pb_sidebar area=&#8220;technical_data_sidebar&#8220; disabled_on=&#8220;on|on|off&#8220; admin_label=&#8220;Sidebar&#8220; module_id=&#8220;inner-product-sidebar-module&#8220; _builder_version=&#8220;4.16&#8243; remove_border=&#8220;off&#8220; global_colors_info=&#8220;{}&#8220;][\/et_pb_sidebar][\/et_pb_column][et_pb_column type=&#8220;2_3&#8243; specialty_columns=&#8220;2&#8243; _builder_version=&#8220;4.16&#8243; custom_padding=&#8220;|||&#8220; global_colors_info=&#8220;{}&#8220; custom_padding__hover=&#8220;|||&#8220;][et_pb_row_inner custom_padding_last_edited=&#8220;on|desktop&#8220; admin_label=&#8220;Row&#8220; _builder_version=&#8220;4.16&#8243; custom_margin=&#8220;||0px|&#8220; custom_margin_tablet=&#8220;&#8220; custom_margin_phone=&#8220;&#8220; custom_margin_last_edited=&#8220;on|&#8220; custom_padding=&#8220;40px||0px|&#8220; custom_padding_tablet=&#8220;&#8220; custom_padding_phone=&#8220;&#8220; global_colors_info=&#8220;{}&#8220;][et_pb_column_inner saved_specialty_column_type=&#8220;2_3&#8243; _builder_version=&#8220;4.16&#8243; custom_padding=&#8220;|||&#8220; global_colors_info=&#8220;{}&#8220; custom_padding__hover=&#8220;|||&#8220;][et_pb_text admin_label=&#8220;Title&#8220; _builder_version=&#8220;4.16&#8243; text_letter_spacing=&#8220;0&#8243; text_line_height=&#8220;1.7&#8243; header_font_size=&#8220;30&#8243; header_letter_spacing=&#8220;0&#8243; header_line_height=&#8220;1&#8243; background_size=&#8220;initial&#8220; background_position=&#8220;top_left&#8220; background_repeat=&#8220;repeat&#8220; use_border_color=&#8220;off&#8220; border_color=&#8220;#ffffff&#8220; border_width=&#8220;1&#8243; border_style=&#8220;solid&#8220; global_colors_info=&#8220;{}&#8220;]\n<h2 class=\"entry-title\">MICROCAST\u00ae-TECHNOLOGIE<\/h2>\n[\/et_pb_text][\/et_pb_column_inner][\/et_pb_row_inner][et_pb_row_inner column_structure=&#8220;1_2,1_2&#8243; custom_padding_last_edited=&#8220;on|desktop&#8220; admin_label=&#8220;Row&#8220; _builder_version=&#8220;4.16&#8243; custom_margin_tablet=&#8220;||0px|&#8220; custom_margin_phone=&#8220;&#8220; custom_margin_last_edited=&#8220;on|tablet&#8220; custom_padding=&#8220;||0px|&#8220; custom_padding_tablet=&#8220;&#8220; custom_padding_phone=&#8220;&#8220; global_colors_info=&#8220;{}&#8220;][et_pb_column_inner type=&#8220;1_2&#8243; saved_specialty_column_type=&#8220;2_3&#8243; module_id=&#8220;microcast-logo-col&#8220; _builder_version=&#8220;4.16&#8243; custom_padding=&#8220;|||&#8220; global_colors_info=&#8220;{}&#8220; custom_padding__hover=&#8220;|||&#8220;][et_pb_image src=&#8220;https:\/\/staging.ampcometal.com\/wp-content\/uploads\/2017\/01\/microcast.png&#8220; align_tablet=&#8220;center&#8220; align_phone=&#8220;&#8220; align_last_edited=&#8220;on|desktop&#8220; admin_label=&#8220;Image&#8220; _builder_version=&#8220;4.16&#8243; animation_style=&#8220;slide&#8220; animation_direction=&#8220;left&#8220; animation_duration=&#8220;500ms&#8220; animation_intensity_slide=&#8220;10%&#8220; use_border_color=&#8220;off&#8220; border_color=&#8220;#ffffff&#8220; border_style=&#8220;solid&#8220; animation=&#8220;left&#8220; sticky=&#8220;off&#8220; always_center_on_mobile=&#8220;on&#8220; global_colors_info=&#8220;{}&#8220;][\/et_pb_image][\/et_pb_column_inner][et_pb_column_inner type=&#8220;1_2&#8243; saved_specialty_column_type=&#8220;2_3&#8243; _builder_version=&#8220;4.16&#8243; custom_padding=&#8220;|||&#8220; global_colors_info=&#8220;{}&#8220; custom_padding__hover=&#8220;|||&#8220;][\/et_pb_column_inner][\/et_pb_row_inner][et_pb_row_inner column_structure=&#8220;1_2,1_2&#8243; use_custom_gutter=&#8220;on&#8220; gutter_width=&#8220;1&#8243; make_equal=&#8220;on&#8220; custom_padding_last_edited=&#8220;on|desktop&#8220; admin_label=&#8220;Row&#8220; module_class=&#8220;product-description-row&#8220; _builder_version=&#8220;4.16&#8243; custom_margin=&#8220;||60px|&#8220; custom_margin_tablet=&#8220;||50px|&#8220; custom_margin_phone=&#8220;&#8220; custom_margin_last_edited=&#8220;on|desktop&#8220; custom_padding=&#8220;||30px|&#8220; custom_padding_tablet=&#8220;||0px|&#8220; custom_padding_phone=&#8220;&#8220; custom_css_main_element=&#8220;border-bottom: solid 2px #e8e8e8;&#8220; global_colors_info=&#8220;{}&#8220;][et_pb_column_inner type=&#8220;1_2&#8243; saved_specialty_column_type=&#8220;2_3&#8243; module_class=&#8220;product-description-col-text&#8220; _builder_version=&#8220;4.16&#8243; custom_padding=&#8220;|||&#8220; custom_css_main_element=&#8220;width: 70%;&#8220; global_colors_info=&#8220;{}&#8220; custom_padding__hover=&#8220;|||&#8220;][et_pb_text admin_label=&#8220;Text&#8220; _builder_version=&#8220;4.16&#8243; background_size=&#8220;initial&#8220; background_position=&#8220;top_left&#8220; background_repeat=&#8220;repeat&#8220; custom_margin=&#8220;||30px|&#8220; custom_margin_tablet=&#8220;&#8220; custom_margin_phone=&#8220;&#8220; custom_margin_last_edited=&#8220;on|&#8220; use_border_color=&#8220;off&#8220; border_color=&#8220;#ffffff&#8220; border_style=&#8220;solid&#8220; global_colors_info=&#8220;{}&#8220;]AMPCO METAL produziert unter Anwendung des patentierten Produktionsverfahrens \u00ab MICROCAST\u00ae \u00bb eine Vielzahl von Hochleistungs-Aluminiumbronzen und Spezial-Kupferlegierungen. Basierend auf der exklusiven Magnetlenkung (Magnet-Hydro-Dynamic) im Schmelz-\/Gie\u00dfofen, garantiert dieser Fertigungsprozess ein extrem feines Korn und eine absolut einheitliche Micro Struktur. Durch die exzellente Verteilung der Legierungselemente erh\u00f6ht sich die Qualit\u00e4t und die Haltbarkeit der Legierung deutlich.<br \/>\n&nbsp;<\/p>\n<h4><span style=\"color: #f19a19;\">Vorteile von MICROCAST\u00ae AMPCO\u00ae Legierungen<\/span><\/h4>\n<p>Das patentierte MICROCAST\u00ae-Herstellungsverfahren von AMPCO METAL f\u00fcr Stranggussst\u00e4be, Rechtecke und Rohre bietet folgende Vorteile:<br \/>\n[\/et_pb_text][et_pb_blurb title=&#8220;Feine und einheitliche Korngr\u00f6\u00dfe gegen\u00fcber Standardprodukten.&#8220; image=&#8220;https:\/\/staging.ampcometal.com\/wp-content\/uploads\/2017\/04\/checkmark.png&#8220; icon_placement=&#8220;left&#8220; image_icon_width=&#8220;20px&#8220; admin_label=&#8220;Blurb&#8220; _builder_version=&#8220;4.16&#8243; header_font_size=&#8220;14&#8243; background_size=&#8220;initial&#8220; background_position=&#8220;top_left&#8220; background_repeat=&#8220;repeat&#8220; max_width_tablet=&#8220;&#8220; max_width_phone=&#8220;&#8220; max_width_last_edited=&#8220;on|&#8220; custom_margin=&#8220;||20px|&#8220; custom_margin_tablet=&#8220;&#8220; custom_margin_phone=&#8220;&#8220; custom_margin_last_edited=&#8220;on|&#8220; animation=&#8220;off&#8220; header_font_size_tablet=&#8220;&#8220; header_font_size_phone=&#8220;&#8220; header_font_size_last_edited=&#8220;on|&#8220; custom_css_blurb_image=&#8220;vertical-align: middle;||&#8220; custom_css_blurb_title=&#8220;margin-left: -10px;||margin-bottom: -5px;&#8220; use_border_color=&#8220;off&#8220; border_color=&#8220;#ffffff&#8220; border_style=&#8220;solid&#8220; image_max_width=&#8220;20px&#8220; global_colors_info=&#8220;{}&#8220;][\/et_pb_blurb][et_pb_blurb title=&#8220;Au\u00dferordentlich stabile Eigenschaften \u00fcber die enorme Breite der Arbeitstemperaturen, \u00e4hnlich geschmiedeter Qualit\u00e4t&#8220; image=&#8220;https:\/\/staging.ampcometal.com\/wp-content\/uploads\/2017\/04\/checkmark.png&#8220; icon_placement=&#8220;left&#8220; image_icon_width=&#8220;20px&#8220; admin_label=&#8220;Blurb&#8220; _builder_version=&#8220;4.16&#8243; header_font_size=&#8220;14&#8243; background_size=&#8220;initial&#8220; background_position=&#8220;top_left&#8220; background_repeat=&#8220;repeat&#8220; max_width_tablet=&#8220;&#8220; max_width_phone=&#8220;&#8220; max_width_last_edited=&#8220;on|&#8220; custom_margin=&#8220;||20px|&#8220; custom_margin_tablet=&#8220;&#8220; custom_margin_phone=&#8220;&#8220; custom_margin_last_edited=&#8220;on|&#8220; animation=&#8220;off&#8220; header_font_size_tablet=&#8220;&#8220; header_font_size_phone=&#8220;&#8220; header_font_size_last_edited=&#8220;on|&#8220; custom_css_blurb_image=&#8220;vertical-align: middle;||&#8220; custom_css_blurb_title=&#8220;margin-left: -10px;||margin-bottom: -5px;&#8220; use_border_color=&#8220;off&#8220; border_color=&#8220;#ffffff&#8220; border_style=&#8220;solid&#8220; image_max_width=&#8220;20px&#8220; global_colors_info=&#8220;{}&#8220;][\/et_pb_blurb][et_pb_blurb title=&#8220;H\u00f6he spezifische Festigkeit erm\u00f6glicht es Komponenten zur Gewichtsersparnis kleiner auszulegen&#8220; image=&#8220;https:\/\/staging.ampcometal.com\/wp-content\/uploads\/2017\/04\/checkmark.png&#8220; icon_placement=&#8220;left&#8220; image_icon_width=&#8220;20px&#8220; admin_label=&#8220;Blurb&#8220; _builder_version=&#8220;4.16&#8243; header_font_size=&#8220;14&#8243; background_size=&#8220;initial&#8220; background_position=&#8220;top_left&#8220; background_repeat=&#8220;repeat&#8220; max_width_tablet=&#8220;&#8220; max_width_phone=&#8220;&#8220; max_width_last_edited=&#8220;on|&#8220; custom_margin=&#8220;||20px|&#8220; custom_margin_tablet=&#8220;&#8220; custom_margin_phone=&#8220;&#8220; custom_margin_last_edited=&#8220;on|&#8220; animation=&#8220;off&#8220; header_font_size_tablet=&#8220;&#8220; header_font_size_phone=&#8220;&#8220; header_font_size_last_edited=&#8220;on|&#8220; custom_css_blurb_image=&#8220;vertical-align: middle;||&#8220; custom_css_blurb_title=&#8220;margin-left: -10px;||margin-bottom: -5px;&#8220; use_border_color=&#8220;off&#8220; border_color=&#8220;#ffffff&#8220; border_style=&#8220;solid&#8220; image_max_width=&#8220;20px&#8220; global_colors_info=&#8220;{}&#8220;][\/et_pb_blurb][et_pb_blurb title=&#8220;Hohe Zug- und Dauerfestigkeit f\u00fcr nicht-fressendes Buchsenmaterial&#8220; image=&#8220;https:\/\/staging.ampcometal.com\/wp-content\/uploads\/2017\/04\/checkmark.png&#8220; icon_placement=&#8220;left&#8220; image_icon_width=&#8220;20px&#8220; admin_label=&#8220;Blurb&#8220; _builder_version=&#8220;4.16&#8243; header_font_size=&#8220;14&#8243; background_size=&#8220;initial&#8220; background_position=&#8220;top_left&#8220; background_repeat=&#8220;repeat&#8220; max_width_tablet=&#8220;&#8220; max_width_phone=&#8220;&#8220; max_width_last_edited=&#8220;on|&#8220; custom_margin=&#8220;||20px|&#8220; custom_margin_tablet=&#8220;&#8220; custom_margin_phone=&#8220;&#8220; custom_margin_last_edited=&#8220;on|&#8220; animation=&#8220;off&#8220; header_font_size_tablet=&#8220;&#8220; header_font_size_phone=&#8220;&#8220; header_font_size_last_edited=&#8220;on|&#8220; custom_css_blurb_image=&#8220;vertical-align: middle;||&#8220; custom_css_blurb_title=&#8220;margin-left: -10px;||margin-bottom: -5px;&#8220; use_border_color=&#8220;off&#8220; border_color=&#8220;#ffffff&#8220; border_style=&#8220;solid&#8220; image_max_width=&#8220;20px&#8220; global_colors_info=&#8220;{}&#8220;][\/et_pb_blurb][et_pb_blurb title=&#8220;Hervorragende Verschlei\u00dffestigkeit bei ausreichender Schmierung.&#8220; image=&#8220;https:\/\/staging.ampcometal.com\/wp-content\/uploads\/2017\/04\/checkmark.png&#8220; icon_placement=&#8220;left&#8220; image_icon_width=&#8220;20px&#8220; admin_label=&#8220;Blurb&#8220; _builder_version=&#8220;4.16&#8243; header_font_size=&#8220;14&#8243; background_size=&#8220;initial&#8220; background_position=&#8220;top_left&#8220; background_repeat=&#8220;repeat&#8220; max_width_tablet=&#8220;&#8220; max_width_phone=&#8220;&#8220; max_width_last_edited=&#8220;on|&#8220; custom_margin=&#8220;||20px|&#8220; custom_margin_tablet=&#8220;&#8220; custom_margin_phone=&#8220;&#8220; custom_margin_last_edited=&#8220;on|&#8220; animation=&#8220;off&#8220; header_font_size_tablet=&#8220;&#8220; header_font_size_phone=&#8220;&#8220; header_font_size_last_edited=&#8220;on|&#8220; custom_css_blurb_image=&#8220;vertical-align: middle;||&#8220; custom_css_blurb_title=&#8220;margin-left: -10px;||margin-bottom: -5px;&#8220; use_border_color=&#8220;off&#8220; border_color=&#8220;#ffffff&#8220; border_style=&#8220;solid&#8220; image_max_width=&#8220;20px&#8220; global_colors_info=&#8220;{}&#8220;][\/et_pb_blurb][\/et_pb_column_inner][et_pb_column_inner type=&#8220;1_2&#8243; saved_specialty_column_type=&#8220;2_3&#8243; module_class=&#8220;product-description-col-image&#8220; _builder_version=&#8220;4.16&#8243; custom_padding=&#8220;|||20px&#8220; custom_css_main_element=&#8220;width: 30%;&#8220; global_colors_info=&#8220;{}&#8220; custom_padding__hover=&#8220;|||&#8220;][et_pb_code admin_label=&#8220;CSS for imgs below&#8220; _builder_version=&#8220;4.16&#8243; global_colors_info=&#8220;{}&#8220;]\n<style><!-- [et_pb_line_break_holder] -->@media only screen and (min-width:600px) and (max-width:980px) {<!-- [et_pb_line_break_holder] -->.product-description-col-image {<!-- [et_pb_line_break_holder] -->display: flex;<!-- [et_pb_line_break_holder] -->justify-content: space-between;<!-- [et_pb_line_break_holder] -->align-items: flex-end:<!-- [et_pb_line_break_holder] -->padding-left: 0 !important;<!-- [et_pb_line_break_holder] -->}<!-- [et_pb_line_break_holder] -->.image-block-1 { margin-top: 0 !important; }<!-- [et_pb_line_break_holder] -->.image-block-2 h5 { min-height: 48px; }<!-- [et_pb_line_break_holder] -->}<!-- [et_pb_line_break_holder] --><!-- [et_pb_line_break_holder] -->@media (max-width:980px) {<!-- [et_pb_line_break_holder] -->.image-block-1 {border: none !important; }<!-- [et_pb_line_break_holder] -->.product-description-col-image { margin-top: 40px; }<!-- [et_pb_line_break_holder] -->}<!-- [et_pb_line_break_holder] --><!-- [et_pb_line_break_holder] -->@media (max-width:599px) {<!-- [et_pb_line_break_holder] -->.image-block-2 { margin-top: 48px; }<!-- [et_pb_line_break_holder] -->}<!-- [et_pb_line_break_holder] --><\/style>\n[\/et_pb_code][et_pb_text disabled_on=&#8220;off|off|&#8220; admin_label=&#8220;Image&#8220; module_class=&#8220;image-block-1&#8243; _builder_version=&#8220;4.16&#8243; background_size=&#8220;initial&#8220; background_position=&#8220;top_left&#8220; background_repeat=&#8220;repeat&#8220; text_orientation=&#8220;center&#8220; module_alignment=&#8220;center&#8220; custom_margin=&#8220;||30px|&#8220; custom_padding=&#8220;||30px|&#8220; custom_padding_tablet=&#8220;||0px|&#8220; custom_padding_phone=&#8220;&#8220; custom_padding_last_edited=&#8220;on|tablet&#8220; custom_css_main_element=&#8220;border-bottom: 2px solid #e8e8e8;&#8220; use_border_color=&#8220;off&#8220; border_color=&#8220;#ffffff&#8220; border_style=&#8220;solid&#8220; global_colors_info=&#8220;{}&#8220;]\n<h5 style=\"text-align: center;\"><span style=\"color: #f19a19;\">Kommerzielle Bronze<\/span><br \/>\n<span style=\"color: #f19a19;\">Standardbesetzung<\/span><\/h5>\n<p><img loading=\"lazy\" decoding=\"async\" class=\"size-full wp-image-651 aligncenter\" src=\"https:\/\/staging.ampcometal.com\/wp-content\/uploads\/2017\/01\/Rough-grain.png\" alt=\"\" width=\"283\" height=\"150\"><br \/>\n[\/et_pb_text][et_pb_text disabled_on=&#8220;off|off|&#8220; admin_label=&#8220;Image&#8220; module_class=&#8220;image-block-2&#8243; _builder_version=&#8220;4.16&#8243; background_size=&#8220;initial&#8220; background_position=&#8220;top_left&#8220; background_repeat=&#8220;repeat&#8220; text_orientation=&#8220;center&#8220; module_alignment=&#8220;center&#8220; use_border_color=&#8220;off&#8220; border_color=&#8220;#ffffff&#8220; border_style=&#8220;solid&#8220; global_colors_info=&#8220;{}&#8220;]\n<h5 style=\"text-align: center;\"><span style=\"color: #f19a19;\">AMPCO<sup> \u00ae<\/sup> Bronze<\/span><\/h5>\n<p><img loading=\"lazy\" decoding=\"async\" class=\"size-full wp-image-639 aligncenter\" src=\"https:\/\/staging.ampcometal.com\/wp-content\/uploads\/2017\/01\/Fone-grain.png\" alt=\"\" width=\"283\" height=\"152\"><\/p>\n<p>&nbsp;<br \/>\n[\/et_pb_text][\/et_pb_column_inner][\/et_pb_row_inner][\/et_pb_column][\/et_pb_section]\n","protected":false},"excerpt":{"rendered":"<p>MICROCAST\u00ae-TECHNOLOGIE AMPCO METAL produziert unter Anwendung des patentierten Produktionsverfahrens \u00ab MICROCAST\u00ae \u00bb eine Vielzahl von Hochleistungs-Aluminiumbronzen und Spezial-Kupferlegierungen. Basierend auf der exklusiven Magnetlenkung (Magnet-Hydro-Dynamic) im Schmelz-\/Gie\u00dfofen, garantiert dieser Fertigungsprozess ein extrem feines Korn und eine absolut einheitliche Micro Struktur. Durch die exzellente Verteilung der Legierungselemente erh\u00f6ht sich die Qualit\u00e4t und die Haltbarkeit der Legierung deutlich. [&hellip;]<\/p>\n","protected":false},"author":1,"featured_media":0,"parent":52467,"menu_order":0,"comment_status":"closed","ping_status":"closed","template":"","meta":{"_et_pb_use_builder":"on","_et_pb_old_content":"","_et_gb_content_width":"","inline_featured_image":false,"footnotes":"","_links_to":"","_links_to_target":""},"class_list":["post-52483","page","type-page","status-publish","hentry"],"acf":[],"aioseo_notices":[],"_links":{"self":[{"href":"https:\/\/staging.ampcometal.com\/de\/wp-json\/wp\/v2\/pages\/52483","targetHints":{"allow":["GET"]}}],"collection":[{"href":"https:\/\/staging.ampcometal.com\/de\/wp-json\/wp\/v2\/pages"}],"about":[{"href":"https:\/\/staging.ampcometal.com\/de\/wp-json\/wp\/v2\/types\/page"}],"author":[{"embeddable":true,"href":"https:\/\/staging.ampcometal.com\/de\/wp-json\/wp\/v2\/users\/1"}],"replies":[{"embeddable":true,"href":"https:\/\/staging.ampcometal.com\/de\/wp-json\/wp\/v2\/comments?post=52483"}],"version-history":[{"count":3,"href":"https:\/\/staging.ampcometal.com\/de\/wp-json\/wp\/v2\/pages\/52483\/revisions"}],"predecessor-version":[{"id":68970,"href":"https:\/\/staging.ampcometal.com\/de\/wp-json\/wp\/v2\/pages\/52483\/revisions\/68970"}],"up":[{"embeddable":true,"href":"https:\/\/staging.ampcometal.com\/de\/wp-json\/wp\/v2\/pages\/52467"}],"wp:attachment":[{"href":"https:\/\/staging.ampcometal.com\/de\/wp-json\/wp\/v2\/media?parent=52483"}],"curies":[{"name":"wp","href":"https:\/\/api.w.org\/{rel}","templated":true}]}}