{"id":52482,"date":"2021-09-03T13:19:36","date_gmt":"2021-09-03T11:19:36","guid":{"rendered":"https:\/\/staging.ampcometal.com\/technische-daten\/erreichen\/"},"modified":"2025-07-21T19:38:34","modified_gmt":"2025-07-21T17:38:34","slug":"reach","status":"publish","type":"page","link":"https:\/\/staging.ampcometal.com\/de\/unternehmen\/arbeiten-mit-ampco\/reach\/","title":{"rendered":"REACH"},"content":{"rendered":"[et_pb_section fb_built=&#8220;1&#8243; specialty=&#8220;on&#8220; custom_padding_last_edited=&#8220;on|desktop&#8220; parallax_method_1=&#8220;off&#8220; parallax_method_2=&#8220;off&#8220; module_id_1=&#8220;product-page-sidebar-column&#8220; admin_label=&#8220;Section&#8220; _builder_version=&#8220;4.16&#8243; background_color=&#8220;#f7f7f7&#8243; custom_padding=&#8220;0px||0px|&#8220; custom_padding_tablet=&#8220;40px|||&#8220; custom_padding_phone=&#8220;&#8220; transparent_background=&#8220;off&#8220; make_fullwidth=&#8220;off&#8220; use_custom_width=&#8220;off&#8220; width_unit=&#8220;on&#8220; global_colors_info=&#8220;{}&#8220;][et_pb_column type=&#8220;1_3&#8243; _builder_version=&#8220;4.16&#8243; custom_padding=&#8220;|||&#8220; global_colors_info=&#8220;{}&#8220; custom_padding__hover=&#8220;|||&#8220;][et_pb_sidebar area=&#8220;company_sidebar&#8220; disabled_on=&#8220;on|on|off&#8220; admin_label=&#8220;Sidebar&#8220; module_id=&#8220;inner-product-sidebar-module&#8220; _builder_version=&#8220;4.16&#8243; remove_border=&#8220;off&#8220; global_colors_info=&#8220;{}&#8220;][\/et_pb_sidebar][\/et_pb_column][et_pb_column type=&#8220;2_3&#8243; specialty_columns=&#8220;2&#8243; _builder_version=&#8220;4.16&#8243; custom_padding=&#8220;|||&#8220; global_colors_info=&#8220;{}&#8220; custom_padding__hover=&#8220;|||&#8220;][et_pb_row_inner admin_label=&#8220;Row&#8220; _builder_version=&#8220;4.16&#8243; global_colors_info=&#8220;{}&#8220;][et_pb_column_inner saved_specialty_column_type=&#8220;2_3&#8243; _builder_version=&#8220;4.16&#8243; custom_padding=&#8220;|||&#8220; global_colors_info=&#8220;{}&#8220; custom_padding__hover=&#8220;|||&#8220;][et_pb_text admin_label=&#8220;Title&#8220; _builder_version=&#8220;4.16&#8243; text_letter_spacing=&#8220;0&#8243; text_line_height=&#8220;1.7&#8243; header_font_size=&#8220;30&#8243; header_letter_spacing=&#8220;0&#8243; header_line_height=&#8220;1&#8243; background_size=&#8220;initial&#8220; background_position=&#8220;top_left&#8220; background_repeat=&#8220;repeat&#8220; use_border_color=&#8220;off&#8220; border_color=&#8220;#ffffff&#8220; border_width=&#8220;1&#8243; border_style=&#8220;solid&#8220; global_colors_info=&#8220;{}&#8220;]\n<h2 class=\"entry-title\">REACH<br \/>\n(Registration Evaluation Authorisation of Chemicals)<\/h2>\n[\/et_pb_text][\/et_pb_column_inner][\/et_pb_row_inner][et_pb_row_inner custom_padding_last_edited=&#8220;on|tablet&#8220; admin_label=&#8220;Row&#8220; _builder_version=&#8220;4.16&#8243; custom_margin_tablet=&#8220;||40px|&#8220; custom_margin_phone=&#8220;&#8220; custom_margin_last_edited=&#8220;on|desktop&#8220; custom_padding=&#8220;0px||30px|&#8220; custom_padding_tablet=&#8220;&#8220; custom_padding_phone=&#8220;&#8220; custom_css_main_element=&#8220;border-bottom: solid 2px #e8e8e8;&#8220; global_colors_info=&#8220;{}&#8220;][et_pb_column_inner saved_specialty_column_type=&#8220;2_3&#8243; _builder_version=&#8220;4.16&#8243; custom_padding=&#8220;|||&#8220; global_colors_info=&#8220;{}&#8220; custom_padding__hover=&#8220;|||&#8220;][et_pb_text admin_label=&#8220;text&#8220; _builder_version=&#8220;4.27.4&#8243; text_letter_spacing=&#8220;0&#8243; text_line_height=&#8220;1.7&#8243; header_font_size=&#8220;30&#8243; header_letter_spacing=&#8220;0&#8243; header_line_height=&#8220;1&#8243; background_size=&#8220;initial&#8220; background_position=&#8220;top_left&#8220; background_repeat=&#8220;repeat&#8220; custom_margin_last_edited=&#8220;off|&#8220; custom_padding_last_edited=&#8220;off|&#8220; hover_enabled=&#8220;0&#8243; use_border_color=&#8220;off&#8220; border_color=&#8220;#ffffff&#8220; border_width=&#8220;1&#8243; border_style=&#8220;solid&#8220; global_colors_info=&#8220;{}&#8220; sticky_enabled=&#8220;0&#8243;]\n<p>Die europ\u00e4ische REACH Verordnung (Z.B. 1907\/2006) zur Registrierung, Bewertung, Zulassung und Beschr\u00e4nkung chemischer Stoffe trat am 1. Juni 2007 in Kraft. Diese neue Regelung soll einen hohen Schutz und Sicherheit f\u00fcr die menschliche Gesundheit und die Umwelt gew\u00e4hrleisten. Die Verordnung zielt darauf ab, die Sicherheit durch Vorbeugung zu erh\u00f6hen, indem sie unter anderem die Registrierung von Stoffen, die bereits in der Europ\u00e4ischen Union vermarktet werden, mit mengenabh\u00e4ngigen \u00dcbergangsfristen vorschreibt. Eine Vorbedingung f\u00fcr die Befolgung solcher Stichtage ist die Vor-Registrierung dieser Materialien im Zeitraum ab dem 1. Juni bis 1. Dezember 2008. Wenn Sie Fragen zur Umsetzung dieser Verordnung in unserem Unternehmen haben, k\u00f6nnen Sie sich jederzeit an die Spezialisten unseres REACH-Teams wenden.<\/p>\n<p>Sie k\u00f6nnen eine Kopie unserer <a href=\"http:\/\/ampcometal.com\/documents\/AMPCO_METAL_-_REACH_Statement.pdf\">REACH-Erkl\u00e4rung HIER<\/a> herunterladen.<\/p>\n<p>Wenn Sie Fragen haben, k\u00f6nnen Sie uns unter<span> <\/span><a href=\"mailto:esg@ampcometal.com\" target=\"_blank\" rel=\"noopener\">esg@ampcometal.com kontaktieren.<\/a><\/p>\n[\/et_pb_text][\/et_pb_column_inner][\/et_pb_row_inner][\/et_pb_column][\/et_pb_section]\n","protected":false},"excerpt":{"rendered":"<p>REACH (Registration Evaluation Authorisation of Chemicals) Die europ\u00e4ische REACH Verordnung (Z.B. 1907\/2006) zur Registrierung, Bewertung, Zulassung und Beschr\u00e4nkung chemischer Stoffe trat am 1. Juni 2007 in Kraft. Diese neue Regelung soll einen hohen Schutz und Sicherheit f\u00fcr die menschliche Gesundheit und die Umwelt gew\u00e4hrleisten. Die Verordnung zielt darauf ab, die Sicherheit durch Vorbeugung zu erh\u00f6hen, [&hellip;]<\/p>\n","protected":false},"author":1,"featured_media":0,"parent":53302,"menu_order":0,"comment_status":"closed","ping_status":"closed","template":"","meta":{"_et_pb_use_builder":"on","_et_pb_old_content":"","_et_gb_content_width":"","inline_featured_image":false,"footnotes":"","_links_to":"","_links_to_target":""},"class_list":["post-52482","page","type-page","status-publish","hentry"],"acf":[],"aioseo_notices":[],"_links":{"self":[{"href":"https:\/\/staging.ampcometal.com\/de\/wp-json\/wp\/v2\/pages\/52482","targetHints":{"allow":["GET"]}}],"collection":[{"href":"https:\/\/staging.ampcometal.com\/de\/wp-json\/wp\/v2\/pages"}],"about":[{"href":"https:\/\/staging.ampcometal.com\/de\/wp-json\/wp\/v2\/types\/page"}],"author":[{"embeddable":true,"href":"https:\/\/staging.ampcometal.com\/de\/wp-json\/wp\/v2\/users\/1"}],"replies":[{"embeddable":true,"href":"https:\/\/staging.ampcometal.com\/de\/wp-json\/wp\/v2\/comments?post=52482"}],"version-history":[{"count":3,"href":"https:\/\/staging.ampcometal.com\/de\/wp-json\/wp\/v2\/pages\/52482\/revisions"}],"predecessor-version":[{"id":69467,"href":"https:\/\/staging.ampcometal.com\/de\/wp-json\/wp\/v2\/pages\/52482\/revisions\/69467"}],"up":[{"embeddable":true,"href":"https:\/\/staging.ampcometal.com\/de\/wp-json\/wp\/v2\/pages\/53302"}],"wp:attachment":[{"href":"https:\/\/staging.ampcometal.com\/de\/wp-json\/wp\/v2\/media?parent=52482"}],"curies":[{"name":"wp","href":"https:\/\/api.w.org\/{rel}","templated":true}]}}